{"id":105323,"date":"2022-02-02T11:05:54","date_gmt":"2022-02-02T09:05:54","guid":{"rendered":"https:\/\/pe.efimatica.com\/?page_id=105323"},"modified":"2026-04-10T10:42:10","modified_gmt":"2026-04-10T08:42:10","slug":"gastronomia","status":"publish","type":"page","link":"https:\/\/poble-espanyol.com\/ca\/la-visita\/gastronomia\/","title":{"rendered":"Gastronomia"},"content":{"rendered":"<div class=\"wpb-content-wrapper\"><p>[vc_row unlock_row_content=&#8221;yes&#8221; row_height_percent=&#8221;0&#8243; override_padding=&#8221;yes&#8221; h_padding=&#8221;2&#8243; top_padding=&#8221;2&#8243; bottom_padding=&#8221;2&#8243; overlay_alpha=&#8221;50&#8243; gutter_size=&#8221;2&#8243; column_width_percent=&#8221;100&#8243; shift_y=&#8221;0&#8243; z_index=&#8221;0&#8243; uncode_shortcode_id=&#8221;149841&#8243; el_class=&#8221;espaiTitulPrevi&#8221;][vc_column column_width_percent=&#8221;100&#8243; gutter_size=&#8221;3&#8243; overlay_alpha=&#8221;50&#8243; shift_x=&#8221;0&#8243; shift_y=&#8221;0&#8243; shift_y_down=&#8221;0&#8243; z_index=&#8221;0&#8243; medium_width=&#8221;0&#8243; mobile_width=&#8221;7&#8243; width=&#8221;1\/1&#8243; uncode_shortcode_id=&#8221;617312&#8243;][vc_custom_heading heading_semantic=&#8221;h4&#8243; text_font=&#8221;font-538551&#8243; text_size=&#8221;fontsize-847074&#8243; text_weight=&#8221;400&#8243; text_height=&#8221;fontheight-846199&#8243; text_space=&#8221;fontspace-861442&#8243; uncode_shortcode_id=&#8221;247540&#8243;]ELS NOSTRES RESTAURANTS[\/vc_custom_heading][\/vc_column][\/vc_row][vc_row unlock_row_content=&#8221;yes&#8221; row_height_percent=&#8221;0&#8243; override_padding=&#8221;yes&#8221; h_padding=&#8221;2&#8243; top_padding=&#8221;0&#8243; bottom_padding=&#8221;2&#8243; overlay_alpha=&#8221;50&#8243; gutter_size=&#8221;2&#8243; column_width_percent=&#8221;100&#8243; shift_y=&#8221;0&#8243; z_index=&#8221;0&#8243; uncode_shortcode_id=&#8221;145286&#8243;][vc_column column_width_percent=&#8221;100&#8243; position_horizontal=&#8221;left&#8221; gutter_size=&#8221;3&#8243; overlay_alpha=&#8221;50&#8243; shift_x=&#8221;0&#8243; shift_y=&#8221;0&#8243; shift_y_down=&#8221;0&#8243; z_index=&#8221;0&#8243; medium_width=&#8221;2&#8243; mobile_width=&#8221;7&#8243; width=&#8221;1\/4&#8243;][vc_custom_heading text_color=&#8221;color-107789&#8243; text_font=&#8221;font-643449&#8243; text_size=&#8221;fontsize-495345&#8243; text_weight=&#8221;400&#8243; text_height=&#8221;fontheight-159127&#8243; uncode_shortcode_id=&#8221;176936&#8243; text_color_type=&#8221;uncode-palette&#8221;]DESCOBREIX LA GASTRONOMIA D&#8217;ESPANYA[\/vc_custom_heading][\/vc_column][vc_column column_width_percent=&#8221;100&#8243; position_horizontal=&#8221;left&#8221; gutter_size=&#8221;3&#8243; overlay_alpha=&#8221;50&#8243; shift_x=&#8221;0&#8243; shift_y=&#8221;0&#8243; shift_y_down=&#8221;0&#8243; z_index=&#8221;0&#8243; medium_width=&#8221;4&#8243; mobile_width=&#8221;7&#8243; width=&#8221;2\/4&#8243;][vc_custom_heading heading_semantic=&#8221;p&#8221; text_font=&#8221;font-875416&#8243; text_size=&#8221;fontsize-495345&#8243; text_weight=&#8221;400&#8243; text_height=&#8221;fontheight-206872&#8243; el_class=&#8221;tabletTipografia&#8221; uncode_shortcode_id=&#8221;110229&#8243;]Gaudeix d&#8217;una gran varietat de restaurants i repartits per tot el Poble, en un entorn agradable i tranquil. Molts d&#8217;ells disposen de terrassa![\/vc_custom_heading][vc_custom_heading heading_semantic=&#8221;p&#8221; text_font=&#8221;font-875416&#8243; text_size=&#8221;fontsize-847074&#8243; text_weight=&#8221;400&#8243; text_height=&#8221;fontheight-846199&#8243; el_class=&#8221;tabletTipografia&#8221; uncode_shortcode_id=&#8221;167353&#8243;]Prova les tapes, embotits, carns, vins i plats casolans que t&#8217;ofereixen els bars i restaurants situats al Poble Espanyol. Tamb\u00e9 disposes d&#8217;establiments en els quals compar gelats per emportar, entre altres.[\/vc_custom_heading][vc_empty_space empty_h=&#8221;3&#8243; mobile_visibility=&#8221;yes&#8221;][vc_custom_heading heading_semantic=&#8221;h5&#8243; text_font=&#8221;font-875416&#8243; text_size=&#8221;fontsize-847074&#8243; text_weight=&#8221;400&#8243; text_height=&#8221;fontheight-209733&#8243; text_space=&#8221;fontspace-266081&#8243; el_class=&#8221;links&#8221; uncode_shortcode_id=&#8221;836091&#8243;]<a href=\"https:\/\/poble-espanyol.com\/ca\/la-visita\/\">Visita el Poble Espanyol<\/a><br \/>\n<a href=\"https:\/\/poble-espanyol.com\/ca\/el-poble\/establiments\/\">Els nostres establiments<\/a>[\/vc_custom_heading][\/vc_column][vc_column column_width_percent=&#8221;100&#8243; align_horizontal=&#8221;align_right&#8221; gutter_size=&#8221;0&#8243; override_padding=&#8221;yes&#8221; column_padding=&#8221;0&#8243; expand_height=&#8221;yes&#8221; overlay_alpha=&#8221;50&#8243; shift_x=&#8221;0&#8243; shift_y=&#8221;0&#8243; shift_y_down=&#8221;0&#8243; z_index=&#8221;0&#8243; medium_width=&#8221;2&#8243; mobile_width=&#8221;7&#8243; width=&#8221;1\/4&#8243;][vc_single_image media=&#8221;272829&#8243; media_width_percent=&#8221;100&#8243; media_ratio=&#8221;one-one&#8221; advanced=&#8221;yes&#8221; media_overlay_opacity=&#8221;1&#8243; media_overlay_anim=&#8221;no&#8221; media_text_anim=&#8221;no&#8221; media_image_anim=&#8221;no&#8221; media_padding=&#8221;5&#8243; el_class=&#8221;arc-radius&#8221; uncode_shortcode_id=&#8221;117171&#8243;][\/vc_column][\/vc_row][vc_row unlock_row_content=&#8221;yes&#8221; row_height_percent=&#8221;0&#8243; override_padding=&#8221;yes&#8221; h_padding=&#8221;2&#8243; top_padding=&#8221;1&#8243; bottom_padding=&#8221;0&#8243; overlay_alpha=&#8221;50&#8243; gutter_size=&#8221;2&#8243; column_width_percent=&#8221;100&#8243; shift_y=&#8221;0&#8243; z_index=&#8221;0&#8243; uncode_shortcode_id=&#8221;146353&#8243;][vc_column column_width_percent=&#8221;100&#8243; gutter_size=&#8221;3&#8243; overlay_alpha=&#8221;50&#8243; shift_x=&#8221;0&#8243; shift_y=&#8221;0&#8243; shift_y_down=&#8221;0&#8243; z_index=&#8221;0&#8243; medium_width=&#8221;0&#8243; mobile_width=&#8221;0&#8243; width=&#8221;1\/1&#8243;][vc_separator sep_color=&#8221;color-770920&#8243;][vc_empty_space empty_h=&#8221;2&#8243;][\/vc_column][\/vc_row][vc_row unlock_row_content=&#8221;yes&#8221; row_height_percent=&#8221;0&#8243; override_padding=&#8221;yes&#8221; h_padding=&#8221;2&#8243; top_padding=&#8221;0&#8243; bottom_padding=&#8221;2&#8243; overlay_alpha=&#8221;50&#8243; gutter_size=&#8221;2&#8243; column_width_percent=&#8221;100&#8243; shift_y=&#8221;0&#8243; z_index=&#8221;0&#8243; uncode_shortcode_id=&#8221;145286&#8243;][vc_column column_width_percent=&#8221;95&#8243; position_horizontal=&#8221;left&#8221; gutter_size=&#8221;3&#8243; overlay_alpha=&#8221;50&#8243; shift_x=&#8221;0&#8243; shift_y=&#8221;0&#8243; shift_y_down=&#8221;0&#8243; z_index=&#8221;0&#8243; medium_width=&#8221;2&#8243; mobile_width=&#8221;7&#8243; width=&#8221;1\/4&#8243; uncode_shortcode_id=&#8221;176119&#8243;][vc_custom_heading heading_semantic=&#8221;h3&#8243; uncode_shortcode_id=&#8221;107503&#8243;]ACTIVITATS GASTRON\u00d2MIQUES[\/vc_custom_heading][vc_custom_heading heading_semantic=&#8221;p&#8221; text_font=&#8221;font-875416&#8243; text_size=&#8221;fontsize-495345&#8243; text_weight=&#8221;400&#8243; text_height=&#8221;fontheight-206872&#8243; el_class=&#8221;tabletTipografia&#8221; uncode_shortcode_id=&#8221;843502&#8243;]Gaudeix de la millor gastronomia a Barcelona amb les nostres experi\u00e8ncies que combinen aprenentatge, sabor i cultura.[\/vc_custom_heading][\/vc_column][vc_column column_width_percent=&#8221;100&#8243; position_horizontal=&#8221;left&#8221; gutter_size=&#8221;3&#8243; overlay_alpha=&#8221;50&#8243; shift_x=&#8221;0&#8243; shift_y=&#8221;0&#8243; shift_y_down=&#8221;0&#8243; z_index=&#8221;0&#8243; medium_width=&#8221;4&#8243; mobile_width=&#8221;7&#8243; width=&#8221;2\/4&#8243;][vc_custom_heading text_color=&#8221;color-107789&#8243; text_font=&#8221;font-643449&#8243; text_size=&#8221;fontsize-495345&#8243; text_weight=&#8221;400&#8243; text_height=&#8221;fontheight-159127&#8243; uncode_shortcode_id=&#8221;587624&#8243; text_color_type=&#8221;uncode-palette&#8221;]TALLERS GASTRON\u00d2MICS[\/vc_custom_heading][vc_custom_heading heading_semantic=&#8221;p&#8221; text_font=&#8221;font-875416&#8243; text_size=&#8221;fontsize-847074&#8243; text_weight=&#8221;400&#8243; text_height=&#8221;fontheight-846199&#8243; el_class=&#8221;tabletTipografia&#8221; uncode_shortcode_id=&#8221;204099&#8243;]Si busques activitats originals a Barcelona, els nostres tallers estan dissenyats perqu\u00e8 degustis l\u2019ess\u00e8ncia de la Mediterr\u00e0nia com un local:[\/vc_custom_heading][uncode_list uncode_shortcode_id=&#8221;141070&#8243;]<\/p>\n<ul>\n<li><strong>Porr\u00f3 &amp; Co.:<\/strong> atreveix-te amb l\u2019art de beure en porr\u00f3, una icona de les taules catalanes. Apr\u00e8n la t\u00e8cnica per beure sense tacar-te mentre gaudeixes d\u2019una tapa t\u00edpica i una copa de vi.<\/li>\n<li><strong>Fes-la brava!:<\/strong> descobreix com elaborar l\u2019aut\u00e8ntica salsa brava. En aquest taller aprendr\u00e0s la recepta secreta i, per descomptat, degustar\u00e0s les teves pr\u00f2pies patates acompanyades d\u2019una beguda ben freda.<\/li>\n<li><strong>Shake it, Sangria!:<\/strong> apr\u00e8n a preparar la sangria m\u00e9s refrescant de Barcelona. T\u2019ensenyem les proporcions ideals i els ingredients clau per maridar-la amb l\u2019aperitiu cl\u00e0ssic d\u2019olives i patates.<\/li>\n<\/ul>\n<p>[\/uncode_list][vc_empty_space empty_h=&#8221;3&#8243; mobile_visibility=&#8221;yes&#8221;][vc_button button_color=&#8221;color-883468&#8243; border_width=&#8221;0&#8243; link=&#8221;url:https%3A%2F%2Ftickets.poble-espanyol.com%2Fca%2F1500-activitats-de-gastronomia%2F10987-poble-espanyol-experiencia-gastronomica&#8221; button_color_type=&#8221;uncode-palette&#8221; uncode_shortcode_id=&#8221;441933&#8243;]Reserva el teu taller[\/vc_button][\/vc_column][vc_column column_width_percent=&#8221;100&#8243; align_horizontal=&#8221;align_right&#8221; gutter_size=&#8221;0&#8243; override_padding=&#8221;yes&#8221; column_padding=&#8221;0&#8243; expand_height=&#8221;yes&#8221; overlay_alpha=&#8221;50&#8243; shift_x=&#8221;0&#8243; shift_y=&#8221;0&#8243; shift_y_down=&#8221;0&#8243; z_index=&#8221;0&#8243; medium_width=&#8221;2&#8243; mobile_width=&#8221;7&#8243; width=&#8221;1\/4&#8243; uncode_shortcode_id=&#8221;206983&#8243;][vc_single_image media=&#8221;272800&#8243; media_width_percent=&#8221;100&#8243; media_ratio=&#8221;one-one&#8221; alignment=&#8221;right&#8221; advanced=&#8221;yes&#8221; media_overlay_opacity=&#8221;1&#8243; media_overlay_anim=&#8221;no&#8221; media_text_anim=&#8221;no&#8221; media_image_anim=&#8221;no&#8221; media_padding=&#8221;5&#8243; el_class=&#8221;arc-radius&#8221; uncode_shortcode_id=&#8221;108678&#8243;][vc_empty_space empty_h=&#8221;3&#8243; mobile_visibility=&#8221;yes&#8221;][\/vc_column][\/vc_row][vc_row unlock_row_content=&#8221;yes&#8221; row_height_percent=&#8221;0&#8243; override_padding=&#8221;yes&#8221; h_padding=&#8221;2&#8243; top_padding=&#8221;0&#8243; bottom_padding=&#8221;2&#8243; overlay_alpha=&#8221;50&#8243; gutter_size=&#8221;2&#8243; column_width_percent=&#8221;100&#8243; shift_y=&#8221;0&#8243; z_index=&#8221;0&#8243; uncode_shortcode_id=&#8221;145286&#8243;][vc_column column_width_percent=&#8221;100&#8243; position_horizontal=&#8221;left&#8221; gutter_size=&#8221;3&#8243; overlay_alpha=&#8221;50&#8243; shift_x=&#8221;0&#8243; shift_y=&#8221;0&#8243; shift_y_down=&#8221;0&#8243; z_index=&#8221;0&#8243; medium_width=&#8221;2&#8243; mobile_width=&#8221;7&#8243; width=&#8221;1\/4&#8243;][\/vc_column][vc_column column_width_percent=&#8221;100&#8243; position_horizontal=&#8221;left&#8221; gutter_size=&#8221;3&#8243; overlay_alpha=&#8221;50&#8243; shift_x=&#8221;0&#8243; shift_y=&#8221;0&#8243; shift_y_down=&#8221;0&#8243; z_index=&#8221;0&#8243; medium_width=&#8221;4&#8243; mobile_width=&#8221;7&#8243; width=&#8221;2\/4&#8243;][vc_custom_heading text_color=&#8221;color-107789&#8243; text_font=&#8221;font-643449&#8243; text_size=&#8221;fontsize-495345&#8243; text_weight=&#8221;400&#8243; text_height=&#8221;fontheight-159127&#8243; uncode_shortcode_id=&#8221;127782&#8243; text_color_type=&#8221;uncode-palette&#8221;]L&#8217;HORA DEL VERMUT[\/vc_custom_heading][vc_custom_heading heading_semantic=&#8221;p&#8221; text_font=&#8221;font-875416&#8243; text_size=&#8221;fontsize-847074&#8243; text_weight=&#8221;400&#8243; text_height=&#8221;fontheight-846199&#8243; el_class=&#8221;tabletTipografia&#8221; uncode_shortcode_id=&#8221;179983&#8243;]Busques el pla perfecte per a mig mat\u00ed? Afegeix L&#8217;Hora del Vermut com a complement a la teva entrada general i viu la tradici\u00f3 local als restaurants del recinte:[\/vc_custom_heading][uncode_list uncode_shortcode_id=&#8221;181115&#8243;]<\/p>\n<ul>\n<li><strong>Horaris:<\/strong> disponible d&#8217;11:00 h a 13:00 h.<\/li>\n<li><strong>Qu\u00e8 inclou?:<\/strong> una deliciosa tapa acompanyada d&#8217;una copa de vermut\/refresc per a un descans ideal.<\/li>\n<li><strong>Flexibilitat:<\/strong> bescanviable en diferents locals del Poble Espanyol segons el dia de la teva visita.<\/li>\n<li><strong>La teva visita completa:<\/strong> el toc gastron\u00f2mic imprescindible perqu\u00e8 el teu dia al Poble sigui rod\u00f3.<\/li>\n<\/ul>\n<p>[\/uncode_list][vc_empty_space empty_h=&#8221;3&#8243; mobile_visibility=&#8221;yes&#8221;][vc_button button_color=&#8221;color-883468&#8243; border_width=&#8221;0&#8243; link=&#8221;url:https%3A%2F%2Ftickets.poble-espanyol.com%2Fca%2F109-web-individual%2F315-poble-espanyol&#8221; button_color_type=&#8221;uncode-palette&#8221; uncode_shortcode_id=&#8221;825686&#8243;]Compra la teva entrada[\/vc_button][\/vc_column][vc_column column_width_percent=&#8221;100&#8243; align_horizontal=&#8221;align_right&#8221; gutter_size=&#8221;0&#8243; override_padding=&#8221;yes&#8221; column_padding=&#8221;0&#8243; expand_height=&#8221;yes&#8221; overlay_alpha=&#8221;50&#8243; shift_x=&#8221;0&#8243; shift_y=&#8221;0&#8243; shift_y_down=&#8221;0&#8243; z_index=&#8221;0&#8243; medium_width=&#8221;2&#8243; mobile_width=&#8221;7&#8243; width=&#8221;1\/4&#8243; uncode_shortcode_id=&#8221;206983&#8243;][vc_single_image media=&#8221;273580&#8243; media_width_percent=&#8221;100&#8243; media_ratio=&#8221;one-one&#8221; alignment=&#8221;right&#8221; advanced=&#8221;yes&#8221; media_overlay_opacity=&#8221;1&#8243; media_overlay_anim=&#8221;no&#8221; media_text_anim=&#8221;no&#8221; media_image_anim=&#8221;no&#8221; media_padding=&#8221;5&#8243; el_class=&#8221;arc-radius&#8221; uncode_shortcode_id=&#8221;103026&#8243;][\/vc_column][\/vc_row][vc_row unlock_row_content=&#8221;yes&#8221; row_height_percent=&#8221;0&#8243; override_padding=&#8221;yes&#8221; h_padding=&#8221;2&#8243; top_padding=&#8221;2&#8243; bottom_padding=&#8221;2&#8243; overlay_alpha=&#8221;50&#8243; gutter_size=&#8221;2&#8243; column_width_percent=&#8221;100&#8243; shift_y=&#8221;0&#8243; z_index=&#8221;0&#8243; uncode_shortcode_id=&#8221;145154&#8243; el_class=&#8221;espaiTitulPrevi&#8221;][vc_column column_width_percent=&#8221;100&#8243; gutter_size=&#8221;3&#8243; overlay_alpha=&#8221;50&#8243; shift_x=&#8221;0&#8243; shift_y=&#8221;0&#8243; shift_y_down=&#8221;0&#8243; z_index=&#8221;0&#8243; medium_width=&#8221;0&#8243; mobile_width=&#8221;7&#8243; width=&#8221;1\/1&#8243; uncode_shortcode_id=&#8221;617312&#8243;][vc_custom_heading heading_semantic=&#8221;h4&#8243; text_font=&#8221;font-538551&#8243; text_size=&#8221;fontsize-847074&#8243; text_weight=&#8221;400&#8243; text_height=&#8221;fontheight-846199&#8243; text_space=&#8221;fontspace-861442&#8243; uncode_shortcode_id=&#8221;509449&#8243;]NO T&#8217;HO PERDIS[\/vc_custom_heading][\/vc_column][\/vc_row][vc_row unlock_row_content=&#8221;yes&#8221; row_height_percent=&#8221;0&#8243; override_padding=&#8221;yes&#8221; h_padding=&#8221;2&#8243; top_padding=&#8221;0&#8243; bottom_padding=&#8221;0&#8243; overlay_alpha=&#8221;50&#8243; gutter_size=&#8221;2&#8243; column_width_percent=&#8221;100&#8243; shift_y=&#8221;0&#8243; z_index=&#8221;0&#8243; uncode_shortcode_id=&#8221;815521&#8243; el_class=&#8221;espaiTitulPrevi&#8221;][vc_column column_width_percent=&#8221;100&#8243; gutter_size=&#8221;3&#8243; overlay_alpha=&#8221;50&#8243; shift_x=&#8221;0&#8243; shift_y=&#8221;0&#8243; shift_y_down=&#8221;0&#8243; z_index=&#8221;0&#8243; medium_width=&#8221;0&#8243; mobile_width=&#8221;7&#8243; width=&#8221;1\/3&#8243; uncode_shortcode_id=&#8221;617312&#8243;][vc_custom_heading text_color=&#8221;color-107789&#8243; text_font=&#8221;font-643449&#8243; text_size=&#8221;fontsize-495345&#8243; text_weight=&#8221;400&#8243; text_height=&#8221;fontheight-159127&#8243; uncode_shortcode_id=&#8221;335177&#8243; text_color_type=&#8221;uncode-palette&#8221;]ELS NOSTRES RESTAURANTS[\/vc_custom_heading][\/vc_column][vc_column width=&#8221;1\/3&#8243;][\/vc_column][vc_column width=&#8221;1\/3&#8243;][\/vc_column][\/vc_row][vc_row][vc_column width=&#8221;1\/1&#8243;][uncode_block id=&#8221;89283&#8243;][\/vc_column][\/vc_row][vc_row unlock_row_content=&#8221;yes&#8221; row_height_percent=&#8221;0&#8243; override_padding=&#8221;yes&#8221; h_padding=&#8221;0&#8243; top_padding=&#8221;0&#8243; bottom_padding=&#8221;4&#8243; overlay_alpha=&#8221;50&#8243; gutter_size=&#8221;0&#8243; column_width_percent=&#8221;100&#8243; border_color=&#8221;color-192209&#8243; border_style=&#8221;solid&#8221; shift_y=&#8221;0&#8243; z_index=&#8221;0&#8243; el_class=&#8221;overflow-hidden&#8221; uncode_shortcode_id=&#8221;879093&#8243; css=&#8221;.vc_custom_1644933803428{margin-top: 0px !important;margin-bottom: 0px !important;border-top-width: 1px !important;border-bottom-width: 1px !important;padding-top: 0px !important;padding-right: 0px !important;padding-bottom: 0px !important;padding-left: 0px !important;}&#8221; border_color_type=&#8221;uncode-palette&#8221;][vc_column column_width_percent=&#8221;100&#8243; gutter_size=&#8221;0&#8243; override_padding=&#8221;yes&#8221; column_padding=&#8221;0&#8243; overlay_alpha=&#8221;50&#8243; shift_x=&#8221;0&#8243; shift_y=&#8221;0&#8243; shift_y_down=&#8221;0&#8243; z_index=&#8221;0&#8243; medium_width=&#8221;0&#8243; mobile_width=&#8221;0&#8243; width=&#8221;1\/1&#8243; uncode_shortcode_id=&#8221;919872&#8243; css=&#8221;.vc_custom_1633000115843{border-top-width: 0px !important;border-right-width: 0px !important;border-bottom-width: 0px !important;border-left-width: 0px !important;padding-top: 0px !important;padding-right: 0px !important;padding-bottom: 0px !important;padding-left: 0px !important;}&#8221;][vc_row_inner row_inner_height_percent=&#8221;0&#8243; overlay_alpha=&#8221;50&#8243; gutter_size=&#8221;0&#8243; shift_y=&#8221;0&#8243; z_index=&#8221;0&#8243; medium_visibility=&#8221;yes&#8221; uncode_shortcode_id=&#8221;140830&#8243; css=&#8221;.vc_custom_1633425578298{margin-top: 0px !important;margin-bottom: 0px !important;padding-top: 0px !important;padding-right: 0px !important;padding-bottom: 0px !important;padding-left: 0px !important;}&#8221;][vc_column_inner width=&#8221;1\/1&#8243;][uncode_index el_id=&#8221;index-49284911&#8243; index_type=&#8221;carousel&#8221; loop=&#8221;size:All|order_by:date|post_type:slide|tax_query:222|taxonomy_count:10&#8243; index_back_color=&#8221;color-127369&#8243; carousel_lg=&#8221;1&#8243; carousel_md=&#8221;1&#8243; carousel_sm=&#8221;1&#8243; thumb_size=&#8221;sixteen-nine&#8221; gutter_size=&#8221;0&#8243; post_items=&#8221;date,title,spacer_two|two,text|excerpt|300,link|link|default_size|M\u00e9s informaci\u00f3,media|featured|onpost|original&#8221; proces_artesa_items=&#8221;titol_previ,title,spacer_two|two,text|full,enllac_extern,media|featured|onpost|original&#8221; activitat_items=&#8221;date,spacer_two|two,title,media|featured|onpost|original&#8221; slide_items=&#8221;titol_previ,title,spacer_two|two,text|full,enllac_extern,media|featured|nolink|original&#8221; carousel_type=&#8221;fade&#8221; carousel_interval=&#8221;10000&#8243; carousel_navspeed=&#8221;1000&#8243; carousel_loop=&#8221;yes&#8221; carousel_nav=&#8221;yes&#8221; carousel_nav_mobile=&#8221;yes&#8221; carousel_dot_position=&#8221;left&#8221; carousel_width_percent=&#8221;100&#8243; stage_padding=&#8221;0&#8243; single_text=&#8221;lateral&#8221; single_image_position=&#8221;right&#8221; single_image_size=&#8221;9&#8243; single_overlay_opacity=&#8221;50&#8243; single_overlay_anim=&#8221;no&#8221; single_text_anim=&#8221;no&#8221; single_image_anim=&#8221;no&#8221; single_padding=&#8221;2&#8243; single_title_semantic=&#8221;div&#8221; single_title_dimension=&#8221;fontsize-495345&#8243; single_title_weight=&#8221;400&#8243; single_title_transform=&#8221;uppercase&#8221; single_title_height=&#8221;fontheight-206872&#8243; single_border=&#8221;yes&#8221; single_css_animation=&#8221;left-t-right&#8221; uncode_shortcode_id=&#8221;147238&#8243; el_class=&#8221;positionSliderModel2 noVisibleDesktopsPetits&#8221; index_back_color_type=&#8221;uncode-palette&#8221;][\/vc_column_inner][\/vc_row_inner][vc_row_inner row_inner_height_percent=&#8221;0&#8243; overlay_alpha=&#8221;50&#8243; gutter_size=&#8221;0&#8243; shift_y=&#8221;0&#8243; z_index=&#8221;0&#8243; mobile_visibility=&#8221;yes&#8221; uncode_shortcode_id=&#8221;186478&#8243; css=&#8221;.vc_custom_1633432881993{margin-top: 0px !important;margin-bottom: 0px !important;padding-top: 0px !important;padding-right: 0px !important;padding-bottom: 0px !important;padding-left: 0px !important;}&#8221;][vc_column_inner width=&#8221;1\/1&#8243;][uncode_index el_id=&#8221;index-492849222&#8243; index_type=&#8221;carousel&#8221; loop=&#8221;size:All|order_by:date|post_type:slide|tax_query:222|taxonomy_count:10&#8243; index_back_color=&#8221;color-127369&#8243; carousel_lg=&#8221;1&#8243; carousel_md=&#8221;1&#8243; carousel_sm=&#8221;1&#8243; thumb_size=&#8221;one-one&#8221; gutter_size=&#8221;0&#8243; post_items=&#8221;date,title,spacer_two|two,text|excerpt|300,link|link|default_size|M\u00e9s informaci\u00f3,media|featured|onpost|original&#8221; proces_artesa_items=&#8221;titol_previ,title,spacer_two|two,text|full,enllac_extern,media|featured|onpost|original&#8221; activitat_items=&#8221;date,spacer_two|two,title,media|featured|onpost|original&#8221; slide_items=&#8221;titol_previ,title,spacer_two|two,text|full,enllac_extern,media|featured|nolink|original&#8221; carousel_type=&#8221;fade&#8221; carousel_interval=&#8221;10000&#8243; carousel_navspeed=&#8221;1000&#8243; carousel_loop=&#8221;yes&#8221; carousel_nav=&#8221;yes&#8221; carousel_nav_mobile=&#8221;yes&#8221; carousel_dot_position=&#8221;left&#8221; carousel_width_percent=&#8221;100&#8243; stage_padding=&#8221;0&#8243; single_text=&#8221;lateral&#8221; single_image_position=&#8221;right&#8221; single_image_size=&#8221;6&#8243; single_overlay_opacity=&#8221;50&#8243; single_overlay_anim=&#8221;no&#8221; single_text_anim=&#8221;no&#8221; single_image_anim=&#8221;no&#8221; single_vertical_text=&#8221;bottom&#8221; single_padding=&#8221;2&#8243; single_title_semantic=&#8221;div&#8221; single_title_dimension=&#8221;fontsize-495345&#8243; single_title_weight=&#8221;400&#8243; single_title_transform=&#8221;uppercase&#8221; single_title_height=&#8221;fontheight-206872&#8243; single_border=&#8221;yes&#8221; single_css_animation=&#8221;left-t-right&#8221; uncode_shortcode_id=&#8221;205299&#8243; el_class=&#8221;positionSliderModel2 visibleDesktopsPetits&#8221; index_back_color_type=&#8221;uncode-palette&#8221;][\/vc_column_inner][\/vc_row_inner][\/vc_column][\/vc_row][vc_row unlock_row_content=&#8221;yes&#8221; row_height_percent=&#8221;0&#8243; override_padding=&#8221;yes&#8221; h_padding=&#8221;0&#8243; top_padding=&#8221;0&#8243; bottom_padding=&#8221;0&#8243; back_color=&#8221;color-jevc&#8221; overlay_alpha=&#8221;50&#8243; gutter_size=&#8221;3&#8243; column_width_percent=&#8221;100&#8243; shift_y=&#8221;0&#8243; z_index=&#8221;0&#8243; uncode_shortcode_id=&#8221;806652&#8243; back_color_type=&#8221;uncode-palette&#8221;][vc_column width=&#8221;1\/1&#8243;][uncode_block id=&#8221;90044&#8243; inside_column=&#8221;yes&#8221;][\/vc_column][\/vc_row]<\/p>\n<\/div>","protected":false},"excerpt":{"rendered":"<p>Gaudeix d&#8217;una gran varietat de restaurants a Barcelona repartits per tot el Poble Espanyol que representen la gastronomia del pa\u00eds.<\/p>\n","protected":false},"author":4,"featured_media":274338,"parent":104992,"menu_order":185,"comment_status":"closed","ping_status":"closed","template":"","meta":{"_acf_changed":false,"footnotes":""},"class_list":["post-105323","page","type-page","status-publish","has-post-thumbnail","hentry","page_category-poble-espanyol-ca"],"acf":[],"_links":{"self":[{"href":"https:\/\/poble-espanyol.com\/ca\/wp-json\/wp\/v2\/pages\/105323","targetHints":{"allow":["GET"]}}],"collection":[{"href":"https:\/\/poble-espanyol.com\/ca\/wp-json\/wp\/v2\/pages"}],"about":[{"href":"https:\/\/poble-espanyol.com\/ca\/wp-json\/wp\/v2\/types\/page"}],"author":[{"embeddable":true,"href":"https:\/\/poble-espanyol.com\/ca\/wp-json\/wp\/v2\/users\/4"}],"replies":[{"embeddable":true,"href":"https:\/\/poble-espanyol.com\/ca\/wp-json\/wp\/v2\/comments?post=105323"}],"version-history":[{"count":13,"href":"https:\/\/poble-espanyol.com\/ca\/wp-json\/wp\/v2\/pages\/105323\/revisions"}],"predecessor-version":[{"id":274344,"href":"https:\/\/poble-espanyol.com\/ca\/wp-json\/wp\/v2\/pages\/105323\/revisions\/274344"}],"up":[{"embeddable":true,"href":"https:\/\/poble-espanyol.com\/ca\/wp-json\/wp\/v2\/pages\/104992"}],"wp:featuredmedia":[{"embeddable":true,"href":"https:\/\/poble-espanyol.com\/ca\/wp-json\/wp\/v2\/media\/274338"}],"wp:attachment":[{"href":"https:\/\/poble-espanyol.com\/ca\/wp-json\/wp\/v2\/media?parent=105323"}],"curies":[{"name":"wp","href":"https:\/\/api.w.org\/{rel}","templated":true}]}}