{"id":112740,"date":"2022-03-11T12:26:55","date_gmt":"2022-03-11T10:26:55","guid":{"rendered":"https:\/\/pe.efimatica.com\/?page_id=112740"},"modified":"2026-01-14T14:34:33","modified_gmt":"2026-01-14T12:34:33","slug":"avis-legal","status":"publish","type":"page","link":"https:\/\/poble-espanyol.com\/ca\/avis-legal\/","title":{"rendered":"Avis legal"},"content":{"rendered":"<div class=\"wpb-content-wrapper\"><p>[vc_row unlock_row_content=&#8221;yes&#8221; row_height_percent=&#8221;0&#8243; override_padding=&#8221;yes&#8221; h_padding=&#8221;2&#8243; top_padding=&#8221;2&#8243; bottom_padding=&#8221;5&#8243; overlay_alpha=&#8221;50&#8243; gutter_size=&#8221;2&#8243; column_width_percent=&#8221;100&#8243; shift_y=&#8221;0&#8243; z_index=&#8221;0&#8243; uncode_shortcode_id=&#8221;158204&#8243; el_class=&#8221;espaiTitulPrevi&#8221;][vc_column column_width_percent=&#8221;100&#8243; gutter_size=&#8221;3&#8243; overlay_alpha=&#8221;50&#8243; shift_x=&#8221;0&#8243; shift_y=&#8221;0&#8243; shift_y_down=&#8221;0&#8243; z_index=&#8221;0&#8243; medium_width=&#8221;0&#8243; mobile_width=&#8221;7&#8243; width=&#8221;1\/1&#8243; uncode_shortcode_id=&#8221;617312&#8243;][vc_custom_heading heading_semantic=&#8221;h4&#8243; text_font=&#8221;font-538551&#8243; text_size=&#8221;fontsize-847074&#8243; text_weight=&#8221;400&#8243; text_height=&#8221;fontheight-846199&#8243; text_space=&#8221;fontspace-861442&#8243; uncode_shortcode_id=&#8221;964575&#8243;]AV\u00cdS LEGAL[\/vc_custom_heading][vc_column_text uncode_shortcode_id=&#8221;525797&#8243;]<strong>0. OBJECTE I ACCEPTACI\u00d3<\/strong><\/p>\n<p>El present av\u00eds legal regula l\u2019\u00fas del lloc web <a href=\"https:\/\/tickets.poble-espanyol.com\/ca\" target=\"_blank\" rel=\"noopener\">https:\/\/tickets.poble-espanyol.com\/ca<\/a>, del qual \u00e9s titular Poble Espanyol de Montju\u00efc SAU (en endavant, PEMSAU).<\/p>\n<p>Navegar pel lloc web de PEMSAU atorga la condici\u00f3 d\u2019usuari i implica l\u2019acceptaci\u00f3 plena i sense reserves de totes i cadascuna de les disposicions incloses en aquest Av\u00eds Legal, que poden ser modificades.<\/p>\n<p>L\u2019usuari es compromet a fer un \u00fas correcte del lloc web conforme a les lleis, la bona fe, l\u2019ordre p\u00fablic, els usos del tr\u00e0nsit i el present Av\u00eds Legal. L\u2019usuari ser\u00e0 responsable davant PEMSAU o davant tercers de qualsevol dany que pugui causar com a conseq\u00fc\u00e8ncia de l\u2019incompliment d\u2019aquesta obligaci\u00f3.<\/p>\n<p><strong>1. IDENTIFICACI\u00d3 I COMUNICACIONS<\/strong><\/p>\n<p>PEMSAU, en compliment de la Llei 34\/2002, de l\u201911 de juliol, de serveis de la societat de la informaci\u00f3 i de comer\u00e7 electr\u00f2nic, informa que:<\/p>\n<p>La seva ra\u00f3 social \u00e9s: Poble Espanyol de Montju\u00efc SAU<\/p>\n<p>El seu CIF \u00e9s: A58283391<\/p>\n<p>El seu domicili social \u00e9s: AVDA FRANCESC FERRER I GUARDIA, NUM. 13, 08038 BARCELONA<\/p>\n<p>Dades registrals: Registre Mercantil de Barcelona, Tom 8.474, llibre 7.724, secci\u00f3 2, foli 1, full 98.642.<\/p>\n<p>Per comunicar-se amb nosaltres, posem a la seva disposici\u00f3 els seg\u00fcents mitjans:<\/p>\n<p>Tel\u00e8fon de contacte: 34 93 508 63 00<\/p>\n<p>Correu electr\u00f2nic: info@poble-espanyol.com<\/p>\n<p>Totes les notificacions i comunicacions entre els usuaris i PEMSAU seran considerades efectives a tots els efectes quan es realitzin per correu postal o qualsevol altre mitj\u00e0 detallat anteriorment.<\/p>\n<p><strong>2. CONDICIONS D\u2019ACC\u00c9S I UTILITZACI\u00d3<\/strong><\/p>\n<p>El lloc web i els seus serveis s\u00f3n d\u2019acc\u00e9s lliure i gratu\u00eft; no obstant aix\u00f2, PEMSAU condiciona l\u2019\u00fas d\u2019alguns serveis a la pr\u00e8via cumplimentaci\u00f3 del formulari corresponent.<\/p>\n<p>L\u2019usuari garanteix l\u2019autenticitat i actualitat de totes les dades que comuniqui a PEMSAU i ser\u00e0 l\u2019\u00fanic responsable de les manifestacions falses o inexactes que realitzi.<\/p>\n<p>L\u2019usuari es compromet expressament a fer un \u00fas adequat dels continguts i serveis de PEMSAU i a no emprar-los per, entre altres:<\/p>\n<p>a) Difondre continguts delictius, violents, pornogr\u00e0fics, racistes, xen\u00f2fobs, ofensius, d\u2019apologia del terrorisme o, en general, contraris a la llei o a l\u2019ordre p\u00fablic.<\/p>\n<p>b) Introduir virus inform\u00e0tics o realitzar actuacions susceptibles d\u2019alterar, espatllar, interrompre o generar errors o danys en els documents electr\u00f2nics, dades o sistemes f\u00edsics i l\u00f2gics de PEMSAU o de tercers; aix\u00ed com dificultar l\u2019acc\u00e9s d\u2019altres usuaris al lloc web i als serveis mitjan\u00e7ant el consum massiu de recursos inform\u00e0tics.<\/p>\n<p>c) Intentar accedir a comptes de correu electr\u00f2nic d\u2019altres usuaris o a \u00e0rees restringides dels sistemes inform\u00e0tics de PEMSAU o de tercers i, si escau, extreure informaci\u00f3.<\/p>\n<p>d) Vulnerar drets de propietat intel\u00b7lectual o industrial, aix\u00ed com violar la confidencialitat de la informaci\u00f3 de PEMSAU o de tercers.<\/p>\n<p>e) Suplantar la identitat d\u2019un altre usuari, d\u2019administracions p\u00fabliques o d\u2019un tercer.<\/p>\n<p>f) Reproduir, copiar, distribuir, posar a disposici\u00f3, o qualsevol altra forma de comunicaci\u00f3 p\u00fablica, transformar o modificar els continguts, tret que es compti amb l\u2019autoritzaci\u00f3 del titular dels drets corresponents o que sigui legalment perm\u00e8s.<\/p>\n<p>g) Recollir dades amb finalitat publicit\u00e0ria i remetre publicitat de qualsevol classe i comunicacions comercials sense la seva pr\u00e8via sol\u00b7licitud o consentiment.<\/p>\n<p>Tots els continguts del lloc web, com textos, fotografies, gr\u00e0fics, imatges, icones, tecnologia, programari, aix\u00ed com el seu disseny gr\u00e0fic i codis font, constitueixen una obra propietat de PEMSAU, sense que es consideri cedit a l\u2019usuari cap dret d\u2019explotaci\u00f3 m\u00e9s enll\u00e0 del necessari per a l\u2019\u00fas correcte del web.<\/p>\n<p>En definitiva, els usuaris poden visualitzar els continguts i efectuar, si s\u2019escau, c\u00f2pies privades autoritzades sempre que els elements reprodu\u00efts no es cedeixin posteriorment a tercers, ni s\u2019instal\u00b7lin en servidors connectats a xarxes, ni siguin objecte d\u2019explotaci\u00f3.<\/p>\n<p>Totes les marques, noms comercials o signes distintius del lloc web s\u00f3n propietat de PEMSAU, sense que l\u2019\u00fas o acc\u00e9s al lloc web atorgui cap dret sobre els mateixos.<\/p>\n<p>La distribuci\u00f3, modificaci\u00f3, cessi\u00f3 o comunicaci\u00f3 p\u00fablica de continguts i qualsevol acte no autoritzat expressament pel titular dels drets queda prohibida.<\/p>\n<p>L\u2019establiment d\u2019un hiperenlla\u00e7 no implica cap relaci\u00f3 entre Poble Espanyol de Montju\u00efc SAU i el propietari del lloc web en el qual s\u2019estableixi, ni acceptaci\u00f3 dels seus continguts o serveis per part de PEMSAU. Les persones que desitgin establir un hiperenlla\u00e7 han de sol\u00b7licitar autoritzaci\u00f3 per escrit. L\u2019hiperenlla\u00e7 nom\u00e9s permetr\u00e0 l\u2019acc\u00e9s a la p\u00e0gina d\u2019inici i no ha d\u2019incloure declaracions falses, inexactes o il\u00b7legals sobre PEMSAU, ni continguts contraris a bones costums i ordre p\u00fablic.<\/p>\n<p>PEMSAU no \u00e9s responsable de l\u2019\u00fas que els usuaris facin del material proporcionat ni de les actuacions realitzades amb base en aquest.<\/p>\n<p><strong>3. EXCLUSI\u00d3 DE GARANTIES I RESPONSABILITAT<\/strong><\/p>\n<p>El contingut d\u2019aquest lloc web \u00e9s general i informatiu; no es garanteix l\u2019acc\u00e9s complet, la precisi\u00f3, vig\u00e8ncia o idone\u00eftat per a un objectiu espec\u00edfic.<\/p>\n<p>PEMSAU exclou, en la mesura permesa per la llei, qualsevol responsabilitat per danys derivats de:<\/p>\n<p>a) Impossibilitat d\u2019acc\u00e9s al web o manca de veracitat, exactitud, exhaustivitat i\/o vig\u00e8ncia dels continguts.<\/p>\n<p>b) Pres\u00e8ncia de virus o altres elements que puguin alterar sistemes, documents o dades d\u2019usuaris.<\/p>\n<p>c) Incompliment de lleis, bona fe, ordre p\u00fablic i el present av\u00eds legal com a conseq\u00fc\u00e8ncia d\u2019\u00fas incorrecte del lloc web. Especialment, PEMSAU no es fa responsable d\u2019accions de tercers que vulnerin drets de propietat intel\u00b7lectual, secrets empresarials, drets a l\u2019honor, intimitat i imatge, aix\u00ed com normativa sobre compet\u00e8ncia deslleial i publicitat il\u00b7l\u00edcita.<\/p>\n<p>PEMSAU tampoc \u00e9s responsable de la informaci\u00f3 fora d\u2019aquest web no gestionada directament pel webmaster. Els enlla\u00e7os serveixen nom\u00e9s per informar l\u2019usuari de fonts addicionals i PEMSAU no garanteix ni es responsabilitza del seu funcionament ni accessibilitat.<\/p>\n<p><strong>4. POL\u00cdTICA DE PRIVACITAT<\/strong><\/p>\n<p><strong>4.1. Qui \u00e9s el Responsable del tractament de les seves dades?<\/strong><\/p>\n<p>D\u2019acord amb el vigent Reglament (UE) 2016\/679 i la Llei Org\u00e0nica 3\/2018, de 5 de desembre, de Protecci\u00f3 de Dades Personals i garantia dels drets digitals, el responsable del tractament es troba identificat a l\u2019expositiu 1 d\u2019aquest Av\u00eds Legal.<\/p>\n<p>Tipus de dades que tenim sobre vost\u00e8 i com les hem obtingut:<\/p>\n<p>Les categories de dades personals que tractem de clients i prove\u00efdors s\u00f3n:<\/p>\n<ol>\n<li>Dades d\u2019identificaci\u00f3<\/li>\n<li>Adreces postals o electr\u00f2niques<\/li>\n<li>Informaci\u00f3 comercial<\/li>\n<li>Dades econ\u00f2miques i de transaccions<\/li>\n<\/ol>\n<p><strong>4.2. Tractem dades especialment protegides?<\/strong><\/p>\n<p>Totes les dades esmentades anteriorment les hem obtingut directament de vost\u00e8 mitjan\u00e7ant presentaci\u00f3 d\u2019una oferta comercial, proposta contractual, etc., o mitjan\u00e7ant la seva empresa en facilitar-nos les dades necess\u00e0ries per dur a terme l\u2019objecte de la relaci\u00f3 contractual. \u00c9s obligaci\u00f3 seva o de la seva empresa facilitar-nos les dades actualitzades en cas de modificaci\u00f3.<\/p>\n<p><strong>4.3. Amb quina finalitat tractem les seves dades?<\/strong><\/p>\n<p>Tractem les dades que ens faciliten les persones interessades per gestionar diferents activitats derivades de procediments espec\u00edfics en mat\u00e8ria de vendes, servei postvenda, gesti\u00f3 de prove\u00efdors, qualitat de serveis, etc. Aix\u00ed, utilitzarem les seves dades per dur a terme alguna de les seg\u00fcents accions:<\/p>\n<p>I. Enviament de la informaci\u00f3 sol\u00b7licitada mitjan\u00e7ant el formulari de contacte del nostre lloc web o qualsevol altre mitj\u00e0 de contacte amb la nostra empresa,<\/p>\n<p>II. Facilitar tant a clients potencials com a clients existents, ofertes de productes i serveis del seu inter\u00e8s,<\/p>\n<p>III. Gestionar l\u2019administraci\u00f3, fiscalitat i comptabilitat de clients i\/o prove\u00efdors,<\/p>\n<p>IV. Realitzar enquestes de satisfacci\u00f3, estudis de mercat, etc., per oferir les ofertes m\u00e9s adequades i una qualitat de servei \u00f2ptima.<\/p>\n<p><strong>4.4. Durant quant de temps conservarem les seves dades?<\/strong><\/p>\n<p>Les dades personals de persones f\u00edsiques vinculades a clients potencials, clients i prove\u00efdors recollides mitjan\u00e7ant formularis de contacte es conservaran fins que l\u2019interessat sol\u00b7liciti la seva supressi\u00f3. Les dades dels clients i prove\u00efdors es mantindran mentre duri la relaci\u00f3 comercial, respectant sempre els terminis m\u00ednims legals de conservaci\u00f3.<\/p>\n<p>En qualsevol cas, conservarem les seves dades personals durant el temps raonablement necessari per atendre consultes, resoldre problemes, millorar serveis, activar nous serveis i complir amb la normativa aplicable. Despr\u00e9s d\u2019aquest per\u00edode, les dades seran eliminades de tots els nostres sistemes.<\/p>\n<p><strong>4.5. Quina \u00e9s la base legal del tractament?<\/strong><\/p>\n<p>Segons el tipus de tractament de dades, la base legal \u00e9s la seg\u00fcent.<\/p>\n<p>En primer lloc, es dur\u00e0 a terme una gesti\u00f3 comptable, que inclou la facturaci\u00f3 i la compra d\u2019entrades, aix\u00ed com la relaci\u00f3 amb clients i prove\u00efdors. Aquest tractament es fonamenta en el manteniment, el desenvolupament i el control de la relaci\u00f3 contractual existent entre les parts.<\/p>\n<p>Aix\u00ed mateix, les dades podran ser utilitzades per a la gesti\u00f3 fiscal, que compr\u00e8n l\u2019aplicaci\u00f3 de retencions, bonificacions o altres obligacions tribut\u00e0ries. La base legal d\u2019aquest tractament \u00e9s tant el manteniment de la relaci\u00f3 contractual com el compliment de les obligacions legals que siguin aplicables.<\/p>\n<p>D\u2019altra banda, es dur\u00e0 a terme una gesti\u00f3 administrativa, que inclou tasques de log\u00edstica, emmagatzematge, lliurament de productes al client i recepci\u00f3 de mercaderies. Aquest tractament es legitima igualment en el manteniment, el desenvolupament i el control de la relaci\u00f3 contractual.<\/p>\n<p>Finalment, les dades podran ser tractades amb finalitats de m\u00e0rqueting, consistents en l\u2019enviament d\u2019accions comercials sobre productes o serveis, adre\u00e7ades als socis o a aquelles persones que hagin sol\u00b7licitat informaci\u00f3 amb anterioritat, incloent-hi la realitzaci\u00f3 d\u2019enquestes de satisfacci\u00f3 i la comunicaci\u00f3 d\u2019activitats culturals pr\u00f2pies de Poble Espanyol de Montju\u00efc SAU. Aquest tractament es basa en el consentiment lliure, espec\u00edfic i inequ\u00edvoc de la persona interessada.<\/p>\n<p>S\u2019informa expressament que la retirada del consentiment per a les accions de m\u00e0rqueting no condicionar\u00e0 en cap cas l\u2019execuci\u00f3 del contracte que pugui existir entre les parts. Aix\u00ed mateix, el tractament es podr\u00e0 emparar en l\u2019inter\u00e8s leg\u00edtim de la companyia per a la promoci\u00f3 i comercialitzaci\u00f3 de productes o serveis similars als pr\u00e8viament obtinguts o sol\u00b7licitats per les persones interessades.<\/p>\n<p>Si no facilita les seves dades personals, no ser\u00e0 possible executar el contracte ni complir les obligacions legals.<\/p>\n<p><strong>4.6. A quins destinataris es comunicaran les seves dades?<\/strong><\/p>\n<p>No cedir\u00edem les seves dades a tercers amb finalitat de m\u00e0rqueting directe, excepte si vost\u00e8 ho autoritza expressament.<\/p>\n<p>Podem facilitar les seves dades a organismes p\u00fablics quan sigui legalment necessari o per protegir els drets de l\u2019empresa, els clients o el p\u00fablic en general. Tamb\u00e9 les podem compartir amb prove\u00efdors de serveis (hosting, suport TI, log\u00edstica, gestories) que han de mantenir els mateixos nivells de seguretat i confidencialitat.<\/p>\n<p><strong>4.7. Transfer\u00e8ncies a pa\u00efsos tercers?<\/strong><\/p>\n<p>No estan previstes transfer\u00e8ncies fora de la UE, excepte sol\u00b7licitud expressa.<\/p>\n<p><strong>4.8. Quins drets t\u00e9 com a interessat?<\/strong><\/p>\n<p>T\u00e9 dret a accedir, rectificar, suprimir, limitar, oposar-se i portar les seves dades. Pot retirar el consentiment en qualsevol moment sense afectar la legalitat del tractament anterior. Les sol\u00b7licituds es poden enviar per escrit amb c\u00f2pia del DNI als contactes indicats a l\u2019Expositiu 1.<\/p>\n<p>Tamb\u00e9 pot presentar reclamaci\u00f3 davant l\u2019Ag\u00e8ncia Espanyola de Protecci\u00f3 de Dades: <a href=\"https:\/\/www.aepd.es\/\" target=\"_blank\" rel=\"noopener\">https:\/\/www.aepd.es\/portalwebAGPD\/index-ides-idphp.php<\/a><\/p>\n<p>Segons la Llei 34\/2002, ens comprometem a no enviar publicitat per correu electr\u00f2nic sense autoritzaci\u00f3 pr\u00e8via. L\u2019usuari pot oposar-se marcant la casella corresponent.<\/p>\n<p><strong>5. PROCEDIMENT EN CAS D\u2019ACTIVITATS IL\u00b7L\u00cdCITES<\/strong><\/p>\n<p>Si un usuari o tercer considera que hi ha fets il\u00b7legals, ha d\u2019enviar notificaci\u00f3 a PEMSAU indicant les infraccions i declarant la veracitat de la informaci\u00f3.<\/p>\n<p>Tota q\u00fcesti\u00f3 litigiosa relativa al web de PEMSAU es regir\u00e0 per la legislaci\u00f3 espanyola.<\/p>\n<p><strong>6. PUBLICACIONS<\/strong><\/p>\n<p>La informaci\u00f3 administrativa del web no substitueix la publicaci\u00f3 legal oficial. Ha de considerar-se nom\u00e9s com a guia informativa sense validesa legal.[\/vc_column_text][\/vc_column][\/vc_row][vc_row unlock_row_content=&#8221;yes&#8221; row_height_percent=&#8221;0&#8243; override_padding=&#8221;yes&#8221; h_padding=&#8221;0&#8243; top_padding=&#8221;0&#8243; bottom_padding=&#8221;0&#8243; overlay_alpha=&#8221;50&#8243; gutter_size=&#8221;3&#8243; column_width_percent=&#8221;100&#8243; shift_y=&#8221;0&#8243; z_index=&#8221;0&#8243; uncode_shortcode_id=&#8221;116472&#8243;][vc_column width=&#8221;1\/1&#8243;][uncode_block id=&#8221;90044&#8243; inside_column=&#8221;yes&#8221;][\/vc_column][\/vc_row]<\/p>\n<\/div>","protected":false},"excerpt":{"rendered":"<p>[vc_row unlock_row_content=&#8221;yes&#8221; row_height_percent=&#8221;0&#8243; override_padding=&#8221;yes&#8221; h_padding=&#8221;2&#8243; top_padding=&#8221;2&#8243; bottom_padding=&#8221;5&#8243; overlay_alpha=&#8221;50&#8243; gutter_size=&#8221;2&#8243; column_width_percent=&#8221;100&#8243; shift_y=&#8221;0&#8243; z_index=&#8221;0&#8243; uncode_shortcode_id=&#8221;158204&#8243; el_class=&#8221;espaiTitulPrevi&#8221;][vc_column column_width_percent=&#8221;100&#8243; gutter_size=&#8221;3&#8243; overlay_alpha=&#8221;50&#8243; shift_x=&#8221;0&#8243; shift_y=&#8221;0&#8243; shift_y_down=&#8221;0&#8243; [&hellip;]<\/p>\n","protected":false},"author":7,"featured_media":115222,"parent":0,"menu_order":117,"comment_status":"closed","ping_status":"closed","template":"","meta":{"_acf_changed":false,"footnotes":""},"class_list":["post-112740","page","type-page","status-publish","has-post-thumbnail","hentry","page_category-poble-espanyol-ca"],"acf":[],"_links":{"self":[{"href":"https:\/\/poble-espanyol.com\/ca\/wp-json\/wp\/v2\/pages\/112740","targetHints":{"allow":["GET"]}}],"collection":[{"href":"https:\/\/poble-espanyol.com\/ca\/wp-json\/wp\/v2\/pages"}],"about":[{"href":"https:\/\/poble-espanyol.com\/ca\/wp-json\/wp\/v2\/types\/page"}],"author":[{"embeddable":true,"href":"https:\/\/poble-espanyol.com\/ca\/wp-json\/wp\/v2\/users\/7"}],"replies":[{"embeddable":true,"href":"https:\/\/poble-espanyol.com\/ca\/wp-json\/wp\/v2\/comments?post=112740"}],"version-history":[{"count":1,"href":"https:\/\/poble-espanyol.com\/ca\/wp-json\/wp\/v2\/pages\/112740\/revisions"}],"predecessor-version":[{"id":272265,"href":"https:\/\/poble-espanyol.com\/ca\/wp-json\/wp\/v2\/pages\/112740\/revisions\/272265"}],"wp:featuredmedia":[{"embeddable":true,"href":"https:\/\/poble-espanyol.com\/ca\/wp-json\/wp\/v2\/media\/115222"}],"wp:attachment":[{"href":"https:\/\/poble-espanyol.com\/ca\/wp-json\/wp\/v2\/media?parent=112740"}],"curies":[{"name":"wp","href":"https:\/\/api.w.org\/{rel}","templated":true}]}}