{"id":112748,"date":"2022-03-11T12:33:19","date_gmt":"2022-03-11T10:33:19","guid":{"rendered":"https:\/\/pe.efimatica.com\/?page_id=112748"},"modified":"2026-01-14T10:48:11","modified_gmt":"2026-01-14T08:48:11","slug":"politica-de-privacitat","status":"publish","type":"page","link":"https:\/\/poble-espanyol.com\/ca\/politica-de-privacitat\/","title":{"rendered":"Pol\u00edtica de privacitat"},"content":{"rendered":"<div class=\"wpb-content-wrapper\"><p>[vc_row unlock_row_content=&#8221;yes&#8221; row_height_percent=&#8221;0&#8243; override_padding=&#8221;yes&#8221; h_padding=&#8221;2&#8243; top_padding=&#8221;2&#8243; bottom_padding=&#8221;5&#8243; overlay_alpha=&#8221;50&#8243; gutter_size=&#8221;2&#8243; column_width_percent=&#8221;100&#8243; shift_y=&#8221;0&#8243; z_index=&#8221;0&#8243; uncode_shortcode_id=&#8221;158204&#8243; el_class=&#8221;espaiTitulPrevi&#8221;][vc_column column_width_percent=&#8221;100&#8243; gutter_size=&#8221;3&#8243; overlay_alpha=&#8221;50&#8243; shift_x=&#8221;0&#8243; shift_y=&#8221;0&#8243; shift_y_down=&#8221;0&#8243; z_index=&#8221;0&#8243; medium_width=&#8221;0&#8243; mobile_width=&#8221;7&#8243; width=&#8221;1\/1&#8243; uncode_shortcode_id=&#8221;617312&#8243;][vc_custom_heading heading_semantic=&#8221;h4&#8243; text_font=&#8221;font-538551&#8243; text_size=&#8221;fontsize-847074&#8243; text_weight=&#8221;400&#8243; text_height=&#8221;fontheight-846199&#8243; text_space=&#8221;fontspace-861442&#8243; uncode_shortcode_id=&#8221;845746&#8243;]<strong>POL\u00cdTICA DE PRIVACITAT<\/strong>[\/vc_custom_heading][vc_column_text uncode_shortcode_id=&#8221;617829&#8243;]<\/p>\n<p data-start=\"295\" data-end=\"358\"><strong data-start=\"295\" data-end=\"358\">1. Qui \u00e9s el Responsable del tractament de les seves dades?<\/strong><\/p>\n<p data-start=\"360\" data-end=\"606\">De conformitat amb el Reglament (UE) 2016\/679 vigent, i la Llei Org\u00e0nica 3\/2018, de 5 de desembre, de Protecci\u00f3 de Dades Personals i garantia dels drets digitals, el responsable del tractament es troba identificat a l\u2019expositiu 1 de l\u2019Av\u00eds Legal.<\/p>\n<p data-start=\"608\" data-end=\"682\"><strong data-start=\"608\" data-end=\"682\">Tipus de dades que tenim sobre la seva persona i com les hem obtingut:<\/strong><\/p>\n<p data-start=\"684\" data-end=\"758\">Les categories de dades personals que tractem de clients i prove\u00efdors s\u00f3n:<\/p>\n<ol data-start=\"760\" data-end=\"890\">\n<li data-start=\"760\" data-end=\"786\">\n<p data-start=\"763\" data-end=\"786\">Dades d\u2019identificaci\u00f3<\/p>\n<\/li>\n<li data-start=\"787\" data-end=\"823\">\n<p data-start=\"790\" data-end=\"823\">Adreces postals o electr\u00f2niques<\/p>\n<\/li>\n<li data-start=\"824\" data-end=\"849\">\n<p data-start=\"827\" data-end=\"849\">Informaci\u00f3 comercial<\/p>\n<\/li>\n<li data-start=\"850\" data-end=\"890\">\n<p data-start=\"853\" data-end=\"890\">Dades econ\u00f2miques i de transaccions<\/p>\n<\/li>\n<\/ol>\n<p data-start=\"892\" data-end=\"948\"><strong data-start=\"892\" data-end=\"948\">2. En cap cas tractem dades especialment protegides?<\/strong><\/p>\n<p data-start=\"950\" data-end=\"1392\">Totes les dades esmentades anteriorment les hem obtingut o b\u00e9 directament de vost\u00e8 mitjan\u00e7ant la presentaci\u00f3 d\u2019una oferta comercial, proposta contractual, etc., o b\u00e9 a trav\u00e9s de la seva empresa en facilitar-nos les dades d\u2019identificaci\u00f3 i la resta d\u2019informaci\u00f3 necess\u00e0ria per dur a terme l\u2019objecte de la relaci\u00f3 contractual entre les parts. Ser\u00e0 obligaci\u00f3 seva o de la seva empresa facilitar-nos les dades actualitzades en cas de modificaci\u00f3.<\/p>\n<p data-start=\"1394\" data-end=\"1445\"><strong data-start=\"1394\" data-end=\"1445\">3. Amb quina finalitat tractem les seves dades?<\/strong><\/p>\n<p data-start=\"1447\" data-end=\"1789\">Tractem les dades que ens faciliten les persones interessades amb la finalitat de gestionar diferents activitats derivades de procediments espec\u00edfics realitzats en mat\u00e8ria de vendes, servei postvenda, gesti\u00f3 de prove\u00efdors, qualitat del servei, etc. D\u2019aquesta manera, utilitzarem les seves dades per dur a terme alguna de les accions seg\u00fcents:<\/p>\n<p data-start=\"1791\" data-end=\"1957\">I. Enviament de la informaci\u00f3 que ens sol\u00b7licitin mitjan\u00e7ant el formulari de contacte del nostre lloc web o qualsevol altre mitj\u00e0 de contacte amb la nostra empresa,<\/p>\n<p data-start=\"1959\" data-end=\"2074\">II. Facilitar tant als clients potencials com als nostres clients ofertes de productes i serveis del seu inter\u00e8s,<\/p>\n<p data-start=\"2076\" data-end=\"2198\">III. Dur a terme la gesti\u00f3 de compra d\u2019entrades, administrativa, fiscal i comptable dels nostres clients i\/o prove\u00efdors,<\/p>\n<p data-start=\"2200\" data-end=\"2371\">IV. Dur a terme enquestes de satisfacci\u00f3, estudis de mercat, etc., amb la finalitat de poder oferir-li les ofertes m\u00e9s adequades i una qualitat de servei optimitzada, etc.<\/p>\n<p data-start=\"2373\" data-end=\"2430\"><strong data-start=\"2373\" data-end=\"2430\">4. Durant quant de temps conservarem les seves dades?<\/strong><\/p>\n<p data-start=\"2432\" data-end=\"2925\">Les dades personals relatives a persones f\u00edsiques vinculades a clients potencials, clients i prove\u00efdors que recopilem mitjan\u00e7ant els diferents formularis de contacte i\/o recollida d\u2019informaci\u00f3 es conservaran mentre no se\u2019n sol\u00b7liciti la supressi\u00f3 per part de l\u2019interessat. Les dades proporcionades pels nostres clients i prove\u00efdors es conservaran mentre es mantingui la relaci\u00f3 mercantil entre les parts, respectant en qualsevol cas els terminis m\u00ednims legals de conservaci\u00f3 segons la mat\u00e8ria.<\/p>\n<p data-start=\"2927\" data-end=\"3553\">En qualsevol cas, guardarem les seves dades personals durant el per\u00edode de temps que sigui raonablement necessari tenint en compte les nostres necessitats de donar resposta a les q\u00fcestions que es plantegin o resoldre problemes, realitzar millores, activar nous serveis i complir els requisits que exigeixi la legislaci\u00f3 aplicable. Aix\u00f2 significa que podem conservar les seves dades personals durant un per\u00edode de temps raonable fins i tot despr\u00e9s que hagi deixat d\u2019utilitzar els nostres productes o d\u2019utilitzar aquest lloc web. Despr\u00e9s d\u2019aquest per\u00edode, les seves dades personals seran eliminades de tots els nostres sistemes.<\/p>\n<p data-start=\"3555\" data-end=\"3631\"><strong data-start=\"3555\" data-end=\"3631\">5. Quina \u00e9s la base de legitimaci\u00f3 per al tractament de les seves dades?<\/strong><\/p>\n<p data-start=\"3633\" data-end=\"3710\">Segons el tipus de tractament de dades, la base de legitimaci\u00f3 \u00e9s la seg\u00fcent:<\/p>\n<p data-start=\"3712\" data-end=\"3986\">En primer lloc, es realitzar\u00e0 una gesti\u00f3 comptable, que inclou la facturaci\u00f3 i la compra d\u2019entrades, aix\u00ed com la relaci\u00f3 amb clients i prove\u00efdors. Aquest tractament es fonamenta en el manteniment, desenvolupament i control de la relaci\u00f3 contractual existent entre les parts.<\/p>\n<p data-start=\"3988\" data-end=\"4283\">Aix\u00ed mateix, les dades podran ser utilitzades per a la gesti\u00f3 fiscal, incloent-hi l\u2019aplicaci\u00f3 de retencions, bonificacions o altres obligacions tribut\u00e0ries. La base legal d\u2019aquest tractament \u00e9s tant el manteniment de la relaci\u00f3 contractual com el compliment de les obligacions legals aplicables.<\/p>\n<p data-start=\"4285\" data-end=\"4560\">D\u2019altra banda, es dur\u00e0 a terme una gesti\u00f3 administrativa, que inclou tasques de log\u00edstica, emmagatzematge, lliurament de productes al client i recepci\u00f3 de mercaderies. Aquest tractament tamb\u00e9 es legitima en el manteniment, desenvolupament i control de la relaci\u00f3 contractual.<\/p>\n<p data-start=\"4562\" data-end=\"5022\">Finalment, les dades podran ser tractades amb finalitats de m\u00e0rqueting, consistents en l\u2019enviament d\u2019accions comercials sobre productes o serveis, dirigides a socis o a aquelles persones que hagin sol\u00b7licitat informaci\u00f3 pr\u00e8viament, incloent-hi la realitzaci\u00f3 d\u2019enquestes de satisfacci\u00f3 i la comunicaci\u00f3 d\u2019activitats culturals pr\u00f2pies de Poble Espanyol de Montju\u00efc SAU. Aquest tractament es basa en el consentiment lliure, espec\u00edfic i inequ\u00edvoc de l\u2019interessat.<\/p>\n<p data-start=\"5024\" data-end=\"5419\">S\u2019informa expressament que la retirada del consentiment per a les accions de m\u00e0rqueting no condicionar\u00e0 en cap cas l\u2019execuci\u00f3 del contracte que pugui existir entre les parts. Aix\u00ed mateix, el tractament es podr\u00e0 emparar en l\u2019inter\u00e8s leg\u00edtim de la companyia per a la promoci\u00f3 i comercialitzaci\u00f3 de productes o serveis similars als obtinguts o sol\u00b7licitats pr\u00e8viament per les persones interessades.<\/p>\n<p data-start=\"5421\" data-end=\"5595\">En el sup\u00f2sit que no faciliti les seves dades de car\u00e0cter personal, no es podr\u00e0 executar el seu contracte, complir les obligacions legals o les derivades dels poders p\u00fablics.<\/p>\n<p data-start=\"5597\" data-end=\"5656\"><strong data-start=\"5597\" data-end=\"5656\">6. A quins destinataris es comunicaran les seves dades?<\/strong><\/p>\n<p data-start=\"5658\" data-end=\"5843\">No cedirem les seves dades personals a cap empresa tercera que pretengui utilitzar-les en accions de m\u00e0rqueting directe, excepte en el cas que ens hagi autoritzat expressament a fer-ho.<\/p>\n<p data-start=\"5845\" data-end=\"6300\">L\u2019informem que podem facilitar les seves dades personals a organismes de l\u2019Administraci\u00f3 P\u00fablica i autoritats competents en aquells casos en qu\u00e8 ens ho requereixin legalment o en aquells casos en qu\u00e8, actuant de bona fe, considerem que aquesta acci\u00f3 \u00e9s raonablement necess\u00e0ria per complir amb un procediment judicial; per contestar qualsevol reclamaci\u00f3 o demanda jur\u00eddica; o per protegir els drets de l\u2019empresa o dels seus clients i del p\u00fablic en general.<\/p>\n<p data-start=\"6302\" data-end=\"6439\">L\u2019informem que les seves dades no seran cedides ni comunicades a tercers; l\u2019empresa \u00e9s l\u2019\u00fanica responsable del seu tractament i cust\u00f2dia.<\/p>\n<p data-start=\"6441\" data-end=\"7164\">S\u00ed que proporcionarem les seves dades personals a terceres persones (per exemple, prove\u00efdors de serveis i Internet que ens ajuden a administrar el nostre lloc web o a prestar els serveis contractats, empreses de suport i manteniment inform\u00e0tic, empreses de log\u00edstica, gestories i assessorament fiscal i comptable, etc.). En qualsevol cas, aquestes terceres persones hauran de mantenir, en tot moment, els mateixos nivells de seguretat que nosaltres en relaci\u00f3 amb les seves dades personals i, quan sigui necessari, estaran vinculades per compromisos legals per tal de guardar les seves dades personals de manera privada i segura, i tamb\u00e9 per utilitzar \u00fanicament la informaci\u00f3 seguint instruccions espec\u00edfiques de l\u2019empresa.<\/p>\n<p data-start=\"7166\" data-end=\"7214\"><strong data-start=\"7166\" data-end=\"7214\">7. Transfer\u00e8ncies de dades a tercers pa\u00efsos?<\/strong><\/p>\n<p data-start=\"7216\" data-end=\"7317\">No estan previstes transfer\u00e8ncies de dades a tercers pa\u00efsos excepte petici\u00f3 expressa de l\u2019interessat.<\/p>\n<p data-start=\"7319\" data-end=\"7368\"><strong data-start=\"7319\" data-end=\"7368\">8. Quins s\u00f3n els seus drets com a interessat?<\/strong><\/p>\n<p data-start=\"7370\" data-end=\"7483\">Qualsevol persona t\u00e9 dret a obtenir confirmaci\u00f3 sobre si estem tractant dades personals que li concerneixin o no.<\/p>\n<p data-start=\"7485\" data-end=\"7722\">En concret, les persones interessades poden sol\u00b7licitar el dret d\u2019acc\u00e9s a les seves dades personals, aix\u00ed com rebre-les en un format com\u00fa i de lectura mecanitzada si el tractament s\u2019efectua per mitjans electr\u00f2nics (dret de portabilitat).<\/p>\n<p data-start=\"7724\" data-end=\"7987\">Aix\u00ed mateix, les persones interessades poden sol\u00b7licitar el dret de rectificaci\u00f3 de les dades inexactes o, si escau, sol\u00b7licitar-ne la supressi\u00f3 quan, entre altres motius, les dades ja no siguin necess\u00e0ries per a les finalitats per a les quals van ser recollides.<\/p>\n<p data-start=\"7989\" data-end=\"8475\">Complement\u00e0riament, en determinades circumst\u00e0ncies, els interessats podran sol\u00b7licitar la limitaci\u00f3 del tractament de les seves dades, o en determinades circumst\u00e0ncies i per motius relacionats amb la seva situaci\u00f3 particular, podran exercir el dret d\u2019oposici\u00f3 al tractament de les seves dades. Deixarem de tractar les dades, excepte per motius leg\u00edtims imperiosos, o per a l\u2019exercici o la defensa de possibles reclamacions o en aquelles excepcions establertes en la normativa aplicable.<\/p>\n<p data-start=\"8477\" data-end=\"8669\">Aix\u00ed mateix, l\u2019informem que t\u00e9 dret a retirar els consentiments atorgats en qualsevol moment, sense que aix\u00f2 afecti la licitud del tractament basat en el consentiment previ a la seva retirada.<\/p>\n<p data-start=\"8671\" data-end=\"8909\">Aix\u00ed mateix, s\u2019informa l\u2019Usuari que en qualsevol moment pot exercir els drets esmentats dirigint-se per escrit a nosaltres utilitzant les dades de contacte que apareixen a l\u2019Expositiu 1 del present Av\u00eds Legal, adjuntant c\u00f2pia del seu DNI.<\/p>\n<p data-start=\"8911\" data-end=\"9089\">Vost\u00e8 tamb\u00e9 tindr\u00e0 dret a presentar una reclamaci\u00f3 davant l\u2019Ag\u00e8ncia Espanyola de Protecci\u00f3 de Dades, especialment quan no hagi obtingut satisfacci\u00f3 en l\u2019exercici dels seus drets.<\/p>\n<p data-start=\"9091\" data-end=\"9144\"><a class=\"decorated-link\" href=\"http:\/\/www.agpd.es\/portalwebAGPD\/index-ides-idphp.php\" target=\"_new\" rel=\"noopener\" data-start=\"9091\" data-end=\"9144\">http:\/\/www.agpd.es\/portalwebAGPD\/index-ides-idphp.php<\/a><\/p>\n<p data-start=\"9146\" data-end=\"9516\">D\u2019altra banda, d\u2019acord amb el que disposa la Llei 34\/2002, d\u201911 de juliol, de Serveis de la Societat de la Informaci\u00f3 i de Comer\u00e7 Electr\u00f2nic, ens comprometem a no enviar publicitat a trav\u00e9s del correu electr\u00f2nic sense haver obtingut pr\u00e8viament l\u2019autoritzaci\u00f3 expressa del destinatari. L\u2019Usuari podr\u00e0 oposar-se a l\u2019enviament de publicitat marcant la casella corresponent.<\/p>\n<p>[\/vc_column_text][\/vc_column][\/vc_row][vc_row unlock_row_content=&#8221;yes&#8221; row_height_percent=&#8221;0&#8243; override_padding=&#8221;yes&#8221; h_padding=&#8221;0&#8243; top_padding=&#8221;0&#8243; bottom_padding=&#8221;0&#8243; overlay_alpha=&#8221;50&#8243; gutter_size=&#8221;3&#8243; column_width_percent=&#8221;100&#8243; shift_y=&#8221;0&#8243; z_index=&#8221;0&#8243; uncode_shortcode_id=&#8221;116472&#8243;][vc_column width=&#8221;1\/1&#8243;][uncode_block id=&#8221;90044&#8243; inside_column=&#8221;yes&#8221;][\/vc_column][\/vc_row]<\/p>\n<\/div>","protected":false},"excerpt":{"rendered":"<p>[vc_row unlock_row_content=&#8221;yes&#8221; row_height_percent=&#8221;0&#8243; override_padding=&#8221;yes&#8221; h_padding=&#8221;2&#8243; top_padding=&#8221;2&#8243; bottom_padding=&#8221;5&#8243; overlay_alpha=&#8221;50&#8243; gutter_size=&#8221;2&#8243; column_width_percent=&#8221;100&#8243; shift_y=&#8221;0&#8243; z_index=&#8221;0&#8243; uncode_shortcode_id=&#8221;158204&#8243; el_class=&#8221;espaiTitulPrevi&#8221;][vc_column column_width_percent=&#8221;100&#8243; gutter_size=&#8221;3&#8243; overlay_alpha=&#8221;50&#8243; shift_x=&#8221;0&#8243; shift_y=&#8221;0&#8243; shift_y_down=&#8221;0&#8243; [&hellip;]<\/p>\n","protected":false},"author":7,"featured_media":115222,"parent":0,"menu_order":123,"comment_status":"closed","ping_status":"closed","template":"","meta":{"_acf_changed":false,"footnotes":""},"class_list":["post-112748","page","type-page","status-publish","has-post-thumbnail","hentry","page_category-poble-espanyol-ca"],"acf":[],"_links":{"self":[{"href":"https:\/\/poble-espanyol.com\/ca\/wp-json\/wp\/v2\/pages\/112748","targetHints":{"allow":["GET"]}}],"collection":[{"href":"https:\/\/poble-espanyol.com\/ca\/wp-json\/wp\/v2\/pages"}],"about":[{"href":"https:\/\/poble-espanyol.com\/ca\/wp-json\/wp\/v2\/types\/page"}],"author":[{"embeddable":true,"href":"https:\/\/poble-espanyol.com\/ca\/wp-json\/wp\/v2\/users\/7"}],"replies":[{"embeddable":true,"href":"https:\/\/poble-espanyol.com\/ca\/wp-json\/wp\/v2\/comments?post=112748"}],"version-history":[{"count":6,"href":"https:\/\/poble-espanyol.com\/ca\/wp-json\/wp\/v2\/pages\/112748\/revisions"}],"predecessor-version":[{"id":272239,"href":"https:\/\/poble-espanyol.com\/ca\/wp-json\/wp\/v2\/pages\/112748\/revisions\/272239"}],"wp:featuredmedia":[{"embeddable":true,"href":"https:\/\/poble-espanyol.com\/ca\/wp-json\/wp\/v2\/media\/115222"}],"wp:attachment":[{"href":"https:\/\/poble-espanyol.com\/ca\/wp-json\/wp\/v2\/media?parent=112748"}],"curies":[{"name":"wp","href":"https:\/\/api.w.org\/{rel}","templated":true}]}}