{"id":161346,"date":"2022-06-16T13:41:33","date_gmt":"2022-06-16T11:41:33","guid":{"rendered":"https:\/\/poble-espanyol.com\/?page_id=161346"},"modified":"2025-07-15T12:18:02","modified_gmt":"2025-07-15T10:18:02","slug":"nitsenviu","status":"publish","type":"page","link":"https:\/\/poble-espanyol.com\/ca\/nitsenviu\/","title":{"rendered":"Nits en Viu 2025"},"content":{"rendered":"<div class=\"wpb-content-wrapper\"><p>[vc_row unlock_row_content=&#8221;yes&#8221; row_height_percent=&#8221;0&#8243; override_padding=&#8221;yes&#8221; h_padding=&#8221;2&#8243; top_padding=&#8221;2&#8243; bottom_padding=&#8221;2&#8243; overlay_alpha=&#8221;50&#8243; gutter_size=&#8221;2&#8243; column_width_percent=&#8221;100&#8243; shift_y=&#8221;0&#8243; z_index=&#8221;0&#8243; uncode_shortcode_id=&#8221;173677&#8243; el_class=&#8221;espaiTitulPrevi&#8221;][vc_column column_width_percent=&#8221;100&#8243; gutter_size=&#8221;3&#8243; overlay_alpha=&#8221;50&#8243; shift_x=&#8221;0&#8243; shift_y=&#8221;0&#8243; shift_y_down=&#8221;0&#8243; z_index=&#8221;0&#8243; medium_width=&#8221;0&#8243; mobile_width=&#8221;7&#8243; width=&#8221;1\/1&#8243; uncode_shortcode_id=&#8221;617312&#8243;][vc_custom_heading heading_semantic=&#8221;h4&#8243; text_font=&#8221;font-538551&#8243; text_size=&#8221;fontsize-847074&#8243; text_weight=&#8221;400&#8243; text_height=&#8221;fontheight-846199&#8243; text_space=&#8221;fontspace-861442&#8243; uncode_shortcode_id=&#8221;163510&#8243;]<span style=\"font-weight: 400;\">AIRE LLIURE, BON AMBIENT, UN ESPAI \u00daNIC I M\u00daSICA, MOLTA M\u00daSICA!<\/span><\/p>\n<p>[\/vc_custom_heading][\/vc_column][\/vc_row][vc_row unlock_row_content=&#8221;yes&#8221; row_height_percent=&#8221;0&#8243; override_padding=&#8221;yes&#8221; h_padding=&#8221;2&#8243; top_padding=&#8221;0&#8243; bottom_padding=&#8221;3&#8243; overlay_alpha=&#8221;50&#8243; gutter_size=&#8221;2&#8243; column_width_percent=&#8221;100&#8243; shift_y=&#8221;0&#8243; z_index=&#8221;0&#8243; uncode_shortcode_id=&#8221;194937&#8243;][vc_column column_width_percent=&#8221;100&#8243; position_horizontal=&#8221;left&#8221; gutter_size=&#8221;3&#8243; overlay_alpha=&#8221;50&#8243; shift_x=&#8221;0&#8243; shift_y=&#8221;0&#8243; shift_y_down=&#8221;0&#8243; z_index=&#8221;0&#8243; medium_width=&#8221;2&#8243; mobile_width=&#8221;7&#8243; width=&#8221;1\/4&#8243;][vc_custom_heading text_color=&#8221;color-107789&#8243; text_font=&#8221;font-643449&#8243; text_size=&#8221;fontsize-495345&#8243; text_weight=&#8221;400&#8243; text_height=&#8221;fontheight-159127&#8243; uncode_shortcode_id=&#8221;326968&#8243; text_color_type=&#8221;uncode-palette&#8221;]<span style=\"font-weight: 400;\">M\u00daSICA EN DIRECTE EN UN ENTORN \u00daNIC<\/span>[\/vc_custom_heading][\/vc_column][vc_column column_width_percent=&#8221;100&#8243; position_horizontal=&#8221;left&#8221; gutter_size=&#8221;3&#8243; overlay_alpha=&#8221;50&#8243; shift_x=&#8221;0&#8243; shift_y=&#8221;0&#8243; shift_y_down=&#8221;0&#8243; z_index=&#8221;0&#8243; medium_width=&#8221;4&#8243; mobile_width=&#8221;7&#8243; width=&#8221;2\/4&#8243;][vc_custom_heading heading_semantic=&#8221;p&#8221; text_font=&#8221;font-875416&#8243; text_size=&#8221;fontsize-495345&#8243; text_weight=&#8221;400&#8243; text_height=&#8221;fontheight-206872&#8243; el_class=&#8221;tabletTipografia&#8221; uncode_shortcode_id=&#8221;130242&#8243;]Aquest estiu viu la millor m\u00fasica en directe de Barcelona de salsa, rock, pop i rumba a l&#8217;aire lliure, en un recinte hist\u00f2ric i monumental de la ciutat i en un nou espai pensat perqu\u00e8 la teva experi\u00e8ncia vagi molt m\u00e9s enll\u00e0 de la m\u00fasica&#8230; No et perdis les Nits en Viu al Poble![\/vc_custom_heading][vc_empty_space empty_h=&#8221;3&#8243; medium_visibility=&#8221;yes&#8221; mobile_visibility=&#8221;yes&#8221;][\/vc_column][vc_column column_width_percent=&#8221;100&#8243; align_horizontal=&#8221;align_right&#8221; gutter_size=&#8221;0&#8243; override_padding=&#8221;yes&#8221; column_padding=&#8221;0&#8243; expand_height=&#8221;yes&#8221; overlay_alpha=&#8221;50&#8243; shift_x=&#8221;0&#8243; shift_y=&#8221;0&#8243; shift_y_down=&#8221;0&#8243; z_index=&#8221;0&#8243; medium_width=&#8221;2&#8243; mobile_width=&#8221;7&#8243; width=&#8221;1\/4&#8243;][vc_single_image media=&#8221;251874&#8243; media_width_percent=&#8221;100&#8243; media_ratio=&#8221;one-one&#8221; advanced=&#8221;yes&#8221; media_overlay_opacity=&#8221;1&#8243; media_overlay_anim=&#8221;no&#8221; media_text_anim=&#8221;no&#8221; media_image_anim=&#8221;no&#8221; media_padding=&#8221;5&#8243; el_class=&#8221;arc-radius&#8221; uncode_shortcode_id=&#8221;944027&#8243;][\/vc_column][\/vc_row][vc_row unlock_row_content=&#8221;yes&#8221; row_height_percent=&#8221;0&#8243; override_padding=&#8221;yes&#8221; h_padding=&#8221;2&#8243; top_padding=&#8221;1&#8243; bottom_padding=&#8221;0&#8243; overlay_alpha=&#8221;50&#8243; gutter_size=&#8221;2&#8243; column_width_percent=&#8221;100&#8243; shift_y=&#8221;0&#8243; z_index=&#8221;0&#8243; uncode_shortcode_id=&#8221;234308&#8243;][vc_column column_width_percent=&#8221;100&#8243; gutter_size=&#8221;3&#8243; overlay_alpha=&#8221;50&#8243; shift_x=&#8221;0&#8243; shift_y=&#8221;0&#8243; shift_y_down=&#8221;0&#8243; z_index=&#8221;0&#8243; medium_width=&#8221;0&#8243; mobile_width=&#8221;0&#8243; width=&#8221;1\/1&#8243;][vc_separator sep_color=&#8221;color-770920&#8243;][\/vc_column][\/vc_row][vc_row unlock_row_content=&#8221;yes&#8221; row_height_percent=&#8221;0&#8243; override_padding=&#8221;yes&#8221; h_padding=&#8221;2&#8243; top_padding=&#8221;2&#8243; bottom_padding=&#8221;2&#8243; overlay_alpha=&#8221;50&#8243; gutter_size=&#8221;3&#8243; column_width_percent=&#8221;100&#8243; shift_y=&#8221;0&#8243; z_index=&#8221;0&#8243; inverted_device_order=&#8221;yes&#8221; el_class=&#8221;filaImatgeRadiusDretiText espaiTitulPrevi&#8221; uncode_shortcode_id=&#8221;904554&#8243;][vc_column column_width_percent=&#8221;100&#8243; gutter_size=&#8221;3&#8243; overlay_alpha=&#8221;50&#8243; shift_x=&#8221;0&#8243; shift_y=&#8221;0&#8243; shift_y_down=&#8221;0&#8243; z_index=&#8221;0&#8243; medium_width=&#8221;0&#8243; mobile_width=&#8221;0&#8243; width=&#8221;1\/2&#8243;][vc_single_image media=&#8221;178433&#8243; media_poster=&#8221;yes&#8221; media_width_percent=&#8221;100&#8243; advanced=&#8221;yes&#8221; media_overlay_opacity=&#8221;1&#8243; media_image_anim=&#8221;no&#8221; media_padding=&#8221;2&#8243; el_class=&#8221;arc-radius-lateral-dret-mig&#8221; uncode_shortcode_id=&#8221;176900&#8243;][\/vc_column][vc_column column_width_percent=&#8221;100&#8243; position_vertical=&#8221;middle&#8221; gutter_size=&#8221;3&#8243; override_padding=&#8221;yes&#8221; column_padding=&#8221;5&#8243; overlay_alpha=&#8221;50&#8243; shift_x=&#8221;0&#8243; shift_y=&#8221;0&#8243; shift_y_down=&#8221;0&#8243; z_index=&#8221;0&#8243; medium_width=&#8221;0&#8243; mobile_width=&#8221;0&#8243; width=&#8221;1\/2&#8243; el_class=&#8221;columnaNoPaddingTopMobile columnaNoPaddingLeftRightMobile&#8221; uncode_shortcode_id=&#8221;126341&#8243;][vc_custom_heading text_color=&#8221;color-107789&#8243; text_font=&#8221;font-643449&#8243; text_size=&#8221;fontsize-495345&#8243; text_weight=&#8221;400&#8243; text_transform=&#8221;uppercase&#8221; text_height=&#8221;fontheight-206872&#8243; uncode_shortcode_id=&#8221;104895&#8243; text_color_type=&#8221;uncode-palette&#8221;]M\u00c9S DE 30 CONCERTASSOS DE SALSA, ROCK, POP I RUMBA[\/vc_custom_heading][vc_column_text uncode_shortcode_id=&#8221;160728&#8243;]Del 30 de juliol al 31 d\u2019agost de 2025 tornen les nostres Nits en Viu, m\u00e9s fresques i renovades que mai! Aquest any seguim transformant cada proposta perqu\u00e8 la teva experi\u00e8ncia sigui encara m\u00e9s especial i \u00fanica. Quatre cicles diferents per gaudir de m\u00fasica en directe en un espai a l\u2019aire lliure sorprenent, amb opcions gastron\u00f2miques, c\u00f2ctels refrescants i sessions de DJ abans i despr\u00e9s de cada concert.<\/p>\n<p>Fiesta Caribe (salsa i bachata), Rock&amp;Grill (rock i brasa), The 90\u2019s Queens\u2019 Nights (homenatge a les dives dels 90) i Fritanga! (tapeo i rumba) s\u00f3n els quatre cicles que el Poble Espanyol et porta aquest estiu per omplir de sabor, ritme i bona m\u00fasica les nits de barcelonins i visitants.[\/vc_column_text][\/vc_column][\/vc_row][vc_row unlock_row_content=&#8221;yes&#8221; row_height_percent=&#8221;0&#8243; override_padding=&#8221;yes&#8221; h_padding=&#8221;2&#8243; top_padding=&#8221;1&#8243; bottom_padding=&#8221;0&#8243; overlay_alpha=&#8221;50&#8243; gutter_size=&#8221;2&#8243; column_width_percent=&#8221;100&#8243; shift_y=&#8221;0&#8243; z_index=&#8221;0&#8243; uncode_shortcode_id=&#8221;234308&#8243;][vc_column column_width_percent=&#8221;100&#8243; gutter_size=&#8221;3&#8243; overlay_alpha=&#8221;50&#8243; shift_x=&#8221;0&#8243; shift_y=&#8221;0&#8243; shift_y_down=&#8221;0&#8243; z_index=&#8221;0&#8243; medium_width=&#8221;0&#8243; mobile_width=&#8221;0&#8243; width=&#8221;1\/1&#8243;][vc_separator sep_color=&#8221;color-770920&#8243;][\/vc_column][\/vc_row][vc_row][vc_column width=&#8221;1\/1&#8243;][uncode_block id=&#8221;90044&#8243;][\/vc_column][\/vc_row][vc_row unlock_row_content=&#8221;yes&#8221; row_height_percent=&#8221;0&#8243; override_padding=&#8221;yes&#8221; h_padding=&#8221;2&#8243; top_padding=&#8221;0&#8243; bottom_padding=&#8221;3&#8243; overlay_alpha=&#8221;50&#8243; gutter_size=&#8221;2&#8243; column_width_percent=&#8221;100&#8243; shift_y=&#8221;0&#8243; z_index=&#8221;0&#8243; uncode_shortcode_id=&#8221;194937&#8243;][vc_column column_width_percent=&#8221;100&#8243; position_horizontal=&#8221;left&#8221; gutter_size=&#8221;3&#8243; overlay_alpha=&#8221;50&#8243; shift_x=&#8221;0&#8243; shift_y=&#8221;0&#8243; shift_y_down=&#8221;0&#8243; z_index=&#8221;0&#8243; medium_width=&#8221;2&#8243; mobile_width=&#8221;7&#8243; width=&#8221;1\/4&#8243;][vc_custom_heading text_color=&#8221;color-107789&#8243; text_font=&#8221;font-643449&#8243; text_size=&#8221;fontsize-495345&#8243; text_weight=&#8221;400&#8243; text_height=&#8221;fontheight-159127&#8243; uncode_shortcode_id=&#8221;176732&#8243; text_color_type=&#8221;uncode-palette&#8221;]L&#8217;ESPAI VILLAGE[\/vc_custom_heading][\/vc_column][vc_column column_width_percent=&#8221;100&#8243; position_horizontal=&#8221;left&#8221; gutter_size=&#8221;3&#8243; overlay_alpha=&#8221;50&#8243; shift_x=&#8221;0&#8243; shift_y=&#8221;0&#8243; shift_y_down=&#8221;0&#8243; z_index=&#8221;0&#8243; medium_width=&#8221;4&#8243; mobile_width=&#8221;7&#8243; width=&#8221;2\/4&#8243;][vc_custom_heading heading_semantic=&#8221;p&#8221; text_font=&#8221;font-875416&#8243; text_size=&#8221;fontsize-495345&#8243; text_weight=&#8221;400&#8243; text_height=&#8221;fontheight-206872&#8243; el_class=&#8221;tabletTipografia&#8221; uncode_shortcode_id=&#8221;997773&#8243;]La Carpa i el Picnic del Poble es transformen en el Village, una gran zona a l\u2019aire lliure dissenyada perqu\u00e8 la teva experi\u00e8ncia al Poble sigui c\u00f2moda, divertida i duradora. Abans i despr\u00e9s de cada concert, podr\u00e0s prendre una copa, tastar propostes gastron\u00f2miques locals i gaudir d\u2019una m\u00fasica ambiental que crear\u00e0 el millor ambient per compartir amb amics. Un espai pensat perqu\u00e8 et sentis com a casa i vulguis allargar la festa![\/vc_custom_heading][vc_empty_space empty_h=&#8221;3&#8243; medium_visibility=&#8221;yes&#8221; mobile_visibility=&#8221;yes&#8221;][\/vc_column][vc_column column_width_percent=&#8221;100&#8243; align_horizontal=&#8221;align_right&#8221; gutter_size=&#8221;0&#8243; override_padding=&#8221;yes&#8221; column_padding=&#8221;0&#8243; expand_height=&#8221;yes&#8221; overlay_alpha=&#8221;50&#8243; shift_x=&#8221;0&#8243; shift_y=&#8221;0&#8243; shift_y_down=&#8221;0&#8243; z_index=&#8221;0&#8243; medium_width=&#8221;2&#8243; mobile_width=&#8221;7&#8243; width=&#8221;1\/4&#8243;][vc_single_image media=&#8221;251867&#8243; media_width_percent=&#8221;100&#8243; media_ratio=&#8221;one-one&#8221; advanced=&#8221;yes&#8221; media_overlay_opacity=&#8221;1&#8243; media_overlay_anim=&#8221;no&#8221; media_text_anim=&#8221;no&#8221; media_image_anim=&#8221;no&#8221; media_padding=&#8221;5&#8243; el_class=&#8221;arc-radius&#8221; uncode_shortcode_id=&#8221;122294&#8243;][\/vc_column][\/vc_row][vc_row unlock_row_content=&#8221;yes&#8221; row_height_percent=&#8221;0&#8243; override_padding=&#8221;yes&#8221; h_padding=&#8221;2&#8243; top_padding=&#8221;1&#8243; bottom_padding=&#8221;0&#8243; overlay_alpha=&#8221;50&#8243; gutter_size=&#8221;2&#8243; column_width_percent=&#8221;100&#8243; shift_y=&#8221;0&#8243; z_index=&#8221;0&#8243; uncode_shortcode_id=&#8221;234308&#8243;][vc_column column_width_percent=&#8221;100&#8243; gutter_size=&#8221;3&#8243; overlay_alpha=&#8221;50&#8243; shift_x=&#8221;0&#8243; shift_y=&#8221;0&#8243; shift_y_down=&#8221;0&#8243; z_index=&#8221;0&#8243; medium_width=&#8221;0&#8243; mobile_width=&#8221;0&#8243; width=&#8221;1\/1&#8243;][vc_separator sep_color=&#8221;color-770920&#8243;][\/vc_column][\/vc_row][vc_row][vc_column width=&#8221;1\/1&#8243;][uncode_block id=&#8221;90044&#8243;][\/vc_column][\/vc_row][vc_row unlock_row_content=&#8221;yes&#8221; row_height_percent=&#8221;0&#8243; override_padding=&#8221;yes&#8221; h_padding=&#8221;2&#8243; top_padding=&#8221;0&#8243; bottom_padding=&#8221;3&#8243; overlay_alpha=&#8221;50&#8243; gutter_size=&#8221;0&#8243; column_width_percent=&#8221;100&#8243; shift_y=&#8221;0&#8243; z_index=&#8221;0&#8243; el_class=&#8221;subheadingGaudeix&#8221; uncode_shortcode_id=&#8221;134477&#8243;][vc_column column_width_percent=&#8221;100&#8243; gutter_size=&#8221;3&#8243; overlay_alpha=&#8221;50&#8243; shift_x=&#8221;0&#8243; shift_y=&#8221;0&#8243; shift_y_down=&#8221;0&#8243; z_index=&#8221;0&#8243; medium_width=&#8221;2&#8243; align_mobile=&#8221;align_left_mobile&#8221; mobile_width=&#8221;0&#8243; width=&#8221;1\/4&#8243;][vc_custom_heading text_color=&#8221;color-107789&#8243; text_font=&#8221;font-643449&#8243; text_size=&#8221;fontsize-495345&#8243; text_weight=&#8221;400&#8243; text_height=&#8221;fontheight-159127&#8243; uncode_shortcode_id=&#8221;141669&#8243; text_color_type=&#8221;uncode-palette&#8221;]LES NITS EN VIU, UNA A UNA[\/vc_custom_heading][vc_empty_space empty_h=&#8221;2&#8243; desktop_visibility=&#8221;yes&#8221; medium_visibility=&#8221;yes&#8221;][\/vc_column][vc_column column_width_percent=&#8221;100&#8243; position_horizontal=&#8221;left&#8221; gutter_size=&#8221;3&#8243; overlay_alpha=&#8221;50&#8243; shift_x=&#8221;0&#8243; shift_y=&#8221;0&#8243; shift_y_down=&#8221;0&#8243; z_index=&#8221;0&#8243; medium_width=&#8221;6&#8243; mobile_width=&#8221;0&#8243; width=&#8221;3\/4&#8243;][vc_row_inner row_inner_height_percent=&#8221;0&#8243; overlay_alpha=&#8221;50&#8243; equal_height=&#8221;yes&#8221; gutter_size=&#8221;0&#8243; shift_y=&#8221;0&#8243; z_index=&#8221;0&#8243; el_class=&#8221;blocColumnesImatge noShowTextMobile desktopPetitsReduirFont blocImatgesArrodonides&#8221; uncode_shortcode_id=&#8221;150513&#8243;][vc_column_inner column_width_percent=&#8221;100&#8243; gutter_size=&#8221;3&#8243; overlay_alpha=&#8221;50&#8243; border_style=&#8221;solid&#8221; shift_x=&#8221;0&#8243; shift_y=&#8221;0&#8243; shift_y_down=&#8221;0&#8243; z_index=&#8221;0&#8243; medium_width=&#8221;2&#8243; mobile_width=&#8221;4&#8243; width=&#8221;1\/4&#8243;][vc_single_image media=&#8221;257199&#8243; media_width_percent=&#8221;100&#8243; media_ratio=&#8221;one-one&#8221; alignment=&#8221;center&#8221; advanced=&#8221;yes&#8221; media_overlay_opacity=&#8221;1&#8243; media_overlay_anim=&#8221;no&#8221; media_text_anim=&#8221;no&#8221; media_image_anim=&#8221;no&#8221; media_padding=&#8221;5&#8243; el_class=&#8221;arc-radius&#8221; uncode_shortcode_id=&#8221;159523&#8243; media_link=&#8221;url:https%3A%2F%2Fpoble-espanyol.com%2Fca%2Factivitat%2Ffiesta-caribe%2F&#8221;][vc_custom_heading heading_semantic=&#8221;h3&#8243; text_font=&#8221;font-875416&#8243; text_size=&#8221;fontsize-495345&#8243; text_weight=&#8221;400&#8243; text_height=&#8221;fontheight-206872&#8243; subheading=&#8221;Salsa, bachata i molt m\u00e9s!<\/p>\n<p>Les nits dels dimecres d\u2019aquest estiu s\u00f3n un viatge al Carib a trav\u00e9s dels 5 sentits: salsa, bachata, c\u00f2ctels amb molt d\u2019azzzz\u00facar i plats del Carib t\u2019esperen!&#8221; el_class=&#8221;sizeMobile&#8221; uncode_shortcode_id=&#8221;152034&#8243;]<a href=\"https:\/\/poble-espanyol.com\/ca\/activitat\/fiesta-caribe\/\">Fiesta Caribe<\/a>[\/vc_custom_heading][vc_button size=&#8221;link&#8221; btn_link_size=&#8221;fontsize-847074&#8243; custom_typo=&#8221;yes&#8221; font_family=&#8221;font-875416&#8243; font_weight=&#8221;400&#8243; el_class=&#8221;links&#8221; link=&#8221;url:%20https%3A%2F%2Fpoble-espanyol.com%2Fca%2Factivitat%2Ffiesta-caribe%2F&#8221; uncode_shortcode_id=&#8221;151576&#8243;]M\u00e9s infomaci\u00f3[\/vc_button][\/vc_column_inner][vc_column_inner column_width_percent=&#8221;100&#8243; gutter_size=&#8221;3&#8243; overlay_alpha=&#8221;50&#8243; shift_x=&#8221;0&#8243; shift_y=&#8221;0&#8243; shift_y_down=&#8221;0&#8243; z_index=&#8221;0&#8243; medium_width=&#8221;2&#8243; mobile_width=&#8221;4&#8243; width=&#8221;1\/4&#8243;][vc_single_image media=&#8221;257190&#8243; media_width_percent=&#8221;100&#8243; media_ratio=&#8221;one-one&#8221; alignment=&#8221;center&#8221; advanced=&#8221;yes&#8221; media_overlay_opacity=&#8221;1&#8243; media_overlay_anim=&#8221;no&#8221; media_text_anim=&#8221;no&#8221; media_image_anim=&#8221;no&#8221; media_padding=&#8221;5&#8243; el_class=&#8221;arc-radius&#8221; uncode_shortcode_id=&#8221;147620&#8243; media_link=&#8221;url:https%3A%2F%2Fpoble-espanyol.com%2Fca%2Factivitat%2Frock-grill%2F&#8221;][vc_custom_heading heading_semantic=&#8221;h3&#8243; text_font=&#8221;font-875416&#8243; text_size=&#8221;fontsize-495345&#8243; text_weight=&#8221;400&#8243; text_height=&#8221;fontheight-206872&#8243; subheading=&#8221;Aquest estiu torna el Rock&amp;Grill, el combo perfecte de rock en directe i sabor de brasa!<\/p>\n<p>Sis dijous d\u2019agost, 12 bandes tribut i un escenari a l\u2019aire lliure en un dels espais m\u00e9s incre\u00efbles de Barcelona: el Poble Espanyol.&#8221; el_class=&#8221;sizeMobile&#8221; uncode_shortcode_id=&#8221;143012&#8243;]Rock&amp;Grill[\/vc_custom_heading][vc_button size=&#8221;link&#8221; btn_link_size=&#8221;fontsize-847074&#8243; custom_typo=&#8221;yes&#8221; font_family=&#8221;font-875416&#8243; font_weight=&#8221;400&#8243; el_class=&#8221;links&#8221; link=&#8221;url:https%3A%2F%2Fpoble-espanyol.com%2Fca%2Factivitat%2Frock-grill%2F&#8221; uncode_shortcode_id=&#8221;501830&#8243;]M\u00e9s informaci\u00f3[\/vc_button][\/vc_column_inner][vc_column_inner column_width_percent=&#8221;100&#8243; gutter_size=&#8221;3&#8243; overlay_alpha=&#8221;50&#8243; shift_x=&#8221;0&#8243; shift_y=&#8221;0&#8243; shift_y_down=&#8221;0&#8243; z_index=&#8221;0&#8243; medium_width=&#8221;2&#8243; mobile_width=&#8221;4&#8243; width=&#8221;1\/4&#8243;][vc_single_image media=&#8221;257194&#8243; media_width_percent=&#8221;100&#8243; media_ratio=&#8221;one-one&#8221; alignment=&#8221;center&#8221; advanced=&#8221;yes&#8221; media_overlay_opacity=&#8221;1&#8243; media_overlay_anim=&#8221;no&#8221; media_text_anim=&#8221;no&#8221; media_image_anim=&#8221;no&#8221; media_padding=&#8221;5&#8243; el_class=&#8221;arc-radius&#8221; uncode_shortcode_id=&#8221;553561&#8243; media_link=&#8221;url:https%3A%2F%2Fpoble-espanyol.com%2Fca%2Factivitat%2Fthe-90s-queens-nights%2F&#8221;][vc_custom_heading heading_semantic=&#8221;h3&#8243; text_font=&#8221;font-875416&#8243; text_size=&#8221;fontsize-495345&#8243; text_weight=&#8221;400&#8243; text_height=&#8221;fontheight-206872&#8243; subheading=&#8221;Un viatge al passat ple de hits inolvidables.<\/p>\n<p>Els divendres d\u2019estiu es transformen en una festa nonstop amb els millors tributs a les veus i grups m\u00e9s ic\u00f2nics del pop dels 90. Prepareu-vos per cantar, ballar i reviure l\u2019\u00e0nima d\u2019una d\u00e8cada que mai passa de moda!&#8221; el_class=&#8221;sizeMobile&#8221; uncode_shortcode_id=&#8221;437786&#8243;]The 90&#8217;s Queen&#8217;s Nights[\/vc_custom_heading][vc_button size=&#8221;link&#8221; btn_link_size=&#8221;fontsize-847074&#8243; custom_typo=&#8221;yes&#8221; font_family=&#8221;font-875416&#8243; font_weight=&#8221;400&#8243; el_class=&#8221;links&#8221; uncode_shortcode_id=&#8221;988112&#8243; link=&#8221;url:https%3A%2F%2Fpoble-espanyol.com%2Fca%2Factivitat%2Fthe-90s-queens-nights%2F&#8221;]M\u00e9s informaci\u00f3[\/vc_button][\/vc_column_inner][vc_column_inner column_width_percent=&#8221;100&#8243; gutter_size=&#8221;3&#8243; overlay_alpha=&#8221;50&#8243; shift_x=&#8221;0&#8243; shift_y=&#8221;0&#8243; shift_y_down=&#8221;0&#8243; z_index=&#8221;0&#8243; medium_width=&#8221;2&#8243; mobile_width=&#8221;4&#8243; width=&#8221;1\/4&#8243;][vc_single_image media=&#8221;257169&#8243; media_width_percent=&#8221;100&#8243; media_ratio=&#8221;one-one&#8221; alignment=&#8221;center&#8221; advanced=&#8221;yes&#8221; media_overlay_opacity=&#8221;1&#8243; media_overlay_anim=&#8221;no&#8221; media_text_anim=&#8221;no&#8221; media_image_anim=&#8221;no&#8221; media_padding=&#8221;5&#8243; el_class=&#8221;arc-radius&#8221; uncode_shortcode_id=&#8221;173444&#8243; media_link=&#8221;url:https%3A%2F%2Fpoble-espanyol.com%2Fca%2Factivitat%2Fvespres-de-rumba%2F&#8221;][vc_custom_heading heading_semantic=&#8221;h3&#8243; text_font=&#8221;font-875416&#8243; text_size=&#8221;fontsize-495345&#8243; text_weight=&#8221;400&#8243; text_height=&#8221;fontheight-206872&#8243; subheading=&#8221;Rumba i tapeo<\/p>\n<p>Els dissabtes s\u00f3n una experi\u00e8ncia completa amb la rumba m\u00e9s informal, festa, &#8220;tinto de verano&#8220; i tapes typical Spanish (incloent-hi Fritanga!), tot en u!&#8221; el_class=&#8221;sizeMobile&#8221; uncode_shortcode_id=&#8221;125732&#8243;]Fritanga![\/vc_custom_heading][vc_button size=&#8221;link&#8221; btn_link_size=&#8221;fontsize-847074&#8243; custom_typo=&#8221;yes&#8221; font_family=&#8221;font-875416&#8243; font_weight=&#8221;400&#8243; el_class=&#8221;links&#8221; uncode_shortcode_id=&#8221;185273&#8243; link=&#8221;url:https%3A%2F%2Fpoble-espanyol.com%2Fca%2Factivitat%2Fvespres-de-rumba%2F&#8221;]M\u00e9s informaci\u00f3[\/vc_button][\/vc_column_inner][\/vc_row_inner][\/vc_column][\/vc_row][vc_row][vc_column width=&#8221;1\/1&#8243;][uncode_block id=&#8221;90044&#8243;][\/vc_column][\/vc_row][vc_row][vc_column width=&#8221;1\/1&#8243;][uncode_block id=&#8221;90044&#8243;][\/vc_column][\/vc_row][vc_row row_height_percent=&#8221;0&#8243; overlay_alpha=&#8221;50&#8243; gutter_size=&#8221;3&#8243; column_width_percent=&#8221;100&#8243; shift_y=&#8221;0&#8243; z_index=&#8221;0&#8243; desktop_visibility=&#8221;yes&#8221; uncode_shortcode_id=&#8221;180918&#8243;][vc_column width=&#8221;1\/1&#8243;][uncode_block id=&#8221;90044&#8243; inside_column=&#8221;yes&#8221;][\/vc_column][\/vc_row]<\/p>\n<\/div>","protected":false},"excerpt":{"rendered":"<p>[vc_row unlock_row_content=&#8221;yes&#8221; row_height_percent=&#8221;0&#8243; override_padding=&#8221;yes&#8221; h_padding=&#8221;2&#8243; top_padding=&#8221;2&#8243; bottom_padding=&#8221;2&#8243; overlay_alpha=&#8221;50&#8243; gutter_size=&#8221;2&#8243; column_width_percent=&#8221;100&#8243; shift_y=&#8221;0&#8243; z_index=&#8221;0&#8243; uncode_shortcode_id=&#8221;173677&#8243; el_class=&#8221;espaiTitulPrevi&#8221;][vc_column column_width_percent=&#8221;100&#8243; gutter_size=&#8221;3&#8243; overlay_alpha=&#8221;50&#8243; shift_x=&#8221;0&#8243; shift_y=&#8221;0&#8243; shift_y_down=&#8221;0&#8243; [&hellip;]<\/p>\n","protected":false},"author":7,"featured_media":251914,"parent":0,"menu_order":19,"comment_status":"closed","ping_status":"closed","template":"","meta":{"_acf_changed":false,"footnotes":""},"class_list":["post-161346","page","type-page","status-publish","has-post-thumbnail","hentry"],"acf":[],"_links":{"self":[{"href":"https:\/\/poble-espanyol.com\/ca\/wp-json\/wp\/v2\/pages\/161346","targetHints":{"allow":["GET"]}}],"collection":[{"href":"https:\/\/poble-espanyol.com\/ca\/wp-json\/wp\/v2\/pages"}],"about":[{"href":"https:\/\/poble-espanyol.com\/ca\/wp-json\/wp\/v2\/types\/page"}],"author":[{"embeddable":true,"href":"https:\/\/poble-espanyol.com\/ca\/wp-json\/wp\/v2\/users\/7"}],"replies":[{"embeddable":true,"href":"https:\/\/poble-espanyol.com\/ca\/wp-json\/wp\/v2\/comments?post=161346"}],"version-history":[{"count":31,"href":"https:\/\/poble-espanyol.com\/ca\/wp-json\/wp\/v2\/pages\/161346\/revisions"}],"predecessor-version":[{"id":260964,"href":"https:\/\/poble-espanyol.com\/ca\/wp-json\/wp\/v2\/pages\/161346\/revisions\/260964"}],"wp:featuredmedia":[{"embeddable":true,"href":"https:\/\/poble-espanyol.com\/ca\/wp-json\/wp\/v2\/media\/251914"}],"wp:attachment":[{"href":"https:\/\/poble-espanyol.com\/ca\/wp-json\/wp\/v2\/media?parent=161346"}],"curies":[{"name":"wp","href":"https:\/\/api.w.org\/{rel}","templated":true}]}}