{"id":270195,"date":"2022-06-07T16:16:48","date_gmt":"2022-06-07T14:16:48","guid":{"rendered":"https:\/\/poble-espanyol.com\/?page_id=270195"},"modified":"2025-11-28T13:20:40","modified_gmt":"2025-11-28T11:20:40","slug":"regals-artesanals-nadal","status":"publish","type":"page","link":"https:\/\/poble-espanyol.com\/ca\/regals-artesanals-nadal\/","title":{"rendered":"Regals originals per Nadal"},"content":{"rendered":"<div class=\"wpb-content-wrapper\"><p>[vc_row unlock_row_content=&#8221;yes&#8221; row_height_percent=&#8221;0&#8243; overlay_alpha=&#8221;50&#8243; gutter_size=&#8221;3&#8243; column_width_percent=&#8221;100&#8243; shift_y=&#8221;0&#8243; z_index=&#8221;0&#8243; content_parallax=&#8221;0&#8243; uncode_shortcode_id=&#8221;290443&#8243; back_color_type=&#8221;uncode-solid&#8221; back_color_solid=&#8221;#7f2625&#8243; css=&#8221;.vc_custom_1763562755992{padding-top: 100px !important;}&#8221;][vc_column width=&#8221;1\/1&#8243;][vc_single_image media=&#8221;270848&#8243; media_width_percent=&#8221;100&#8243; uncode_shortcode_id=&#8221;668155&#8243;][\/vc_column][\/vc_row][vc_row unlock_row_content=&#8221;yes&#8221; row_height_percent=&#8221;0&#8243; override_padding=&#8221;yes&#8221; h_padding=&#8221;2&#8243; top_padding=&#8221;2&#8243; bottom_padding=&#8221;2&#8243; overlay_alpha=&#8221;50&#8243; gutter_size=&#8221;2&#8243; column_width_percent=&#8221;100&#8243; shift_y=&#8221;0&#8243; z_index=&#8221;0&#8243; uncode_shortcode_id=&#8221;173677&#8243; el_class=&#8221;espaiTitulPrevi&#8221;][vc_column column_width_percent=&#8221;100&#8243; gutter_size=&#8221;3&#8243; overlay_alpha=&#8221;50&#8243; shift_x=&#8221;0&#8243; shift_y=&#8221;0&#8243; shift_y_down=&#8221;0&#8243; z_index=&#8221;0&#8243; medium_width=&#8221;0&#8243; mobile_width=&#8221;7&#8243; width=&#8221;1\/1&#8243; uncode_shortcode_id=&#8221;617312&#8243;][vc_empty_space empty_h=&#8221;2&#8243;][\/vc_column][\/vc_row][vc_row unlock_row_content=&#8221;yes&#8221; row_height_percent=&#8221;0&#8243; override_padding=&#8221;yes&#8221; h_padding=&#8221;2&#8243; top_padding=&#8221;0&#8243; bottom_padding=&#8221;3&#8243; overlay_alpha=&#8221;50&#8243; gutter_size=&#8221;3&#8243; column_width_percent=&#8221;100&#8243; shift_y=&#8221;0&#8243; z_index=&#8221;0&#8243; content_parallax=&#8221;0&#8243; uncode_shortcode_id=&#8221;126033&#8243;][vc_column column_width_percent=&#8221;100&#8243; position_horizontal=&#8221;left&#8221; gutter_size=&#8221;3&#8243; overlay_alpha=&#8221;50&#8243; shift_x=&#8221;0&#8243; shift_y=&#8221;0&#8243; shift_y_down=&#8221;0&#8243; z_index=&#8221;0&#8243; medium_width=&#8221;2&#8243; mobile_width=&#8221;7&#8243; width=&#8221;1\/4&#8243;][vc_custom_heading heading_semantic=&#8221;h1&#8243; text_font=&#8221;font-643449&#8243; text_size=&#8221;fontsize-495345&#8243; text_weight=&#8221;400&#8243; text_height=&#8221;fontheight-159127&#8243; uncode_shortcode_id=&#8221;537961&#8243; text_color_type=&#8221;uncode-solid&#8221; text_color_solid=&#8221;#7f2625&#8243;]REGALS ORIGINALS PER NADAL, ARTESANIA AL POBLE ESPANYOL[\/vc_custom_heading][vc_column_text uncode_shortcode_id=&#8221;433158&#8243;]<em> Regala temps. Regala emoci\u00f3. Regals que parlen de tu.<\/em>[\/vc_column_text][\/vc_column][vc_column column_width_percent=&#8221;85&#8243; gutter_size=&#8221;3&#8243; overlay_alpha=&#8221;50&#8243; shift_x=&#8221;0&#8243; shift_y=&#8221;0&#8243; shift_y_down=&#8221;0&#8243; z_index=&#8221;0&#8243; medium_width=&#8221;4&#8243; mobile_width=&#8221;7&#8243; width=&#8221;2\/4&#8243; uncode_shortcode_id=&#8221;335284&#8243;][vc_column_text uncode_shortcode_id=&#8221;133447&#8243;]<\/p>\n<p data-start=\"668\" data-end=\"1037\"><em><strong>Regals \u00fanics i experi\u00e8ncies creatives que connecten amb tu i amb la gent que estimes.<\/strong><\/em><\/p>\n<p>Aquest Nadal deixa enrere els regals convencionals i aposta per <strong>regals originals, experi\u00e8ncies creatives i peces artesanals \u00faniques.<\/strong> En el\u00a0Poble\u00a0Espanyol trobar\u00e0s <strong>tallers d&#8217;artesania, cursos i creacions fetes a m\u00e0 per artesans locals<\/strong>, pensats per als qui busquen sorprendre amb detalls aut\u00e8ntics i amb hist\u00f2ria.<\/p>\n<p>Cada regal aqu\u00ed \u00e9s <strong>molt m\u00e9s que un objecte:<\/strong> des de <strong>tallers de cer\u00e0mica, joieria o fusta, fins a peces exclusives d&#8217;artesans i artesanes locals,<\/strong> el\u00a0Poble\u00a0Espanyol ofereix la forma perfecta de gaudir d&#8217;un Nadal amb \u00e0nima a Barcelona.<\/p>\n<p>[\/vc_column_text][vc_column_text uncode_shortcode_id=&#8221;183064&#8243; text_color_type=&#8221;uncode-solid&#8221; text_color_solid=&#8221;#d22d3c&#8221;]<strong>DESCOBREIX TOTES LES OPCIONS<\/strong>[\/vc_column_text][\/vc_column][vc_column column_width_percent=&#8221;100&#8243; align_horizontal=&#8221;align_right&#8221; gutter_size=&#8221;0&#8243; override_padding=&#8221;yes&#8221; column_padding=&#8221;0&#8243; expand_height=&#8221;yes&#8221; overlay_alpha=&#8221;50&#8243; shift_x=&#8221;0&#8243; shift_y=&#8221;0&#8243; shift_y_down=&#8221;0&#8243; z_index=&#8221;0&#8243; medium_width=&#8221;2&#8243; mobile_width=&#8221;7&#8243; width=&#8221;1\/4&#8243;][vc_single_image media=&#8221;270222&#8243; media_width_percent=&#8221;100&#8243; media_ratio=&#8221;one-one&#8221; advanced=&#8221;yes&#8221; media_overlay_opacity=&#8221;1&#8243; media_overlay_anim=&#8221;no&#8221; media_text_anim=&#8221;no&#8221; media_image_anim=&#8221;no&#8221; media_padding=&#8221;5&#8243; css_animation=&#8221;right-t-left&#8221; animation_delay=&#8221;500&#8243; custom_cursor=&#8221;accent&#8221; el_class=&#8221;arc-radius&#8221; uncode_shortcode_id=&#8221;102753&#8243;][\/vc_column][\/vc_row][vc_row unlock_row_content=&#8221;yes&#8221; row_height_percent=&#8221;0&#8243; override_padding=&#8221;yes&#8221; h_padding=&#8221;2&#8243; top_padding=&#8221;1&#8243; bottom_padding=&#8221;0&#8243; overlay_alpha=&#8221;50&#8243; gutter_size=&#8221;2&#8243; column_width_percent=&#8221;100&#8243; shift_y=&#8221;0&#8243; z_index=&#8221;0&#8243; uncode_shortcode_id=&#8221;234308&#8243;][vc_column column_width_percent=&#8221;100&#8243; gutter_size=&#8221;3&#8243; overlay_alpha=&#8221;50&#8243; shift_x=&#8221;0&#8243; shift_y=&#8221;0&#8243; shift_y_down=&#8221;0&#8243; z_index=&#8221;0&#8243; medium_width=&#8221;0&#8243; mobile_width=&#8221;0&#8243; width=&#8221;1\/1&#8243;][vc_separator sep_color=&#8221;color-770920&#8243; uncode_shortcode_id=&#8221;110660&#8243; sep_color_type=&#8221;uncode-palette&#8221; el_width=&#8221;100%&#8221;][\/vc_column][\/vc_row][vc_row row_height_percent=&#8221;0&#8243; overlay_alpha=&#8221;50&#8243; gutter_size=&#8221;3&#8243; column_width_percent=&#8221;100&#8243; shift_y=&#8221;0&#8243; z_index=&#8221;0&#8243; content_parallax=&#8221;0&#8243; uncode_shortcode_id=&#8221;198490&#8243;][vc_column width=&#8221;1\/1&#8243;][uncode_slider][vc_row_inner row_inner_height_percent=&#8221;0&#8243; overlay_alpha=&#8221;50&#8243; gutter_size=&#8221;3&#8243; shift_y=&#8221;0&#8243; z_index=&#8221;0&#8243; uncode_shortcode_id=&#8221;965595&#8243;][vc_column_inner width=&#8221;1\/2&#8243;][vc_custom_heading uncode_shortcode_id=&#8221;193960&#8243;]<strong>Fes-ho tu | 100% personalitzat<\/strong>[\/vc_custom_heading][vc_single_image media=&#8221;270344&#8243; media_width_percent=&#8221;100&#8243; shape=&#8221;img-round&#8221; radius=&#8221;std&#8221; uncode_shortcode_id=&#8221;939907&#8243;][\/vc_column_inner][vc_column_inner width=&#8221;1\/2&#8243;][vc_empty_space empty_h=&#8221;2&#8243;][vc_column_text uncode_shortcode_id=&#8221;159442&#8243;]Sorpr\u00e8n aquesta persona especial fent-li un regal fet per tu! En el Poble Espanyol trobar\u00e0s <strong>tallers guiats per artesans professionals<\/strong> on podr\u00e0s dissenyar i crear el teu propi regal, des de peces cer\u00e0miques fins a cinturons de cuir, hi ha opcions per a tots els gustos i edats!<\/p>\n<p>Regala alguna cosa que no existeix en cap botiga: <strong>un regal fet per tu, amb les teves mans, el teu temps i el teu afecte.<\/strong>[\/vc_column_text][vc_button border_width=&#8221;0&#8243; link=&#8221;url:https%3A%2F%2Fpoble-espanyol.com%2Fca%2Factivitats%2Ftallers-permanents%2F|target:_blank&#8221; button_color_type=&#8221;uncode-solid&#8221; uncode_shortcode_id=&#8221;186896&#8243; button_color_solid=&#8221;#868859&#8243;]+ info tallers artesanals[\/vc_button][\/vc_column_inner][\/vc_row_inner][vc_row_inner][vc_column_inner width=&#8221;1\/2&#8243;][vc_custom_heading uncode_shortcode_id=&#8221;945450&#8243;]<strong>Regals fets a m\u00e0<\/strong>[\/vc_custom_heading][vc_single_image media=&#8221;270338&#8243; media_width_percent=&#8221;100&#8243; shape=&#8221;img-round&#8221; radius=&#8221;std&#8221; uncode_shortcode_id=&#8221;886683&#8243;][\/vc_column_inner][vc_column_inner column_width_percent=&#8221;100&#8243; gutter_size=&#8221;3&#8243; overlay_alpha=&#8221;50&#8243; shift_x=&#8221;0&#8243; shift_y=&#8221;0&#8243; shift_y_down=&#8221;0&#8243; z_index=&#8221;0&#8243; medium_width=&#8221;0&#8243; mobile_width=&#8221;0&#8243; width=&#8221;1\/2&#8243; uncode_shortcode_id=&#8221;187799&#8243;][vc_empty_space][vc_column_text uncode_shortcode_id=&#8221;185047&#8243;]<\/p>\n<p data-start=\"365\" data-end=\"536\">Per als qui valoren la <strong>qualitat, l&#8217;artesania i la sostenibilitat<\/strong>, el\u00a0Poble\u00a0Espanyol reuneix m\u00e9s de 18 tallers on els artesans venen directament les seves creacions.<\/p>\n<p>Cada pe\u00e7a \u00e9s <strong>\u00fanica, feta a m\u00e0 i amb segell d&#8217;autor:<\/strong> joieria, cer\u00e0mica, vidre bufat, t\u00e8xtils, cuir, joguines de fusta o fins i tot guitarres espanyoles. Cada detall reflecteix talent, dedicaci\u00f3 i creativitat, convertint el teu regal en una pe\u00e7a <strong>veritablement especial i amb hist\u00f2ria.<\/strong><\/p>\n<p>[\/vc_column_text][vc_button border_width=&#8221;0&#8243; link=&#8221;url:https%3A%2F%2Fpoble-espanyol.com%2Fca%2Fla-visita%2Fartesania%2F|target:_blank&#8221; button_color_type=&#8221;uncode-solid&#8221; uncode_shortcode_id=&#8221;141617&#8243; button_color_solid=&#8221;#868859&#8243;]+ info artesans[\/vc_button][\/vc_column_inner][\/vc_row_inner][vc_row_inner][vc_column_inner width=&#8221;1\/2&#8243;][vc_custom_heading uncode_shortcode_id=&#8221;181496&#8243;]<strong>Regala una experi\u00e8ncia<\/strong>[\/vc_custom_heading][vc_single_image media=&#8221;270350&#8243; media_width_percent=&#8221;100&#8243; shape=&#8221;img-round&#8221; radius=&#8221;std&#8221; uncode_shortcode_id=&#8221;123208&#8243;][\/vc_column_inner][vc_column_inner width=&#8221;1\/2&#8243;][vc_empty_space][vc_column_text uncode_shortcode_id=&#8221;167208&#8243;]<\/p>\n<p data-start=\"243\" data-end=\"515\">No hi ha res m\u00e9s valu\u00f3s que el temps, i per a aix\u00f2, qu\u00e8 millor que regalar una <strong>experi\u00e8ncia artesanal<\/strong> per a desconnectar al costat d&#8217;aquesta persona especial? Cer\u00e0mica, pintura, joieria i moltes m\u00e9s opcions: tallers dissenyats per a <strong>crear, aprendre i gaudir junts.<\/strong><\/p>\n<p>En acabar, us emportareu les <strong>vostres creacions<\/strong>, un regal amb <strong>significat i emoci\u00f3<\/strong> que es converteix en un <strong>record \u00fanic.<\/strong><\/p>\n<p>[\/vc_column_text][vc_button border_width=&#8221;0&#8243; link=&#8221;url:https%3A%2F%2Fpoble-espanyol.com%2Fca%2Factivitats%2Ftallers-permanents%2F|target:_blank&#8221; button_color_type=&#8221;uncode-solid&#8221; uncode_shortcode_id=&#8221;487870&#8243; button_color_solid=&#8221;#868859&#8243;]+ info tallers artesanals[\/vc_button][\/vc_column_inner][\/vc_row_inner][\/uncode_slider][\/vc_column][\/vc_row][vc_row unlock_row_content=&#8221;yes&#8221; row_height_percent=&#8221;0&#8243; override_padding=&#8221;yes&#8221; h_padding=&#8221;2&#8243; top_padding=&#8221;1&#8243; bottom_padding=&#8221;0&#8243; overlay_alpha=&#8221;50&#8243; gutter_size=&#8221;2&#8243; column_width_percent=&#8221;100&#8243; shift_y=&#8221;0&#8243; z_index=&#8221;0&#8243; uncode_shortcode_id=&#8221;234308&#8243;][vc_column column_width_percent=&#8221;100&#8243; gutter_size=&#8221;3&#8243; overlay_alpha=&#8221;50&#8243; shift_x=&#8221;0&#8243; shift_y=&#8221;0&#8243; shift_y_down=&#8221;0&#8243; z_index=&#8221;0&#8243; medium_width=&#8221;0&#8243; mobile_width=&#8221;0&#8243; width=&#8221;1\/1&#8243;][vc_separator sep_color=&#8221;color-770920&#8243; uncode_shortcode_id=&#8221;110660&#8243; sep_color_type=&#8221;uncode-palette&#8221; el_width=&#8221;100%&#8221;][\/vc_column][\/vc_row][vc_row unlock_row_content=&#8221;yes&#8221; row_height_percent=&#8221;0&#8243; overlay_alpha=&#8221;50&#8243; gutter_size=&#8221;3&#8243; column_width_percent=&#8221;100&#8243; shift_y=&#8221;0&#8243; z_index=&#8221;0&#8243; content_parallax=&#8221;0&#8243; uncode_shortcode_id=&#8221;127001&#8243; css=&#8221;.vc_custom_1761842061008{padding-top: 50px !important;}&#8221;][vc_column width=&#8221;1\/1&#8243;][vc_custom_heading text_font=&#8221;font-875416&#8243; text_size=&#8221;fontsize-495345&#8243; text_weight=&#8221;800&#8243; text_height=&#8221;fontheight-206872&#8243; el_class=&#8221;sizeMobile&#8221; uncode_shortcode_id=&#8221;164207&#8243; text_color_type=&#8221;uncode-solid&#8221; text_color_solid=&#8221;#7f2625&#8243;]GALERIA[\/vc_custom_heading][\/vc_column][\/vc_row][vc_row unlock_row_content=&#8221;yes&#8221; row_height_percent=&#8221;0&#8243; overlay_alpha=&#8221;50&#8243; gutter_size=&#8221;3&#8243; column_width_percent=&#8221;100&#8243; shift_y=&#8221;0&#8243; z_index=&#8221;0&#8243; content_parallax=&#8221;0&#8243; uncode_shortcode_id=&#8221;202240&#8243; css=&#8221;.vc_custom_1761839991919{margin-bottom: 250px !important;}&#8221;][vc_column width=&#8221;1\/1&#8243;][vc_gallery el_id=&#8221;gallery-117311&#8243; type=&#8221;css_grid&#8221; random=&#8221;yes&#8221; medias=&#8221;270507,270363,270357,270375,270381,270387,270399,270447,270405,270411,270453,270423,270429,270435,270549,270543,270441,270465,270471,270489,270477,270483,270459,270501,270555,270495,270513,270519,270525,270537,270561,270831&#8243; screen_lg_items=&#8221;3&#8243; screen_lg_breakpoint=&#8221;1000&#8243; screen_md_items=&#8221;2&#8243; screen_md_breakpoint=&#8221;600&#8243; screen_sm_items=&#8221;1&#8243; screen_sm_breakpoint=&#8221;480&#8243; gutter_size=&#8221;3&#8243; single_overlay_opacity=&#8221;50&#8243; single_padding=&#8221;2&#8243; uncode_shortcode_id=&#8221;169506&#8243;][\/vc_column][\/vc_row][vc_row row_height_percent=&#8221;0&#8243; overlay_alpha=&#8221;50&#8243; gutter_size=&#8221;3&#8243; column_width_percent=&#8221;100&#8243; shift_y=&#8221;0&#8243; z_index=&#8221;0&#8243; content_parallax=&#8221;0&#8243; uncode_shortcode_id=&#8221;149568&#8243; css=&#8221;.vc_custom_1763031669738{margin-top: -100px !important;margin-bottom: 200px !important;}&#8221;][vc_column width=&#8221;1\/1&#8243;][vc_custom_heading text_color=&#8221;color-107789&#8243; uncode_shortcode_id=&#8221;110493&#8243; text_color_type=&#8221;uncode-palette&#8221;]<\/p>\n<h2>Si tens algun dubte\u2026 Escriu-nos!<\/h2>\n<p>[\/vc_custom_heading]\n<div class=\"wpcf7 no-js\" id=\"wpcf7-f91233-o1\" lang=\"ca\" dir=\"ltr\" data-wpcf7-id=\"91233\">\n<div class=\"screen-reader-response\"><p role=\"status\" aria-live=\"polite\" aria-atomic=\"true\"><\/p> <ul><\/ul><\/div>\n<form action=\"\/ca\/wp-json\/wp\/v2\/pages\/270195#wpcf7-f91233-o1\" method=\"post\" class=\"wpcf7-form init fea9a001fcf2 cmatic-conn cmatic-aud-0 cmatic-mapd0-0 cmatic-v0976 cmatic-sent-0 cmatic-total-1674\" aria-label=\"Formulari de contacte\" novalidate=\"novalidate\" data-status=\"init\">\n<fieldset class=\"hidden-fields-container\"><input type=\"hidden\" name=\"_wpcf7\" value=\"91233\" \/><input type=\"hidden\" name=\"_wpcf7_version\" value=\"6.1.5\" \/><input type=\"hidden\" name=\"_wpcf7_locale\" value=\"ca\" \/><input type=\"hidden\" name=\"_wpcf7_unit_tag\" value=\"wpcf7-f91233-o1\" \/><input type=\"hidden\" name=\"_wpcf7_container_post\" value=\"0\" \/><input type=\"hidden\" name=\"_wpcf7_posted_data_hash\" value=\"\" \/><input type=\"hidden\" name=\"_wpcf7dtx_version\" value=\"5.0.5\" \/><input type=\"hidden\" name=\"_wpcf7_recaptcha_response\" value=\"\" \/>\n<\/fieldset>\n<div class=\"wpcf7-inline-wrapper\">\n\t<p class=\"wpcf7-inline-field wpcf7-inline-field-text\"><span class=\"wpcf7-form-control-wrap\" data-name=\"your-name\"><input size=\"50\" maxlength=\"400\" class=\"wpcf7-form-control wpcf7-text wpcf7-validates-as-required\" aria-required=\"true\" aria-invalid=\"false\" placeholder=\"Nombre *\" value=\"\" type=\"text\" name=\"your-name\" \/><\/span>\n\t<\/p>\n\t<p class=\"wpcf7-inline-field wpcf7-inline-field-text\"><span class=\"wpcf7-form-control-wrap\" data-name=\"your-surname\"><input size=\"50\" maxlength=\"400\" class=\"wpcf7-form-control wpcf7-text wpcf7-validates-as-required\" aria-required=\"true\" aria-invalid=\"false\" placeholder=\"Apellidos *\" value=\"\" type=\"text\" name=\"your-surname\" \/><\/span>\n\t<\/p>\n\t<p class=\"wpcf7-inline-field wpcf7-inline-field-btn\"><input class=\"wpcf7-form-control wpcf7-submit has-spinner btn form-fluid btn-default\" type=\"submit\" value=\"Enviar\" \/>\n\t<\/p>\n<\/div>\n<div class=\"wpcf7-inline-wrapper\">\n\t<p class=\"wpcf7-inline-field wpcf7-inline-field-text\"><span class=\"wpcf7-form-control-wrap\" data-name=\"your-phone\"><input size=\"50\" maxlength=\"400\" class=\"wpcf7-form-control wpcf7-text wpcf7-validates-as-required\" aria-required=\"true\" aria-invalid=\"false\" placeholder=\"Tel\u00e9fono *\" value=\"\" type=\"text\" name=\"your-phone\" \/><\/span>\n\t<\/p>\n\t<p class=\"wpcf7-inline-field wpcf7-inline-field-text\"><span class=\"wpcf7-form-control-wrap\" data-name=\"your-email\"><input size=\"50\" maxlength=\"400\" class=\"wpcf7-form-control wpcf7-email wpcf7-validates-as-required wpcf7-text wpcf7-validates-as-email\" aria-required=\"true\" aria-invalid=\"false\" placeholder=\"Email *\" value=\"\" type=\"email\" name=\"your-email\" \/><\/span>\n\t<\/p>\n\t<p class=\"wpcf7-inline-field wpcf7-inline-field-btn\">\n\t<\/p>\n<\/div>\n<div class=\"wpcf7-inline-wrapper\">\n\t<p class=\"wpcf7-inline-field wpcf7-inline-field-textarea\"><span class=\"wpcf7-form-control-wrap\" data-name=\"your-message\"><textarea cols=\"40\" rows=\"5\" maxlength=\"2000\" class=\"wpcf7-form-control wpcf7-textarea wpcf7-validates-as-required\" aria-required=\"true\" aria-invalid=\"false\" placeholder=\"Mensaje *\" name=\"your-message\"><\/textarea><\/span>\n\t<\/p>\n\t<p class=\"wpcf7-inline-field wpcf7-inline-field-btn\">\n\t<\/p>\n<\/div>\n<div class=\"wpcf7-inline-wrapper\">\n\t<p><span class=\"wpcf7-form-control-wrap\" data-name=\"acceptance-247\"><span class=\"wpcf7-form-control wpcf7-acceptance optional\"><span class=\"wpcf7-list-item\"><label><input type=\"checkbox\" name=\"acceptance-247\" value=\"1\" aria-invalid=\"false\" \/><span class=\"wpcf7-list-item-label\">He le\u00eddo y acepto la <a target=\"_blank\" style=\"color:white !important;\" class=\"linkcontacte\" href=\"\/politica-de-privacidad\">Pol\u00edtica de privacidad<\/a><\/span><\/label><\/span><\/span><\/span>\n\t<\/p>\n\t<p class=\"wpcf7-inline-field wpcf7-inline-field-btn\">\n\t<\/p>\n<\/div><p style=\"display: none !important;\" class=\"akismet-fields-container\" data-prefix=\"_wpcf7_ak_\"><label>&#916;<textarea name=\"_wpcf7_ak_hp_textarea\" cols=\"45\" rows=\"8\" maxlength=\"100\"><\/textarea><\/label><input type=\"hidden\" id=\"ak_js_1\" name=\"_wpcf7_ak_js\" value=\"86\"\/><script>document.getElementById( \"ak_js_1\" ).setAttribute( \"value\", ( new Date() ).getTime() );<\/script><\/p><input type='hidden' class='wpcf7-pum' value='{\"closepopup\":false,\"closedelay\":0,\"openpopup\":false,\"openpopup_id\":0}' \/><div class=\"wpcf7-response-output\" aria-hidden=\"true\"><\/div>\n<\/form>\n<\/div>\n[vc_empty_space empty_h=&#8221;3&#8243;][\/vc_column][\/vc_row]<\/p>\n<\/div>","protected":false},"excerpt":{"rendered":"<p>[vc_row unlock_row_content=&#8221;yes&#8221; row_height_percent=&#8221;0&#8243; overlay_alpha=&#8221;50&#8243; gutter_size=&#8221;3&#8243; column_width_percent=&#8221;100&#8243; shift_y=&#8221;0&#8243; z_index=&#8221;0&#8243; content_parallax=&#8221;0&#8243; uncode_shortcode_id=&#8221;290443&#8243; back_color_type=&#8221;uncode-solid&#8221; back_color_solid=&#8221;#7f2625&#8243; css=&#8221;.vc_custom_1763562755992{padding-top: 100px !important;}&#8221;][vc_column width=&#8221;1\/1&#8243;][vc_single_image media=&#8221;270848&#8243; media_width_percent=&#8221;100&#8243; uncode_shortcode_id=&#8221;668155&#8243;][\/vc_column][\/vc_row][vc_row unlock_row_content=&#8221;yes&#8221; [&hellip;]<\/p>\n","protected":false},"author":10,"featured_media":270429,"parent":0,"menu_order":32,"comment_status":"closed","ping_status":"closed","template":"","meta":{"_acf_changed":false,"footnotes":""},"class_list":["post-270195","page","type-page","status-publish","has-post-thumbnail","hentry"],"acf":[],"_links":{"self":[{"href":"https:\/\/poble-espanyol.com\/ca\/wp-json\/wp\/v2\/pages\/270195","targetHints":{"allow":["GET"]}}],"collection":[{"href":"https:\/\/poble-espanyol.com\/ca\/wp-json\/wp\/v2\/pages"}],"about":[{"href":"https:\/\/poble-espanyol.com\/ca\/wp-json\/wp\/v2\/types\/page"}],"author":[{"embeddable":true,"href":"https:\/\/poble-espanyol.com\/ca\/wp-json\/wp\/v2\/users\/10"}],"replies":[{"embeddable":true,"href":"https:\/\/poble-espanyol.com\/ca\/wp-json\/wp\/v2\/comments?post=270195"}],"version-history":[{"count":19,"href":"https:\/\/poble-espanyol.com\/ca\/wp-json\/wp\/v2\/pages\/270195\/revisions"}],"predecessor-version":[{"id":271060,"href":"https:\/\/poble-espanyol.com\/ca\/wp-json\/wp\/v2\/pages\/270195\/revisions\/271060"}],"wp:featuredmedia":[{"embeddable":true,"href":"https:\/\/poble-espanyol.com\/ca\/wp-json\/wp\/v2\/media\/270429"}],"wp:attachment":[{"href":"https:\/\/poble-espanyol.com\/ca\/wp-json\/wp\/v2\/media?parent=270195"}],"curies":[{"name":"wp","href":"https:\/\/api.w.org\/{rel}","templated":true}]}}