{"id":271160,"date":"2021-05-14T11:00:01","date_gmt":"2021-05-14T09:00:01","guid":{"rendered":"https:\/\/poble-espanyol.com\/?page_id=271160"},"modified":"2025-12-18T12:23:38","modified_gmt":"2025-12-18T10:23:38","slug":"treballa-amb-nosaltres","status":"publish","type":"page","link":"https:\/\/poble-espanyol.com\/ca\/treballa-amb-nosaltres\/","title":{"rendered":"Treballa amb nosaltres"},"content":{"rendered":"<div class=\"wpb-content-wrapper\"><p>[vc_row unlock_row_content=&#8221;yes&#8221; row_height_percent=&#8221;0&#8243; override_padding=&#8221;yes&#8221; h_padding=&#8221;0&#8243; top_padding=&#8221;0&#8243; bottom_padding=&#8221;0&#8243; overlay_alpha=&#8221;100&#8243; equal_height=&#8221;yes&#8221; gutter_size=&#8221;0&#8243; shift_y=&#8221;0&#8243;][vc_column column_width_percent=&#8221;100&#8243; position_horizontal=&#8221;left&#8221; gutter_size=&#8221;3&#8243; override_padding=&#8221;yes&#8221; column_padding=&#8221;5&#8243; overlay_alpha=&#8221;100&#8243; shift_x=&#8221;0&#8243; shift_y=&#8221;0&#8243; z_index=&#8221;0&#8243; medium_width=&#8221;0&#8243; zoom_width=&#8221;0&#8243; zoom_height=&#8221;0&#8243; width=&#8221;1\/2&#8243;][vc_custom_heading text_color=&#8221;color-107789&#8243; heading_semantic=&#8221;h3&#8243; text_size=&#8221;h3&#8243; sub_reduced=&#8221;yes&#8221; text_uppercase=&#8221;&#8221; uncode_shortcode_id=&#8221;163721&#8243; text_color_type=&#8221;uncode-palette&#8221;]TREBALLA AMB NOSALTRES[\/vc_custom_heading][vc_column_text uncode_shortcode_id=&#8221;712093&#8243;]<\/p>\n<div class=\"g\">\n<div data-hveid=\"CAgQAA\" data-ved=\"2ahUKEwii5eO7nOP0AhVBgv0HHb6dCeQQFSgAegQICBAA\">\n<div class=\"tF2Cxc\">\n<div class=\"IsZvec\">\n<div>Som una empresa del sector cultural i d\u2019esdeveniments en ple creixement, compromesa amb l\u2019excel\u00b7l\u00e8ncia, la professionalitat i el rigor en tots els projectes que desenvolupem.<\/div>\n<\/div>\n<\/div>\n<\/div>\n<\/div>\n<p>[\/vc_column_text][vc_column_text uncode_shortcode_id=&#8221;114218&#8243;]<\/p>\n<div class=\"g\">\n<div data-hveid=\"CAgQAA\" data-ved=\"2ahUKEwii5eO7nOP0AhVBgv0HHb6dCeQQFSgAegQICBAA\">\n<div class=\"tF2Cxc\">\n<div class=\"IsZvec\">\n<div class=\"VwiC3b yXK7lf MUxGbd yDYNvb lyLwlc lEBKkf\" style=\"text-align: left;\">Treballem amb passi\u00f3 per crear experi\u00e8ncies culturals de qualitat, cuidant cada detall i apostant per una gesti\u00f3 seriosa i responsable. Creiem fermament en el<strong> talent com a motor de creixement.<\/strong><\/div>\n<\/div>\n<\/div>\n<\/div>\n<\/div>\n<p>[\/vc_column_text][vc_column_text uncode_shortcode_id=&#8221;888316&#8243;]<\/p>\n<div class=\"g\">\n<div data-hveid=\"CAgQAA\" data-ved=\"2ahUKEwii5eO7nOP0AhVBgv0HHb6dCeQQFSgAegQICBAA\">\n<div class=\"tF2Cxc\">\n<div class=\"IsZvec\">\n<div class=\"VwiC3b yXK7lf MUxGbd yDYNvb lyLwlc lEBKkf\" style=\"text-align: left;\">Busquem persones implicades, proactives i amb ganes de formar part d\u2019un entorn din\u00e0mic, col\u00b7laboratiu i en constant evoluci\u00f3. Oferim l\u2019oportunitat de cr\u00e9ixer professionalment dins d\u2019un equip comprom\u00e8s, on es valora <strong>l\u2019esfor\u00e7, la iniciativa i el desenvolupament de les capacitats individuals.<\/strong><\/div>\n<\/div>\n<\/div>\n<\/div>\n<\/div>\n<p>[\/vc_column_text][vc_column_text uncode_shortcode_id=&#8221;166228&#8243;]<\/p>\n<div class=\"g\">\n<div data-hveid=\"CAgQAA\" data-ved=\"2ahUKEwii5eO7nOP0AhVBgv0HHb6dCeQQFSgAegQICBAA\">\n<div class=\"tF2Cxc\">\n<div class=\"IsZvec\">\n<div style=\"text-align: left;\">Si t\u2019apassiona el <strong>sector cultural i dels esdeveniments<\/strong> i vols formar part d\u2019un projecte amb futur, ens agradaria con\u00e8ixer el teu perfil.<\/div>\n<\/div>\n<\/div>\n<\/div>\n<\/div>\n<p>[\/vc_column_text][\/vc_column][vc_column column_width_percent=&#8221;100&#8243; gutter_size=&#8221;3&#8243; override_padding=&#8221;yes&#8221; column_padding=&#8221;5&#8243; back_color=&#8221;color-127369&#8243; overlay_alpha=&#8221;50&#8243; shift_x=&#8221;0&#8243; shift_y=&#8221;0&#8243; medium_width=&#8221;0&#8243; zoom_width=&#8221;0&#8243; zoom_height=&#8221;0&#8243; width=&#8221;1\/2&#8243;][vc_empty_space empty_h=&#8221;2&#8243;]\n<div class=\"wpcf7 no-js\" id=\"wpcf7-f271210-o1\" lang=\"es-ES\" dir=\"ltr\" data-wpcf7-id=\"271210\">\n<div class=\"screen-reader-response\"><p role=\"status\" aria-live=\"polite\" aria-atomic=\"true\"><\/p> <ul><\/ul><\/div>\n<form action=\"\/ca\/wp-json\/wp\/v2\/pages\/271160#wpcf7-f271210-o1\" method=\"post\" class=\"wpcf7-form init fea9a001fcf2 cmatic-conn cmatic-aud-0 cmatic-mapd0-0 cmatic-v0976 cmatic-sent-0 cmatic-total-1674\" aria-label=\"Formulario de contacto\" enctype=\"multipart\/form-data\" novalidate=\"novalidate\" data-status=\"init\">\n<fieldset class=\"hidden-fields-container\"><input type=\"hidden\" name=\"_wpcf7\" value=\"271210\" \/><input type=\"hidden\" name=\"_wpcf7_version\" value=\"6.1.5\" \/><input type=\"hidden\" name=\"_wpcf7_locale\" value=\"es_ES\" \/><input type=\"hidden\" name=\"_wpcf7_unit_tag\" value=\"wpcf7-f271210-o1\" \/><input type=\"hidden\" name=\"_wpcf7_container_post\" value=\"0\" \/><input type=\"hidden\" name=\"_wpcf7_posted_data_hash\" value=\"\" \/><input type=\"hidden\" name=\"_wpcf7dtx_version\" value=\"5.0.5\" \/><input type=\"hidden\" name=\"_wpcf7_recaptcha_response\" value=\"\" \/>\n<\/fieldset>\n<div class=\"wpcf7-inline-wrapper\">\n\t<p class=\"wpcf7-inline-field wpcf7-inline-field-text\"><span class=\"wpcf7-form-control-wrap\" data-name=\"your-name\"><input size=\"50\" maxlength=\"400\" class=\"wpcf7-form-control wpcf7-text wpcf7-validates-as-required\" aria-required=\"true\" aria-invalid=\"false\" placeholder=\"Nom complet *\" value=\"\" type=\"text\" name=\"your-name\" \/><\/span>\n\t<\/p>\n\t<p class=\"wpcf7-inline-field wpcf7-inline-field-text\"><span class=\"wpcf7-form-control-wrap\" data-name=\"your-phone\"><input size=\"50\" maxlength=\"400\" class=\"wpcf7-form-control wpcf7-text wpcf7-validates-as-required\" aria-required=\"true\" aria-invalid=\"false\" placeholder=\"Tel\u00e8fon *\" value=\"\" type=\"text\" name=\"your-phone\" \/><\/span>\n\t<\/p>\n<\/div>\n<div class=\"wpcf7-inline-wrapper\">\n\t<p class=\"wpcf7-inline-field wpcf7-inline-field-text\"><span class=\"wpcf7-form-control-wrap\" data-name=\"your-email\"><input size=\"50\" maxlength=\"400\" class=\"wpcf7-form-control wpcf7-email wpcf7-validates-as-required wpcf7-text wpcf7-validates-as-email\" aria-required=\"true\" aria-invalid=\"false\" placeholder=\"Correu electr\u00f2nic *\" value=\"\" type=\"email\" name=\"your-email\" \/><\/span>\n\t<\/p>\n\t<p class=\"wpcf7-inline-field wpcf7-inline-field-select\"><span class=\"wpcf7-form-control-wrap\" data-name=\"your-area\"><select class=\"wpcf7-form-control wpcf7-select wpcf7-validates-as-required\" aria-required=\"true\" aria-invalid=\"false\" name=\"your-area\"><option value=\"Atenci\u00f3 al Client\">Atenci\u00f3 al Client<\/option><option value=\"Comunicaci\u00f3\">Comunicaci\u00f3<\/option><option value=\"Project Management\">Project Management<\/option><option value=\"Producci\u00f3 d&#039;Esdeveniments\">Producci\u00f3 d&#039;Esdeveniments<\/option><option value=\"Animadors escolars\">Animadors escolars<\/option><option value=\"Administraci\u00f3\">Administraci\u00f3<\/option><option value=\"Seguretat\">Seguretat<\/option><option value=\"Comercial\">Comercial<\/option><option value=\"Manteniment industrial\">Manteniment industrial<\/option><\/select><\/span>\n\t<\/p>\n<\/div>\n<div class=\"wpcf7-inline-wrapper\">\n\t<p class=\"wpcf7-inline-field wpcf7-inline-field-textarea\"><span class=\"wpcf7-form-control-wrap\" data-name=\"your-message\"><textarea cols=\"40\" rows=\"10\" maxlength=\"2000\" class=\"wpcf7-form-control wpcf7-textarea wpcf7-validates-as-required\" aria-required=\"true\" aria-invalid=\"false\" placeholder=\"Motiu pel qual vols treballar amb nosaltres\" name=\"your-message\"><\/textarea><\/span>\n\t<\/p>\n<\/div>\n<div class=\"wpcf7-inline-wrapper\">\n\t<p class=\"wpcf7-inline-field wpcf7-inline-field-file\"><label for=\"your-cv\">Adjunta el teu CV *<\/label><span class=\"wpcf7-form-control-wrap\" data-name=\"your-cv\"><input size=\"40\" class=\"wpcf7-form-control wpcf7-file wpcf7-validates-as-required\" id=\"your-cv\" accept=\".pdf,.doc,.docx\" aria-required=\"true\" aria-invalid=\"false\" type=\"file\" name=\"your-cv\" \/><\/span>\n\t<\/p>\n<\/div>\n<div class=\"wpcf7-inline-wrapper\">\n\t<p><span class=\"wpcf7-form-control-wrap\" data-name=\"acceptance-247\"><span class=\"wpcf7-form-control wpcf7-acceptance optional\"><span class=\"wpcf7-list-item\"><label><input type=\"checkbox\" name=\"acceptance-247\" value=\"1\" aria-invalid=\"false\" \/><span class=\"wpcf7-list-item-label\"><span style=\"color:black;\">He llegit i accepto la <a href=\"\/politica-de-privacidad\" target=\"_blank\" style=\"color:black;\">Pol\u00edtica de privacitat<\/a><\/span><\/span><\/label><\/span><\/span><\/span><br \/>\n<input class=\"wpcf7-form-control wpcf7-submit has-spinner btn form-fluid btn-accent\" type=\"submit\" value=\"Enviar\" \/>\n\t<\/p>\n<\/div><p style=\"display: none !important;\" class=\"akismet-fields-container\" data-prefix=\"_wpcf7_ak_\"><label>&#916;<textarea name=\"_wpcf7_ak_hp_textarea\" cols=\"45\" rows=\"8\" maxlength=\"100\"><\/textarea><\/label><input type=\"hidden\" id=\"ak_js_1\" name=\"_wpcf7_ak_js\" value=\"108\"\/><script>document.getElementById( \"ak_js_1\" ).setAttribute( \"value\", ( new Date() ).getTime() );<\/script><\/p><input type='hidden' class='wpcf7-pum' value='{\"closepopup\":false,\"closedelay\":0,\"openpopup\":false,\"openpopup_id\":0}' \/><div class=\"wpcf7-response-output\" aria-hidden=\"true\"><\/div>\n<\/form>\n<\/div>\n[\/vc_column][\/vc_row][vc_row unlock_row_content=&#8221;yes&#8221; row_height_percent=&#8221;0&#8243; override_padding=&#8221;yes&#8221; h_padding=&#8221;0&#8243; top_padding=&#8221;0&#8243; bottom_padding=&#8221;0&#8243; overlay_alpha=&#8221;50&#8243; gutter_size=&#8221;3&#8243; column_width_percent=&#8221;100&#8243; shift_y=&#8221;0&#8243; z_index=&#8221;0&#8243; uncode_shortcode_id=&#8221;133601&#8243;][vc_column width=&#8221;1\/1&#8243;][uncode_block id=&#8221;90044&#8243; inside_column=&#8221;yes&#8221;][\/vc_column][\/vc_row]<\/p>\n<\/div>","protected":false},"excerpt":{"rendered":"<p>\u00bfNecesitas ponerte en contacto con nosotros? Estamos aqu\u00ed para ayudarte.<br \/>\nRellena nuestro formulario online para enviar un mensaje a nuestro equipo de atenci\u00f3n al cliente.<\/p>\n","protected":false},"author":10,"featured_media":271192,"parent":0,"menu_order":244,"comment_status":"closed","ping_status":"closed","template":"","meta":{"_acf_changed":false,"footnotes":""},"class_list":["post-271160","page","type-page","status-publish","has-post-thumbnail","hentry","page_category-poble-espanyol-ca"],"acf":[],"_links":{"self":[{"href":"https:\/\/poble-espanyol.com\/ca\/wp-json\/wp\/v2\/pages\/271160","targetHints":{"allow":["GET"]}}],"collection":[{"href":"https:\/\/poble-espanyol.com\/ca\/wp-json\/wp\/v2\/pages"}],"about":[{"href":"https:\/\/poble-espanyol.com\/ca\/wp-json\/wp\/v2\/types\/page"}],"author":[{"embeddable":true,"href":"https:\/\/poble-espanyol.com\/ca\/wp-json\/wp\/v2\/users\/10"}],"replies":[{"embeddable":true,"href":"https:\/\/poble-espanyol.com\/ca\/wp-json\/wp\/v2\/comments?post=271160"}],"version-history":[{"count":4,"href":"https:\/\/poble-espanyol.com\/ca\/wp-json\/wp\/v2\/pages\/271160\/revisions"}],"predecessor-version":[{"id":271215,"href":"https:\/\/poble-espanyol.com\/ca\/wp-json\/wp\/v2\/pages\/271160\/revisions\/271215"}],"wp:featuredmedia":[{"embeddable":true,"href":"https:\/\/poble-espanyol.com\/ca\/wp-json\/wp\/v2\/media\/271192"}],"wp:attachment":[{"href":"https:\/\/poble-espanyol.com\/ca\/wp-json\/wp\/v2\/media?parent=271160"}],"curies":[{"name":"wp","href":"https:\/\/api.w.org\/{rel}","templated":true}]}}