{"id":93386,"date":"2021-11-22T09:20:55","date_gmt":"2021-11-22T07:20:55","guid":{"rendered":"https:\/\/pe.efimatica.com\/exposicions\/"},"modified":"2022-03-28T16:45:15","modified_gmt":"2022-03-28T14:45:15","slug":"exposicions","status":"publish","type":"page","link":"https:\/\/poble-espanyol.com\/ca\/activitats\/exposicions\/","title":{"rendered":"Exposicions"},"content":{"rendered":"<div class=\"wpb-content-wrapper\"><p>[vc_row unlock_row_content=&#8221;yes&#8221; row_height_percent=&#8221;0&#8243; override_padding=&#8221;yes&#8221; h_padding=&#8221;2&#8243; top_padding=&#8221;2&#8243; bottom_padding=&#8221;2&#8243; overlay_alpha=&#8221;50&#8243; gutter_size=&#8221;2&#8243; column_width_percent=&#8221;100&#8243; shift_y=&#8221;0&#8243; z_index=&#8221;0&#8243; uncode_shortcode_id=&#8221;149841&#8243; el_class=&#8221;espaiTitulPrevi&#8221;][vc_column column_width_percent=&#8221;100&#8243; gutter_size=&#8221;3&#8243; overlay_alpha=&#8221;50&#8243; shift_x=&#8221;0&#8243; shift_y=&#8221;0&#8243; shift_y_down=&#8221;0&#8243; z_index=&#8221;0&#8243; medium_width=&#8221;0&#8243; mobile_width=&#8221;7&#8243; width=&#8221;1\/1&#8243; uncode_shortcode_id=&#8221;617312&#8243;][vc_custom_heading heading_semantic=&#8221;h4&#8243; text_font=&#8221;font-538551&#8243; text_size=&#8221;fontsize-847074&#8243; text_weight=&#8221;400&#8243; text_height=&#8221;fontheight-846199&#8243; text_space=&#8221;fontspace-861442&#8243; uncode_shortcode_id=&#8221;193866&#8243;]ART I CULTURA[\/vc_custom_heading][\/vc_column][\/vc_row][vc_row unlock_row_content=&#8221;yes&#8221; row_height_percent=&#8221;0&#8243; override_padding=&#8221;yes&#8221; h_padding=&#8221;2&#8243; top_padding=&#8221;0&#8243; bottom_padding=&#8221;3&#8243; overlay_alpha=&#8221;50&#8243; gutter_size=&#8221;2&#8243; column_width_percent=&#8221;100&#8243; shift_y=&#8221;0&#8243; z_index=&#8221;0&#8243; uncode_shortcode_id=&#8221;698056&#8243;][vc_column column_width_percent=&#8221;100&#8243; position_horizontal=&#8221;left&#8221; gutter_size=&#8221;3&#8243; overlay_alpha=&#8221;50&#8243; shift_x=&#8221;0&#8243; shift_y=&#8221;0&#8243; shift_y_down=&#8221;0&#8243; z_index=&#8221;0&#8243; medium_width=&#8221;2&#8243; mobile_width=&#8221;7&#8243; width=&#8221;1\/4&#8243;][vc_custom_heading text_color=&#8221;color-107789&#8243; text_font=&#8221;font-643449&#8243; text_size=&#8221;fontsize-495345&#8243; text_weight=&#8221;400&#8243; text_height=&#8221;fontheight-159127&#8243; uncode_shortcode_id=&#8221;116102&#8243; text_color_type=&#8221;uncode-palette&#8221;]ART CONTEMPORANI A BARCELONA&#8230; I MOLT M\u00c9S[\/vc_custom_heading][\/vc_column][vc_column column_width_percent=&#8221;100&#8243; position_horizontal=&#8221;left&#8221; gutter_size=&#8221;3&#8243; overlay_alpha=&#8221;50&#8243; shift_x=&#8221;0&#8243; shift_y=&#8221;0&#8243; shift_y_down=&#8221;0&#8243; z_index=&#8221;0&#8243; medium_width=&#8221;4&#8243; mobile_width=&#8221;7&#8243; width=&#8221;2\/4&#8243;][vc_custom_heading heading_semantic=&#8221;p&#8221; text_font=&#8221;font-875416&#8243; text_size=&#8221;fontsize-495345&#8243; text_weight=&#8221;400&#8243; text_height=&#8221;fontheight-206872&#8243; el_class=&#8221;tabletTipografia&#8221; uncode_shortcode_id=&#8221;161237&#8243;]El Poble acull un museu d&#8217;art contemporani, una interessant exposici\u00f3 permanent sobre l&#8217;origen i la construcci\u00f3 del recinte, una col\u00b7lecci\u00f3 d&#8217;escultures exposades en un espai natural i una impactant escultura que recrea un bosc. No et perdis aquest gran espai d&#8217;exposicions a Barcelona![\/vc_custom_heading][vc_column_text uncode_shortcode_id=&#8221;147765&#8243;]El Poble Espanyol, a m\u00e9s de ser un museu arquitect\u00f2nic en si mateix, promociona la difusi\u00f3 de l&#8217;art i la cultura a Barcelona a trav\u00e9s de diferents iniciatives art\u00edstiques. Per aix\u00f2, l&#8217;entrada al recinte inclou l&#8217;acc\u00e9s al Museu Fran Daurel d&#8217;art contemporani i tamb\u00e9 a altres espais expositius.[\/vc_column_text][vc_empty_space empty_h=&#8221;3&#8243; mobile_visibility=&#8221;yes&#8221;][vc_custom_heading heading_semantic=&#8221;h5&#8243; text_font=&#8221;font-875416&#8243; text_size=&#8221;fontsize-847074&#8243; text_weight=&#8221;400&#8243; text_height=&#8221;fontheight-209733&#8243; text_space=&#8221;fontspace-266081&#8243; el_class=&#8221;links&#8221; uncode_shortcode_id=&#8221;132659&#8243;]<a href=\"https:\/\/poble-espanyol.com\/ca\/el-poble\/\">El Poble avui<\/a><br \/>\n<a href=\"https:\/\/poble-espanyol.com\/ca\/el-poble\/la-historia\/\">La hist\u00f2ria del recinte<\/a>[\/vc_custom_heading][\/vc_column][vc_column column_width_percent=&#8221;100&#8243; align_horizontal=&#8221;align_right&#8221; gutter_size=&#8221;0&#8243; override_padding=&#8221;yes&#8221; column_padding=&#8221;0&#8243; expand_height=&#8221;yes&#8221; overlay_alpha=&#8221;50&#8243; shift_x=&#8221;0&#8243; shift_y=&#8221;0&#8243; shift_y_down=&#8221;0&#8243; z_index=&#8221;0&#8243; medium_width=&#8221;2&#8243; mobile_width=&#8221;7&#8243; width=&#8221;1\/4&#8243;][vc_single_image media=&#8221;110749&#8243; media_width_percent=&#8221;100&#8243; media_ratio=&#8221;one-one&#8221; advanced=&#8221;yes&#8221; media_overlay_opacity=&#8221;1&#8243; media_overlay_anim=&#8221;no&#8221; media_text_anim=&#8221;no&#8221; media_image_anim=&#8221;no&#8221; media_padding=&#8221;5&#8243; el_class=&#8221;arc-radius&#8221; uncode_shortcode_id=&#8221;720036&#8243;][\/vc_column][\/vc_row][vc_row unlock_row_content=&#8221;yes&#8221; row_height_percent=&#8221;0&#8243; override_padding=&#8221;yes&#8221; h_padding=&#8221;2&#8243; top_padding=&#8221;0&#8243; bottom_padding=&#8221;0&#8243; overlay_alpha=&#8221;50&#8243; gutter_size=&#8221;2&#8243; column_width_percent=&#8221;100&#8243; shift_y=&#8221;0&#8243; z_index=&#8221;0&#8243; mobile_visibility=&#8221;yes&#8221;][vc_column column_width_percent=&#8221;100&#8243; gutter_size=&#8221;3&#8243; overlay_alpha=&#8221;50&#8243; shift_x=&#8221;0&#8243; shift_y=&#8221;0&#8243; shift_y_down=&#8221;0&#8243; z_index=&#8221;0&#8243; medium_width=&#8221;0&#8243; mobile_width=&#8221;0&#8243; width=&#8221;1\/1&#8243;][vc_separator sep_color=&#8221;color-770920&#8243;][\/vc_column][\/vc_row][vc_row unlock_row_content=&#8221;yes&#8221; row_height_percent=&#8221;0&#8243; override_padding=&#8221;yes&#8221; h_padding=&#8221;2&#8243; top_padding=&#8221;2&#8243; bottom_padding=&#8221;2&#8243; overlay_alpha=&#8221;50&#8243; gutter_size=&#8221;3&#8243; column_width_percent=&#8221;100&#8243; shift_y=&#8221;0&#8243; z_index=&#8221;0&#8243; uncode_shortcode_id=&#8221;690773&#8243; el_class=&#8221;etRecomanem&#8221;][vc_column column_width_percent=&#8221;100&#8243; gutter_size=&#8221;3&#8243; overlay_alpha=&#8221;50&#8243; shift_x=&#8221;0&#8243; shift_y=&#8221;0&#8243; shift_y_down=&#8221;0&#8243; z_index=&#8221;0&#8243; medium_width=&#8221;2&#8243; mobile_width=&#8221;7&#8243; width=&#8221;1\/4&#8243; uncode_shortcode_id=&#8221;162982&#8243;][vc_custom_heading text_color=&#8221;color-107789&#8243; text_font=&#8221;font-643449&#8243; text_size=&#8221;fontsize-495345&#8243; text_weight=&#8221;400&#8243; text_height=&#8221;fontheight-159127&#8243; uncode_shortcode_id=&#8221;848813&#8243; text_color_type=&#8221;uncode-palette&#8221;]EXPOSICI\u00d3 DESTACADA[\/vc_custom_heading][\/vc_column][vc_column column_width_percent=&#8221;100&#8243; gutter_size=&#8221;3&#8243; override_padding=&#8221;yes&#8221; column_padding=&#8221;0&#8243; overlay_alpha=&#8221;50&#8243; shift_x=&#8221;0&#8243; shift_y=&#8221;0&#8243; shift_y_down=&#8221;0&#8243; z_index=&#8221;0&#8243; medium_width=&#8221;6&#8243; mobile_width=&#8221;0&#8243; width=&#8221;3\/4&#8243; el_class=&#8221;radiusImage&#8221; uncode_shortcode_id=&#8221;264809&#8243;][uncode_index el_id=&#8221;index-127984&#8243; loop=&#8221;size:1|order_by:date|order:DESC|post_type:exposicio|taxonomy_count:10&#8243; style_preset=&#8221;metro&#8221; gutter_size=&#8221;3&#8243; post_items=&#8221;media|featured|onpost|original,title,date,text|excerpt,link|default|default_size|M\u00e9s informaci\u00f3&#8221; exposicio_items=&#8221;data_destacada,media|featured|onpost|original,type,title,dates_disponibles,preu_destacat,text_introductori,link|link|small_size|M\u00e9s informaci\u00f3,url_comprar_entrades&#8221; activitat_items=&#8221;data_destacada,media|featured|onpost|original,type,title,preu_destacat,text_introductori,link|link|small_size|M\u00e9s informaci\u00f3,url_comprar_entrades&#8221; screen_lg=&#8221;1000&#8243; screen_md=&#8221;600&#8243; screen_sm=&#8221;480&#8243; single_text=&#8221;lateral&#8221; single_width=&#8221;12&#8243; single_image_position=&#8221;right&#8221; single_image_size=&#8221;6&#8243; single_overlay_opacity=&#8221;1&#8243; single_overlay_anim=&#8221;no&#8221; single_text_visible=&#8221;yes&#8221; single_text_anim=&#8221;no&#8221; single_image_anim=&#8221;no&#8221; single_padding=&#8221;2&#8243; single_title_family=&#8221;font-875416&#8243; single_title_dimension=&#8221;fontsize-495345&#8243; single_title_weight=&#8221;400&#8243; single_title_height=&#8221;fontheight-206872&#8243; single_border=&#8221;yes&#8221; el_class=&#8221;linksPost&#8221; uncode_shortcode_id=&#8221;123114&#8243;][\/vc_column][\/vc_row][vc_row unlock_row_content=&#8221;yes&#8221; row_height_percent=&#8221;0&#8243; override_padding=&#8221;yes&#8221; h_padding=&#8221;2&#8243; top_padding=&#8221;1&#8243; bottom_padding=&#8221;2&#8243; overlay_alpha=&#8221;50&#8243; gutter_size=&#8221;2&#8243; column_width_percent=&#8221;100&#8243; shift_y=&#8221;0&#8243; z_index=&#8221;0&#8243; uncode_shortcode_id=&#8221;508836&#8243;][vc_column column_width_percent=&#8221;100&#8243; gutter_size=&#8221;3&#8243; overlay_alpha=&#8221;50&#8243; shift_x=&#8221;0&#8243; shift_y=&#8221;0&#8243; shift_y_down=&#8221;0&#8243; z_index=&#8221;0&#8243; medium_width=&#8221;0&#8243; mobile_width=&#8221;0&#8243; width=&#8221;1\/1&#8243;][vc_separator sep_color=&#8221;color-770920&#8243;][\/vc_column][\/vc_row][vc_row unlock_row_content=&#8221;yes&#8221; row_height_percent=&#8221;0&#8243; override_padding=&#8221;yes&#8221; h_padding=&#8221;2&#8243; top_padding=&#8221;0&#8243; bottom_padding=&#8221;3&#8243; overlay_alpha=&#8221;50&#8243; gutter_size=&#8221;3&#8243; column_width_percent=&#8221;100&#8243; shift_y=&#8221;0&#8243; z_index=&#8221;0&#8243; el_class=&#8221;arrowsPosts espaiTitulPrevi&#8221; uncode_shortcode_id=&#8221;208276&#8243;][vc_column column_width_percent=&#8221;100&#8243; position_horizontal=&#8221;left&#8221; gutter_size=&#8221;3&#8243; expand_height=&#8221;yes&#8221; overlay_alpha=&#8221;50&#8243; shift_x=&#8221;0&#8243; shift_y=&#8221;0&#8243; shift_y_down=&#8221;0&#8243; z_index=&#8221;0&#8243; medium_width=&#8221;2&#8243; mobile_width=&#8221;7&#8243; width=&#8221;1\/4&#8243;][vc_custom_heading heading_semantic=&#8221;h4&#8243; text_font=&#8221;font-538551&#8243; text_size=&#8221;fontsize-847074&#8243; text_weight=&#8221;400&#8243; text_height=&#8221;fontheight-846199&#8243; text_space=&#8221;fontspace-861442&#8243; uncode_shortcode_id=&#8221;197968&#8243;]NO T&#8217;HO PERDIS[\/vc_custom_heading][vc_custom_heading text_color=&#8221;color-107789&#8243; text_font=&#8221;font-643449&#8243; text_size=&#8221;fontsize-495345&#8243; text_weight=&#8221;400&#8243; text_height=&#8221;fontheight-159127&#8243; uncode_shortcode_id=&#8221;151698&#8243; text_color_type=&#8221;uncode-palette&#8221;]TOTES LES EXPOSICIONS DEL POBLE[\/vc_custom_heading][vc_row_inner row_inner_height_percent=&#8221;0&#8243; overlay_alpha=&#8221;50&#8243; equal_height=&#8221;yes&#8221; gutter_size=&#8221;0&#8243; shift_y=&#8221;0&#8243; z_index=&#8221;0&#8243; mobile_visibility=&#8221;yes&#8221;][vc_column_inner column_width_percent=&#8221;100&#8243; gutter_size=&#8221;3&#8243; overlay_alpha=&#8221;50&#8243; shift_x=&#8221;0&#8243; shift_y=&#8221;0&#8243; shift_y_down=&#8221;0&#8243; z_index=&#8221;0&#8243; medium_width=&#8221;0&#8243; mobile_width=&#8221;0&#8243; width=&#8221;1\/1&#8243;][vc_raw_html]JTNDZGl2JTIwaWQlM0QlMjJwcmV2LWFnZW5kYS0zJTIyJTIwY2xhc3MlM0QlMjJteS1jb250cm9scy1idG5zJTIyJTNFJTBBJTA5JTNDc3ZnJTIwd2lkdGglM0QlMjIxMyUyMiUyMGhlaWdodCUzRCUyMjI0JTIyJTIwdmlld0JveCUzRCUyMjAlMjAwJTIwMTMlMjAyNCUyMiUyMGZpbGwlM0QlMjJub25lJTIyJTIweG1sbnMlM0QlMjJodHRwJTNBJTJGJTJGd3d3LnczLm9yZyUyRjIwMDAlMkZzdmclMjIlM0UlMEElMDklMDklM0NwYXRoJTIwZCUzRCUyMk0xMiUyMDFMMSUyMDEyTDEyJTIwMjMlMjIlMjBzdHJva2UtbGluZWNhcCUzRCUyMnJvdW5kJTIyJTIwc3Ryb2tlLWxpbmVqb2luJTNEJTIycm91bmQlMjIlMkYlM0UlMEElMDklM0MlMkZzdmclM0UlMEElM0MlMkZkaXYlM0UlMEElMEElM0NkaXYlMjBpZCUzRCUyMm5leHQtYWdlbmRhLTMlMjIlMjBjbGFzcyUzRCUyMm15LWNvbnRyb2xzLWJ0bnMlMjIlM0UlMEElMDklM0NzdmclMjB3aWR0aCUzRCUyMjEzJTIyJTIwaGVpZ2h0JTNEJTIyMjQlMjIlMjB2aWV3Qm94JTNEJTIyMCUyMDAlMjAxMyUyMDI0JTIyJTIwZmlsbCUzRCUyMm5vbmUlMjIlMjB4bWxucyUzRCUyMmh0dHAlM0ElMkYlMkZ3d3cudzMub3JnJTJGMjAwMCUyRnN2ZyUyMiUzRSUwQSUwOSUwOSUzQ3BhdGglMjBkJTNEJTIyTTElMjAyM0wxMiUyMDEyTDElMjAwLjk5OTk5OCUyMiUyMHN0cm9rZS1saW5lY2FwJTNEJTIycm91bmQlMjIlMjBzdHJva2UtbGluZWpvaW4lM0QlMjJyb3VuZCUyMiUyRiUzRSUwQSUwOSUzQyUyRnN2ZyUzRSUwQSUzQyUyRmRpdiUzRQ==[\/vc_raw_html][\/vc_column_inner][\/vc_row_inner][\/vc_column][vc_column column_width_percent=&#8221;100&#8243; gutter_size=&#8221;3&#8243; overlay_alpha=&#8221;50&#8243; shift_x=&#8221;0&#8243; shift_y=&#8221;0&#8243; shift_y_down=&#8221;0&#8243; z_index=&#8221;0&#8243; medium_width=&#8221;6&#8243; mobile_width=&#8221;7&#8243; width=&#8221;3\/4&#8243; el_class=&#8221;postsDinamics BorderGris borderNone&#8221; uncode_shortcode_id=&#8221;340448&#8243;][uncode_index el_id=&#8221;index-187894&#8243; index_type=&#8221;carousel&#8221; loop=&#8221;size:10|order_by:date|order:DESC|post_type:exposicio|taxonomy_count:10&#8243; carousel_lg=&#8221;4&#8243; carousel_md=&#8221;2&#8243; carousel_sm=&#8221;1&#8243; gutter_size=&#8221;0&#8243; exposicio_items=&#8221;media|featured|onpost|original,title,dates_disponibles,preu_destacat,text_introductori,link|link|default_size|M\u00e9s informaci\u00f3,url_comprar_entrades&#8221; activitat_items=&#8221;data_destacada,media|featured|onpost|original,category|nobg|relative|display-icon,title,text_introductori,link|link|default_size|M\u00e9s informaci\u00f3,url_comprar_entrades&#8221; taller_items=&#8221;media|featured|onpost|original,title,text_introductori,link|link|default_size|M\u00e9s informaci\u00f3,url_comprar_entrades&#8221; carousel_interval=&#8221;10000&#8243; carousel_navspeed=&#8221;400&#8243; carousel_loop=&#8221;yes&#8221; carousel_dots_mobile=&#8221;yes&#8221; stage_padding=&#8221;0&#8243; single_overlay_opacity=&#8221;50&#8243; single_overlay_anim=&#8221;no&#8221; single_text_visible=&#8221;yes&#8221; single_text_anim=&#8221;no&#8221; single_image_anim=&#8221;no&#8221; single_padding=&#8221;2&#8243; single_text_reduced=&#8221;yes&#8221; single_title_family=&#8221;font-875416&#8243; single_title_dimension=&#8221;fontsize-495345&#8243; single_title_weight=&#8221;400&#8243; single_title_height=&#8221;fontheight-206872&#8243; single_border=&#8221;yes&#8221; el_class=&#8221;linksPost blocColumnesImatge&#8221; uncode_shortcode_id=&#8221;157347&#8243; offset=&#8221;1&#8243;][\/vc_column][\/vc_row][vc_row unlock_row_content=&#8221;yes&#8221; row_height_percent=&#8221;0&#8243; override_padding=&#8221;yes&#8221; h_padding=&#8221;2&#8243; top_padding=&#8221;0&#8243; bottom_padding=&#8221;6&#8243; overlay_alpha=&#8221;50&#8243; equal_height=&#8221;yes&#8221; gutter_size=&#8221;0&#8243; column_width_percent=&#8221;100&#8243; shift_y=&#8221;0&#8243; z_index=&#8221;0&#8243; medium_visibility=&#8221;yes&#8221; mobile_visibility=&#8221;yes&#8221; el_class=&#8221;botonsLateralsArrodonits&#8221; uncode_shortcode_id=&#8221;182403&#8243;][vc_column column_width_percent=&#8221;100&#8243; gutter_size=&#8221;3&#8243; style=&#8221;dark&#8221; back_color=&#8221;color-918411&#8243; overlay_color=&#8221;color-391721&#8243; overlay_alpha=&#8221;100&#8243; shift_x=&#8221;0&#8243; shift_y=&#8221;0&#8243; shift_y_down=&#8221;0&#8243; z_index=&#8221;0&#8243; medium_width=&#8221;2&#8243; mobile_width=&#8221;0&#8243; width=&#8221;1\/4&#8243;][vc_button size=&#8221;link&#8221; btn_link_size=&#8221;fontsize-847074&#8243; custom_typo=&#8221;yes&#8221; font_family=&#8221;font-538551&#8243; font_weight=&#8221;400&#8243; letter_spacing=&#8221;fontspace-861442&#8243; icon_position=&#8221;right&#8221; icon=&#8221;fa fa-arrow-forward&#8221; el_class=&#8221;linkWhite&#8221; link=&#8221;url:https%3A%2F%2Fpoble-espanyol.com%2Fca%2Fel-poble%2F&#8221; uncode_shortcode_id=&#8221;206257&#8243;]<\/p>\n<h3>DESCOBREIX TOTS ELS RACONS DEL POBLE<\/h3>\n<p>[\/vc_button][\/vc_column][vc_column column_width_percent=&#8221;100&#8243; gutter_size=&#8221;3&#8243; style=&#8221;dark&#8221; back_color=&#8221;color-892698&#8243; overlay_color=&#8221;color-918411&#8243; overlay_alpha=&#8221;100&#8243; shift_x=&#8221;0&#8243; shift_y=&#8221;0&#8243; shift_y_down=&#8221;0&#8243; z_index=&#8221;0&#8243; medium_width=&#8221;2&#8243; mobile_width=&#8221;0&#8243; width=&#8221;1\/4&#8243;][vc_button size=&#8221;link&#8221; btn_link_size=&#8221;fontsize-847074&#8243; custom_typo=&#8221;yes&#8221; font_family=&#8221;font-538551&#8243; font_weight=&#8221;400&#8243; letter_spacing=&#8221;fontspace-861442&#8243; icon_position=&#8221;right&#8221; icon=&#8221;fa fa-arrow-forward&#8221; el_class=&#8221;linkWhite&#8221; link=&#8221;url:https%3A%2F%2Fpoble-espanyol.com%2Fca%2Fla-visita%2Fartesania%2F&#8221; uncode_shortcode_id=&#8221;119278&#8243;]<\/p>\n<h3>EL POBLE DE L&#8217;ARTESANIA&#8230; NO TE&#8217;L PERDIS!<\/h3>\n<p>[\/vc_button][\/vc_column][vc_column column_width_percent=&#8221;100&#8243; gutter_size=&#8221;3&#8243; style=&#8221;dark&#8221; back_color=&#8221;color-107789&#8243; overlay_color=&#8221;color-892698&#8243; overlay_alpha=&#8221;100&#8243; shift_x=&#8221;0&#8243; shift_y=&#8221;0&#8243; shift_y_down=&#8221;0&#8243; z_index=&#8221;0&#8243; medium_width=&#8221;2&#8243; mobile_width=&#8221;0&#8243; width=&#8221;1\/4&#8243;][vc_button size=&#8221;link&#8221; btn_link_size=&#8221;fontsize-847074&#8243; custom_typo=&#8221;yes&#8221; font_family=&#8221;font-538551&#8243; font_weight=&#8221;400&#8243; letter_spacing=&#8221;fontspace-861442&#8243; icon_position=&#8221;right&#8221; icon=&#8221;fa fa-arrow-forward&#8221; el_class=&#8221;linkWhite&#8221; link=&#8221;url:https%3A%2F%2Fpoble-espanyol.com%2Fca%2Factivitats%2F&#8221; uncode_shortcode_id=&#8221;198031&#8243;]<\/p>\n<h3>CONSULTA LA NOSTRA AGENDA D&#8217;ESDVENIMENTS<\/h3>\n<p>[\/vc_button][\/vc_column][vc_column column_width_percent=&#8221;100&#8243; gutter_size=&#8221;3&#8243; style=&#8221;dark&#8221; back_color=&#8221;color-147523&#8243; overlay_color=&#8221;color-107789&#8243; overlay_alpha=&#8221;100&#8243; shift_x=&#8221;0&#8243; shift_y=&#8221;0&#8243; shift_y_down=&#8221;0&#8243; z_index=&#8221;0&#8243; medium_width=&#8221;2&#8243; mobile_width=&#8221;0&#8243; width=&#8221;1\/4&#8243;][vc_button size=&#8221;link&#8221; btn_link_size=&#8221;fontsize-847074&#8243; custom_typo=&#8221;yes&#8221; font_family=&#8221;font-538551&#8243; font_weight=&#8221;400&#8243; letter_spacing=&#8221;fontspace-861442&#8243; icon_position=&#8221;right&#8221; icon=&#8221;fa fa-arrow-forward&#8221; el_class=&#8221;linkWhite&#8221; link=&#8221;url:https%3A%2F%2Fpoble-espanyol.com%2Fca%2Fla-visita%2F&#8221; uncode_shortcode_id=&#8221;139103&#8243;]<\/p>\n<h3>PLANIFICA LA TEVA VISITA I RESERVA L&#8217;ENTRADA<\/h3>\n<p>[\/vc_button][\/vc_column][\/vc_row][vc_row unlock_row_content=&#8221;yes&#8221; row_height_percent=&#8221;0&#8243; override_padding=&#8221;yes&#8221; h_padding=&#8221;2&#8243; top_padding=&#8221;1&#8243; bottom_padding=&#8221;5&#8243; overlay_alpha=&#8221;50&#8243; equal_height=&#8221;yes&#8221; gutter_size=&#8221;2&#8243; column_width_percent=&#8221;100&#8243; shift_y=&#8221;0&#8243; z_index=&#8221;0&#8243; desktop_visibility=&#8221;yes&#8221; el_class=&#8221;botonsLateralsArrodonits&#8221; uncode_shortcode_id=&#8221;559099&#8243;][vc_column column_width_percent=&#8221;100&#8243; gutter_size=&#8221;3&#8243; style=&#8221;dark&#8221; back_color=&#8221;color-147523&#8243; overlay_color=&#8221;color-391721&#8243; overlay_alpha=&#8221;100&#8243; shift_x=&#8221;0&#8243; shift_y=&#8221;0&#8243; shift_y_down=&#8221;0&#8243; z_index=&#8221;0&#8243; medium_width=&#8221;0&#8243; mobile_width=&#8221;0&#8243; width=&#8221;1\/4&#8243; uncode_shortcode_id=&#8221;887603&#8243; overlay_color_type=&#8221;uncode-palette&#8221; back_color_type=&#8221;uncode-palette&#8221;][vc_button size=&#8221;link&#8221; btn_link_size=&#8221;fontsize-847074&#8243; custom_typo=&#8221;yes&#8221; font_family=&#8221;font-875416&#8243; font_weight=&#8221;400&#8243; letter_spacing=&#8221;fontspace-861442&#8243; icon_position=&#8221;right&#8221; icon=&#8221;fa fa-arrow-forward&#8221; el_class=&#8221;linkWhite&#8221; link=&#8221;url:https%3A%2F%2Fpoble-espanyol.com%2Fca%2Fel-poble%2F&#8221; uncode_shortcode_id=&#8221;187506&#8243;]<\/p>\n<h3>DESCOBREIX TOTS ELS RACONS DEL POBLE<\/h3>\n<p>[\/vc_button][\/vc_column][vc_column column_width_percent=&#8221;100&#8243; gutter_size=&#8221;3&#8243; style=&#8221;dark&#8221; back_color=&#8221;color-147523&#8243; overlay_color=&#8221;color-918411&#8243; overlay_alpha=&#8221;100&#8243; shift_x=&#8221;0&#8243; shift_y=&#8221;0&#8243; shift_y_down=&#8221;0&#8243; z_index=&#8221;0&#8243; medium_width=&#8221;0&#8243; mobile_width=&#8221;0&#8243; width=&#8221;1\/4&#8243; uncode_shortcode_id=&#8221;125666&#8243; overlay_color_type=&#8221;uncode-palette&#8221; back_color_type=&#8221;uncode-palette&#8221;][vc_button size=&#8221;link&#8221; btn_link_size=&#8221;fontsize-847074&#8243; custom_typo=&#8221;yes&#8221; font_family=&#8221;font-875416&#8243; font_weight=&#8221;400&#8243; letter_spacing=&#8221;fontspace-861442&#8243; icon_position=&#8221;right&#8221; icon=&#8221;fa fa-arrow-forward&#8221; el_class=&#8221;linkWhite&#8221; link=&#8221;url:https%3A%2F%2Fpoble-espanyol.com%2Fca%2Fla-visita%2Fartesania%2F&#8221; uncode_shortcode_id=&#8221;651100&#8243;]<\/p>\n<h3>EL POBLE DE L&#8217;ARTESANIA&#8230; NO TE&#8217;L PERDIS!<\/h3>\n<p>[\/vc_button][\/vc_column][vc_column column_width_percent=&#8221;100&#8243; gutter_size=&#8221;3&#8243; style=&#8221;dark&#8221; back_color=&#8221;color-147523&#8243; overlay_color=&#8221;color-892698&#8243; overlay_alpha=&#8221;100&#8243; shift_x=&#8221;0&#8243; shift_y=&#8221;0&#8243; shift_y_down=&#8221;0&#8243; z_index=&#8221;0&#8243; medium_width=&#8221;0&#8243; mobile_width=&#8221;0&#8243; width=&#8221;1\/4&#8243;][vc_button size=&#8221;link&#8221; btn_link_size=&#8221;fontsize-847074&#8243; custom_typo=&#8221;yes&#8221; font_family=&#8221;font-875416&#8243; font_weight=&#8221;400&#8243; letter_spacing=&#8221;fontspace-861442&#8243; icon_position=&#8221;right&#8221; icon=&#8221;fa fa-arrow-forward&#8221; el_class=&#8221;linkWhite&#8221; link=&#8221;url:https%3A%2F%2Fpoble-espanyol.com%2Fca%2Factivitats%2F&#8221; uncode_shortcode_id=&#8221;853035&#8243;]<\/p>\n<h3>CONSULTA LA NOSTRA AGENDA D&#8217;ESDVENIMENTS<\/h3>\n<p>[\/vc_button][\/vc_column][vc_column column_width_percent=&#8221;100&#8243; gutter_size=&#8221;3&#8243; style=&#8221;dark&#8221; back_color=&#8221;color-147523&#8243; overlay_color=&#8221;color-107789&#8243; overlay_alpha=&#8221;100&#8243; shift_x=&#8221;0&#8243; shift_y=&#8221;0&#8243; shift_y_down=&#8221;0&#8243; z_index=&#8221;0&#8243; medium_width=&#8221;0&#8243; mobile_width=&#8221;0&#8243; width=&#8221;1\/4&#8243;][vc_button size=&#8221;link&#8221; btn_link_size=&#8221;fontsize-847074&#8243; custom_typo=&#8221;yes&#8221; font_family=&#8221;font-875416&#8243; font_weight=&#8221;400&#8243; letter_spacing=&#8221;fontspace-861442&#8243; icon_position=&#8221;right&#8221; icon=&#8221;fa fa-arrow-forward&#8221; el_class=&#8221;linkWhite&#8221; link=&#8221;url:https%3A%2F%2Fpoble-espanyol.com%2Fca%2Fla-visita%2F&#8221; uncode_shortcode_id=&#8221;158772&#8243;]<\/p>\n<h3>PLANIFICA LA TEVA VISITA I RESERVA L&#8217;ENTRADA<\/h3>\n<p>[\/vc_button][\/vc_column][\/vc_row][vc_row unlock_row_content=&#8221;yes&#8221; row_height_percent=&#8221;0&#8243; override_padding=&#8221;yes&#8221; h_padding=&#8221;0&#8243; top_padding=&#8221;0&#8243; bottom_padding=&#8221;0&#8243; back_color=&#8221;color-jevc&#8221; overlay_alpha=&#8221;50&#8243; gutter_size=&#8221;3&#8243; column_width_percent=&#8221;100&#8243; shift_y=&#8221;0&#8243; z_index=&#8221;0&#8243; uncode_shortcode_id=&#8221;806652&#8243; back_color_type=&#8221;uncode-palette&#8221;][vc_column width=&#8221;1\/1&#8243;][uncode_block id=&#8221;90044&#8243; inside_column=&#8221;yes&#8221;][\/vc_column][\/vc_row]<\/p>\n<\/div>","protected":false},"excerpt":{"rendered":"<p>El Poble Espanyol, a m\u00e9s de ser un museu arquitect\u00f2nic, promociona la difusi\u00f3 de l&#8217;art i la cultura amb diferents iniciatives art\u00edstiques. Per aix\u00f2 disposa de diversos espais d&#8217;exposici\u00f3 on es poden contemplar una gran varietat d&#8217;obres d&#8217;art contemporani.<\/p>\n","protected":false},"author":2,"featured_media":110754,"parent":105340,"menu_order":235,"comment_status":"closed","ping_status":"closed","template":"","meta":{"_acf_changed":false,"footnotes":""},"class_list":["post-93386","page","type-page","status-publish","has-post-thumbnail","hentry","page_category-poble-espanyol-ca"],"acf":[],"_links":{"self":[{"href":"https:\/\/poble-espanyol.com\/ca\/wp-json\/wp\/v2\/pages\/93386","targetHints":{"allow":["GET"]}}],"collection":[{"href":"https:\/\/poble-espanyol.com\/ca\/wp-json\/wp\/v2\/pages"}],"about":[{"href":"https:\/\/poble-espanyol.com\/ca\/wp-json\/wp\/v2\/types\/page"}],"author":[{"embeddable":true,"href":"https:\/\/poble-espanyol.com\/ca\/wp-json\/wp\/v2\/users\/2"}],"replies":[{"embeddable":true,"href":"https:\/\/poble-espanyol.com\/ca\/wp-json\/wp\/v2\/comments?post=93386"}],"version-history":[{"count":0,"href":"https:\/\/poble-espanyol.com\/ca\/wp-json\/wp\/v2\/pages\/93386\/revisions"}],"up":[{"embeddable":true,"href":"https:\/\/poble-espanyol.com\/ca\/wp-json\/wp\/v2\/pages\/105340"}],"wp:featuredmedia":[{"embeddable":true,"href":"https:\/\/poble-espanyol.com\/ca\/wp-json\/wp\/v2\/media\/110754"}],"wp:attachment":[{"href":"https:\/\/poble-espanyol.com\/ca\/wp-json\/wp\/v2\/media?parent=93386"}],"curies":[{"name":"wp","href":"https:\/\/api.w.org\/{rel}","templated":true}]}}