{"id":258889,"date":"2025-07-07T10:57:56","date_gmt":"2025-07-07T08:57:56","guid":{"rendered":"https:\/\/poble-espanyol.com\/der-besuch\/gastronomie\/"},"modified":"2026-04-10T11:44:37","modified_gmt":"2026-04-10T09:44:37","slug":"gastronomie","status":"publish","type":"page","link":"https:\/\/poble-espanyol.com\/de\/der-besuch\/gastronomie\/","title":{"rendered":"Gastronomie"},"content":{"rendered":"<div class=\"wpb-content-wrapper\"><p>[vc_row unlock_row_content=&#8220;yes&#8220; row_height_percent=&#8220;0&#8243; override_padding=&#8220;yes&#8220; h_padding=&#8220;2&#8243; top_padding=&#8220;2&#8243; bottom_padding=&#8220;2&#8243; overlay_alpha=&#8220;50&#8243; gutter_size=&#8220;2&#8243; column_width_percent=&#8220;100&#8243; shift_y=&#8220;0&#8243; z_index=&#8220;0&#8243; uncode_shortcode_id=&#8220;149841&#8243; el_class=&#8220;espaiTitulPrevi&#8220;][vc_column column_width_percent=&#8220;100&#8243; gutter_size=&#8220;3&#8243; overlay_alpha=&#8220;50&#8243; shift_x=&#8220;0&#8243; shift_y=&#8220;0&#8243; shift_y_down=&#8220;0&#8243; z_index=&#8220;0&#8243; medium_width=&#8220;0&#8243; mobile_width=&#8220;7&#8243; width=&#8220;1\/1&#8243; uncode_shortcode_id=&#8220;617312&#8243;][vc_custom_heading heading_semantic=&#8220;h4&#8243; text_font=&#8220;font-538551&#8243; text_size=&#8220;fontsize-847074&#8243; text_weight=&#8220;400&#8243; text_height=&#8220;fontheight-846199&#8243; text_space=&#8220;fontspace-861442&#8243; uncode_shortcode_id=&#8220;201397&#8243;]UNSERE RESTAURANTS[\/vc_custom_heading][\/vc_column][\/vc_row][vc_row unlock_row_content=&#8220;yes&#8220; row_height_percent=&#8220;0&#8243; override_padding=&#8220;yes&#8220; h_padding=&#8220;2&#8243; top_padding=&#8220;0&#8243; bottom_padding=&#8220;2&#8243; overlay_alpha=&#8220;50&#8243; gutter_size=&#8220;2&#8243; column_width_percent=&#8220;100&#8243; shift_y=&#8220;0&#8243; z_index=&#8220;0&#8243; uncode_shortcode_id=&#8220;145286&#8243;][vc_column column_width_percent=&#8220;100&#8243; position_horizontal=&#8220;left&#8220; gutter_size=&#8220;3&#8243; overlay_alpha=&#8220;50&#8243; shift_x=&#8220;0&#8243; shift_y=&#8220;0&#8243; shift_y_down=&#8220;0&#8243; z_index=&#8220;0&#8243; medium_width=&#8220;2&#8243; mobile_width=&#8220;7&#8243; width=&#8220;1\/4&#8243;][vc_custom_heading text_color=&#8220;color-107789&#8243; text_font=&#8220;font-643449&#8243; text_size=&#8220;fontsize-495345&#8243; text_weight=&#8220;400&#8243; text_height=&#8220;fontheight-159127&#8243; uncode_shortcode_id=&#8220;136380&#8243; text_color_type=&#8220;uncode-palette&#8220;]ENTDECKEN SIE DIE GASTRONOMIE SPANIENS[\/vc_custom_heading][\/vc_column][vc_column column_width_percent=&#8220;100&#8243; position_horizontal=&#8220;left&#8220; gutter_size=&#8220;3&#8243; overlay_alpha=&#8220;50&#8243; shift_x=&#8220;0&#8243; shift_y=&#8220;0&#8243; shift_y_down=&#8220;0&#8243; z_index=&#8220;0&#8243; medium_width=&#8220;4&#8243; mobile_width=&#8220;7&#8243; width=&#8220;2\/4&#8243;][vc_custom_heading heading_semantic=&#8220;p&#8220; text_font=&#8220;font-875416&#8243; text_size=&#8220;fontsize-495345&#8243; text_weight=&#8220;400&#8243; text_height=&#8220;fontheight-206872&#8243; el_class=&#8220;tabletTipografia&#8220; uncode_shortcode_id=&#8220;158937&#8243;]Genie\u00dfen Sie die Vielfalt der \u00fcber das gesamte Poble verteilten Restaurants mit ihrem angenehmen und gem\u00fctlichen Ambiente. Viele von ihnen verf\u00fcgen auch \u00fcber einen Gastgarten![\/vc_custom_heading][vc_custom_heading heading_semantic=&#8220;p&#8220; text_font=&#8220;font-875416&#8243; text_size=&#8220;fontsize-847074&#8243; text_weight=&#8220;400&#8243; text_height=&#8220;fontheight-846199&#8243; el_class=&#8220;tabletTipografia&#8220; uncode_shortcode_id=&#8220;124168&#8243;]Verkosten Sie die Tapas, Wurstwaren, Fleischspeisen, Weine und hausgemachten Gerichte unserer Kneipen und Restaurants im Poble Espanyol. Au\u00dferdem gibt es Eis zum Mitnehmen.[\/vc_custom_heading][vc_empty_space empty_h=&#8220;3&#8243; mobile_visibility=&#8220;yes&#8220;][vc_custom_heading heading_semantic=&#8220;h5&#8243; text_font=&#8220;font-875416&#8243; text_size=&#8220;fontsize-847074&#8243; text_weight=&#8220;400&#8243; text_height=&#8220;fontheight-209733&#8243; text_space=&#8220;fontspace-266081&#8243; el_class=&#8220;links&#8220; uncode_shortcode_id=&#8220;657708&#8243;]<a href=\"https:\/\/poble-espanyol.com\/de\/der-besuch\/\">Besuchen Sie das Poble Espanyol<\/a><br \/>\n<a href=\"https:\/\/poble-espanyol.com\/de\/das-poble\/einrichtungen-im-poble\/\">Unsere Lokale<\/a>[\/vc_custom_heading][\/vc_column][vc_column column_width_percent=&#8220;100&#8243; align_horizontal=&#8220;align_right&#8220; gutter_size=&#8220;0&#8243; override_padding=&#8220;yes&#8220; column_padding=&#8220;0&#8243; expand_height=&#8220;yes&#8220; overlay_alpha=&#8220;50&#8243; shift_x=&#8220;0&#8243; shift_y=&#8220;0&#8243; shift_y_down=&#8220;0&#8243; z_index=&#8220;0&#8243; medium_width=&#8220;2&#8243; mobile_width=&#8220;7&#8243; width=&#8220;1\/4&#8243;][vc_single_image media=&#8220;258894&#8243; media_width_percent=&#8220;100&#8243; media_ratio=&#8220;one-one&#8220; advanced=&#8220;yes&#8220; media_overlay_opacity=&#8220;1&#8243; media_overlay_anim=&#8220;no&#8220; media_text_anim=&#8220;no&#8220; media_image_anim=&#8220;no&#8220; media_padding=&#8220;5&#8243; el_class=&#8220;arc-radius&#8220; uncode_shortcode_id=&#8220;316730&#8243;][\/vc_column][\/vc_row][vc_row unlock_row_content=&#8220;yes&#8220; row_height_percent=&#8220;0&#8243; override_padding=&#8220;yes&#8220; h_padding=&#8220;2&#8243; top_padding=&#8220;1&#8243; bottom_padding=&#8220;0&#8243; overlay_alpha=&#8220;50&#8243; gutter_size=&#8220;2&#8243; column_width_percent=&#8220;100&#8243; shift_y=&#8220;0&#8243; z_index=&#8220;0&#8243; uncode_shortcode_id=&#8220;146353&#8243;][vc_column column_width_percent=&#8220;100&#8243; gutter_size=&#8220;3&#8243; overlay_alpha=&#8220;50&#8243; shift_x=&#8220;0&#8243; shift_y=&#8220;0&#8243; shift_y_down=&#8220;0&#8243; z_index=&#8220;0&#8243; medium_width=&#8220;0&#8243; mobile_width=&#8220;0&#8243; width=&#8220;1\/1&#8243;][vc_separator sep_color=&#8220;color-770920&#8243;][vc_empty_space empty_h=&#8220;2&#8243;][\/vc_column][\/vc_row][vc_row unlock_row_content=&#8220;yes&#8220; row_height_percent=&#8220;0&#8243; override_padding=&#8220;yes&#8220; h_padding=&#8220;2&#8243; top_padding=&#8220;0&#8243; bottom_padding=&#8220;2&#8243; overlay_alpha=&#8220;50&#8243; gutter_size=&#8220;2&#8243; column_width_percent=&#8220;100&#8243; shift_y=&#8220;0&#8243; z_index=&#8220;0&#8243; uncode_shortcode_id=&#8220;145286&#8243;][vc_column column_width_percent=&#8220;100&#8243; position_horizontal=&#8220;left&#8220; gutter_size=&#8220;3&#8243; overlay_alpha=&#8220;50&#8243; shift_x=&#8220;0&#8243; shift_y=&#8220;0&#8243; shift_y_down=&#8220;0&#8243; z_index=&#8220;0&#8243; medium_width=&#8220;2&#8243; mobile_width=&#8220;7&#8243; width=&#8220;1\/4&#8243;][vc_custom_heading heading_semantic=&#8220;h3&#8243; uncode_shortcode_id=&#8220;546873&#8243;]GASTRONOMISCHE AKTIVIT\u00c4TEN[\/vc_custom_heading][vc_custom_heading heading_semantic=&#8220;p&#8220; text_font=&#8220;font-875416&#8243; text_size=&#8220;fontsize-495345&#8243; text_weight=&#8220;400&#8243; text_height=&#8220;fontheight-206872&#8243; el_class=&#8220;tabletTipografia&#8220; uncode_shortcode_id=&#8220;842821&#8243;]Genie\u00dfen Sie die beste Gastronomie Barcelonas mit unseren Erlebnissen, die Lernen, Genuss und Kultur vereinen.[\/vc_custom_heading][\/vc_column][vc_column column_width_percent=&#8220;100&#8243; position_horizontal=&#8220;left&#8220; gutter_size=&#8220;3&#8243; overlay_alpha=&#8220;50&#8243; shift_x=&#8220;0&#8243; shift_y=&#8220;0&#8243; shift_y_down=&#8220;0&#8243; z_index=&#8220;0&#8243; medium_width=&#8220;4&#8243; mobile_width=&#8220;7&#8243; width=&#8220;2\/4&#8243;][vc_custom_heading text_color=&#8220;color-107789&#8243; text_font=&#8220;font-643449&#8243; text_size=&#8220;fontsize-495345&#8243; text_weight=&#8220;400&#8243; text_height=&#8220;fontheight-159127&#8243; uncode_shortcode_id=&#8220;691850&#8243; text_color_type=&#8220;uncode-palette&#8220;]GASTRONOMISCHE WORKSHOPS[\/vc_custom_heading][vc_custom_heading heading_semantic=&#8220;p&#8220; text_font=&#8220;font-875416&#8243; text_size=&#8220;fontsize-847074&#8243; text_weight=&#8220;400&#8243; text_height=&#8220;fontheight-846199&#8243; el_class=&#8220;tabletTipografia&#8220; uncode_shortcode_id=&#8220;200775&#8243;]Wenn Sie nach originellen Aktivit\u00e4ten in Barcelona suchen, sind unsere Workshops genau das Richtige, um die Essenz des Mittelmeers wie ein Einheimischer zu genie\u00dfen:[\/vc_custom_heading][uncode_list uncode_shortcode_id=&#8220;101255&#8243;]<\/p>\n<ul>\n<li><strong>Porr\u00f3n &amp; Co.:<\/strong> Wagen Sie sich an die Kunst des Trinkens aus dem Porr\u00f3n, einer Ikone der katalanischen Tischkultur. Lernen Sie die Technik, ohne zu kleckern, w\u00e4hrend Sie eine typische Tapa und ein Glas Wein genie\u00dfen.<\/li>\n<li><strong>Mach sie brava!:<\/strong> Entdecken Sie, wie man die authentische Salsa Brava zubereitet. In diesem Workshop lernen Sie das Geheimrezept kennen und probieren nat\u00fcrlich Ihre eigenen Kartoffeln zusammen mit einem k\u00fchlen Getr\u00e4nk.<\/li>\n<li><strong>Shake it, Sangria!:<\/strong> Lernen Sie, wie man die erfrischendste Sangria Barcelonas zubereitet. Wir zeigen Ihnen das ideale Mischverh\u00e4ltnis und die wichtigsten Zutaten f\u00fcr die perfekte Kombination mit dem klassischen Aperitif aus Oliven und Chips.<\/li>\n<\/ul>\n<p>[\/uncode_list][vc_empty_space empty_h=&#8220;3&#8243; mobile_visibility=&#8220;yes&#8220;][vc_button button_color=&#8220;color-883468&#8243; border_width=&#8220;0&#8243; link=&#8220;url:https%3A%2F%2Ftickets.poble-espanyol.com%2Fde%2F1500-gastronomieaktivitaten%2F10987-poble-espanyol-gastronomisches-erlebnis&#8220; button_color_type=&#8220;uncode-palette&#8220; uncode_shortcode_id=&#8220;502163&#8243;]Buchen Sie Ihren Workshop[\/vc_button][\/vc_column][vc_column column_width_percent=&#8220;100&#8243; align_horizontal=&#8220;align_right&#8220; gutter_size=&#8220;0&#8243; override_padding=&#8220;yes&#8220; column_padding=&#8220;0&#8243; expand_height=&#8220;yes&#8220; overlay_alpha=&#8220;50&#8243; shift_x=&#8220;0&#8243; shift_y=&#8220;0&#8243; shift_y_down=&#8220;0&#8243; z_index=&#8220;0&#8243; medium_width=&#8220;2&#8243; mobile_width=&#8220;7&#8243; width=&#8220;1\/4&#8243; uncode_shortcode_id=&#8220;206983&#8243;][vc_single_image media=&#8220;272803&#8243; media_width_percent=&#8220;100&#8243; media_ratio=&#8220;one-one&#8220; alignment=&#8220;right&#8220; advanced=&#8220;yes&#8220; media_overlay_opacity=&#8220;1&#8243; media_overlay_anim=&#8220;no&#8220; media_text_anim=&#8220;no&#8220; media_image_anim=&#8220;no&#8220; media_padding=&#8220;5&#8243; el_class=&#8220;arc-radius&#8220; uncode_shortcode_id=&#8220;108678&#8243;][vc_empty_space empty_h=&#8220;3&#8243; mobile_visibility=&#8220;yes&#8220;][\/vc_column][\/vc_row][vc_row unlock_row_content=&#8220;yes&#8220; row_height_percent=&#8220;0&#8243; override_padding=&#8220;yes&#8220; h_padding=&#8220;2&#8243; top_padding=&#8220;0&#8243; bottom_padding=&#8220;2&#8243; overlay_alpha=&#8220;50&#8243; gutter_size=&#8220;2&#8243; column_width_percent=&#8220;100&#8243; shift_y=&#8220;0&#8243; z_index=&#8220;0&#8243; uncode_shortcode_id=&#8220;145286&#8243;][vc_column column_width_percent=&#8220;100&#8243; position_horizontal=&#8220;left&#8220; gutter_size=&#8220;3&#8243; overlay_alpha=&#8220;50&#8243; shift_x=&#8220;0&#8243; shift_y=&#8220;0&#8243; shift_y_down=&#8220;0&#8243; z_index=&#8220;0&#8243; medium_width=&#8220;2&#8243; mobile_width=&#8220;7&#8243; width=&#8220;1\/4&#8243;][\/vc_column][vc_column column_width_percent=&#8220;100&#8243; position_horizontal=&#8220;left&#8220; gutter_size=&#8220;3&#8243; overlay_alpha=&#8220;50&#8243; shift_x=&#8220;0&#8243; shift_y=&#8220;0&#8243; shift_y_down=&#8220;0&#8243; z_index=&#8220;0&#8243; medium_width=&#8220;4&#8243; mobile_width=&#8220;7&#8243; width=&#8220;2\/4&#8243;][vc_custom_heading text_color=&#8220;color-107789&#8243; text_font=&#8220;font-643449&#8243; text_size=&#8220;fontsize-495345&#8243; text_weight=&#8220;400&#8243; text_height=&#8220;fontheight-159127&#8243; uncode_shortcode_id=&#8220;199116&#8243; text_color_type=&#8220;uncode-palette&#8220;]DIE VERMUT-STUNDE[\/vc_custom_heading][vc_custom_heading heading_semantic=&#8220;p&#8220; text_font=&#8220;font-875416&#8243; text_size=&#8220;fontsize-847074&#8243; text_weight=&#8220;400&#8243; text_height=&#8220;fontheight-846199&#8243; el_class=&#8220;tabletTipografia&#8220; uncode_shortcode_id=&#8220;812284&#8243;]Suchen Sie nach dem perfekten Plan f\u00fcr den sp\u00e4ten Vormittag oder vor dem Abendessen? Erg\u00e4nzen Sie Ihr allgemeines Ticket mit der \u201eVermut-Stunde\u201c und erleben Sie lokale Tradition in den Restaurants des Gel\u00e4ndes:[\/vc_custom_heading][uncode_list uncode_shortcode_id=&#8220;676917&#8243;]<\/p>\n<ul>\n<li><strong>\u00d6ffnungszeiten:<\/strong> Verf\u00fcgbar von 11:00 bis 13:00 Uhr.<\/li>\n<li><strong>Was ist enthalten?:<\/strong> Eine k\u00f6stliche Tapa begleitet von einem Glas Vermut, einem Erfrischungsgetr\u00e4nk oder einem Bier f\u00fcr die ideale Pause.<\/li>\n<li><strong>Flexibilit\u00e4t:<\/strong> Einl\u00f6sbar in verschiedenen Lokalen des Poble Espanyol, je nach Tag Ihres Besuchs.<\/li>\n<li><strong>Ihr kompletter Besuch:<\/strong> Das unverzichtbare gastronomische Highlight, um Ihren Tag im Poble perfekt abzurunden.<\/li>\n<\/ul>\n<p>[\/uncode_list][vc_empty_space empty_h=&#8220;3&#8243; mobile_visibility=&#8220;yes&#8220;][vc_button button_color=&#8220;color-883468&#8243; border_width=&#8220;0&#8243; link=&#8220;url:https%3A%2F%2Ftickets.poble-espanyol.com%2Fes%2F109-web-individual%2F315-poble-espanyol&#8220; button_color_type=&#8220;uncode-palette&#8220; uncode_shortcode_id=&#8220;781974&#8243;]Kaufen Sie Ihr Ticket[\/vc_button][\/vc_column][vc_column column_width_percent=&#8220;100&#8243; align_horizontal=&#8220;align_right&#8220; gutter_size=&#8220;0&#8243; override_padding=&#8220;yes&#8220; column_padding=&#8220;0&#8243; expand_height=&#8220;yes&#8220; overlay_alpha=&#8220;50&#8243; shift_x=&#8220;0&#8243; shift_y=&#8220;0&#8243; shift_y_down=&#8220;0&#8243; z_index=&#8220;0&#8243; medium_width=&#8220;2&#8243; mobile_width=&#8220;7&#8243; width=&#8220;1\/4&#8243; uncode_shortcode_id=&#8220;206983&#8243;][vc_single_image media=&#8220;273583&#8243; media_width_percent=&#8220;100&#8243; media_ratio=&#8220;one-one&#8220; alignment=&#8220;right&#8220; advanced=&#8220;yes&#8220; media_overlay_opacity=&#8220;1&#8243; media_overlay_anim=&#8220;no&#8220; media_text_anim=&#8220;no&#8220; media_image_anim=&#8220;no&#8220; media_padding=&#8220;5&#8243; el_class=&#8220;arc-radius&#8220; uncode_shortcode_id=&#8220;103026&#8243;][\/vc_column][\/vc_row][vc_row unlock_row_content=&#8220;yes&#8220; row_height_percent=&#8220;0&#8243; override_padding=&#8220;yes&#8220; h_padding=&#8220;2&#8243; top_padding=&#8220;1&#8243; bottom_padding=&#8220;0&#8243; overlay_alpha=&#8220;50&#8243; gutter_size=&#8220;2&#8243; column_width_percent=&#8220;100&#8243; shift_y=&#8220;0&#8243; z_index=&#8220;0&#8243; uncode_shortcode_id=&#8220;146353&#8243;][vc_column column_width_percent=&#8220;100&#8243; gutter_size=&#8220;3&#8243; overlay_alpha=&#8220;50&#8243; shift_x=&#8220;0&#8243; shift_y=&#8220;0&#8243; shift_y_down=&#8220;0&#8243; z_index=&#8220;0&#8243; medium_width=&#8220;0&#8243; mobile_width=&#8220;0&#8243; width=&#8220;1\/1&#8243;][vc_separator sep_color=&#8220;color-770920&#8243;][\/vc_column][\/vc_row][vc_row unlock_row_content=&#8220;yes&#8220; row_height_percent=&#8220;0&#8243; override_padding=&#8220;yes&#8220; h_padding=&#8220;2&#8243; top_padding=&#8220;2&#8243; bottom_padding=&#8220;2&#8243; overlay_alpha=&#8220;50&#8243; gutter_size=&#8220;2&#8243; column_width_percent=&#8220;100&#8243; shift_y=&#8220;0&#8243; z_index=&#8220;0&#8243; uncode_shortcode_id=&#8220;145154&#8243; el_class=&#8220;espaiTitulPrevi&#8220;][vc_column column_width_percent=&#8220;100&#8243; gutter_size=&#8220;3&#8243; overlay_alpha=&#8220;50&#8243; shift_x=&#8220;0&#8243; shift_y=&#8220;0&#8243; shift_y_down=&#8220;0&#8243; z_index=&#8220;0&#8243; medium_width=&#8220;0&#8243; mobile_width=&#8220;7&#8243; width=&#8220;1\/1&#8243; uncode_shortcode_id=&#8220;617312&#8243;][vc_custom_heading heading_semantic=&#8220;h4&#8243; text_font=&#8220;font-538551&#8243; text_size=&#8220;fontsize-847074&#8243; text_weight=&#8220;400&#8243; text_height=&#8220;fontheight-846199&#8243; text_space=&#8220;fontspace-861442&#8243; uncode_shortcode_id=&#8220;181466&#8243;]LASSEN SIE SICH DAS NICHT ENTGEHEN[\/vc_custom_heading][\/vc_column][\/vc_row][vc_row unlock_row_content=&#8220;yes&#8220; row_height_percent=&#8220;0&#8243; override_padding=&#8220;yes&#8220; h_padding=&#8220;2&#8243; top_padding=&#8220;0&#8243; bottom_padding=&#8220;0&#8243; overlay_alpha=&#8220;50&#8243; gutter_size=&#8220;2&#8243; column_width_percent=&#8220;100&#8243; shift_y=&#8220;0&#8243; z_index=&#8220;0&#8243; uncode_shortcode_id=&#8220;815521&#8243; el_class=&#8220;espaiTitulPrevi&#8220;][vc_column column_width_percent=&#8220;100&#8243; gutter_size=&#8220;3&#8243; overlay_alpha=&#8220;50&#8243; shift_x=&#8220;0&#8243; shift_y=&#8220;0&#8243; shift_y_down=&#8220;0&#8243; z_index=&#8220;0&#8243; medium_width=&#8220;0&#8243; mobile_width=&#8220;7&#8243; width=&#8220;1\/3&#8243; uncode_shortcode_id=&#8220;617312&#8243;][vc_custom_heading text_color=&#8220;color-107789&#8243; text_font=&#8220;font-643449&#8243; text_size=&#8220;fontsize-495345&#8243; text_weight=&#8220;400&#8243; text_height=&#8220;fontheight-159127&#8243; uncode_shortcode_id=&#8220;345486&#8243; text_color_type=&#8220;uncode-palette&#8220;]UNSERE RESTAURANTS[\/vc_custom_heading][\/vc_column][vc_column width=&#8220;1\/3&#8243;][\/vc_column][vc_column width=&#8220;1\/3&#8243;][\/vc_column][\/vc_row][vc_row][vc_column width=&#8220;1\/1&#8243;][uncode_block id=&#8220;89283&#8243;][\/vc_column][\/vc_row][vc_row unlock_row_content=&#8220;yes&#8220; row_height_percent=&#8220;0&#8243; override_padding=&#8220;yes&#8220; h_padding=&#8220;0&#8243; top_padding=&#8220;0&#8243; bottom_padding=&#8220;4&#8243; overlay_alpha=&#8220;50&#8243; gutter_size=&#8220;0&#8243; column_width_percent=&#8220;100&#8243; border_color=&#8220;color-192209&#8243; border_style=&#8220;solid&#8220; shift_y=&#8220;0&#8243; z_index=&#8220;0&#8243; el_class=&#8220;overflow-hidden&#8220; uncode_shortcode_id=&#8220;583216&#8243; css=&#8220;.vc_custom_1644933590284{margin-top: 0px !important;margin-bottom: 0px !important;border-top-width: 1px !important;border-bottom-width: 1px !important;padding-top: 0px !important;padding-right: 0px !important;padding-bottom: 0px !important;padding-left: 0px !important;}&#8220; border_color_type=&#8220;uncode-palette&#8220;][vc_column column_width_percent=&#8220;100&#8243; gutter_size=&#8220;0&#8243; override_padding=&#8220;yes&#8220; column_padding=&#8220;0&#8243; overlay_alpha=&#8220;50&#8243; shift_x=&#8220;0&#8243; shift_y=&#8220;0&#8243; shift_y_down=&#8220;0&#8243; z_index=&#8220;0&#8243; medium_width=&#8220;0&#8243; mobile_width=&#8220;0&#8243; width=&#8220;1\/1&#8243; uncode_shortcode_id=&#8220;919872&#8243; css=&#8220;.vc_custom_1633000115843{border-top-width: 0px !important;border-right-width: 0px !important;border-bottom-width: 0px !important;border-left-width: 0px !important;padding-top: 0px !important;padding-right: 0px !important;padding-bottom: 0px !important;padding-left: 0px !important;}&#8220;][vc_row_inner row_inner_height_percent=&#8220;0&#8243; overlay_alpha=&#8220;50&#8243; gutter_size=&#8220;0&#8243; shift_y=&#8220;0&#8243; z_index=&#8220;0&#8243; medium_visibility=&#8220;yes&#8220; uncode_shortcode_id=&#8220;140830&#8243; css=&#8220;.vc_custom_1633425578298{margin-top: 0px !important;margin-bottom: 0px !important;padding-top: 0px !important;padding-right: 0px !important;padding-bottom: 0px !important;padding-left: 0px !important;}&#8220;][vc_column_inner width=&#8220;1\/1&#8243;][uncode_index el_id=&#8220;index-49284911&#8243; index_type=&#8220;carousel&#8220; loop=&#8220;size:All|order_by:date|post_type:slide|tax_query:222|taxonomy_count:10&#8243; index_back_color=&#8220;color-127369&#8243; carousel_lg=&#8220;1&#8243; carousel_md=&#8220;1&#8243; carousel_sm=&#8220;1&#8243; thumb_size=&#8220;sixteen-nine&#8220; gutter_size=&#8220;0&#8243; post_items=&#8220;date,title,spacer_two|two,text|excerpt|300,link|link|default_size|M\u00e9s informaci\u00f3,media|featured|onpost|original&#8220; proces_artesa_items=&#8220;titol_previ,title,spacer_two|two,text|full,enllac_extern,media|featured|onpost|original&#8220; activitat_items=&#8220;date,spacer_two|two,title,media|featured|onpost|original&#8220; slide_items=&#8220;titol_previ,title,spacer_two|two,text|full,enllac_extern,media|featured|nolink|original&#8220; carousel_type=&#8220;fade&#8220; carousel_interval=&#8220;10000&#8243; carousel_navspeed=&#8220;1000&#8243; carousel_loop=&#8220;yes&#8220; carousel_nav=&#8220;yes&#8220; carousel_nav_mobile=&#8220;yes&#8220; carousel_dot_position=&#8220;left&#8220; carousel_width_percent=&#8220;100&#8243; stage_padding=&#8220;0&#8243; single_text=&#8220;lateral&#8220; single_image_position=&#8220;right&#8220; single_image_size=&#8220;9&#8243; single_overlay_opacity=&#8220;50&#8243; single_overlay_anim=&#8220;no&#8220; single_text_anim=&#8220;no&#8220; single_image_anim=&#8220;no&#8220; single_padding=&#8220;2&#8243; single_title_semantic=&#8220;div&#8220; single_title_dimension=&#8220;fontsize-495345&#8243; single_title_weight=&#8220;400&#8243; single_title_transform=&#8220;uppercase&#8220; single_title_height=&#8220;fontheight-206872&#8243; single_border=&#8220;yes&#8220; single_css_animation=&#8220;left-t-right&#8220; uncode_shortcode_id=&#8220;162121&#8243; el_class=&#8220;positionSliderModel2 noVisibleDesktopsPetits&#8220; index_back_color_type=&#8220;uncode-palette&#8220;][\/vc_column_inner][\/vc_row_inner][vc_row_inner row_inner_height_percent=&#8220;0&#8243; overlay_alpha=&#8220;50&#8243; gutter_size=&#8220;0&#8243; shift_y=&#8220;0&#8243; z_index=&#8220;0&#8243; mobile_visibility=&#8220;yes&#8220; uncode_shortcode_id=&#8220;186478&#8243; css=&#8220;.vc_custom_1633432881993{margin-top: 0px !important;margin-bottom: 0px !important;padding-top: 0px !important;padding-right: 0px !important;padding-bottom: 0px !important;padding-left: 0px !important;}&#8220;][vc_column_inner width=&#8220;1\/1&#8243;][uncode_index el_id=&#8220;index-492849222&#8243; index_type=&#8220;carousel&#8220; loop=&#8220;size:All|order_by:date|post_type:slide|tax_query:222|taxonomy_count:10&#8243; index_back_color=&#8220;color-127369&#8243; carousel_lg=&#8220;1&#8243; carousel_md=&#8220;1&#8243; carousel_sm=&#8220;1&#8243; thumb_size=&#8220;one-one&#8220; gutter_size=&#8220;0&#8243; post_items=&#8220;date,title,spacer_two|two,text|excerpt|300,link|link|default_size|M\u00e9s informaci\u00f3,media|featured|onpost|original&#8220; proces_artesa_items=&#8220;titol_previ,title,spacer_two|two,text|full,enllac_extern,media|featured|onpost|original&#8220; activitat_items=&#8220;date,spacer_two|two,title,media|featured|onpost|original&#8220; slide_items=&#8220;titol_previ,title,spacer_two|two,text|full,enllac_extern,media|featured|nolink|original&#8220; carousel_type=&#8220;fade&#8220; carousel_interval=&#8220;10000&#8243; carousel_navspeed=&#8220;1000&#8243; carousel_loop=&#8220;yes&#8220; carousel_nav=&#8220;yes&#8220; carousel_nav_mobile=&#8220;yes&#8220; carousel_dot_position=&#8220;left&#8220; carousel_width_percent=&#8220;100&#8243; stage_padding=&#8220;0&#8243; single_text=&#8220;lateral&#8220; single_image_position=&#8220;right&#8220; single_image_size=&#8220;6&#8243; single_overlay_opacity=&#8220;50&#8243; single_overlay_anim=&#8220;no&#8220; single_text_anim=&#8220;no&#8220; single_image_anim=&#8220;no&#8220; single_vertical_text=&#8220;bottom&#8220; single_padding=&#8220;2&#8243; single_title_semantic=&#8220;div&#8220; single_title_dimension=&#8220;fontsize-495345&#8243; single_title_weight=&#8220;400&#8243; single_title_transform=&#8220;uppercase&#8220; single_title_height=&#8220;fontheight-206872&#8243; single_border=&#8220;yes&#8220; single_css_animation=&#8220;left-t-right&#8220; uncode_shortcode_id=&#8220;111244&#8243; el_class=&#8220;positionSliderModel2 visibleDesktopsPetits&#8220; index_back_color_type=&#8220;uncode-palette&#8220;][\/vc_column_inner][\/vc_row_inner][\/vc_column][\/vc_row][vc_row unlock_row_content=&#8220;yes&#8220; row_height_percent=&#8220;0&#8243; override_padding=&#8220;yes&#8220; h_padding=&#8220;0&#8243; top_padding=&#8220;0&#8243; bottom_padding=&#8220;0&#8243; back_color=&#8220;color-127369&#8243; overlay_alpha=&#8220;50&#8243; gutter_size=&#8220;3&#8243; column_width_percent=&#8220;100&#8243; shift_y=&#8220;0&#8243; z_index=&#8220;0&#8243; uncode_shortcode_id=&#8220;198145&#8243; back_color_type=&#8220;uncode-palette&#8220;][vc_column width=&#8220;1\/1&#8243;][uncode_block id=&#8220;90044&#8243; inside_column=&#8220;yes&#8220;][\/vc_column][\/vc_row]<\/p>\n<\/div>","protected":false},"excerpt":{"rendered":"<p>Genie\u00dfen Sie die Vielfalt der \u00fcber das gesamte Poble verteilten Restaurants, die der vielf\u00e4ltigen Gastronomie unseres Landes entsprechen.<\/p>\n","protected":false},"author":2,"featured_media":272815,"parent":258812,"menu_order":188,"comment_status":"closed","ping_status":"closed","template":"","meta":{"_acf_changed":false,"footnotes":""},"class_list":["post-258889","page","type-page","status-publish","has-post-thumbnail","hentry","page_category-poble-espanyol-de"],"acf":[],"_links":{"self":[{"href":"https:\/\/poble-espanyol.com\/de\/wp-json\/wp\/v2\/pages\/258889","targetHints":{"allow":["GET"]}}],"collection":[{"href":"https:\/\/poble-espanyol.com\/de\/wp-json\/wp\/v2\/pages"}],"about":[{"href":"https:\/\/poble-espanyol.com\/de\/wp-json\/wp\/v2\/types\/page"}],"author":[{"embeddable":true,"href":"https:\/\/poble-espanyol.com\/de\/wp-json\/wp\/v2\/users\/2"}],"replies":[{"embeddable":true,"href":"https:\/\/poble-espanyol.com\/de\/wp-json\/wp\/v2\/comments?post=258889"}],"version-history":[{"count":5,"href":"https:\/\/poble-espanyol.com\/de\/wp-json\/wp\/v2\/pages\/258889\/revisions"}],"predecessor-version":[{"id":274980,"href":"https:\/\/poble-espanyol.com\/de\/wp-json\/wp\/v2\/pages\/258889\/revisions\/274980"}],"up":[{"embeddable":true,"href":"https:\/\/poble-espanyol.com\/de\/wp-json\/wp\/v2\/pages\/258812"}],"wp:featuredmedia":[{"embeddable":true,"href":"https:\/\/poble-espanyol.com\/de\/wp-json\/wp\/v2\/media\/272815"}],"wp:attachment":[{"href":"https:\/\/poble-espanyol.com\/de\/wp-json\/wp\/v2\/media?parent=258889"}],"curies":[{"name":"wp","href":"https:\/\/api.w.org\/{rel}","templated":true}]}}