{"id":258897,"date":"2025-07-07T11:01:54","date_gmt":"2025-07-07T09:01:54","guid":{"rendered":"https:\/\/poble-espanyol.com\/der-besuch\/kunsthandwerk\/"},"modified":"2026-03-03T18:49:33","modified_gmt":"2026-03-03T16:49:33","slug":"kunsthandwerk","status":"publish","type":"page","link":"https:\/\/poble-espanyol.com\/de\/der-besuch\/kunsthandwerk\/","title":{"rendered":"Kunsthandwerk"},"content":{"rendered":"<div class=\"wpb-content-wrapper\"><p>[vc_row unlock_row_content=&#8220;yes&#8220; row_height_percent=&#8220;0&#8243; override_padding=&#8220;yes&#8220; h_padding=&#8220;2&#8243; top_padding=&#8220;2&#8243; bottom_padding=&#8220;2&#8243; overlay_alpha=&#8220;50&#8243; gutter_size=&#8220;2&#8243; column_width_percent=&#8220;100&#8243; shift_y=&#8220;0&#8243; z_index=&#8220;0&#8243; uncode_shortcode_id=&#8220;149841&#8243; el_class=&#8220;espaiTitulPrevi&#8220;][vc_column column_width_percent=&#8220;100&#8243; gutter_size=&#8220;3&#8243; overlay_alpha=&#8220;50&#8243; shift_x=&#8220;0&#8243; shift_y=&#8220;0&#8243; shift_y_down=&#8220;0&#8243; z_index=&#8220;0&#8243; medium_width=&#8220;0&#8243; mobile_width=&#8220;7&#8243; width=&#8220;1\/1&#8243; uncode_shortcode_id=&#8220;617312&#8243;][vc_custom_heading heading_semantic=&#8220;h4&#8243; text_font=&#8220;font-538551&#8243; text_size=&#8220;fontsize-847074&#8243; text_weight=&#8220;400&#8243; text_height=&#8220;fontheight-846199&#8243; text_space=&#8220;fontspace-861442&#8243; uncode_shortcode_id=&#8220;180288&#8243;]KUNSTHANDWERK LIVE MITERLEBEN[\/vc_custom_heading][\/vc_column][\/vc_row][vc_row unlock_row_content=&#8220;yes&#8220; row_height_percent=&#8220;0&#8243; override_padding=&#8220;yes&#8220; h_padding=&#8220;2&#8243; top_padding=&#8220;0&#8243; bottom_padding=&#8220;3&#8243; overlay_alpha=&#8220;50&#8243; gutter_size=&#8220;2&#8243; column_width_percent=&#8220;100&#8243; shift_y=&#8220;0&#8243; z_index=&#8220;0&#8243; uncode_shortcode_id=&#8220;266403&#8243;][vc_column column_width_percent=&#8220;100&#8243; position_horizontal=&#8220;left&#8220; gutter_size=&#8220;3&#8243; overlay_alpha=&#8220;50&#8243; shift_x=&#8220;0&#8243; shift_y=&#8220;0&#8243; shift_y_down=&#8220;0&#8243; z_index=&#8220;0&#8243; medium_width=&#8220;2&#8243; mobile_width=&#8220;7&#8243; width=&#8220;1\/4&#8243;][vc_custom_heading text_color=&#8220;color-107789&#8243; text_font=&#8220;font-643449&#8243; text_size=&#8220;fontsize-495345&#8243; text_weight=&#8220;400&#8243; text_height=&#8220;fontheight-159127&#8243; uncode_shortcode_id=&#8220;132920&#8243; text_color_type=&#8220;uncode-palette&#8220;]EIN EINZIGARTIGES ZENTRUM F\u00dcR KUNSTHANDWERK IN BARCELONA[\/vc_custom_heading][\/vc_column][vc_column column_width_percent=&#8220;100&#8243; position_horizontal=&#8220;left&#8220; gutter_size=&#8220;3&#8243; overlay_alpha=&#8220;50&#8243; shift_x=&#8220;0&#8243; shift_y=&#8220;0&#8243; shift_y_down=&#8220;0&#8243; z_index=&#8220;0&#8243; medium_width=&#8220;4&#8243; mobile_width=&#8220;7&#8243; width=&#8220;2\/4&#8243;][vc_custom_heading heading_semantic=&#8220;p&#8220; text_font=&#8220;font-875416&#8243; text_size=&#8220;fontsize-495345&#8243; text_weight=&#8220;400&#8243; text_height=&#8220;fontheight-206872&#8243; el_class=&#8220;tabletTipografia&#8220; uncode_shortcode_id=&#8220;141218&#8243;]Das Poble Espanyol ist ein K\u00fcnstlerdorf, in dem Sie jeden Tag Kunsthandwerkern bei der Arbeit zusehen k\u00f6nnen. Experten verschiedener Fachgebiete und Generationen zeigen hier ihr handwerkliches Geschick und bieten die M\u00f6glichkeit der Teilnahme an kurzen Workshops, individuellen Workshops und Kursen.[\/vc_custom_heading][vc_empty_space empty_h=&#8220;3&#8243; mobile_visibility=&#8220;yes&#8220;][vc_custom_heading heading_semantic=&#8220;h5&#8243; text_font=&#8220;font-875416&#8243; text_size=&#8220;fontsize-847074&#8243; text_weight=&#8220;400&#8243; text_height=&#8220;fontheight-209733&#8243; text_space=&#8220;fontspace-266081&#8243; el_class=&#8220;links&#8220; uncode_shortcode_id=&#8220;653967&#8243;]<a href=\"https:\/\/poble-espanyol.com\/de\/dauer-workshops\/\">Dauer-Workshops<\/a><\/p>\n<p>Ausf\u00fchrlichere Informationen erhalten Sie unter der E-Mail-Adresse artesania@poble-espanyol.com[\/vc_custom_heading][\/vc_column][vc_column column_width_percent=&#8220;100&#8243; align_horizontal=&#8220;align_right&#8220; gutter_size=&#8220;0&#8243; override_padding=&#8220;yes&#8220; column_padding=&#8220;0&#8243; expand_height=&#8220;yes&#8220; overlay_alpha=&#8220;50&#8243; shift_x=&#8220;0&#8243; shift_y=&#8220;0&#8243; shift_y_down=&#8220;0&#8243; z_index=&#8220;0&#8243; medium_width=&#8220;2&#8243; mobile_width=&#8220;7&#8243; width=&#8220;1\/4&#8243;][vc_single_image media=&#8220;258899&#8243; media_width_percent=&#8220;100&#8243; media_ratio=&#8220;one-one&#8220; advanced=&#8220;yes&#8220; media_overlay_opacity=&#8220;1&#8243; media_overlay_anim=&#8220;no&#8220; media_text_anim=&#8220;no&#8220; media_image_anim=&#8220;no&#8220; media_padding=&#8220;5&#8243; el_class=&#8220;arc-radius&#8220; uncode_shortcode_id=&#8220;142985&#8243;][\/vc_column][\/vc_row][vc_row][vc_column width=&#8220;1\/1&#8243;][vc_custom_heading uncode_shortcode_id=&#8220;190597&#8243;]Informieren Sie sich \u00fcber die Workshops unserer Kunsthandwerker![\/vc_custom_heading][vc_single_image media=&#8220;258900&#8243; media_width_percent=&#8220;100&#8243; uncode_shortcode_id=&#8220;169474&#8243;][\/vc_column][\/vc_row][vc_row unlock_row_content=&#8220;yes&#8220; row_height_percent=&#8220;0&#8243; back_color=&#8220;color-739034&#8243; overlay_alpha=&#8220;50&#8243; gutter_size=&#8220;3&#8243; column_width_percent=&#8220;100&#8243; shift_y=&#8220;0&#8243; z_index=&#8220;0&#8243; auto_height_device=&#8220;yes&#8220; content_parallax=&#8220;0&#8243; uncode_shortcode_id=&#8220;192622&#8243; back_color_type=&#8220;uncode-palette&#8220;][vc_column width=&#8220;1\/4&#8243;][vc_empty_space empty_h=&#8220;2&#8243;][vc_custom_heading text_color=&#8220;color-107789&#8243; uncode_shortcode_id=&#8220;473463&#8243; text_color_type=&#8220;uncode-palette&#8220;]Gestalten Sie Ihr eigenes Souvenir[\/vc_custom_heading][vc_column_text uncode_shortcode_id=&#8220;116655&#8243;]<\/p>\n<p data-path-to-node=\"17\">Verleihen Sie Ihrer Fantasie Fl\u00fcgel bei einem kreativen Workshop: Malen, gestalten oder dekorieren Sie Ihr Souvenir unter Anleitung unserer erfahrenen Kunsthandwerker! Der Eintritt beinhaltet den Zugang zum Gel\u00e4nde und den Workshop, den Sie direkt vor Ort ausw\u00e4hlen k\u00f6nnen.<\/p>\n<p data-path-to-node=\"17\">Genie\u00dfen Sie ein einzigartiges Erlebnis!<\/p>\n<p>[\/vc_column_text][vc_button button_color=&#8220;color-883468&#8243; border_width=&#8220;0&#8243; link=&#8220;url:https%3A%2F%2Fbit.ly%2F46Cisac&#8220; button_color_type=&#8220;uncode-palette&#8220; uncode_shortcode_id=&#8220;768129&#8243;]Ticket kaufen[\/vc_button][\/vc_column][vc_column width=&#8220;3\/4&#8243;][uncode_slider][vc_row_inner][vc_column_inner width=&#8220;1\/3&#8243;][vc_custom_heading uncode_shortcode_id=&#8220;202749&#8243;]BEMALE EIN KERAMIKST\u00dcCK[\/vc_custom_heading][vc_single_image media=&#8220;273311&#8243; media_width_percent=&#8220;100&#8243; shape=&#8220;img-round&#8220; radius=&#8220;std&#8220; uncode_shortcode_id=&#8220;867843&#8243;][vc_column_text uncode_shortcode_id=&#8220;670089&#8243;]<strong>Gestalten Sie ein Unikat in der Werkstatt Cal Terrissaire.<\/strong> Bei dieser Aktivit\u00e4t arbeiten Sie mit einem bereits gebrannten, handgefertigten St\u00fcck aus wei\u00dfem Ton, das bereit zur Dekoration ist.<\/p>\n<p>Genie\u00dfen Sie eine entspannte Atmosph\u00e4re, w\u00e4hrend Sie entwerfen, mit Farben spielen und Ihr Andenken personalisieren.[\/vc_column_text][\/vc_column_inner][vc_column_inner width=&#8220;1\/3&#8243;][vc_custom_heading uncode_shortcode_id=&#8220;209916&#8243;]TRENCAD\u00cdS-MOSAIK[\/vc_custom_heading][vc_single_image media=&#8220;273342&#8243; media_width_percent=&#8220;100&#8243; shape=&#8220;img-round&#8220; radius=&#8220;std&#8220; uncode_shortcode_id=&#8220;107344&#8243;][vc_column_text uncode_shortcode_id=&#8220;229041&#8243;]Lernen Sie die symboltr\u00e4chtigste Technik des katalanischen Modernismus kennen. Im Vitraloi-Workshop k\u00f6nnen Sie eine flache Figur mit <strong><i data-path-to-node=\"20\" data-index-in-node=\"150\">Trencad\u00eds<\/i> <\/strong>dekorieren \u2013 der ber\u00fchmten Mosaikmethode aus farbigen Keramikfragmenten, die von Antoni Gaud\u00ed popul\u00e4r gemacht wurde.<\/p>\n<p>Eine praktische und visuelle Aktivit\u00e4t, um Ihrer Fantasie freien Lauf zu lassen.[\/vc_column_text][\/vc_column_inner][vc_column_inner width=&#8220;1\/3&#8243;][vc_custom_heading uncode_shortcode_id=&#8220;617756&#8243;]BEMALE EIN HOLZSPIELZEUG[\/vc_custom_heading][vc_single_image media=&#8220;273353&#8243; media_width_percent=&#8220;100&#8243; shape=&#8220;img-round&#8220; radius=&#8220;std&#8220; uncode_shortcode_id=&#8220;699292&#8243;][vc_column_text uncode_shortcode_id=&#8220;167091&#8243;]Die Lieblingsecke f\u00fcr kleine K\u00fcnstler. In der Werkstatt Fustaliss erwachen Spielzeuge durch Farben zum Leben. Hier k\u00f6nnen die Kleinen ihr ideales Spielzeug selbst gestalten: Sie w\u00e4hlen ein St\u00fcck aus Naturholz und bemalen es nach ihrem Geschmack.<\/p>\n<p>Ein nachhaltiges, handgemachtes Spielzeug zum Mitnehmen![\/vc_column_text][\/vc_column_inner][\/vc_row_inner][\/uncode_slider][\/vc_column][\/vc_row][vc_row unlock_row_content=&#8220;yes&#8220; row_height_percent=&#8220;0&#8243; override_padding=&#8220;yes&#8220; h_padding=&#8220;2&#8243; top_padding=&#8220;2&#8243; bottom_padding=&#8220;2&#8243; overlay_alpha=&#8220;50&#8243; gutter_size=&#8220;2&#8243; column_width_percent=&#8220;100&#8243; shift_y=&#8220;0&#8243; z_index=&#8220;0&#8243; content_parallax=&#8220;0&#8243; uncode_shortcode_id=&#8220;155799&#8243; el_class=&#8220;espaiTitulPrevi&#8220;][vc_column column_width_percent=&#8220;100&#8243; gutter_size=&#8220;3&#8243; overlay_alpha=&#8220;50&#8243; shift_x=&#8220;0&#8243; shift_y=&#8220;0&#8243; shift_y_down=&#8220;0&#8243; z_index=&#8220;0&#8243; medium_width=&#8220;0&#8243; mobile_width=&#8220;7&#8243; width=&#8220;1\/1&#8243; uncode_shortcode_id=&#8220;617312&#8243;][vc_custom_heading heading_semantic=&#8220;h4&#8243; text_font=&#8220;font-538551&#8243; text_size=&#8220;fontsize-847074&#8243; text_weight=&#8220;400&#8243; text_height=&#8220;fontheight-846199&#8243; text_space=&#8220;fontspace-861442&#8243; uncode_shortcode_id=&#8220;609681&#8243;]EIN PERS\u00d6NLICHES<\/p>\n<p>UND PRIVATES ERLEBNIS[\/vc_custom_heading][\/vc_column][\/vc_row][vc_row unlock_row_content=&#8220;yes&#8220; row_height_percent=&#8220;0&#8243; override_padding=&#8220;yes&#8220; h_padding=&#8220;2&#8243; top_padding=&#8220;0&#8243; bottom_padding=&#8220;3&#8243; overlay_alpha=&#8220;50&#8243; gutter_size=&#8220;3&#8243; column_width_percent=&#8220;100&#8243; shift_y=&#8220;0&#8243; z_index=&#8220;0&#8243; content_parallax=&#8220;0&#8243; el_class=&#8220;arrowsPosts&#8220; uncode_shortcode_id=&#8220;728438&#8243;][vc_column column_width_percent=&#8220;100&#8243; position_horizontal=&#8220;left&#8220; gutter_size=&#8220;6&#8243; expand_height=&#8220;yes&#8220; overlay_alpha=&#8220;50&#8243; shift_x=&#8220;0&#8243; shift_y=&#8220;0&#8243; shift_y_down=&#8220;0&#8243; z_index=&#8220;0&#8243; medium_width=&#8220;2&#8243; mobile_width=&#8220;7&#8243; width=&#8220;1\/4&#8243;][vc_custom_heading text_color=&#8220;color-107789&#8243; text_font=&#8220;font-643449&#8243; text_size=&#8220;fontsize-495345&#8243; text_weight=&#8220;400&#8243; text_height=&#8220;fontheight-159127&#8243; uncode_shortcode_id=&#8220;484228&#8243; text_color_type=&#8220;uncode-palette&#8220;]INDIVIDUELLE WORKSHOPS[\/vc_custom_heading][vc_row_inner row_inner_height_percent=&#8220;0&#8243; overlay_alpha=&#8220;50&#8243; equal_height=&#8220;yes&#8220; gutter_size=&#8220;0&#8243; shift_y=&#8220;0&#8243; z_index=&#8220;0&#8243; mobile_visibility=&#8220;yes&#8220; uncode_shortcode_id=&#8220;296386&#8243;][vc_column_inner column_width_percent=&#8220;100&#8243; position_horizontal=&#8220;left&#8220; position_vertical=&#8220;bottom&#8220; gutter_size=&#8220;3&#8243; overlay_alpha=&#8220;50&#8243; shift_x=&#8220;0&#8243; shift_y=&#8220;-2&#8243; shift_y_down=&#8220;0&#8243; z_index=&#8220;0&#8243; medium_width=&#8220;0&#8243; mobile_width=&#8220;0&#8243; width=&#8220;1\/1&#8243; uncode_shortcode_id=&#8220;152219&#8243;][vc_column_text uncode_shortcode_id=&#8220;621272&#8243;]<div id=\"prev-index-987891\" class=\"my-controls-btns prev-my-controls-btns\"><svg width=\"13\" height=\"24\" viewBox=\"0 0 13 24\" fill=\"none\" xmlns=\"http:\/\/www.w3.org\/2000\/svg\"><path d=\"M12 1L1 12L12 23\" stroke-linecap=\"round\" stroke-linejoin=\"round\"\/><\/svg><\/div><div id=\"next-index-987891\" class=\"my-controls-btns next-my-controls-btns\"><svg width=\"13\" height=\"24\" viewBox=\"0 0 13 24\" fill=\"none\" xmlns=\"http:\/\/www.w3.org\/2000\/svg\"><path d=\"M1 23L12 12L1 0.999998\" stroke-linecap=\"round\" stroke-linejoin=\"round\"\/><\/svg><\/div>[\/vc_column_text][\/vc_column_inner][\/vc_row_inner][\/vc_column][vc_column column_width_percent=&#8220;100&#8243; gutter_size=&#8220;3&#8243; overlay_alpha=&#8220;50&#8243; shift_x=&#8220;0&#8243; shift_y=&#8220;0&#8243; shift_y_down=&#8220;0&#8243; z_index=&#8220;0&#8243; medium_width=&#8220;6&#8243; mobile_width=&#8220;7&#8243; width=&#8220;3\/4&#8243; el_class=&#8220;postsDinamics BorderGris borderNone&#8220; uncode_shortcode_id=&#8220;152920&#8243;][uncode_index el_id=&#8220;index-987891&#8243; index_type=&#8220;carousel&#8220; loop=&#8220;size:All|order_by:title|order:ASC|post_type:taller|tax_query:1308|taxonomy_count:10&#8243; carousel_lg=&#8220;4&#8243; carousel_md=&#8220;2&#8243; carousel_sm=&#8220;1&#8243; thumb_size=&#8220;one-one&#8220; gutter_size=&#8220;0&#8243; activitat_items=&#8220;data_destacada,media|featured|onpost|original,category|nobg|relative|display-icon,title,text_introductori,link|link|default_size|M\u00e9s informaci\u00f3,url_comprar_entrades&#8220; taller_items=&#8220;media|featured|onpost|original,title,dates_disponibles,preu_destacat,text_introductori,link|link|default_size|M\u00e1s informaci\u00f3n&#8220; carousel_interval=&#8220;10000&#8243; carousel_navspeed=&#8220;400&#8243; carousel_loop=&#8220;yes&#8220; carousel_dots_mobile=&#8220;yes&#8220; stage_padding=&#8220;0&#8243; single_overlay_opacity=&#8220;50&#8243; single_overlay_anim=&#8220;no&#8220; single_text_visible=&#8220;yes&#8220; single_text_anim=&#8220;no&#8220; single_image_anim=&#8220;no&#8220; single_padding=&#8220;2&#8243; single_text_reduced=&#8220;yes&#8220; single_title_family=&#8220;font-875416&#8243; single_title_dimension=&#8220;fontsize-495345&#8243; single_title_weight=&#8220;400&#8243; single_title_height=&#8220;fontheight-206872&#8243; single_border=&#8220;yes&#8220; el_class=&#8220;linksPost blocColumnesImatge tallersArtesania&#8220; uncode_shortcode_id=&#8220;171558&#8243;][\/vc_column][\/vc_row][vc_row unlock_row_content=&#8220;yes&#8220; row_height_percent=&#8220;0&#8243; override_padding=&#8220;yes&#8220; h_padding=&#8220;2&#8243; top_padding=&#8220;0&#8243; bottom_padding=&#8220;5&#8243; back_color=&#8220;color-jevc&#8220; overlay_alpha=&#8220;50&#8243; gutter_size=&#8220;2&#8243; column_width_percent=&#8220;100&#8243; shift_y=&#8220;0&#8243; z_index=&#8220;0&#8243; uncode_shortcode_id=&#8220;201191&#8243; back_color_type=&#8220;uncode-palette&#8220;][vc_column column_width_percent=&#8220;100&#8243; gutter_size=&#8220;3&#8243; style=&#8220;dark&#8220; overlay_alpha=&#8220;50&#8243; shift_x=&#8220;0&#8243; shift_y=&#8220;0&#8243; shift_y_down=&#8220;0&#8243; z_index=&#8220;0&#8243; medium_width=&#8220;0&#8243; mobile_width=&#8220;7&#8243; width=&#8220;1\/1&#8243;][vc_single_image media=&#8220;264305&#8243; media_lightbox=&#8220;yes&#8220; media_poster=&#8220;yes&#8220; media_width_percent=&#8220;100&#8243; alignment=&#8220;center&#8220; uncode_shortcode_id=&#8220;569141&#8243; el_class=&#8220;portada_youtube&#8220; media_link=&#8220;url:https%3A%2F%2Fwww.youtube.com%2Fwatch%3Fv%3Du4tyULjx7UI|rel:nofollow&#8220;][\/vc_column][\/vc_row]<\/p>\n<\/div>","protected":false},"excerpt":{"rendered":"<p>Das Poble Espanyol ist der einzige Ort in Barcelona, in dem Sie jeden Tag K\u00fcnstlern und Kunsthandwerkern bei der Arbeit zusehen k\u00f6nnen. Experten verschiedener Fachgebiete und Generationen zeigen hier ihr handwerkliches Geschick und bieten die M\u00f6glichkeit der Teilnahme an Workshops und Kursen. <\/p>\n","protected":false},"author":2,"featured_media":273273,"parent":258812,"menu_order":189,"comment_status":"closed","ping_status":"closed","template":"","meta":{"_acf_changed":false,"footnotes":""},"class_list":["post-258897","page","type-page","status-publish","has-post-thumbnail","hentry","page_category-poble-espanyol-de"],"acf":[],"_links":{"self":[{"href":"https:\/\/poble-espanyol.com\/de\/wp-json\/wp\/v2\/pages\/258897","targetHints":{"allow":["GET"]}}],"collection":[{"href":"https:\/\/poble-espanyol.com\/de\/wp-json\/wp\/v2\/pages"}],"about":[{"href":"https:\/\/poble-espanyol.com\/de\/wp-json\/wp\/v2\/types\/page"}],"author":[{"embeddable":true,"href":"https:\/\/poble-espanyol.com\/de\/wp-json\/wp\/v2\/users\/2"}],"replies":[{"embeddable":true,"href":"https:\/\/poble-espanyol.com\/de\/wp-json\/wp\/v2\/comments?post=258897"}],"version-history":[{"count":7,"href":"https:\/\/poble-espanyol.com\/de\/wp-json\/wp\/v2\/pages\/258897\/revisions"}],"predecessor-version":[{"id":274284,"href":"https:\/\/poble-espanyol.com\/de\/wp-json\/wp\/v2\/pages\/258897\/revisions\/274284"}],"up":[{"embeddable":true,"href":"https:\/\/poble-espanyol.com\/de\/wp-json\/wp\/v2\/pages\/258812"}],"wp:featuredmedia":[{"embeddable":true,"href":"https:\/\/poble-espanyol.com\/de\/wp-json\/wp\/v2\/media\/273273"}],"wp:attachment":[{"href":"https:\/\/poble-espanyol.com\/de\/wp-json\/wp\/v2\/media?parent=258897"}],"curies":[{"name":"wp","href":"https:\/\/api.w.org\/{rel}","templated":true}]}}