{"id":258922,"date":"2025-07-07T11:13:29","date_gmt":"2025-07-07T09:13:29","guid":{"rendered":"https:\/\/poble-espanyol.com\/ausstellungen\/"},"modified":"2025-07-16T11:52:56","modified_gmt":"2025-07-16T09:52:56","slug":"ausstellungen","status":"publish","type":"page","link":"https:\/\/poble-espanyol.com\/de\/aktivitaeten\/ausstellungen\/","title":{"rendered":"Ausstellungen"},"content":{"rendered":"<div class=\"wpb-content-wrapper\"><p>[vc_row unlock_row_content=&#8220;yes&#8220; row_height_percent=&#8220;0&#8243; override_padding=&#8220;yes&#8220; h_padding=&#8220;2&#8243; top_padding=&#8220;2&#8243; bottom_padding=&#8220;2&#8243; overlay_alpha=&#8220;50&#8243; gutter_size=&#8220;2&#8243; column_width_percent=&#8220;100&#8243; shift_y=&#8220;0&#8243; z_index=&#8220;0&#8243; uncode_shortcode_id=&#8220;149841&#8243; el_class=&#8220;espaiTitulPrevi&#8220;][vc_column column_width_percent=&#8220;100&#8243; gutter_size=&#8220;3&#8243; overlay_alpha=&#8220;50&#8243; shift_x=&#8220;0&#8243; shift_y=&#8220;0&#8243; shift_y_down=&#8220;0&#8243; z_index=&#8220;0&#8243; medium_width=&#8220;0&#8243; mobile_width=&#8220;7&#8243; width=&#8220;1\/1&#8243; uncode_shortcode_id=&#8220;617312&#8243;][vc_custom_heading heading_semantic=&#8220;h4&#8243; text_font=&#8220;font-538551&#8243; text_size=&#8220;fontsize-847074&#8243; text_weight=&#8220;400&#8243; text_height=&#8220;fontheight-846199&#8243; text_space=&#8220;fontspace-861442&#8243; uncode_shortcode_id=&#8220;210422&#8243;]KUNST UND KULTUR[\/vc_custom_heading][\/vc_column][\/vc_row][vc_row unlock_row_content=&#8220;yes&#8220; row_height_percent=&#8220;0&#8243; override_padding=&#8220;yes&#8220; h_padding=&#8220;2&#8243; top_padding=&#8220;0&#8243; bottom_padding=&#8220;2&#8243; overlay_alpha=&#8220;50&#8243; gutter_size=&#8220;2&#8243; column_width_percent=&#8220;100&#8243; shift_y=&#8220;0&#8243; z_index=&#8220;0&#8243; uncode_shortcode_id=&#8220;552995&#8243;][vc_column column_width_percent=&#8220;100&#8243; position_horizontal=&#8220;left&#8220; gutter_size=&#8220;3&#8243; overlay_alpha=&#8220;50&#8243; shift_x=&#8220;0&#8243; shift_y=&#8220;0&#8243; shift_y_down=&#8220;0&#8243; z_index=&#8220;0&#8243; medium_width=&#8220;2&#8243; mobile_width=&#8220;7&#8243; width=&#8220;1\/4&#8243;][vc_custom_heading text_color=&#8220;color-107789&#8243; text_font=&#8220;font-643449&#8243; text_size=&#8220;fontsize-495345&#8243; text_weight=&#8220;400&#8243; text_height=&#8220;fontheight-159127&#8243; uncode_shortcode_id=&#8220;562026&#8243; text_color_type=&#8220;uncode-palette&#8220;]ZEITGEN\u00d6SSISCHE KUNST<\/p>\n<p>IN BARCELONA &#8230; UND VIELES MEHR[\/vc_custom_heading][\/vc_column][vc_column column_width_percent=&#8220;100&#8243; position_horizontal=&#8220;left&#8220; gutter_size=&#8220;3&#8243; overlay_alpha=&#8220;50&#8243; shift_x=&#8220;0&#8243; shift_y=&#8220;0&#8243; shift_y_down=&#8220;0&#8243; z_index=&#8220;0&#8243; medium_width=&#8220;4&#8243; mobile_width=&#8220;7&#8243; width=&#8220;2\/4&#8243;][vc_custom_heading heading_semantic=&#8220;p&#8220; text_font=&#8220;font-875416&#8243; text_size=&#8220;fontsize-495345&#8243; text_weight=&#8220;400&#8243; text_height=&#8220;fontheight-206872&#8243; el_class=&#8220;tabletTipografia&#8220; uncode_shortcode_id=&#8220;700103&#8243;]Im Poble finden Sie ein Museum f\u00fcr zeitgen\u00f6ssische Kunst, eine interessante Dauerausstellung \u00fcber den Ursprung und die Errichtung der Anlage, eine Skulpturenausstellung in einem Gr\u00fcnraum sowie eine beeindruckende Skulptur zur Nachahmung eines Waldes. Lassen Sie sich diesen gro\u00dfen Ausstellungsbereich in Barcelona nicht entgehen![\/vc_custom_heading][vc_custom_heading heading_semantic=&#8220;p&#8220; text_font=&#8220;font-875416&#8243; text_size=&#8220;fontsize-847074&#8243; text_weight=&#8220;400&#8243; text_height=&#8220;fontheight-846199&#8243; el_class=&#8220;tabletTipografia&#8220; uncode_shortcode_id=&#8220;962434&#8243;]Das Poble Espanyol ist nicht nur ein Freiluftmuseum f\u00fcr Architektur, sondern f\u00f6rdert auch Kunst und Kultur in Barcelona durch verschiedene Initiativen. Daher erlaubt die Eintrittskarte ins Poble auch den Zutritt zum Museum Fran Daurel f\u00fcr zeitgen\u00f6ssische Kunst sowie zu weiteren Ausstellungsbereichen.[\/vc_custom_heading][vc_empty_space empty_h=&#8220;3&#8243; mobile_visibility=&#8220;yes&#8220;][vc_custom_heading heading_semantic=&#8220;h5&#8243; text_font=&#8220;font-875416&#8243; text_size=&#8220;fontsize-847074&#8243; text_weight=&#8220;400&#8243; text_height=&#8220;fontheight-846199&#8243; el_class=&#8220;links&#8220; uncode_shortcode_id=&#8220;149854&#8243;]<a href=\"https:\/\/poble-espanyol.com\/de\/der-besuch\/zeitgenoessische-kunst\/\">Weitere Info \u00fcber die zeitgen\u00f6ssische Kunst im Poble<\/a><br \/>\n<a href=\"https:\/\/poble-espanyol.com\/de\/das-poble\/die-geschichte\/\">Entdecken Sie die Geschichte der Anlage<\/a>[\/vc_custom_heading][\/vc_column][vc_column column_width_percent=&#8220;100&#8243; align_horizontal=&#8220;align_right&#8220; gutter_size=&#8220;0&#8243; override_padding=&#8220;yes&#8220; column_padding=&#8220;0&#8243; expand_height=&#8220;yes&#8220; overlay_alpha=&#8220;50&#8243; shift_x=&#8220;0&#8243; shift_y=&#8220;0&#8243; shift_y_down=&#8220;0&#8243; z_index=&#8220;0&#8243; medium_width=&#8220;2&#8243; mobile_width=&#8220;7&#8243; width=&#8220;1\/4&#8243;][vc_single_image media=&#8220;110748&#8243; media_width_percent=&#8220;100&#8243; media_ratio=&#8220;one-one&#8220; advanced=&#8220;yes&#8220; media_overlay_opacity=&#8220;1&#8243; media_overlay_anim=&#8220;no&#8220; media_text_anim=&#8220;no&#8220; media_image_anim=&#8220;no&#8220; media_padding=&#8220;5&#8243; el_class=&#8220;arc-radius&#8220; uncode_shortcode_id=&#8220;837026&#8243;][\/vc_column][\/vc_row][vc_row unlock_row_content=&#8220;yes&#8220; row_height_percent=&#8220;0&#8243; override_padding=&#8220;yes&#8220; h_padding=&#8220;2&#8243; top_padding=&#8220;0&#8243; bottom_padding=&#8220;0&#8243; overlay_alpha=&#8220;50&#8243; gutter_size=&#8220;2&#8243; column_width_percent=&#8220;100&#8243; shift_y=&#8220;0&#8243; z_index=&#8220;0&#8243; mobile_visibility=&#8220;yes&#8220;][vc_column column_width_percent=&#8220;100&#8243; gutter_size=&#8220;3&#8243; overlay_alpha=&#8220;50&#8243; shift_x=&#8220;0&#8243; shift_y=&#8220;0&#8243; shift_y_down=&#8220;0&#8243; z_index=&#8220;0&#8243; medium_width=&#8220;0&#8243; mobile_width=&#8220;0&#8243; width=&#8220;1\/1&#8243;][vc_separator sep_color=&#8220;color-770920&#8243;][\/vc_column][\/vc_row][vc_row unlock_row_content=&#8220;yes&#8220; row_height_percent=&#8220;0&#8243; override_padding=&#8220;yes&#8220; h_padding=&#8220;2&#8243; top_padding=&#8220;2&#8243; bottom_padding=&#8220;2&#8243; overlay_alpha=&#8220;50&#8243; gutter_size=&#8220;3&#8243; column_width_percent=&#8220;100&#8243; shift_y=&#8220;0&#8243; z_index=&#8220;0&#8243; uncode_shortcode_id=&#8220;690773&#8243; el_class=&#8220;etRecomanem&#8220;][vc_column column_width_percent=&#8220;100&#8243; gutter_size=&#8220;3&#8243; overlay_alpha=&#8220;50&#8243; shift_x=&#8220;0&#8243; shift_y=&#8220;0&#8243; shift_y_down=&#8220;0&#8243; z_index=&#8220;0&#8243; medium_width=&#8220;2&#8243; mobile_width=&#8220;7&#8243; width=&#8220;1\/4&#8243; uncode_shortcode_id=&#8220;162982&#8243;][vc_custom_heading text_color=&#8220;color-107789&#8243; text_font=&#8220;font-643449&#8243; text_size=&#8220;fontsize-495345&#8243; text_weight=&#8220;400&#8243; text_height=&#8220;fontheight-159127&#8243; uncode_shortcode_id=&#8220;201956&#8243; text_color_type=&#8220;uncode-palette&#8220;]HERAUSRAGENDE AUSSTELLUNG[\/vc_custom_heading][\/vc_column][vc_column column_width_percent=&#8220;100&#8243; gutter_size=&#8220;3&#8243; override_padding=&#8220;yes&#8220; column_padding=&#8220;0&#8243; overlay_alpha=&#8220;50&#8243; shift_x=&#8220;0&#8243; shift_y=&#8220;0&#8243; shift_y_down=&#8220;0&#8243; z_index=&#8220;0&#8243; medium_width=&#8220;6&#8243; mobile_width=&#8220;0&#8243; width=&#8220;3\/4&#8243; el_class=&#8220;radiusImage&#8220; uncode_shortcode_id=&#8220;264809&#8243;][uncode_index el_id=&#8220;index-127984&#8243; loop=&#8220;size:1|order_by:date|order:DESC|post_type:exposicio|by_id:83017|taxonomy_count:10&#8243; style_preset=&#8220;metro&#8220; screen_lg=&#8220;1000&#8243; screen_md=&#8220;600&#8243; screen_sm=&#8220;480&#8243; gutter_size=&#8220;3&#8243; post_items=&#8220;media|featured|onpost|original,title,date,text|excerpt,link|default|default_size|M\u00e9s informaci\u00f3&#8220; exposicio_items=&#8220;dates_disponibles,media|featured|onpost|original,type,title,preu_destacat,text_introductori,link|link|small_size|M\u00e1s informaci\u00f3n,url_comprar_entrades&#8220; activitat_items=&#8220;data_destacada,media|featured|onpost|original,type,title,preu_destacat,text_introductori,link|link|small_size|M\u00e9s informaci\u00f3,url_comprar_entrades&#8220; single_text=&#8220;lateral&#8220; single_width=&#8220;12&#8243; single_image_position=&#8220;right&#8220; single_image_size=&#8220;6&#8243; single_overlay_opacity=&#8220;1&#8243; single_overlay_anim=&#8220;no&#8220; single_text_visible=&#8220;yes&#8220; single_text_anim=&#8220;no&#8220; single_image_anim=&#8220;no&#8220; single_padding=&#8220;2&#8243; single_title_family=&#8220;font-875416&#8243; single_title_dimension=&#8220;fontsize-495345&#8243; single_title_weight=&#8220;400&#8243; single_title_height=&#8220;fontheight-206872&#8243; single_border=&#8220;yes&#8220; el_class=&#8220;linksPost&#8220; uncode_shortcode_id=&#8220;212999&#8243;][\/vc_column][\/vc_row][vc_row unlock_row_content=&#8220;yes&#8220; row_height_percent=&#8220;0&#8243; override_padding=&#8220;yes&#8220; h_padding=&#8220;2&#8243; top_padding=&#8220;1&#8243; bottom_padding=&#8220;2&#8243; overlay_alpha=&#8220;50&#8243; gutter_size=&#8220;2&#8243; column_width_percent=&#8220;100&#8243; shift_y=&#8220;0&#8243; z_index=&#8220;0&#8243; uncode_shortcode_id=&#8220;508836&#8243;][vc_column column_width_percent=&#8220;100&#8243; gutter_size=&#8220;3&#8243; overlay_alpha=&#8220;50&#8243; shift_x=&#8220;0&#8243; shift_y=&#8220;0&#8243; shift_y_down=&#8220;0&#8243; z_index=&#8220;0&#8243; medium_width=&#8220;0&#8243; mobile_width=&#8220;0&#8243; width=&#8220;1\/1&#8243;][vc_separator sep_color=&#8220;color-770920&#8243;][\/vc_column][\/vc_row][vc_row unlock_row_content=&#8220;yes&#8220; row_height_percent=&#8220;0&#8243; override_padding=&#8220;yes&#8220; h_padding=&#8220;2&#8243; top_padding=&#8220;0&#8243; bottom_padding=&#8220;3&#8243; overlay_alpha=&#8220;50&#8243; gutter_size=&#8220;3&#8243; column_width_percent=&#8220;100&#8243; shift_y=&#8220;0&#8243; z_index=&#8220;0&#8243; el_class=&#8220;arrowsPosts espaiTitulPrevi&#8220; uncode_shortcode_id=&#8220;208276&#8243;][vc_column column_width_percent=&#8220;100&#8243; position_horizontal=&#8220;left&#8220; gutter_size=&#8220;3&#8243; expand_height=&#8220;yes&#8220; overlay_alpha=&#8220;50&#8243; shift_x=&#8220;0&#8243; shift_y=&#8220;0&#8243; shift_y_down=&#8220;0&#8243; z_index=&#8220;0&#8243; medium_width=&#8220;2&#8243; mobile_width=&#8220;7&#8243; width=&#8220;1\/4&#8243;][vc_custom_heading heading_semantic=&#8220;h4&#8243; text_font=&#8220;font-538551&#8243; text_size=&#8220;fontsize-847074&#8243; text_weight=&#8220;400&#8243; text_height=&#8220;fontheight-846199&#8243; text_space=&#8220;fontspace-861442&#8243; uncode_shortcode_id=&#8220;107265&#8243;]LASSEN SIE SICH DAS NICHT ENTGEHEN[\/vc_custom_heading][vc_custom_heading text_color=&#8220;color-107789&#8243; text_font=&#8220;font-643449&#8243; text_size=&#8220;fontsize-495345&#8243; text_weight=&#8220;400&#8243; text_height=&#8220;fontheight-159127&#8243; uncode_shortcode_id=&#8220;270479&#8243; text_color_type=&#8220;uncode-palette&#8220;]ALLE AUSSTELLUNGEN IM POBLE[\/vc_custom_heading][vc_row_inner row_inner_height_percent=&#8220;0&#8243; overlay_alpha=&#8220;50&#8243; equal_height=&#8220;yes&#8220; gutter_size=&#8220;0&#8243; shift_y=&#8220;0&#8243; z_index=&#8220;0&#8243; mobile_visibility=&#8220;yes&#8220;][vc_column_inner column_width_percent=&#8220;100&#8243; gutter_size=&#8220;3&#8243; overlay_alpha=&#8220;50&#8243; shift_x=&#8220;0&#8243; shift_y=&#8220;0&#8243; shift_y_down=&#8220;0&#8243; z_index=&#8220;0&#8243; medium_width=&#8220;0&#8243; mobile_width=&#8220;0&#8243; width=&#8220;1\/1&#8243;][vc_column_text uncode_shortcode_id=&#8220;165283&#8243;]<div id=\"prev-index-187894\" class=\"my-controls-btns prev-my-controls-btns\"><svg width=\"13\" height=\"24\" viewBox=\"0 0 13 24\" fill=\"none\" xmlns=\"http:\/\/www.w3.org\/2000\/svg\"><path d=\"M12 1L1 12L12 23\" stroke-linecap=\"round\" stroke-linejoin=\"round\"\/><\/svg><\/div><div id=\"next-index-187894\" class=\"my-controls-btns next-my-controls-btns\"><svg width=\"13\" height=\"24\" viewBox=\"0 0 13 24\" fill=\"none\" xmlns=\"http:\/\/www.w3.org\/2000\/svg\"><path d=\"M1 23L12 12L1 0.999998\" stroke-linecap=\"round\" stroke-linejoin=\"round\"\/><\/svg><\/div>[\/vc_column_text][\/vc_column_inner][\/vc_row_inner][\/vc_column][vc_column column_width_percent=&#8220;100&#8243; gutter_size=&#8220;3&#8243; overlay_alpha=&#8220;50&#8243; shift_x=&#8220;0&#8243; shift_y=&#8220;0&#8243; shift_y_down=&#8220;0&#8243; z_index=&#8220;0&#8243; medium_width=&#8220;6&#8243; mobile_width=&#8220;7&#8243; width=&#8220;3\/4&#8243; el_class=&#8220;postsDinamics BorderGris borderNone&#8220; uncode_shortcode_id=&#8220;340448&#8243;][uncode_index el_id=&#8220;index-187894&#8243; index_type=&#8220;carousel&#8220; loop=&#8220;size:10|order_by:date|order:DESC|post_type:exposicio|taxonomy_count:10&#8243; carousel_lg=&#8220;4&#8243; carousel_md=&#8220;2&#8243; carousel_sm=&#8220;1&#8243; thumb_size=&#8220;one-one&#8220; gutter_size=&#8220;0&#8243; exposicio_items=&#8220;media|featured|onpost|original,title,spacer|half,preu_destacat,data_destacada_textual,spacer_two|half,text_introductori,link|link|default_size|M\u00e1s informaci\u00f3n,url_comprar_entrades&#8220; activitat_items=&#8220;data_destacada,media|featured|onpost|original,category|nobg|relative|display-icon,title,text_introductori,link|link|default_size|M\u00e9s informaci\u00f3,url_comprar_entrades&#8220; taller_items=&#8220;media|featured|onpost|original,title,text_introductori,link|link|default_size|M\u00e9s informaci\u00f3,url_comprar_entrades&#8220; carousel_interval=&#8220;10000&#8243; carousel_navspeed=&#8220;400&#8243; carousel_loop=&#8220;yes&#8220; carousel_dots_mobile=&#8220;yes&#8220; stage_padding=&#8220;0&#8243; single_overlay_opacity=&#8220;50&#8243; single_overlay_anim=&#8220;no&#8220; single_text_visible=&#8220;yes&#8220; single_text_anim=&#8220;no&#8220; single_image_anim=&#8220;no&#8220; single_padding=&#8220;2&#8243; single_text_reduced=&#8220;yes&#8220; single_title_family=&#8220;font-875416&#8243; single_title_dimension=&#8220;fontsize-495345&#8243; single_title_weight=&#8220;400&#8243; single_title_height=&#8220;fontheight-206872&#8243; single_border=&#8220;yes&#8220; el_class=&#8220;linksPost blocColumnesImatge carrousel4&#8243; uncode_shortcode_id=&#8220;115052&#8243;][\/vc_column][\/vc_row][vc_row unlock_row_content=&#8220;yes&#8220; row_height_percent=&#8220;0&#8243; override_padding=&#8220;yes&#8220; h_padding=&#8220;2&#8243; top_padding=&#8220;0&#8243; bottom_padding=&#8220;6&#8243; overlay_alpha=&#8220;50&#8243; equal_height=&#8220;yes&#8220; gutter_size=&#8220;0&#8243; column_width_percent=&#8220;100&#8243; shift_y=&#8220;0&#8243; z_index=&#8220;0&#8243; medium_visibility=&#8220;yes&#8220; mobile_visibility=&#8220;yes&#8220; el_class=&#8220;botonsLateralsArrodonits&#8220; uncode_shortcode_id=&#8220;182403&#8243;][vc_column column_width_percent=&#8220;100&#8243; gutter_size=&#8220;3&#8243; style=&#8220;dark&#8220; back_color=&#8220;color-918411&#8243; overlay_color=&#8220;color-391721&#8243; overlay_alpha=&#8220;100&#8243; shift_x=&#8220;0&#8243; shift_y=&#8220;0&#8243; shift_y_down=&#8220;0&#8243; z_index=&#8220;0&#8243; medium_width=&#8220;2&#8243; mobile_width=&#8220;0&#8243; width=&#8220;1\/4&#8243;][vc_button size=&#8220;link&#8220; btn_link_size=&#8220;fontsize-847074&#8243; custom_typo=&#8220;yes&#8220; font_family=&#8220;font-538551&#8243; font_weight=&#8220;400&#8243; letter_spacing=&#8220;fontspace-861442&#8243; icon_position=&#8220;right&#8220; icon=&#8220;fa fa-arrow-forward&#8220; el_class=&#8220;linkWhite&#8220; link=&#8220;url:https%3A%2F%2Fpoble-espanyol.com%2Fde%2Fdas-poble%2F&#8220; uncode_shortcode_id=&#8220;167359&#8243;]<\/p>\n<h3>ENTDECKEN SIE DAS GESAMTE ANGEBOT DES POBLE<\/h3>\n<p>[\/vc_button][\/vc_column][vc_column column_width_percent=&#8220;100&#8243; gutter_size=&#8220;3&#8243; style=&#8220;dark&#8220; back_color=&#8220;color-892698&#8243; overlay_color=&#8220;color-918411&#8243; overlay_alpha=&#8220;100&#8243; shift_x=&#8220;0&#8243; shift_y=&#8220;0&#8243; shift_y_down=&#8220;0&#8243; z_index=&#8220;0&#8243; medium_width=&#8220;2&#8243; mobile_width=&#8220;0&#8243; width=&#8220;1\/4&#8243;][vc_button size=&#8220;link&#8220; btn_link_size=&#8220;fontsize-847074&#8243; custom_typo=&#8220;yes&#8220; font_family=&#8220;font-538551&#8243; font_weight=&#8220;400&#8243; letter_spacing=&#8220;fontspace-861442&#8243; icon_position=&#8220;right&#8220; icon=&#8220;fa fa-arrow-forward&#8220; el_class=&#8220;linkWhite&#8220; link=&#8220;url:https%3A%2F%2Fpoble-espanyol.com%2Fde%2Factividades%2F|&#8220; uncode_shortcode_id=&#8220;916975&#8243;]<\/p>\n<h3>UNSER GESAMTES VERANSTALTUNGSPROGRAMM<\/h3>\n<p>[\/vc_button][\/vc_column][vc_column column_width_percent=&#8220;100&#8243; gutter_size=&#8220;3&#8243; style=&#8220;dark&#8220; back_color=&#8220;color-107789&#8243; overlay_color=&#8220;color-892698&#8243; overlay_alpha=&#8220;100&#8243; shift_x=&#8220;0&#8243; shift_y=&#8220;0&#8243; shift_y_down=&#8220;0&#8243; z_index=&#8220;0&#8243; medium_width=&#8220;2&#8243; mobile_width=&#8220;0&#8243; width=&#8220;1\/4&#8243;][vc_button size=&#8220;link&#8220; btn_link_size=&#8220;fontsize-847074&#8243; custom_typo=&#8220;yes&#8220; font_family=&#8220;font-538551&#8243; font_weight=&#8220;400&#8243; letter_spacing=&#8220;fontspace-861442&#8243; icon_position=&#8220;right&#8220; icon=&#8220;fa fa-arrow-forward&#8220; el_class=&#8220;linkWhite&#8220; link=&#8220;url:https%3A%2F%2Fpoble-espanyol.com%2Fde%2Fder-besuch%2Fkunsthandwerk%2F|&#8220; uncode_shortcode_id=&#8220;834332&#8243;]<\/p>\n<h3>EIN EINZIGARTIGES ZENTRUM F\u00dcR KUNSTHANDWERK<\/h3>\n<p>[\/vc_button][\/vc_column][vc_column column_width_percent=&#8220;100&#8243; gutter_size=&#8220;3&#8243; style=&#8220;dark&#8220; back_color=&#8220;color-147523&#8243; overlay_color=&#8220;color-107789&#8243; overlay_alpha=&#8220;100&#8243; shift_x=&#8220;0&#8243; shift_y=&#8220;0&#8243; shift_y_down=&#8220;0&#8243; z_index=&#8220;0&#8243; medium_width=&#8220;2&#8243; mobile_width=&#8220;0&#8243; width=&#8220;1\/4&#8243;][vc_button size=&#8220;link&#8220; btn_link_size=&#8220;fontsize-847074&#8243; custom_typo=&#8220;yes&#8220; font_family=&#8220;font-538551&#8243; font_weight=&#8220;400&#8243; letter_spacing=&#8220;fontspace-861442&#8243; icon_position=&#8220;right&#8220; icon=&#8220;fa fa-arrow-forward&#8220; el_class=&#8220;linkWhite&#8220; link=&#8220;url:https%3A%2F%2Fpoble-espanyol.com%2Fde%2Fder-besuch%2F|&#8220; uncode_shortcode_id=&#8220;983035&#8243;]<\/p>\n<h3>BESUCH PLANEN UND EINTRITTSKARTE KAUFEN<\/h3>\n<p>[\/vc_button][\/vc_column][\/vc_row][vc_row unlock_row_content=&#8220;yes&#8220; row_height_percent=&#8220;0&#8243; override_padding=&#8220;yes&#8220; h_padding=&#8220;2&#8243; top_padding=&#8220;1&#8243; bottom_padding=&#8220;5&#8243; overlay_alpha=&#8220;50&#8243; equal_height=&#8220;yes&#8220; gutter_size=&#8220;2&#8243; column_width_percent=&#8220;100&#8243; shift_y=&#8220;0&#8243; z_index=&#8220;0&#8243; desktop_visibility=&#8220;yes&#8220; el_class=&#8220;botonsLateralsArrodonits&#8220; uncode_shortcode_id=&#8220;559099&#8243;][vc_column column_width_percent=&#8220;100&#8243; gutter_size=&#8220;3&#8243; style=&#8220;dark&#8220; back_color=&#8220;color-147523&#8243; overlay_color=&#8220;color-391721&#8243; overlay_alpha=&#8220;100&#8243; shift_x=&#8220;0&#8243; shift_y=&#8220;0&#8243; shift_y_down=&#8220;0&#8243; z_index=&#8220;0&#8243; medium_width=&#8220;0&#8243; mobile_width=&#8220;0&#8243; width=&#8220;1\/4&#8243; uncode_shortcode_id=&#8220;887603&#8243; overlay_color_type=&#8220;uncode-palette&#8220; back_color_type=&#8220;uncode-palette&#8220;][vc_button size=&#8220;link&#8220; btn_link_size=&#8220;fontsize-847074&#8243; custom_typo=&#8220;yes&#8220; font_family=&#8220;font-875416&#8243; font_weight=&#8220;400&#8243; letter_spacing=&#8220;fontspace-861442&#8243; icon_position=&#8220;right&#8220; icon=&#8220;fa fa-arrow-forward&#8220; el_class=&#8220;linkWhite&#8220; link=&#8220;url:https%3A%2F%2Fpoble-espanyol.com%2Fde%2Fdas-poble%2F&#8220; uncode_shortcode_id=&#8220;123453&#8243;]<\/p>\n<h3>ENTDECKEN SIE DAS GESAMTE ANGEBOT DES POBLE<\/h3>\n<p>[\/vc_button][\/vc_column][vc_column column_width_percent=&#8220;100&#8243; gutter_size=&#8220;3&#8243; style=&#8220;dark&#8220; back_color=&#8220;color-147523&#8243; overlay_color=&#8220;color-918411&#8243; overlay_alpha=&#8220;100&#8243; shift_x=&#8220;0&#8243; shift_y=&#8220;0&#8243; shift_y_down=&#8220;0&#8243; z_index=&#8220;0&#8243; medium_width=&#8220;0&#8243; mobile_width=&#8220;0&#8243; width=&#8220;1\/4&#8243; uncode_shortcode_id=&#8220;125666&#8243; overlay_color_type=&#8220;uncode-palette&#8220; back_color_type=&#8220;uncode-palette&#8220;][vc_button size=&#8220;link&#8220; btn_link_size=&#8220;fontsize-847074&#8243; custom_typo=&#8220;yes&#8220; font_family=&#8220;font-875416&#8243; font_weight=&#8220;400&#8243; letter_spacing=&#8220;fontspace-861442&#8243; icon_position=&#8220;right&#8220; icon=&#8220;fa fa-arrow-forward&#8220; el_class=&#8220;linkWhite&#8220; link=&#8220;url:https%3A%2F%2Fpoble-espanyol.com%2Fde%2Factividades%2F|&#8220; uncode_shortcode_id=&#8220;841578&#8243;]<\/p>\n<h3>UNSER GESAMTES VERANSTALTUNGSPROGRAMM<\/h3>\n<p>[\/vc_button][\/vc_column][vc_column column_width_percent=&#8220;100&#8243; gutter_size=&#8220;3&#8243; style=&#8220;dark&#8220; back_color=&#8220;color-147523&#8243; overlay_color=&#8220;color-892698&#8243; overlay_alpha=&#8220;100&#8243; shift_x=&#8220;0&#8243; shift_y=&#8220;0&#8243; shift_y_down=&#8220;0&#8243; z_index=&#8220;0&#8243; medium_width=&#8220;0&#8243; mobile_width=&#8220;0&#8243; width=&#8220;1\/4&#8243;][vc_button size=&#8220;link&#8220; btn_link_size=&#8220;fontsize-847074&#8243; custom_typo=&#8220;yes&#8220; font_family=&#8220;font-875416&#8243; font_weight=&#8220;400&#8243; letter_spacing=&#8220;fontspace-861442&#8243; icon_position=&#8220;right&#8220; icon=&#8220;fa fa-arrow-forward&#8220; el_class=&#8220;linkWhite&#8220; link=&#8220;url:https%3A%2F%2Fpoble-espanyol.com%2Fde%2Fder-besuch%2Fkunsthandwerk%2F|&#8220; uncode_shortcode_id=&#8220;112393&#8243;]<\/p>\n<h3>EIN EINZIGARTIGES ZENTRUM F\u00dcR KUNSTHANDWERK<\/h3>\n<p>[\/vc_button][\/vc_column][vc_column column_width_percent=&#8220;100&#8243; gutter_size=&#8220;3&#8243; style=&#8220;dark&#8220; back_color=&#8220;color-147523&#8243; overlay_color=&#8220;color-107789&#8243; overlay_alpha=&#8220;100&#8243; shift_x=&#8220;0&#8243; shift_y=&#8220;0&#8243; shift_y_down=&#8220;0&#8243; z_index=&#8220;0&#8243; medium_width=&#8220;0&#8243; mobile_width=&#8220;0&#8243; width=&#8220;1\/4&#8243;][vc_button size=&#8220;link&#8220; btn_link_size=&#8220;fontsize-847074&#8243; custom_typo=&#8220;yes&#8220; font_family=&#8220;font-875416&#8243; font_weight=&#8220;400&#8243; letter_spacing=&#8220;fontspace-861442&#8243; icon_position=&#8220;right&#8220; icon=&#8220;fa fa-arrow-forward&#8220; el_class=&#8220;linkWhite&#8220; link=&#8220;url:https%3A%2F%2Fpoble-espanyol.com%2Fde%2Fder-besuch%2F|&#8220; uncode_shortcode_id=&#8220;178658&#8243;]<\/p>\n<h3>BESUCH PLANEN UND EINTRITTSKARTE KAUFEN<\/h3>\n<p>[\/vc_button][\/vc_column][\/vc_row][vc_row unlock_row_content=&#8220;yes&#8220; row_height_percent=&#8220;0&#8243; override_padding=&#8220;yes&#8220; h_padding=&#8220;0&#8243; top_padding=&#8220;0&#8243; bottom_padding=&#8220;0&#8243; back_color=&#8220;color-jevc&#8220; overlay_alpha=&#8220;50&#8243; gutter_size=&#8220;3&#8243; column_width_percent=&#8220;100&#8243; shift_y=&#8220;0&#8243; z_index=&#8220;0&#8243; uncode_shortcode_id=&#8220;806652&#8243; back_color_type=&#8220;uncode-palette&#8220;][vc_column width=&#8220;1\/1&#8243;][uncode_block id=&#8220;90044&#8243; inside_column=&#8220;yes&#8220;][\/vc_column][\/vc_row]<\/p>\n<\/div>","protected":false},"excerpt":{"rendered":"<p>Das Poble Espanyol ist nicht nur ein Freiluftmuseum f\u00fcr Architektur, sondern f\u00f6rdert auch Kunst und Kultur durch verschiedene Initiativen. Daher verf\u00fcgt es \u00fcber mehrere Ausstellungsbereiche, in denen Sie verschiedenste Werke der zeitgen\u00f6ssischen Kunst bewundern k\u00f6nnen. <\/p>\n<p>Lassen Sie sich die mehr als 300 Werke dieser Kollektion nicht entgehen, die sich bis in den Skulpturengarten erstrecken, in dem Natur und Kunst verschmelzen.<\/p>\n","protected":false},"author":2,"featured_media":110753,"parent":260966,"menu_order":236,"comment_status":"closed","ping_status":"closed","template":"","meta":{"_acf_changed":false,"footnotes":""},"class_list":["post-258922","page","type-page","status-publish","has-post-thumbnail","hentry","page_category-poble-espanyol-de"],"acf":[],"_links":{"self":[{"href":"https:\/\/poble-espanyol.com\/de\/wp-json\/wp\/v2\/pages\/258922","targetHints":{"allow":["GET"]}}],"collection":[{"href":"https:\/\/poble-espanyol.com\/de\/wp-json\/wp\/v2\/pages"}],"about":[{"href":"https:\/\/poble-espanyol.com\/de\/wp-json\/wp\/v2\/types\/page"}],"author":[{"embeddable":true,"href":"https:\/\/poble-espanyol.com\/de\/wp-json\/wp\/v2\/users\/2"}],"replies":[{"embeddable":true,"href":"https:\/\/poble-espanyol.com\/de\/wp-json\/wp\/v2\/comments?post=258922"}],"version-history":[{"count":6,"href":"https:\/\/poble-espanyol.com\/de\/wp-json\/wp\/v2\/pages\/258922\/revisions"}],"predecessor-version":[{"id":261128,"href":"https:\/\/poble-espanyol.com\/de\/wp-json\/wp\/v2\/pages\/258922\/revisions\/261128"}],"up":[{"embeddable":true,"href":"https:\/\/poble-espanyol.com\/de\/wp-json\/wp\/v2\/pages\/260966"}],"wp:featuredmedia":[{"embeddable":true,"href":"https:\/\/poble-espanyol.com\/de\/wp-json\/wp\/v2\/media\/110753"}],"wp:attachment":[{"href":"https:\/\/poble-espanyol.com\/de\/wp-json\/wp\/v2\/media?parent=258922"}],"curies":[{"name":"wp","href":"https:\/\/api.w.org\/{rel}","templated":true}]}}