{"id":266999,"date":"2022-06-20T12:06:00","date_gmt":"2022-06-20T10:06:00","guid":{"rendered":"https:\/\/poble-espanyol.com\/live-nights\/"},"modified":"2025-07-17T14:56:42","modified_gmt":"2025-07-17T12:56:42","slug":"live-nights","status":"publish","type":"page","link":"https:\/\/poble-espanyol.com\/de\/live-nights\/","title":{"rendered":"Live Nights 2025"},"content":{"rendered":"<div class=\"wpb-content-wrapper\"><p>[vc_row unlock_row_content=&#8220;yes&#8220; row_height_percent=&#8220;0&#8243; override_padding=&#8220;yes&#8220; h_padding=&#8220;2&#8243; top_padding=&#8220;2&#8243; bottom_padding=&#8220;2&#8243; overlay_alpha=&#8220;50&#8243; gutter_size=&#8220;2&#8243; column_width_percent=&#8220;100&#8243; shift_y=&#8220;0&#8243; z_index=&#8220;0&#8243; uncode_shortcode_id=&#8220;173677&#8243; el_class=&#8220;espaiTitulPrevi&#8220;][vc_column column_width_percent=&#8220;100&#8243; gutter_size=&#8220;3&#8243; overlay_alpha=&#8220;50&#8243; shift_x=&#8220;0&#8243; shift_y=&#8220;0&#8243; shift_y_down=&#8220;0&#8243; z_index=&#8220;0&#8243; medium_width=&#8220;0&#8243; mobile_width=&#8220;7&#8243; width=&#8220;1\/1&#8243; uncode_shortcode_id=&#8220;617312&#8243;][vc_custom_heading heading_semantic=&#8220;h4&#8243; text_font=&#8220;font-538551&#8243; text_size=&#8220;fontsize-847074&#8243; text_weight=&#8220;400&#8243; text_height=&#8220;fontheight-846199&#8243; text_space=&#8220;fontspace-861442&#8243; uncode_shortcode_id=&#8220;160618&#8243;]FREILUFT, GUTE ATMOSPH\u00c4RE, EIN EINZIGARTIGER ORT UND MUSIK, VIEL MUSIK![\/vc_custom_heading][\/vc_column][\/vc_row][vc_row unlock_row_content=&#8220;yes&#8220; row_height_percent=&#8220;0&#8243; override_padding=&#8220;yes&#8220; h_padding=&#8220;2&#8243; top_padding=&#8220;0&#8243; bottom_padding=&#8220;3&#8243; overlay_alpha=&#8220;50&#8243; gutter_size=&#8220;2&#8243; column_width_percent=&#8220;100&#8243; shift_y=&#8220;0&#8243; z_index=&#8220;0&#8243; uncode_shortcode_id=&#8220;194937&#8243;][vc_column column_width_percent=&#8220;100&#8243; position_horizontal=&#8220;left&#8220; gutter_size=&#8220;3&#8243; overlay_alpha=&#8220;50&#8243; shift_x=&#8220;0&#8243; shift_y=&#8220;0&#8243; shift_y_down=&#8220;0&#8243; z_index=&#8220;0&#8243; medium_width=&#8220;2&#8243; mobile_width=&#8220;7&#8243; width=&#8220;1\/4&#8243;][vc_custom_heading text_color=&#8220;color-107789&#8243; text_font=&#8220;font-643449&#8243; text_size=&#8220;fontsize-495345&#8243; text_weight=&#8220;400&#8243; text_height=&#8220;fontheight-159127&#8243; uncode_shortcode_id=&#8220;197415&#8243; text_color_type=&#8220;uncode-palette&#8220;]LIVE-MUSIK IN EINZIGARTIGER ATMOSPH\u00c4RE[\/vc_custom_heading][\/vc_column][vc_column column_width_percent=&#8220;100&#8243; position_horizontal=&#8220;left&#8220; gutter_size=&#8220;3&#8243; overlay_alpha=&#8220;50&#8243; shift_x=&#8220;0&#8243; shift_y=&#8220;0&#8243; shift_y_down=&#8220;0&#8243; z_index=&#8220;0&#8243; medium_width=&#8220;4&#8243; mobile_width=&#8220;7&#8243; width=&#8220;2\/4&#8243;][vc_custom_heading heading_semantic=&#8220;p&#8220; text_font=&#8220;font-875416&#8243; text_size=&#8220;fontsize-495345&#8243; text_weight=&#8220;400&#8243; text_height=&#8220;fontheight-206872&#8243; el_class=&#8220;tabletTipografia&#8220; uncode_shortcode_id=&#8220;101814&#8243;]<span style=\"font-weight: 400;\">Diesen Sommer genie\u00dfen Sie die beste Live-Musik in Barcelona: Salsa-, Rock-, Pop- und Rumba-Konzerte unter freiem Himmel, in einem historischen und monumentalen Veranstaltungsort der Stadt und in einem neuen Raum, der so gestaltet ist, dass Ihr Erlebnis weit \u00fcber die Musik hinausgeht&#8230; Verpassen Sie nicht die Live Nights im Poble!<\/span>[\/vc_custom_heading][vc_empty_space empty_h=&#8220;3&#8243; medium_visibility=&#8220;yes&#8220; mobile_visibility=&#8220;yes&#8220;][\/vc_column][vc_column column_width_percent=&#8220;100&#8243; align_horizontal=&#8220;align_right&#8220; gutter_size=&#8220;0&#8243; override_padding=&#8220;yes&#8220; column_padding=&#8220;0&#8243; expand_height=&#8220;yes&#8220; overlay_alpha=&#8220;50&#8243; shift_x=&#8220;0&#8243; shift_y=&#8220;0&#8243; shift_y_down=&#8220;0&#8243; z_index=&#8220;0&#8243; medium_width=&#8220;2&#8243; mobile_width=&#8220;7&#8243; width=&#8220;1\/4&#8243;][vc_single_image media=&#8220;251875&#8243; media_width_percent=&#8220;100&#8243; media_ratio=&#8220;one-one&#8220; advanced=&#8220;yes&#8220; media_overlay_opacity=&#8220;1&#8243; media_overlay_anim=&#8220;no&#8220; media_text_anim=&#8220;no&#8220; media_image_anim=&#8220;no&#8220; media_padding=&#8220;5&#8243; el_class=&#8220;arc-radius&#8220; uncode_shortcode_id=&#8220;634842&#8243;][\/vc_column][\/vc_row][vc_row unlock_row_content=&#8220;yes&#8220; row_height_percent=&#8220;0&#8243; override_padding=&#8220;yes&#8220; h_padding=&#8220;2&#8243; top_padding=&#8220;1&#8243; bottom_padding=&#8220;0&#8243; overlay_alpha=&#8220;50&#8243; gutter_size=&#8220;2&#8243; column_width_percent=&#8220;100&#8243; shift_y=&#8220;0&#8243; z_index=&#8220;0&#8243; uncode_shortcode_id=&#8220;234308&#8243;][vc_column column_width_percent=&#8220;100&#8243; gutter_size=&#8220;3&#8243; overlay_alpha=&#8220;50&#8243; shift_x=&#8220;0&#8243; shift_y=&#8220;0&#8243; shift_y_down=&#8220;0&#8243; z_index=&#8220;0&#8243; medium_width=&#8220;0&#8243; mobile_width=&#8220;0&#8243; width=&#8220;1\/1&#8243;][vc_separator sep_color=&#8220;color-770920&#8243;][\/vc_column][\/vc_row][vc_row unlock_row_content=&#8220;yes&#8220; row_height_percent=&#8220;0&#8243; override_padding=&#8220;yes&#8220; h_padding=&#8220;2&#8243; top_padding=&#8220;2&#8243; bottom_padding=&#8220;2&#8243; overlay_alpha=&#8220;50&#8243; gutter_size=&#8220;3&#8243; column_width_percent=&#8220;100&#8243; shift_y=&#8220;0&#8243; z_index=&#8220;0&#8243; inverted_device_order=&#8220;yes&#8220; el_class=&#8220;filaImatgeRadiusDretiText espaiTitulPrevi&#8220; uncode_shortcode_id=&#8220;904554&#8243;][vc_column column_width_percent=&#8220;100&#8243; gutter_size=&#8220;3&#8243; overlay_alpha=&#8220;50&#8243; shift_x=&#8220;0&#8243; shift_y=&#8220;0&#8243; shift_y_down=&#8220;0&#8243; z_index=&#8220;0&#8243; medium_width=&#8220;0&#8243; mobile_width=&#8220;0&#8243; width=&#8220;1\/2&#8243;][vc_single_image media=&#8220;178434&#8243; media_poster=&#8220;yes&#8220; media_width_percent=&#8220;100&#8243; advanced=&#8220;yes&#8220; media_overlay_opacity=&#8220;1&#8243; media_image_anim=&#8220;no&#8220; media_padding=&#8220;2&#8243; el_class=&#8220;arc-radius-lateral-dret-mig&#8220; uncode_shortcode_id=&#8220;180003&#8243;][\/vc_column][vc_column column_width_percent=&#8220;100&#8243; position_vertical=&#8220;middle&#8220; gutter_size=&#8220;3&#8243; override_padding=&#8220;yes&#8220; column_padding=&#8220;5&#8243; overlay_alpha=&#8220;50&#8243; shift_x=&#8220;0&#8243; shift_y=&#8220;0&#8243; shift_y_down=&#8220;0&#8243; z_index=&#8220;0&#8243; medium_width=&#8220;0&#8243; mobile_width=&#8220;0&#8243; width=&#8220;1\/2&#8243; el_class=&#8220;columnaNoPaddingTopMobile columnaNoPaddingLeftRightMobile&#8220; uncode_shortcode_id=&#8220;126341&#8243;][vc_custom_heading text_color=&#8220;color-107789&#8243; text_font=&#8220;font-643449&#8243; text_size=&#8220;fontsize-495345&#8243; text_weight=&#8220;400&#8243; text_transform=&#8220;uppercase&#8220; text_height=&#8220;fontheight-206872&#8243; uncode_shortcode_id=&#8220;354663&#8243; text_color_type=&#8220;uncode-palette&#8220;]MEHR ALS 30 RUMBA-, ROCK-, POP- UND SALSA-KONZERTE[\/vc_custom_heading][vc_column_text uncode_shortcode_id=&#8220;186321&#8243;]<\/p>\n<p data-start=\"0\" data-end=\"397\">Vom 30. Juli bis 31. August 2025 kehren unsere Live Nights zur\u00fcck \u2013 frischer und aufregender denn je! Dieses Jahr erfinden wir jedes Event neu, um dein Erlebnis noch spezieller und einzigartiger zu machen. Genie\u00dfe vier verschiedene Live-Musik-Reihen in einer \u00fcberraschenden Open-Air-Atmosph\u00e4re, mit Speiseangeboten, erfrischenden Cocktails und DJ-Sessions vor und nach jedem Konzert.<\/p>\n<p data-start=\"399\" data-end=\"750\">Fiesta Caribe (Salsa &amp; Bachata), Rock&amp;Grill (Rock &amp; Grillgerichte), The 90\u2019s Queens\u2019 Nights (eine Hommage an die Divas der 90er) und Fritanga! (Tapas &amp; Rumba) sind die vier Musikreihen, die dir das Poble Espanyol diesen Sommer bietet, um die N\u00e4chte von Einheimischen und Besuchern gleicherma\u00dfen mit Geschmack, Rhythmus und gro\u00dfartiger Musik zu f\u00fcllen.<\/p>\n<p>[\/vc_column_text][\/vc_column][\/vc_row][vc_row unlock_row_content=&#8220;yes&#8220; row_height_percent=&#8220;0&#8243; override_padding=&#8220;yes&#8220; h_padding=&#8220;2&#8243; top_padding=&#8220;1&#8243; bottom_padding=&#8220;0&#8243; overlay_alpha=&#8220;50&#8243; gutter_size=&#8220;2&#8243; column_width_percent=&#8220;100&#8243; shift_y=&#8220;0&#8243; z_index=&#8220;0&#8243; uncode_shortcode_id=&#8220;234308&#8243;][vc_column column_width_percent=&#8220;100&#8243; gutter_size=&#8220;3&#8243; overlay_alpha=&#8220;50&#8243; shift_x=&#8220;0&#8243; shift_y=&#8220;0&#8243; shift_y_down=&#8220;0&#8243; z_index=&#8220;0&#8243; medium_width=&#8220;0&#8243; mobile_width=&#8220;0&#8243; width=&#8220;1\/1&#8243;][vc_separator sep_color=&#8220;color-770920&#8243;][\/vc_column][\/vc_row][vc_row][vc_column width=&#8220;1\/1&#8243;][uncode_block id=&#8220;90044&#8243;][\/vc_column][\/vc_row][vc_row unlock_row_content=&#8220;yes&#8220; row_height_percent=&#8220;0&#8243; override_padding=&#8220;yes&#8220; h_padding=&#8220;2&#8243; top_padding=&#8220;0&#8243; bottom_padding=&#8220;3&#8243; overlay_alpha=&#8220;50&#8243; gutter_size=&#8220;2&#8243; column_width_percent=&#8220;100&#8243; shift_y=&#8220;0&#8243; z_index=&#8220;0&#8243; uncode_shortcode_id=&#8220;194937&#8243;][vc_column column_width_percent=&#8220;100&#8243; position_horizontal=&#8220;left&#8220; gutter_size=&#8220;3&#8243; overlay_alpha=&#8220;50&#8243; shift_x=&#8220;0&#8243; shift_y=&#8220;0&#8243; shift_y_down=&#8220;0&#8243; z_index=&#8220;0&#8243; medium_width=&#8220;2&#8243; mobile_width=&#8220;7&#8243; width=&#8220;1\/4&#8243;][vc_custom_heading text_color=&#8220;color-107789&#8243; text_font=&#8220;font-643449&#8243; text_size=&#8220;fontsize-495345&#8243; text_weight=&#8220;400&#8243; text_height=&#8220;fontheight-159127&#8243; uncode_shortcode_id=&#8220;180600&#8243; text_color_type=&#8220;uncode-palette&#8220;]DER DORF-BEREICH, EIN ECHTES ERLEBNIS[\/vc_custom_heading][\/vc_column][vc_column column_width_percent=&#8220;100&#8243; position_horizontal=&#8220;left&#8220; gutter_size=&#8220;3&#8243; overlay_alpha=&#8220;50&#8243; shift_x=&#8220;0&#8243; shift_y=&#8220;0&#8243; shift_y_down=&#8220;0&#8243; z_index=&#8220;0&#8243; medium_width=&#8220;4&#8243; mobile_width=&#8220;7&#8243; width=&#8220;2\/4&#8243;][vc_custom_heading heading_semantic=&#8220;p&#8220; text_font=&#8220;font-875416&#8243; text_size=&#8220;fontsize-495345&#8243; text_weight=&#8220;400&#8243; text_height=&#8220;fontheight-206872&#8243; el_class=&#8220;tabletTipografia&#8220; uncode_shortcode_id=&#8220;176688&#8243;]<span style=\"font-weight: 400;\">Zum ersten Mal werden die Bereiche der Marquee und des Poble Picnic zum Village, einem gro\u00dfen Open-Air-Bereich, der speziell daf\u00fcr gestaltet wurde, dein Erlebnis im Poble so angenehm und unvergesslich wie m\u00f6glich zu machen. Vor und nach jedem Konzert kannst du einen Drink genie\u00dfen, lokale gastronomische Angebote probieren und dich bei Ambient-Musik in einem Raum entspannen, den du lieben wirst. Genie\u00dfe die Nacht in Barcelona&#8230; Kannst du dir einen besseren Ort vorstellen?<\/span>[\/vc_custom_heading][vc_empty_space empty_h=&#8220;3&#8243; medium_visibility=&#8220;yes&#8220; mobile_visibility=&#8220;yes&#8220;][\/vc_column][vc_column column_width_percent=&#8220;100&#8243; align_horizontal=&#8220;align_right&#8220; gutter_size=&#8220;0&#8243; override_padding=&#8220;yes&#8220; column_padding=&#8220;0&#8243; expand_height=&#8220;yes&#8220; overlay_alpha=&#8220;50&#8243; shift_x=&#8220;0&#8243; shift_y=&#8220;0&#8243; shift_y_down=&#8220;0&#8243; z_index=&#8220;0&#8243; medium_width=&#8220;2&#8243; mobile_width=&#8220;7&#8243; width=&#8220;1\/4&#8243;][vc_single_image media=&#8220;251868&#8243; media_width_percent=&#8220;100&#8243; media_ratio=&#8220;one-one&#8220; advanced=&#8220;yes&#8220; media_overlay_opacity=&#8220;1&#8243; media_overlay_anim=&#8220;no&#8220; media_text_anim=&#8220;no&#8220; media_image_anim=&#8220;no&#8220; media_padding=&#8220;5&#8243; el_class=&#8220;arc-radius&#8220; uncode_shortcode_id=&#8220;528763&#8243;][\/vc_column][\/vc_row][vc_row unlock_row_content=&#8220;yes&#8220; row_height_percent=&#8220;0&#8243; override_padding=&#8220;yes&#8220; h_padding=&#8220;2&#8243; top_padding=&#8220;1&#8243; bottom_padding=&#8220;0&#8243; overlay_alpha=&#8220;50&#8243; gutter_size=&#8220;2&#8243; column_width_percent=&#8220;100&#8243; shift_y=&#8220;0&#8243; z_index=&#8220;0&#8243; uncode_shortcode_id=&#8220;234308&#8243;][vc_column column_width_percent=&#8220;100&#8243; gutter_size=&#8220;3&#8243; overlay_alpha=&#8220;50&#8243; shift_x=&#8220;0&#8243; shift_y=&#8220;0&#8243; shift_y_down=&#8220;0&#8243; z_index=&#8220;0&#8243; medium_width=&#8220;0&#8243; mobile_width=&#8220;0&#8243; width=&#8220;1\/1&#8243;][vc_separator sep_color=&#8220;color-770920&#8243;][\/vc_column][\/vc_row][vc_row][vc_column width=&#8220;1\/1&#8243;][uncode_block id=&#8220;90044&#8243;][\/vc_column][\/vc_row][vc_row unlock_row_content=&#8220;yes&#8220; row_height_percent=&#8220;0&#8243; override_padding=&#8220;yes&#8220; h_padding=&#8220;2&#8243; top_padding=&#8220;0&#8243; bottom_padding=&#8220;3&#8243; overlay_alpha=&#8220;50&#8243; gutter_size=&#8220;0&#8243; column_width_percent=&#8220;100&#8243; shift_y=&#8220;0&#8243; z_index=&#8220;0&#8243; el_class=&#8220;subheadingGaudeix&#8220; uncode_shortcode_id=&#8220;134477&#8243;][vc_column column_width_percent=&#8220;100&#8243; gutter_size=&#8220;3&#8243; overlay_alpha=&#8220;50&#8243; shift_x=&#8220;0&#8243; shift_y=&#8220;0&#8243; shift_y_down=&#8220;0&#8243; z_index=&#8220;0&#8243; medium_width=&#8220;2&#8243; align_mobile=&#8220;align_left_mobile&#8220; mobile_width=&#8220;0&#8243; width=&#8220;1\/4&#8243;][vc_custom_heading text_color=&#8220;color-107789&#8243; text_font=&#8220;font-643449&#8243; text_size=&#8220;fontsize-495345&#8243; text_weight=&#8220;400&#8243; text_height=&#8220;fontheight-159127&#8243; uncode_shortcode_id=&#8220;136405&#8243; text_color_type=&#8220;uncode-palette&#8220;]LIVE NIGHTS, EINZELN UND EINZIGARTIG[\/vc_custom_heading][vc_empty_space empty_h=&#8220;2&#8243; desktop_visibility=&#8220;yes&#8220; medium_visibility=&#8220;yes&#8220;][\/vc_column][vc_column column_width_percent=&#8220;100&#8243; position_horizontal=&#8220;left&#8220; gutter_size=&#8220;3&#8243; overlay_alpha=&#8220;50&#8243; shift_x=&#8220;0&#8243; shift_y=&#8220;0&#8243; shift_y_down=&#8220;0&#8243; z_index=&#8220;0&#8243; medium_width=&#8220;6&#8243; mobile_width=&#8220;0&#8243; width=&#8220;3\/4&#8243;][vc_row_inner row_inner_height_percent=&#8220;0&#8243; overlay_alpha=&#8220;50&#8243; equal_height=&#8220;yes&#8220; gutter_size=&#8220;0&#8243; shift_y=&#8220;0&#8243; z_index=&#8220;0&#8243; el_class=&#8220;blocColumnesImatge noShowTextMobile desktopPetitsReduirFont blocImatgesArrodonides&#8220; uncode_shortcode_id=&#8220;150513&#8243;][vc_column_inner column_width_percent=&#8220;100&#8243; gutter_size=&#8220;3&#8243; overlay_alpha=&#8220;50&#8243; border_style=&#8220;solid&#8220; shift_x=&#8220;0&#8243; shift_y=&#8220;0&#8243; shift_y_down=&#8220;0&#8243; z_index=&#8220;0&#8243; medium_width=&#8220;2&#8243; mobile_width=&#8220;4&#8243; width=&#8220;1\/4&#8243;][vc_single_image media=&#8220;178469&#8243; media_width_percent=&#8220;100&#8243; media_ratio=&#8220;one-one&#8220; alignment=&#8220;center&#8220; advanced=&#8220;yes&#8220; media_overlay_opacity=&#8220;1&#8243; media_overlay_anim=&#8220;no&#8220; media_text_anim=&#8220;no&#8220; media_image_anim=&#8220;no&#8220; media_padding=&#8220;5&#8243; el_class=&#8220;arc-radius&#8220; uncode_shortcode_id=&#8220;210211&#8243; media_link=&#8220;url:https%3A%2F%2Fpoble-espanyol.com%2Fen%2Factivity%2Fblues-nights%2F&#8220;][vc_custom_heading heading_semantic=&#8220;h3&#8243; text_font=&#8220;font-875416&#8243; text_size=&#8220;fontsize-495345&#8243; text_weight=&#8220;400&#8243; text_height=&#8220;fontheight-206872&#8243; subheading=&#8220;Salsa, Bachata und noch viel mehr!<\/p>\n<p>Mittwochabende in diesem Sommer sind eine Reise in die Karibik mit allen f\u00fcnf Sinnen: Salsa, Bachata, Cocktails mit viel azzzz\u00facar und k\u00f6stliche karibische Gerichte erwarten dich!&#8220; el_class=&#8220;sizeMobile&#8220; uncode_shortcode_id=&#8220;151813&#8243;]Fiesta Caribe[\/vc_custom_heading][vc_button size=&#8220;link&#8220; btn_link_size=&#8220;fontsize-847074&#8243; custom_typo=&#8220;yes&#8220; font_family=&#8220;font-875416&#8243; font_weight=&#8220;400&#8243; el_class=&#8220;links&#8220; link=&#8220;url:https%3A%2F%2Fpoble-espanyol.com%2Fen%2Factivity%2Ffiesta-caribe%2F&#8220; uncode_shortcode_id=&#8220;522111&#8243;]More Information[\/vc_button][\/vc_column_inner][vc_column_inner column_width_percent=&#8220;100&#8243; gutter_size=&#8220;3&#8243; overlay_alpha=&#8220;50&#8243; shift_x=&#8220;0&#8243; shift_y=&#8220;0&#8243; shift_y_down=&#8220;0&#8243; z_index=&#8220;0&#8243; medium_width=&#8220;2&#8243; mobile_width=&#8220;4&#8243; width=&#8220;1\/4&#8243;][vc_single_image media=&#8220;178479&#8243; media_width_percent=&#8220;100&#8243; media_ratio=&#8220;one-one&#8220; alignment=&#8220;center&#8220; advanced=&#8220;yes&#8220; media_overlay_opacity=&#8220;1&#8243; media_overlay_anim=&#8220;no&#8220; media_text_anim=&#8220;no&#8220; media_image_anim=&#8220;no&#8220; media_padding=&#8220;5&#8243; el_class=&#8220;arc-radius&#8220; uncode_shortcode_id=&#8220;178066&#8243; media_link=&#8220;url:https%3A%2F%2Fpoble-espanyol.com%2Fen%2Factivity%2Frock-grill%2F&#8220;][vc_custom_heading heading_semantic=&#8220;h3&#8243; text_font=&#8220;font-875416&#8243; text_size=&#8220;fontsize-495345&#8243; text_weight=&#8220;400&#8243; text_height=&#8220;fontheight-206872&#8243; subheading=&#8220;Das ultimative Rock-Tribute-Festival<\/p>\n<p>Die 9. Ausgabe dieses kraftvollen Festivals steht bevor. Sechs kraftvolle Open-Air-Konzerte, purer Rock, die besten Mahou-Biere und leckere Burger und Rippchen!&#8220; el_class=&#8220;sizeMobile&#8220; uncode_shortcode_id=&#8220;129068&#8243;]Rock&amp;Grill[\/vc_custom_heading][vc_button size=&#8220;link&#8220; btn_link_size=&#8220;fontsize-847074&#8243; custom_typo=&#8220;yes&#8220; font_family=&#8220;font-875416&#8243; font_weight=&#8220;400&#8243; el_class=&#8220;links&#8220; link=&#8220;url:https%3A%2F%2Fpoble-espanyol.com%2Fen%2Factivity%2Frock-grill-2%2F&#8220; uncode_shortcode_id=&#8220;588026&#8243;]More Information[\/vc_button][\/vc_column_inner][vc_column_inner column_width_percent=&#8220;100&#8243; gutter_size=&#8220;3&#8243; overlay_alpha=&#8220;50&#8243; shift_x=&#8220;0&#8243; shift_y=&#8220;0&#8243; shift_y_down=&#8220;0&#8243; z_index=&#8220;0&#8243; medium_width=&#8220;2&#8243; mobile_width=&#8220;4&#8243; width=&#8220;1\/4&#8243;][vc_single_image media=&#8220;251894&#8243; media_width_percent=&#8220;100&#8243; media_ratio=&#8220;one-one&#8220; alignment=&#8220;center&#8220; advanced=&#8220;yes&#8220; media_overlay_opacity=&#8220;1&#8243; media_overlay_anim=&#8220;no&#8220; media_text_anim=&#8220;no&#8220; media_image_anim=&#8220;no&#8220; media_padding=&#8220;5&#8243; el_class=&#8220;arc-radius&#8220; uncode_shortcode_id=&#8220;655024&#8243;][vc_custom_heading heading_semantic=&#8220;h3&#8243; text_font=&#8220;font-875416&#8243; text_size=&#8220;fontsize-495345&#8243; text_weight=&#8220;400&#8243; text_height=&#8220;fontheight-206872&#8243; subheading=&#8220;Eine Reise in die Vergangenheit mit musikalischen Hits<\/p>\n<p>Die Sommerfreitage werden neu erfunden mit den besten Tribut-Bands zu den ikonischsten Popstimmen und Bands der 90er Jahre.&#8220; el_class=&#8220;sizeMobile&#8220; uncode_shortcode_id=&#8220;180161&#8243;]The 90&#8217;s Queens&#8216; Nights[\/vc_custom_heading][vc_button size=&#8220;link&#8220; btn_link_size=&#8220;fontsize-847074&#8243; custom_typo=&#8220;yes&#8220; font_family=&#8220;font-875416&#8243; font_weight=&#8220;400&#8243; el_class=&#8220;links&#8220; uncode_shortcode_id=&#8220;924591&#8243; link=&#8220;url:https%3A%2F%2Fpoble-espanyol.com%2Fen%2Factivity%2Fthe-90s-queens-nights%2F&#8220;]More Information[\/vc_button][\/vc_column_inner][vc_column_inner column_width_percent=&#8220;100&#8243; gutter_size=&#8220;3&#8243; overlay_alpha=&#8220;50&#8243; shift_x=&#8220;0&#8243; shift_y=&#8220;0&#8243; shift_y_down=&#8220;0&#8243; z_index=&#8220;0&#8243; medium_width=&#8220;2&#8243; mobile_width=&#8220;4&#8243; width=&#8220;1\/4&#8243;][vc_single_image media=&#8220;178500&#8243; media_width_percent=&#8220;100&#8243; media_ratio=&#8220;one-one&#8220; alignment=&#8220;center&#8220; advanced=&#8220;yes&#8220; media_overlay_opacity=&#8220;1&#8243; media_overlay_anim=&#8220;no&#8220; media_text_anim=&#8220;no&#8220; media_image_anim=&#8220;no&#8220; media_padding=&#8220;5&#8243; el_class=&#8220;arc-radius&#8220; uncode_shortcode_id=&#8220;152834&#8243; media_link=&#8220;url:https%3A%2F%2Fpoble-espanyol.com%2Fen%2Factivity%2Frumba-sunsets%2F&#8220;][vc_custom_heading heading_semantic=&#8220;h3&#8243; text_font=&#8220;font-875416&#8243; text_size=&#8220;fontsize-495345&#8243; text_weight=&#8220;400&#8243; text_height=&#8220;fontheight-206872&#8243; subheading=&#8220;Tapas und Party<\/p>\n<p>Samstage sind ein rundum Erlebnis mit der unbeschwertesten Rumba, Party, Tinto de Verano, Mojitos und typischen spanischen Tapas (inklusive Fritanga!), alles zusammen!&#8220; el_class=&#8220;sizeMobile&#8220; uncode_shortcode_id=&#8220;188670&#8243;]Fritanga![\/vc_custom_heading][vc_button size=&#8220;link&#8220; btn_link_size=&#8220;fontsize-847074&#8243; custom_typo=&#8220;yes&#8220; font_family=&#8220;font-875416&#8243; font_weight=&#8220;400&#8243; el_class=&#8220;links&#8220; uncode_shortcode_id=&#8220;315776&#8243; link=&#8220;url:https%3A%2F%2Fpoble-espanyol.com%2Fen%2Factivity%2Frumba-sunsets-2%2F&#8220;]More Information[\/vc_button][\/vc_column_inner][\/vc_row_inner][\/vc_column][\/vc_row][vc_row][vc_column width=&#8220;1\/1&#8243;][uncode_block id=&#8220;90044&#8243;][\/vc_column][\/vc_row][vc_row][vc_column width=&#8220;1\/1&#8243;][uncode_block id=&#8220;90044&#8243;][\/vc_column][\/vc_row][vc_row row_height_percent=&#8220;0&#8243; overlay_alpha=&#8220;50&#8243; gutter_size=&#8220;3&#8243; column_width_percent=&#8220;100&#8243; shift_y=&#8220;0&#8243; z_index=&#8220;0&#8243; desktop_visibility=&#8220;yes&#8220; uncode_shortcode_id=&#8220;180918&#8243;][vc_column width=&#8220;1\/1&#8243;][uncode_block id=&#8220;90044&#8243; inside_column=&#8220;yes&#8220;][\/vc_column][\/vc_row]<\/p>\n<\/div>","protected":false},"excerpt":{"rendered":"<p>[vc_row unlock_row_content=&#8220;yes&#8220; row_height_percent=&#8220;0&#8243; override_padding=&#8220;yes&#8220; h_padding=&#8220;2&#8243; top_padding=&#8220;2&#8243; bottom_padding=&#8220;2&#8243; overlay_alpha=&#8220;50&#8243; gutter_size=&#8220;2&#8243; column_width_percent=&#8220;100&#8243; shift_y=&#8220;0&#8243; z_index=&#8220;0&#8243; uncode_shortcode_id=&#8220;173677&#8243; el_class=&#8220;espaiTitulPrevi&#8220;][vc_column column_width_percent=&#8220;100&#8243; gutter_size=&#8220;3&#8243; overlay_alpha=&#8220;50&#8243; shift_x=&#8220;0&#8243; shift_y=&#8220;0&#8243; shift_y_down=&#8220;0&#8243; [&hellip;]<\/p>\n","protected":false},"author":7,"featured_media":266158,"parent":0,"menu_order":16,"comment_status":"closed","ping_status":"closed","template":"","meta":{"_acf_changed":false,"footnotes":""},"class_list":["post-266999","page","type-page","status-publish","has-post-thumbnail","hentry"],"acf":[],"_links":{"self":[{"href":"https:\/\/poble-espanyol.com\/de\/wp-json\/wp\/v2\/pages\/266999","targetHints":{"allow":["GET"]}}],"collection":[{"href":"https:\/\/poble-espanyol.com\/de\/wp-json\/wp\/v2\/pages"}],"about":[{"href":"https:\/\/poble-espanyol.com\/de\/wp-json\/wp\/v2\/types\/page"}],"author":[{"embeddable":true,"href":"https:\/\/poble-espanyol.com\/de\/wp-json\/wp\/v2\/users\/7"}],"replies":[{"embeddable":true,"href":"https:\/\/poble-espanyol.com\/de\/wp-json\/wp\/v2\/comments?post=266999"}],"version-history":[{"count":2,"href":"https:\/\/poble-espanyol.com\/de\/wp-json\/wp\/v2\/pages\/266999\/revisions"}],"predecessor-version":[{"id":267025,"href":"https:\/\/poble-espanyol.com\/de\/wp-json\/wp\/v2\/pages\/266999\/revisions\/267025"}],"wp:featuredmedia":[{"embeddable":true,"href":"https:\/\/poble-espanyol.com\/de\/wp-json\/wp\/v2\/media\/266158"}],"wp:attachment":[{"href":"https:\/\/poble-espanyol.com\/de\/wp-json\/wp\/v2\/media?parent=266999"}],"curies":[{"name":"wp","href":"https:\/\/api.w.org\/{rel}","templated":true}]}}