{"id":267003,"date":"2022-03-18T13:12:35","date_gmt":"2022-03-18T11:12:35","guid":{"rendered":"https:\/\/poble-espanyol.com\/aktivitaeten\/family-activities\/"},"modified":"2025-07-17T15:32:33","modified_gmt":"2025-07-17T13:32:33","slug":"familienaktivitaeten","status":"publish","type":"page","link":"https:\/\/poble-espanyol.com\/de\/aktivitaeten\/familienaktivitaeten\/","title":{"rendered":"Familienaktivit\u00e4ten"},"content":{"rendered":"<div class=\"wpb-content-wrapper\"><p>[vc_row unlock_row_content=&#8220;yes&#8220; row_height_percent=&#8220;0&#8243; override_padding=&#8220;yes&#8220; h_padding=&#8220;2&#8243; top_padding=&#8220;2&#8243; bottom_padding=&#8220;3&#8243; overlay_alpha=&#8220;50&#8243; gutter_size=&#8220;3&#8243; column_width_percent=&#8220;100&#8243; shift_y=&#8220;0&#8243; z_index=&#8220;0&#8243; mobile_visibility=&#8220;yes&#8220; el_class=&#8220;etRecomanem arrowsPosts&#8220; uncode_shortcode_id=&#8220;126617&#8243;][vc_column column_width_percent=&#8220;100&#8243; gutter_size=&#8220;3&#8243; overlay_alpha=&#8220;50&#8243; shift_x=&#8220;0&#8243; shift_y=&#8220;0&#8243; shift_y_down=&#8220;0&#8243; z_index=&#8220;0&#8243; medium_width=&#8220;2&#8243; mobile_width=&#8220;7&#8243; width=&#8220;1\/4&#8243;][vc_custom_heading text_color=&#8220;color-107789&#8243; text_font=&#8220;font-643449&#8243; text_size=&#8220;fontsize-495345&#8243; text_weight=&#8220;400&#8243; text_height=&#8220;fontheight-159127&#8243; uncode_shortcode_id=&#8220;205841&#8243; text_color_type=&#8220;uncode-palette&#8220;]<\/p>\n<p data-start=\"0\" data-end=\"33\">WIR EMPFEHLEN IHNEN<\/p>\n<p>[\/vc_custom_heading][vc_row_inner row_inner_height_percent=&#8220;0&#8243; overlay_alpha=&#8220;50&#8243; equal_height=&#8220;yes&#8220; gutter_size=&#8220;0&#8243; shift_y=&#8220;0&#8243; z_index=&#8220;0&#8243; mobile_visibility=&#8220;yes&#8220;][vc_column_inner column_width_percent=&#8220;100&#8243; gutter_size=&#8220;3&#8243; overlay_alpha=&#8220;50&#8243; shift_x=&#8220;0&#8243; shift_y=&#8220;0&#8243; shift_y_down=&#8220;0&#8243; z_index=&#8220;0&#8243; medium_width=&#8220;0&#8243; mobile_width=&#8220;0&#8243; width=&#8220;1\/1&#8243;][vc_column_text uncode_shortcode_id=&#8220;777102&#8243;]<div id=\"prev-index-187892\" class=\"my-controls-btns prev-my-controls-btns\"><svg width=\"13\" height=\"24\" viewBox=\"0 0 13 24\" fill=\"none\" xmlns=\"http:\/\/www.w3.org\/2000\/svg\"><path d=\"M12 1L1 12L12 23\" stroke-linecap=\"round\" stroke-linejoin=\"round\"\/><\/svg><\/div><div id=\"next-index-187892\" class=\"my-controls-btns next-my-controls-btns\"><svg width=\"13\" height=\"24\" viewBox=\"0 0 13 24\" fill=\"none\" xmlns=\"http:\/\/www.w3.org\/2000\/svg\"><path d=\"M1 23L12 12L1 0.999998\" stroke-linecap=\"round\" stroke-linejoin=\"round\"\/><\/svg><\/div>[\/vc_column_text][\/vc_column_inner][\/vc_row_inner][\/vc_column][vc_column column_width_percent=&#8220;100&#8243; gutter_size=&#8220;3&#8243; override_padding=&#8220;yes&#8220; column_padding=&#8220;0&#8243; overlay_alpha=&#8220;50&#8243; shift_x=&#8220;0&#8243; shift_y=&#8220;0&#8243; shift_y_down=&#8220;0&#8243; z_index=&#8220;0&#8243; medium_width=&#8220;6&#8243; mobile_width=&#8220;0&#8243; width=&#8220;3\/4&#8243; el_class=&#8220;radiusImage&#8220;][vc_column_text uncode_shortcode_id=&#8220;153714&#8243;][\/vc_column_text][\/vc_column][\/vc_row][vc_row unlock_row_content=&#8220;yes&#8220; row_height_percent=&#8220;0&#8243; override_padding=&#8220;yes&#8220; h_padding=&#8220;2&#8243; top_padding=&#8220;0&#8243; bottom_padding=&#8220;0&#8243; overlay_alpha=&#8220;50&#8243; gutter_size=&#8220;2&#8243; column_width_percent=&#8220;100&#8243; shift_y=&#8220;0&#8243; z_index=&#8220;0&#8243; mobile_visibility=&#8220;yes&#8220;][vc_column column_width_percent=&#8220;100&#8243; gutter_size=&#8220;3&#8243; overlay_alpha=&#8220;50&#8243; shift_x=&#8220;0&#8243; shift_y=&#8220;0&#8243; shift_y_down=&#8220;0&#8243; z_index=&#8220;0&#8243; medium_width=&#8220;0&#8243; mobile_width=&#8220;0&#8243; width=&#8220;1\/1&#8243;][vc_separator sep_color=&#8220;color-770920&#8243;][\/vc_column][\/vc_row][vc_row unlock_row_content=&#8220;yes&#8220; row_height_percent=&#8220;0&#8243; override_padding=&#8220;yes&#8220; h_padding=&#8220;2&#8243; top_padding=&#8220;2&#8243; bottom_padding=&#8220;3&#8243; back_color=&#8220;color-892728&#8243; overlay_alpha=&#8220;50&#8243; gutter_size=&#8220;3&#8243; column_width_percent=&#8220;100&#8243; shift_y=&#8220;0&#8243; z_index=&#8220;0&#8243; desktop_visibility=&#8220;yes&#8220; medium_visibility=&#8220;yes&#8220; el_class=&#8220;etRecomanem&#8220; uncode_shortcode_id=&#8220;137855&#8243; back_color_type=&#8220;uncode-palette&#8220;][vc_column column_width_percent=&#8220;100&#8243; gutter_size=&#8220;3&#8243; overlay_alpha=&#8220;50&#8243; shift_x=&#8220;0&#8243; shift_y=&#8220;0&#8243; shift_y_down=&#8220;0&#8243; z_index=&#8220;0&#8243; medium_width=&#8220;2&#8243; mobile_width=&#8220;7&#8243; width=&#8220;1\/4&#8243;][vc_custom_heading text_color=&#8220;color-107789&#8243; text_font=&#8220;font-643449&#8243; text_size=&#8220;fontsize-495345&#8243; text_weight=&#8220;400&#8243; text_height=&#8220;fontheight-159127&#8243; uncode_shortcode_id=&#8220;203548&#8243; text_color_type=&#8220;uncode-palette&#8220;]WIR EMPFEHLEN IHNEN[\/vc_custom_heading][\/vc_column][vc_column column_width_percent=&#8220;100&#8243; gutter_size=&#8220;3&#8243; override_padding=&#8220;yes&#8220; column_padding=&#8220;0&#8243; overlay_alpha=&#8220;50&#8243; shift_x=&#8220;0&#8243; shift_y=&#8220;0&#8243; shift_y_down=&#8220;0&#8243; z_index=&#8220;0&#8243; medium_width=&#8220;6&#8243; mobile_width=&#8220;0&#8243; width=&#8220;3\/4&#8243; el_class=&#8220;radiusImage&#8220;][vc_column_text uncode_shortcode_id=&#8220;789160&#8243;][\/vc_column_text][\/vc_column][\/vc_row][vc_row unlock_row_content=&#8220;yes&#8220; row_height_percent=&#8220;0&#8243; override_padding=&#8220;yes&#8220; h_padding=&#8220;2&#8243; top_padding=&#8220;2&#8243; bottom_padding=&#8220;1&#8243; overlay_alpha=&#8220;50&#8243; gutter_size=&#8220;2&#8243; column_width_percent=&#8220;100&#8243; shift_y=&#8220;0&#8243; z_index=&#8220;0&#8243; uncode_shortcode_id=&#8220;512325&#8243; el_class=&#8220;espaiTitulPrevi&#8220;][vc_column column_width_percent=&#8220;100&#8243; gutter_size=&#8220;3&#8243; overlay_alpha=&#8220;50&#8243; shift_x=&#8220;0&#8243; shift_y=&#8220;0&#8243; shift_y_down=&#8220;0&#8243; z_index=&#8220;0&#8243; medium_width=&#8220;0&#8243; mobile_width=&#8220;7&#8243; width=&#8220;1\/4&#8243;][vc_custom_heading heading_semantic=&#8220;h4&#8243; text_font=&#8220;font-538551&#8243; text_size=&#8220;fontsize-847074&#8243; text_weight=&#8220;400&#8243; text_height=&#8220;fontheight-846199&#8243; text_space=&#8220;fontspace-861442&#8243; uncode_shortcode_id=&#8220;772408&#8243;]VERPASSEN SIE SIE NICHT[\/vc_custom_heading][vc_custom_heading text_color=&#8220;color-107789&#8243; text_font=&#8220;font-643449&#8243; text_size=&#8220;fontsize-495345&#8243; text_weight=&#8220;400&#8243; text_height=&#8220;fontheight-159127&#8243; uncode_shortcode_id=&#8220;154975&#8243; text_color_type=&#8220;uncode-palette&#8220;]KOMMENDE VERANSTALTUNGEN[\/vc_custom_heading][\/vc_column][vc_column width=&#8220;3\/4&#8243;][\/vc_column][\/vc_row][vc_row][vc_column width=&#8220;1\/1&#8243;][uncode_block id=&#8220;91061&#8243;][\/vc_column][\/vc_row][vc_row unlock_row_content=&#8220;yes&#8220; row_height_percent=&#8220;0&#8243; override_padding=&#8220;yes&#8220; h_padding=&#8220;2&#8243; top_padding=&#8220;1&#8243; bottom_padding=&#8220;2&#8243; overlay_alpha=&#8220;50&#8243; gutter_size=&#8220;2&#8243; column_width_percent=&#8220;100&#8243; shift_y=&#8220;0&#8243; z_index=&#8220;0&#8243;][vc_column column_width_percent=&#8220;100&#8243; gutter_size=&#8220;3&#8243; overlay_alpha=&#8220;50&#8243; shift_x=&#8220;0&#8243; shift_y=&#8220;0&#8243; shift_y_down=&#8220;0&#8243; z_index=&#8220;0&#8243; medium_width=&#8220;0&#8243; mobile_width=&#8220;0&#8243; width=&#8220;1\/1&#8243;][vc_separator sep_color=&#8220;color-770920&#8243;][\/vc_column][\/vc_row][vc_row unlock_row_content=&#8220;yes&#8220; row_height_percent=&#8220;0&#8243; override_padding=&#8220;yes&#8220; h_padding=&#8220;2&#8243; top_padding=&#8220;2&#8243; bottom_padding=&#8220;3&#8243; overlay_alpha=&#8220;50&#8243; gutter_size=&#8220;3&#8243; column_width_percent=&#8220;100&#8243; shift_y=&#8220;0&#8243; z_index=&#8220;0&#8243; mobile_visibility=&#8220;yes&#8220; el_class=&#8220;etRecomanem arrowsPosts espaiTitulPrevi&#8220; uncode_shortcode_id=&#8220;400168&#8243;][vc_column column_width_percent=&#8220;100&#8243; gutter_size=&#8220;3&#8243; overlay_alpha=&#8220;50&#8243; shift_x=&#8220;0&#8243; shift_y=&#8220;0&#8243; shift_y_down=&#8220;0&#8243; z_index=&#8220;0&#8243; medium_width=&#8220;2&#8243; mobile_width=&#8220;7&#8243; width=&#8220;1\/4&#8243;][vc_custom_heading heading_semantic=&#8220;h4&#8243; text_font=&#8220;font-538551&#8243; text_size=&#8220;fontsize-847074&#8243; text_weight=&#8220;400&#8243; text_height=&#8220;fontheight-846199&#8243; text_space=&#8220;fontspace-861442&#8243; el_class=&#8220;paddingHeadingTallers&#8220; uncode_shortcode_id=&#8220;933407&#8243;]CHARMANTE ORTE[\/vc_custom_heading][vc_custom_heading text_color=&#8220;color-107789&#8243; text_font=&#8220;font-643449&#8243; text_size=&#8220;fontsize-495345&#8243; text_weight=&#8220;400&#8243; text_height=&#8220;fontheight-159127&#8243; uncode_shortcode_id=&#8220;165540&#8243; text_color_type=&#8220;uncode-palette&#8220;]AUSSTELLUNGEN[\/vc_custom_heading][vc_row_inner row_inner_height_percent=&#8220;0&#8243; overlay_alpha=&#8220;50&#8243; equal_height=&#8220;yes&#8220; gutter_size=&#8220;0&#8243; shift_y=&#8220;0&#8243; z_index=&#8220;0&#8243; mobile_visibility=&#8220;yes&#8220;][vc_column_inner column_width_percent=&#8220;100&#8243; gutter_size=&#8220;3&#8243; overlay_alpha=&#8220;50&#8243; shift_x=&#8220;0&#8243; shift_y=&#8220;0&#8243; shift_y_down=&#8220;0&#8243; z_index=&#8220;0&#8243; medium_width=&#8220;0&#8243; mobile_width=&#8220;0&#8243; width=&#8220;1\/1&#8243;][vc_column_text uncode_shortcode_id=&#8220;185394&#8243;]<div id=\"prev-index-16302\" class=\"my-controls-btns prev-my-controls-btns\"><svg width=\"13\" height=\"24\" viewBox=\"0 0 13 24\" fill=\"none\" xmlns=\"http:\/\/www.w3.org\/2000\/svg\"><path d=\"M12 1L1 12L12 23\" stroke-linecap=\"round\" stroke-linejoin=\"round\"\/><\/svg><\/div><div id=\"next-index-16302\" class=\"my-controls-btns next-my-controls-btns\"><svg width=\"13\" height=\"24\" viewBox=\"0 0 13 24\" fill=\"none\" xmlns=\"http:\/\/www.w3.org\/2000\/svg\"><path d=\"M1 23L12 12L1 0.999998\" stroke-linecap=\"round\" stroke-linejoin=\"round\"\/><\/svg><\/div>[\/vc_column_text][\/vc_column_inner][\/vc_row_inner][\/vc_column][vc_column column_width_percent=&#8220;100&#8243; gutter_size=&#8220;3&#8243; override_padding=&#8220;yes&#8220; column_padding=&#8220;0&#8243; overlay_alpha=&#8220;50&#8243; shift_x=&#8220;0&#8243; shift_y=&#8220;0&#8243; shift_y_down=&#8220;0&#8243; z_index=&#8220;0&#8243; medium_width=&#8220;6&#8243; mobile_width=&#8220;0&#8243; width=&#8220;3\/4&#8243; el_class=&#8220;radiusImage&#8220;][uncode_index el_id=&#8220;index-16302&#8243; index_type=&#8220;carousel&#8220; loop=&#8220;size:10|order_by:date|order:DESC|post_type:exposicio|taxonomy_count:10&#8243; carousel_lg=&#8220;1&#8243; carousel_md=&#8220;1&#8243; carousel_sm=&#8220;1&#8243; thumb_size=&#8220;three-two&#8220; gutter_size=&#8220;3&#8243; post_items=&#8220;media|featured|onpost|original,title,date,text|excerpt,link|default|default_size|M\u00e9s informaci\u00f3&#8220; exposicio_items=&#8220;type,media|featured|onpost|original,title,preu_destacat,text_introductori,link|link|small_size|More information,url_comprar_entrades,dates_disponibles&#8220; activitat_items=&#8220;type,media|featured|onpost|original,title,preu_destacat,text_introductori,link|link|small_size|M\u00e9s informaci\u00f3,url_comprar_entrades,data_destacada&#8220; carousel_interval=&#8220;10000&#8243; carousel_navspeed=&#8220;400&#8243; carousel_loop=&#8220;yes&#8220; carousel_dots_mobile=&#8220;yes&#8220; stage_padding=&#8220;0&#8243; single_text=&#8220;lateral&#8220; single_image_position=&#8220;right&#8220; single_image_size=&#8220;6&#8243; single_overlay_opacity=&#8220;1&#8243; single_overlay_anim=&#8220;no&#8220; single_text_visible=&#8220;yes&#8220; single_text_anim=&#8220;no&#8220; single_image_anim=&#8220;no&#8220; single_padding=&#8220;2&#8243; single_title_family=&#8220;font-875416&#8243; single_title_dimension=&#8220;fontsize-495345&#8243; single_title_weight=&#8220;400&#8243; single_title_height=&#8220;fontheight-206872&#8243; single_border=&#8220;yes&#8220; el_class=&#8220;linksPost&#8220; uncode_shortcode_id=&#8220;163069&#8243;][\/vc_column][\/vc_row][vc_row unlock_row_content=&#8220;yes&#8220; row_height_percent=&#8220;0&#8243; override_padding=&#8220;yes&#8220; h_padding=&#8220;2&#8243; top_padding=&#8220;2&#8243; bottom_padding=&#8220;3&#8243; overlay_alpha=&#8220;50&#8243; equal_height=&#8220;yes&#8220; gutter_size=&#8220;0&#8243; column_width_percent=&#8220;100&#8243; shift_y=&#8220;0&#8243; z_index=&#8220;0&#8243; medium_visibility=&#8220;yes&#8220; mobile_visibility=&#8220;yes&#8220; el_class=&#8220;botonsLateralsArrodonits&#8220; uncode_shortcode_id=&#8220;996481&#8243;][vc_column column_width_percent=&#8220;100&#8243; gutter_size=&#8220;3&#8243; style=&#8220;dark&#8220; back_color=&#8220;color-918411&#8243; overlay_color=&#8220;color-391721&#8243; overlay_alpha=&#8220;100&#8243; shift_x=&#8220;0&#8243; shift_y=&#8220;0&#8243; shift_y_down=&#8220;0&#8243; z_index=&#8220;0&#8243; medium_width=&#8220;2&#8243; mobile_width=&#8220;0&#8243; width=&#8220;1\/4&#8243;][vc_button size=&#8220;link&#8220; btn_link_size=&#8220;fontsize-847074&#8243; custom_typo=&#8220;yes&#8220; font_family=&#8220;font-538551&#8243; font_weight=&#8220;400&#8243; letter_spacing=&#8220;fontspace-861442&#8243; icon_position=&#8220;right&#8220; icon=&#8220;fa fa-arrow-forward&#8220; el_class=&#8220;linkWhite&#8220; link=&#8220;url:https%3A%2F%2Fpoble-espanyol.com%2Fde%2Faktivitaeten%2F&#8220; uncode_shortcode_id=&#8220;154670&#8243;]<\/p>\n<h3>SCHAUEN SIE SICH DEN AKTIVIT\u00c4TSKALENDER AN<\/h3>\n<p>[\/vc_button][\/vc_column][vc_column column_width_percent=&#8220;100&#8243; gutter_size=&#8220;3&#8243; style=&#8220;dark&#8220; back_color=&#8220;color-892698&#8243; overlay_color=&#8220;color-918411&#8243; overlay_alpha=&#8220;100&#8243; shift_x=&#8220;0&#8243; shift_y=&#8220;0&#8243; shift_y_down=&#8220;0&#8243; z_index=&#8220;0&#8243; medium_width=&#8220;2&#8243; mobile_width=&#8220;0&#8243; width=&#8220;1\/4&#8243;][vc_button size=&#8220;link&#8220; btn_link_size=&#8220;fontsize-847074&#8243; custom_typo=&#8220;yes&#8220; font_family=&#8220;font-538551&#8243; font_weight=&#8220;400&#8243; letter_spacing=&#8220;fontspace-861442&#8243; icon_position=&#8220;right&#8220; icon=&#8220;fa fa-arrow-forward&#8220; el_class=&#8220;linkWhite&#8220; link=&#8220;url:https%3A%2F%2Fpoble-espanyol.com%2Fde%2Faktivitaeten%2Fconcerts%2F&#8220; uncode_shortcode_id=&#8220;193518&#8243;]<\/p>\n<h3>KONZERTE IM POBLE ESPANYOL IN BARCELONA<\/h3>\n<p>[\/vc_button][\/vc_column][vc_column column_width_percent=&#8220;100&#8243; gutter_size=&#8220;3&#8243; style=&#8220;dark&#8220; back_color=&#8220;color-107789&#8243; overlay_color=&#8220;color-892698&#8243; overlay_alpha=&#8220;100&#8243; shift_x=&#8220;0&#8243; shift_y=&#8220;0&#8243; shift_y_down=&#8220;0&#8243; z_index=&#8220;0&#8243; medium_width=&#8220;2&#8243; mobile_width=&#8220;0&#8243; width=&#8220;1\/4&#8243;][vc_button size=&#8220;link&#8220; btn_link_size=&#8220;fontsize-847074&#8243; custom_typo=&#8220;yes&#8220; font_family=&#8220;font-538551&#8243; font_weight=&#8220;400&#8243; letter_spacing=&#8220;fontspace-861442&#8243; icon_position=&#8220;right&#8220; icon=&#8220;fa fa-arrow-forward&#8220; el_class=&#8220;linkWhite&#8220; uncode_shortcode_id=&#8220;204163&#8243; link=&#8220;url:https%3A%2F%2Fpoble-espanyol.com%2Fde%2Fder-besuch%2Fkunsthandwerk%2F&#8220;]<\/p>\n<h3>VERVOLLST\u00c4NDIGEN SIE IHR FAMILIENERLEBNIS MIT EINEM BESUCH BEI DEN HANDWERKERN<\/h3>\n<p>[\/vc_button][\/vc_column][vc_column column_width_percent=&#8220;100&#8243; gutter_size=&#8220;3&#8243; style=&#8220;dark&#8220; back_color=&#8220;color-147523&#8243; overlay_color=&#8220;color-107789&#8243; overlay_alpha=&#8220;100&#8243; shift_x=&#8220;0&#8243; shift_y=&#8220;0&#8243; shift_y_down=&#8220;0&#8243; z_index=&#8220;0&#8243; medium_width=&#8220;2&#8243; mobile_width=&#8220;0&#8243; width=&#8220;1\/4&#8243;][vc_button size=&#8220;link&#8220; btn_link_size=&#8220;fontsize-847074&#8243; custom_typo=&#8220;yes&#8220; font_family=&#8220;font-538551&#8243; font_weight=&#8220;400&#8243; letter_spacing=&#8220;fontspace-861442&#8243; icon_position=&#8220;right&#8220; icon=&#8220;fa fa-arrow-forward&#8220; el_class=&#8220;linkWhite&#8220; link=&#8220;url:https%3A%2F%2Fpoble-espanyol.com%2Fde%2Fder-besuch%2F&#8220; uncode_shortcode_id=&#8220;160944&#8243;]<\/p>\n<h3>PLANEN SIE IHREN BESUCH UND KAUFEN SIE JETZT IHR TICKET<\/h3>\n<p>[\/vc_button][\/vc_column][\/vc_row][vc_row unlock_row_content=&#8220;yes&#8220; row_height_percent=&#8220;0&#8243; override_padding=&#8220;yes&#8220; h_padding=&#8220;2&#8243; top_padding=&#8220;1&#8243; bottom_padding=&#8220;3&#8243; overlay_alpha=&#8220;50&#8243; equal_height=&#8220;yes&#8220; gutter_size=&#8220;2&#8243; column_width_percent=&#8220;100&#8243; shift_y=&#8220;0&#8243; z_index=&#8220;0&#8243; desktop_visibility=&#8220;yes&#8220; el_class=&#8220;botonsLateralsArrodonits&#8220; uncode_shortcode_id=&#8220;105870&#8243;][vc_column column_width_percent=&#8220;100&#8243; gutter_size=&#8220;3&#8243; style=&#8220;dark&#8220; back_color=&#8220;color-147523&#8243; overlay_color=&#8220;color-391721&#8243; overlay_alpha=&#8220;100&#8243; shift_x=&#8220;0&#8243; shift_y=&#8220;0&#8243; shift_y_down=&#8220;0&#8243; z_index=&#8220;0&#8243; medium_width=&#8220;0&#8243; mobile_width=&#8220;0&#8243; width=&#8220;1\/4&#8243;][vc_button size=&#8220;link&#8220; btn_link_size=&#8220;fontsize-847074&#8243; custom_typo=&#8220;yes&#8220; font_family=&#8220;font-875416&#8243; font_weight=&#8220;400&#8243; letter_spacing=&#8220;fontspace-861442&#8243; icon_position=&#8220;right&#8220; icon=&#8220;fa fa-arrow-forward&#8220; el_class=&#8220;linkWhite&#8220; link=&#8220;url:https%3A%2F%2Fpoble-espanyol.com%2Fde%2Faktivitaeten%2F&#8220; uncode_shortcode_id=&#8220;159100&#8243;]<\/p>\n<h3>SCHAUEN SIE SICH DEN AKTIVIT\u00c4TSKALENDER AN<\/h3>\n<p>[\/vc_button][\/vc_column][vc_column column_width_percent=&#8220;100&#8243; gutter_size=&#8220;3&#8243; style=&#8220;dark&#8220; back_color=&#8220;color-147523&#8243; overlay_color=&#8220;color-918411&#8243; overlay_alpha=&#8220;100&#8243; shift_x=&#8220;0&#8243; shift_y=&#8220;0&#8243; shift_y_down=&#8220;0&#8243; z_index=&#8220;0&#8243; medium_width=&#8220;0&#8243; mobile_width=&#8220;0&#8243; width=&#8220;1\/4&#8243;][vc_button size=&#8220;link&#8220; btn_link_size=&#8220;fontsize-847074&#8243; custom_typo=&#8220;yes&#8220; font_family=&#8220;font-875416&#8243; font_weight=&#8220;400&#8243; letter_spacing=&#8220;fontspace-861442&#8243; icon_position=&#8220;right&#8220; icon=&#8220;fa fa-arrow-forward&#8220; el_class=&#8220;linkWhite&#8220; link=&#8220;url:https%3A%2F%2Fpoble-espanyol.com%2Fde%2Faktivitaeten%2Fconcerts%2F&#8220; uncode_shortcode_id=&#8220;212173&#8243;]<\/p>\n<h3>KONZERTE IM POBLE ESPANYOL IN BARCELONA<\/h3>\n<p>[\/vc_button][\/vc_column][vc_column column_width_percent=&#8220;100&#8243; gutter_size=&#8220;3&#8243; style=&#8220;dark&#8220; back_color=&#8220;color-147523&#8243; overlay_color=&#8220;color-892698&#8243; overlay_alpha=&#8220;100&#8243; shift_x=&#8220;0&#8243; shift_y=&#8220;0&#8243; shift_y_down=&#8220;0&#8243; z_index=&#8220;0&#8243; medium_width=&#8220;0&#8243; mobile_width=&#8220;0&#8243; width=&#8220;1\/4&#8243;][vc_button size=&#8220;link&#8220; btn_link_size=&#8220;fontsize-847074&#8243; custom_typo=&#8220;yes&#8220; font_family=&#8220;font-875416&#8243; font_weight=&#8220;400&#8243; letter_spacing=&#8220;fontspace-861442&#8243; icon_position=&#8220;right&#8220; icon=&#8220;fa fa-arrow-forward&#8220; el_class=&#8220;linkWhite&#8220; link=&#8220;url:https%3A%2F%2Fpoble-espanyol.com%2Fde%2Fder-besuch%2Fkunsthandwerk%2F&#8220; uncode_shortcode_id=&#8220;195559&#8243;]<\/p>\n<h3>VERVOLLST\u00c4NDIGEN SIE IHR FAMILIENERLEBNIS MIT EINEM BESUCH BEI DEN HANDWERKERN<\/h3>\n<p>[\/vc_button][\/vc_column][vc_column column_width_percent=&#8220;100&#8243; gutter_size=&#8220;3&#8243; style=&#8220;dark&#8220; back_color=&#8220;color-147523&#8243; overlay_color=&#8220;color-107789&#8243; overlay_alpha=&#8220;100&#8243; shift_x=&#8220;0&#8243; shift_y=&#8220;0&#8243; shift_y_down=&#8220;0&#8243; z_index=&#8220;0&#8243; medium_width=&#8220;0&#8243; mobile_width=&#8220;0&#8243; width=&#8220;1\/4&#8243;][vc_button size=&#8220;link&#8220; btn_link_size=&#8220;fontsize-847074&#8243; custom_typo=&#8220;yes&#8220; font_family=&#8220;font-875416&#8243; font_weight=&#8220;400&#8243; letter_spacing=&#8220;fontspace-861442&#8243; icon_position=&#8220;right&#8220; icon=&#8220;fa fa-arrow-forward&#8220; el_class=&#8220;linkWhite&#8220; link=&#8220;url:https%3A%2F%2Fpoble-espanyol.com%2Fde%2Fder-besuch%2F&#8220; uncode_shortcode_id=&#8220;490961&#8243;]<\/p>\n<h3>PLANEN SIE IHREN BESUCH UND KAUFEN SIE JETZT IHR TICKET<\/h3>\n<p>[\/vc_button][\/vc_column][\/vc_row][vc_row row_height_percent=&#8220;0&#8243; override_padding=&#8220;yes&#8220; h_padding=&#8220;2&#8243; top_padding=&#8220;2&#8243; bottom_padding=&#8220;3&#8243; overlay_alpha=&#8220;50&#8243; gutter_size=&#8220;3&#8243; column_width_percent=&#8220;100&#8243; shift_y=&#8220;0&#8243; z_index=&#8220;0&#8243; uncode_shortcode_id=&#8220;913721&#8243;][vc_column column_width_percent=&#8220;100&#8243; gutter_size=&#8220;3&#8243; overlay_alpha=&#8220;50&#8243; shift_x=&#8220;0&#8243; shift_y=&#8220;0&#8243; shift_y_down=&#8220;0&#8243; z_index=&#8220;0&#8243; medium_width=&#8220;0&#8243; mobile_width=&#8220;0&#8243; width=&#8220;1\/1&#8243;][vc_empty_space empty_h=&#8220;5&#8243; mobile_visibility=&#8220;yes&#8220;][\/vc_column][\/vc_row]<\/p>\n<\/div>","protected":false},"excerpt":{"rendered":"<p>El Poble organiza una larga lista de actividades culturales y de ocio en Barcelona en las que la m\u00fasica es siempre un elemento imprescindible. La Plaza Mayor, la zona Picnic, as\u00ed como otros espacios del Poble Espanyol de Barcelona se llenan con frecuencia de ritmo. El festival Rock&#038;Grill de bandas tributo de rock y su versi\u00f3n m\u00e1s familiar (Rock&#038;Kids), los ciclos de verano de blues y rumba y Picnic Beat son los ejemplos m\u00e1s claros, pero en el Poble nos gusta introducir la m\u00fasica en cualquier actividad. <\/p>\n","protected":false},"author":4,"featured_media":262934,"parent":260966,"menu_order":224,"comment_status":"closed","ping_status":"closed","template":"","meta":{"_acf_changed":false,"footnotes":""},"class_list":["post-267003","page","type-page","status-publish","has-post-thumbnail","hentry","page_category-poble-espanyol-de"],"acf":[],"_links":{"self":[{"href":"https:\/\/poble-espanyol.com\/de\/wp-json\/wp\/v2\/pages\/267003","targetHints":{"allow":["GET"]}}],"collection":[{"href":"https:\/\/poble-espanyol.com\/de\/wp-json\/wp\/v2\/pages"}],"about":[{"href":"https:\/\/poble-espanyol.com\/de\/wp-json\/wp\/v2\/types\/page"}],"author":[{"embeddable":true,"href":"https:\/\/poble-espanyol.com\/de\/wp-json\/wp\/v2\/users\/4"}],"replies":[{"embeddable":true,"href":"https:\/\/poble-espanyol.com\/de\/wp-json\/wp\/v2\/comments?post=267003"}],"version-history":[{"count":3,"href":"https:\/\/poble-espanyol.com\/de\/wp-json\/wp\/v2\/pages\/267003\/revisions"}],"predecessor-version":[{"id":267031,"href":"https:\/\/poble-espanyol.com\/de\/wp-json\/wp\/v2\/pages\/267003\/revisions\/267031"}],"up":[{"embeddable":true,"href":"https:\/\/poble-espanyol.com\/de\/wp-json\/wp\/v2\/pages\/260966"}],"wp:featuredmedia":[{"embeddable":true,"href":"https:\/\/poble-espanyol.com\/de\/wp-json\/wp\/v2\/media\/262934"}],"wp:attachment":[{"href":"https:\/\/poble-espanyol.com\/de\/wp-json\/wp\/v2\/media?parent=267003"}],"curies":[{"name":"wp","href":"https:\/\/api.w.org\/{rel}","templated":true}]}}