{"id":271163,"date":"2021-05-14T11:00:01","date_gmt":"2021-05-14T09:00:01","guid":{"rendered":"https:\/\/poble-espanyol.com\/?page_id=271163"},"modified":"2025-12-18T12:24:34","modified_gmt":"2025-12-18T10:24:34","slug":"arbeiten-sie-mit-uns","status":"publish","type":"page","link":"https:\/\/poble-espanyol.com\/de\/arbeiten-sie-mit-uns\/","title":{"rendered":"Arbeiten Sie mit uns"},"content":{"rendered":"<div class=\"wpb-content-wrapper\"><p>[vc_row unlock_row_content=&#8220;yes&#8220; row_height_percent=&#8220;0&#8243; override_padding=&#8220;yes&#8220; h_padding=&#8220;0&#8243; top_padding=&#8220;0&#8243; bottom_padding=&#8220;0&#8243; overlay_alpha=&#8220;100&#8243; equal_height=&#8220;yes&#8220; gutter_size=&#8220;0&#8243; shift_y=&#8220;0&#8243;][vc_column column_width_percent=&#8220;100&#8243; position_horizontal=&#8220;left&#8220; gutter_size=&#8220;3&#8243; override_padding=&#8220;yes&#8220; column_padding=&#8220;5&#8243; overlay_alpha=&#8220;100&#8243; shift_x=&#8220;0&#8243; shift_y=&#8220;0&#8243; z_index=&#8220;0&#8243; medium_width=&#8220;0&#8243; zoom_width=&#8220;0&#8243; zoom_height=&#8220;0&#8243; width=&#8220;1\/2&#8243;][vc_custom_heading text_color=&#8220;color-107789&#8243; heading_semantic=&#8220;h3&#8243; text_size=&#8220;h3&#8243; sub_reduced=&#8220;yes&#8220; text_uppercase=&#8220;&#8220; uncode_shortcode_id=&#8220;228134&#8243; text_color_type=&#8220;uncode-palette&#8220;]ARBEITEN SIE MIT UNS[\/vc_custom_heading][vc_column_text uncode_shortcode_id=&#8220;158181&#8243;]<\/p>\n<div class=\"g\">\n<div data-hveid=\"CAgQAA\" data-ved=\"2ahUKEwii5eO7nOP0AhVBgv0HHb6dCeQQFSgAegQICBAA\">\n<div class=\"tF2Cxc\">\n<div class=\"IsZvec\">\n<div class=\"VwiC3b yXK7lf MUxGbd yDYNvb lyLwlc lEBKkf\" style=\"text-align: left;\">Wir sind ein schnell wachsendes Unternehmen im Kultur- und Eventbereich, das sich der Exzellenz, Professionalit\u00e4t und Sorgfalt bei allen von uns entwickelten Projekten verschrieben hat.<\/div>\n<\/div>\n<\/div>\n<\/div>\n<\/div>\n<p>[\/vc_column_text][vc_column_text uncode_shortcode_id=&#8220;108329&#8243;]<\/p>\n<div class=\"g\">\n<div data-hveid=\"CAgQAA\" data-ved=\"2ahUKEwii5eO7nOP0AhVBgv0HHb6dCeQQFSgAegQICBAA\">\n<div class=\"tF2Cxc\">\n<div class=\"IsZvec\">\n<div class=\"VwiC3b yXK7lf MUxGbd yDYNvb lyLwlc lEBKkf\" style=\"text-align: left;\">Wir arbeiten mit Leidenschaft daran, hochwertige kulturelle Erlebnisse zu schaffen, achten auf jedes Detail und setzen auf eine seri\u00f6se und verantwortungsvolle Unternehmensf\u00fchrung. Wir sind fest davon \u00fcberzeugt, dass Talent der Motor f\u00fcr Wachstum ist.<\/div>\n<\/div>\n<\/div>\n<\/div>\n<\/div>\n<p>[\/vc_column_text][vc_column_text uncode_shortcode_id=&#8220;141726&#8243;]<\/p>\n<div class=\"g\">\n<div data-hveid=\"CAgQAA\" data-ved=\"2ahUKEwii5eO7nOP0AhVBgv0HHb6dCeQQFSgAegQICBAA\">\n<div class=\"tF2Cxc\">\n<div class=\"IsZvec\">\n<div class=\"VwiC3b yXK7lf MUxGbd yDYNvb lyLwlc lEBKkf\" style=\"text-align: left;\">Wir suchen engagierte, proaktive Menschen, die Teil eines dynamischen, kollaborativen und sich st\u00e4ndig weiterentwickelnden Umfelds sein m\u00f6chten. Wir bieten die M\u00f6glichkeit, sich beruflich in einem engagierten Team weiterzuentwickeln, in dem Anstrengung, Initiative und die Entfaltung individueller F\u00e4higkeiten gesch\u00e4tzt werden.<\/div>\n<\/div>\n<\/div>\n<\/div>\n<\/div>\n<p>[\/vc_column_text][vc_column_text uncode_shortcode_id=&#8220;886723&#8243;]<\/p>\n<div class=\"g\">\n<div data-hveid=\"CAgQAA\" data-ved=\"2ahUKEwii5eO7nOP0AhVBgv0HHb6dCeQQFSgAegQICBAA\">\n<div class=\"tF2Cxc\">\n<div class=\"IsZvec\">\n<div style=\"text-align: left;\">Wenn Sie eine Leidenschaft f\u00fcr den Kultur- und Eventsektor haben und Teil eines zukunftsorientierten Projekts sein m\u00f6chten, w\u00fcrden wir uns freuen, Ihr Profil kennenzulernen.<\/div>\n<\/div>\n<\/div>\n<\/div>\n<\/div>\n<p>[\/vc_column_text][\/vc_column][vc_column column_width_percent=&#8220;100&#8243; gutter_size=&#8220;3&#8243; override_padding=&#8220;yes&#8220; column_padding=&#8220;5&#8243; back_color=&#8220;color-127369&#8243; overlay_alpha=&#8220;50&#8243; shift_x=&#8220;0&#8243; shift_y=&#8220;0&#8243; medium_width=&#8220;0&#8243; zoom_width=&#8220;0&#8243; zoom_height=&#8220;0&#8243; width=&#8220;1\/2&#8243;][vc_empty_space empty_h=&#8220;2&#8243;]\n<div class=\"wpcf7 no-js\" id=\"wpcf7-f271212-o1\" lang=\"es-ES\" dir=\"ltr\" data-wpcf7-id=\"271212\">\n<div class=\"screen-reader-response\"><p role=\"status\" aria-live=\"polite\" aria-atomic=\"true\"><\/p> <ul><\/ul><\/div>\n<form action=\"\/de\/wp-json\/wp\/v2\/pages\/271163#wpcf7-f271212-o1\" method=\"post\" class=\"wpcf7-form init fea9a001fcf2 cmatic-conn cmatic-aud-0 cmatic-mapd0-0 cmatic-v0976 cmatic-sent-0 cmatic-total-1674\" aria-label=\"Formulario de contacto\" enctype=\"multipart\/form-data\" novalidate=\"novalidate\" data-status=\"init\">\n<fieldset class=\"hidden-fields-container\"><input type=\"hidden\" name=\"_wpcf7\" value=\"271212\" \/><input type=\"hidden\" name=\"_wpcf7_version\" value=\"6.1.5\" \/><input type=\"hidden\" name=\"_wpcf7_locale\" value=\"es_ES\" \/><input type=\"hidden\" name=\"_wpcf7_unit_tag\" value=\"wpcf7-f271212-o1\" \/><input type=\"hidden\" name=\"_wpcf7_container_post\" value=\"0\" \/><input type=\"hidden\" name=\"_wpcf7_posted_data_hash\" value=\"\" \/><input type=\"hidden\" name=\"_wpcf7dtx_version\" value=\"5.0.5\" \/><input type=\"hidden\" name=\"_wpcf7_recaptcha_response\" value=\"\" \/>\n<\/fieldset>\n<div class=\"wpcf7-inline-wrapper\">\n\t<p class=\"wpcf7-inline-field wpcf7-inline-field-text\"><span class=\"wpcf7-form-control-wrap\" data-name=\"your-name\"><input size=\"50\" maxlength=\"400\" class=\"wpcf7-form-control wpcf7-text wpcf7-validates-as-required\" aria-required=\"true\" aria-invalid=\"false\" placeholder=\"Vollst\u00e4ndiger Name *\" value=\"\" type=\"text\" name=\"your-name\" \/><\/span>\n\t<\/p>\n\t<p class=\"wpcf7-inline-field wpcf7-inline-field-text\"><span class=\"wpcf7-form-control-wrap\" data-name=\"your-phone\"><input size=\"50\" maxlength=\"400\" class=\"wpcf7-form-control wpcf7-text wpcf7-validates-as-required\" aria-required=\"true\" aria-invalid=\"false\" placeholder=\"Telefonnummer *\" value=\"\" type=\"text\" name=\"your-phone\" \/><\/span>\n\t<\/p>\n<\/div>\n<div class=\"wpcf7-inline-wrapper\">\n\t<p class=\"wpcf7-inline-field wpcf7-inline-field-text\"><span class=\"wpcf7-form-control-wrap\" data-name=\"your-email\"><input size=\"50\" maxlength=\"400\" class=\"wpcf7-form-control wpcf7-email wpcf7-validates-as-required wpcf7-text wpcf7-validates-as-email\" aria-required=\"true\" aria-invalid=\"false\" placeholder=\"E-Mail-Adresse *\" value=\"\" type=\"email\" name=\"your-email\" \/><\/span>\n\t<\/p>\n\t<p class=\"wpcf7-inline-field wpcf7-inline-field-select\"><br \/>\n<span class=\"wpcf7-form-control-wrap\" data-name=\"your-area\"><select class=\"wpcf7-form-control wpcf7-select wpcf7-validates-as-required\" aria-required=\"true\" aria-invalid=\"false\" name=\"your-area\"><option value=\"Kundenservice\">Kundenservice<\/option><option value=\"Kommunikation\">Kommunikation<\/option><option value=\"Projektmanagement\">Projektmanagement<\/option><option value=\"Eventproduktion\">Eventproduktion<\/option><option value=\"Schul- und Kultur-Animateure\">Schul- und Kultur-Animateure<\/option><option value=\"Verwaltung\">Verwaltung<\/option><option value=\"Sicherheit\">Sicherheit<\/option><option value=\"Vertrieb\">Vertrieb<\/option><option value=\"Industrielle Instandhaltung\">Industrielle Instandhaltung<\/option><\/select><\/span>\n\t<\/p>\n<\/div>\n<div class=\"wpcf7-inline-wrapper\">\n\t<p><span class=\"wpcf7-form-control-wrap\" data-name=\"your-message\"><textarea cols=\"40\" rows=\"10\" maxlength=\"2000\" class=\"wpcf7-form-control wpcf7-textarea wpcf7-validates-as-required\" aria-required=\"true\" aria-invalid=\"false\" placeholder=\"Warum m\u00f6chten Sie bei uns arbeiten? *\" name=\"your-message\"><\/textarea><\/span>\n\t<\/p>\n<\/div>\n<div class=\"wpcf7-inline-wrapper\">\n\t<p class=\"wpcf7-inline-field wpcf7-inline-field-file\"><label for=\"your-cv\">F\u00fcgen Sie Ihren Lebenslauf bei *<\/label><span class=\"wpcf7-form-control-wrap\" data-name=\"your-cv\"><input size=\"40\" class=\"wpcf7-form-control wpcf7-file wpcf7-validates-as-required\" id=\"your-cv\" accept=\".pdf,.doc,.docx\" aria-required=\"true\" aria-invalid=\"false\" type=\"file\" name=\"your-cv\" \/><\/span>\n\t<\/p>\n<\/div>\n<div class=\"wpcf7-inline-wrapper\">\n\t<p><span class=\"wpcf7-form-control-wrap\" data-name=\"acceptance-247\"><span class=\"wpcf7-form-control wpcf7-acceptance optional\"><span class=\"wpcf7-list-item\"><label><input type=\"checkbox\" name=\"acceptance-247\" value=\"1\" aria-invalid=\"false\" \/><span class=\"wpcf7-list-item-label\"><span style=\"color:black;\">Ich habe die <a href=\"\/politica-de-privacidad\" target=\"_blank\" style=\"color:black;\">Datenschutzbestimmungen<\/a> gelesen und akzeptiere sie<\/span><\/span><\/label><\/span><\/span><\/span><br \/>\n<input class=\"wpcf7-form-control wpcf7-submit has-spinner btn form-fluid btn-accent\" type=\"submit\" value=\"Absenden\" \/>\n\t<\/p>\n<\/div><p style=\"display: none !important;\" class=\"akismet-fields-container\" data-prefix=\"_wpcf7_ak_\"><label>&#916;<textarea name=\"_wpcf7_ak_hp_textarea\" cols=\"45\" rows=\"8\" maxlength=\"100\"><\/textarea><\/label><input type=\"hidden\" id=\"ak_js_1\" name=\"_wpcf7_ak_js\" value=\"123\"\/><script>document.getElementById( \"ak_js_1\" ).setAttribute( \"value\", ( new Date() ).getTime() );<\/script><\/p><input type='hidden' class='wpcf7-pum' value='{\"closepopup\":false,\"closedelay\":0,\"openpopup\":false,\"openpopup_id\":0}' \/><div class=\"wpcf7-response-output\" aria-hidden=\"true\"><\/div>\n<\/form>\n<\/div>\n[\/vc_column][\/vc_row][vc_row unlock_row_content=&#8220;yes&#8220; row_height_percent=&#8220;0&#8243; override_padding=&#8220;yes&#8220; h_padding=&#8220;0&#8243; top_padding=&#8220;0&#8243; bottom_padding=&#8220;0&#8243; overlay_alpha=&#8220;50&#8243; gutter_size=&#8220;3&#8243; column_width_percent=&#8220;100&#8243; shift_y=&#8220;0&#8243; z_index=&#8220;0&#8243; uncode_shortcode_id=&#8220;133601&#8243;][vc_column width=&#8220;1\/1&#8243;][uncode_block id=&#8220;90044&#8243; inside_column=&#8220;yes&#8220;][\/vc_column][\/vc_row]<\/p>\n<\/div>","protected":false},"excerpt":{"rendered":"<p>\u00bfNecesitas ponerte en contacto con nosotros? Estamos aqu\u00ed para ayudarte.<br \/>\nRellena nuestro formulario online para enviar un mensaje a nuestro equipo de atenci\u00f3n al cliente.<\/p>\n","protected":false},"author":10,"featured_media":271195,"parent":0,"menu_order":243,"comment_status":"closed","ping_status":"closed","template":"","meta":{"_acf_changed":false,"footnotes":""},"class_list":["post-271163","page","type-page","status-publish","has-post-thumbnail","hentry","page_category-poble-espanyol-de"],"acf":[],"_links":{"self":[{"href":"https:\/\/poble-espanyol.com\/de\/wp-json\/wp\/v2\/pages\/271163","targetHints":{"allow":["GET"]}}],"collection":[{"href":"https:\/\/poble-espanyol.com\/de\/wp-json\/wp\/v2\/pages"}],"about":[{"href":"https:\/\/poble-espanyol.com\/de\/wp-json\/wp\/v2\/types\/page"}],"author":[{"embeddable":true,"href":"https:\/\/poble-espanyol.com\/de\/wp-json\/wp\/v2\/users\/10"}],"replies":[{"embeddable":true,"href":"https:\/\/poble-espanyol.com\/de\/wp-json\/wp\/v2\/comments?post=271163"}],"version-history":[{"count":4,"href":"https:\/\/poble-espanyol.com\/de\/wp-json\/wp\/v2\/pages\/271163\/revisions"}],"predecessor-version":[{"id":271218,"href":"https:\/\/poble-espanyol.com\/de\/wp-json\/wp\/v2\/pages\/271163\/revisions\/271218"}],"wp:featuredmedia":[{"embeddable":true,"href":"https:\/\/poble-espanyol.com\/de\/wp-json\/wp\/v2\/media\/271195"}],"wp:attachment":[{"href":"https:\/\/poble-espanyol.com\/de\/wp-json\/wp\/v2\/media?parent=271163"}],"curies":[{"name":"wp","href":"https:\/\/api.w.org\/{rel}","templated":true}]}}