{"id":109960,"date":"2022-03-02T14:13:02","date_gmt":"2022-03-02T12:13:02","guid":{"rendered":"https:\/\/pe.efimatica.com\/?page_id=109960"},"modified":"2022-10-27T09:29:58","modified_gmt":"2022-10-27T07:29:58","slug":"architecture","status":"publish","type":"page","link":"https:\/\/poble-espanyol.com\/en\/the-visit\/architecture\/","title":{"rendered":"Arquitechture"},"content":{"rendered":"<div class=\"wpb-content-wrapper\"><p>[vc_row unlock_row_content=&#8221;yes&#8221; row_height_percent=&#8221;0&#8243; override_padding=&#8221;yes&#8221; h_padding=&#8221;2&#8243; top_padding=&#8221;2&#8243; bottom_padding=&#8221;2&#8243; overlay_alpha=&#8221;50&#8243; gutter_size=&#8221;2&#8243; column_width_percent=&#8221;100&#8243; shift_y=&#8221;0&#8243; z_index=&#8221;0&#8243; uncode_shortcode_id=&#8221;696994&#8243; el_class=&#8221;espaiTitulPrevi&#8221;][vc_column column_width_percent=&#8221;100&#8243; gutter_size=&#8221;3&#8243; overlay_alpha=&#8221;50&#8243; shift_x=&#8221;0&#8243; shift_y=&#8221;0&#8243; shift_y_down=&#8221;0&#8243; z_index=&#8221;0&#8243; medium_width=&#8221;0&#8243; mobile_width=&#8221;7&#8243; width=&#8221;1\/1&#8243; uncode_shortcode_id=&#8221;617312&#8243;][vc_custom_heading heading_semantic=&#8221;h4&#8243; text_font=&#8221;font-538551&#8243; text_size=&#8221;fontsize-847074&#8243; text_weight=&#8221;400&#8243; text_height=&#8221;fontheight-846199&#8243; text_space=&#8221;fontspace-861442&#8243; uncode_shortcode_id=&#8221;813027&#8243;]<span style=\"font-weight: 400;\">A TOWN RIGHT IN THE HEART OF THE CITY<\/span>[\/vc_custom_heading][\/vc_column][\/vc_row][vc_row unlock_row_content=&#8221;yes&#8221; row_height_percent=&#8221;0&#8243; override_padding=&#8221;yes&#8221; h_padding=&#8221;2&#8243; top_padding=&#8221;0&#8243; bottom_padding=&#8221;3&#8243; overlay_alpha=&#8221;50&#8243; gutter_size=&#8221;2&#8243; column_width_percent=&#8221;100&#8243; shift_y=&#8221;0&#8243; z_index=&#8221;0&#8243; uncode_shortcode_id=&#8221;422203&#8243;][vc_column column_width_percent=&#8221;100&#8243; position_horizontal=&#8221;left&#8221; gutter_size=&#8221;3&#8243; overlay_alpha=&#8221;50&#8243; shift_x=&#8221;0&#8243; shift_y=&#8221;0&#8243; shift_y_down=&#8221;0&#8243; z_index=&#8221;0&#8243; medium_width=&#8221;2&#8243; mobile_width=&#8221;7&#8243; width=&#8221;1\/4&#8243;][vc_custom_heading text_color=&#8221;color-107789&#8243; text_font=&#8221;font-643449&#8243; text_size=&#8221;fontsize-495345&#8243; text_weight=&#8221;400&#8243; text_height=&#8221;fontheight-159127&#8243; uncode_shortcode_id=&#8221;161677&#8243; text_color_type=&#8221;uncode-palette&#8221;]<span style=\"font-weight: 400;\">THE ARCHITECTURAL DIVERSITY OF A COUNTRY, IN BARCELONA<\/span>[\/vc_custom_heading][\/vc_column][vc_column column_width_percent=&#8221;100&#8243; position_horizontal=&#8221;left&#8221; gutter_size=&#8221;3&#8243; overlay_alpha=&#8221;50&#8243; shift_x=&#8221;0&#8243; shift_y=&#8221;0&#8243; shift_y_down=&#8221;0&#8243; z_index=&#8221;0&#8243; medium_width=&#8221;4&#8243; mobile_width=&#8221;7&#8243; width=&#8221;2\/4&#8243;][vc_custom_heading heading_semantic=&#8221;p&#8221; text_font=&#8221;font-875416&#8243; text_size=&#8221;fontsize-495345&#8243; text_weight=&#8221;400&#8243; text_height=&#8221;fontheight-206872&#8243; el_class=&#8221;tabletTipografia&#8221; uncode_shortcode_id=&#8221;169069&#8243;]<span style=\"font-weight: 400;\">Poble Espanyol has 117 real-life scale buildings recreating buildings from virtually every part of Spain. All styles are represented, from Romanesque to Baroque.<\/span>[\/vc_custom_heading][vc_empty_space empty_h=&#8221;3&#8243; medium_visibility=&#8221;yes&#8221; mobile_visibility=&#8221;yes&#8221;][vc_custom_heading heading_semantic=&#8221;h5&#8243; text_font=&#8221;font-875416&#8243; text_size=&#8221;fontsize-847074&#8243; text_weight=&#8221;400&#8243; text_height=&#8221;fontheight-846199&#8243; el_class=&#8221;links&#8221; uncode_shortcode_id=&#8221;144393&#8243;]<a href=\"https:\/\/poble-espanyol.com\/en\/the-poble-espanyol\/\">Poble Espanyol today<\/a><br \/>\n<a href=\"https:\/\/poble-espanyol.com\/en\/el-poble\/the-history\/\">The history<\/a>[\/vc_custom_heading][\/vc_column][vc_column column_width_percent=&#8221;100&#8243; align_horizontal=&#8221;align_right&#8221; gutter_size=&#8221;0&#8243; override_padding=&#8221;yes&#8221; column_padding=&#8221;0&#8243; expand_height=&#8221;yes&#8221; overlay_alpha=&#8221;50&#8243; shift_x=&#8221;0&#8243; shift_y=&#8221;0&#8243; shift_y_down=&#8221;0&#8243; z_index=&#8221;0&#8243; medium_width=&#8221;2&#8243; mobile_width=&#8221;7&#8243; width=&#8221;1\/4&#8243;][vc_single_image media=&#8221;112894&#8243; media_width_percent=&#8221;100&#8243; media_ratio=&#8221;one-one&#8221; advanced=&#8221;yes&#8221; media_overlay_opacity=&#8221;1&#8243; media_overlay_anim=&#8221;no&#8221; media_text_anim=&#8221;no&#8221; media_image_anim=&#8221;no&#8221; media_padding=&#8221;5&#8243; el_class=&#8221;arc-radius&#8221; uncode_shortcode_id=&#8221;108214&#8243;][\/vc_column][\/vc_row][vc_row unlock_row_content=&#8221;yes&#8221; row_height_percent=&#8221;0&#8243; override_padding=&#8221;yes&#8221; h_padding=&#8221;2&#8243; top_padding=&#8221;2&#8243; bottom_padding=&#8221;1&#8243; back_color=&#8221;color-739034&#8243; overlay_alpha=&#8221;50&#8243; gutter_size=&#8221;2&#8243; column_width_percent=&#8221;100&#8243; shift_y=&#8221;0&#8243; z_index=&#8221;0&#8243; uncode_shortcode_id=&#8221;247843&#8243; el_class=&#8221;espaiTitulPrevi&#8221; back_color_type=&#8221;uncode-palette&#8221;][vc_column column_width_percent=&#8221;100&#8243; gutter_size=&#8221;3&#8243; overlay_alpha=&#8221;50&#8243; shift_x=&#8221;0&#8243; shift_y=&#8221;0&#8243; shift_y_down=&#8221;0&#8243; z_index=&#8221;0&#8243; medium_width=&#8221;0&#8243; mobile_width=&#8221;7&#8243; width=&#8221;1\/4&#8243;][vc_custom_heading heading_semantic=&#8221;h4&#8243; text_font=&#8221;font-538551&#8243; text_size=&#8221;fontsize-847074&#8243; text_weight=&#8221;400&#8243; text_height=&#8221;fontheight-846199&#8243; text_space=&#8221;fontspace-861442&#8243; uncode_shortcode_id=&#8221;123919&#8243;]DISCOVER THEM, ONE BY ONE[\/vc_custom_heading][vc_custom_heading text_color=&#8221;color-107789&#8243; text_font=&#8221;font-643449&#8243; text_size=&#8221;fontsize-495345&#8243; text_weight=&#8221;400&#8243; text_height=&#8221;fontheight-159127&#8243; uncode_shortcode_id=&#8221;384673&#8243; text_color_type=&#8221;uncode-palette&#8221;]THE BUILDINGS[\/vc_custom_heading][\/vc_column][vc_column width=&#8221;3\/4&#8243;][\/vc_column][\/vc_row][vc_row row_height_percent=&#8221;0&#8243; back_color=&#8221;color-739034&#8243; overlay_alpha=&#8221;50&#8243; gutter_size=&#8221;3&#8243; column_width_percent=&#8221;100&#8243; shift_y=&#8221;0&#8243; z_index=&#8221;0&#8243; uncode_shortcode_id=&#8221;197277&#8243; back_color_type=&#8221;uncode-palette&#8221;][vc_column width=&#8221;1\/1&#8243;][uncode_block id=&#8221;101977&#8243;][\/vc_column][\/vc_row][vc_row unlock_row_content=&#8221;yes&#8221; row_height_percent=&#8221;0&#8243; override_padding=&#8221;yes&#8221; h_padding=&#8221;0&#8243; top_padding=&#8221;0&#8243; bottom_padding=&#8221;0&#8243; overlay_alpha=&#8221;50&#8243; gutter_size=&#8221;0&#8243; column_width_percent=&#8221;100&#8243; shift_y=&#8221;0&#8243; z_index=&#8221;0&#8243; el_class=&#8221;overflow-hidden&#8221; uncode_shortcode_id=&#8221;158056&#8243; css=&#8221;.vc_custom_1633008550245{margin-top: 0px !important;margin-bottom: 0px !important;padding-top: 0px !important;padding-right: 0px !important;padding-bottom: 0px !important;padding-left: 0px !important;}&#8221;][vc_column column_width_percent=&#8221;100&#8243; gutter_size=&#8221;0&#8243; override_padding=&#8221;yes&#8221; column_padding=&#8221;0&#8243; overlay_alpha=&#8221;50&#8243; shift_x=&#8221;0&#8243; shift_y=&#8221;0&#8243; shift_y_down=&#8221;0&#8243; z_index=&#8221;0&#8243; medium_width=&#8221;0&#8243; mobile_width=&#8221;0&#8243; width=&#8221;1\/1&#8243; uncode_shortcode_id=&#8221;919872&#8243; css=&#8221;.vc_custom_1633000115843{border-top-width: 0px !important;border-right-width: 0px !important;border-bottom-width: 0px !important;border-left-width: 0px !important;padding-top: 0px !important;padding-right: 0px !important;padding-bottom: 0px !important;padding-left: 0px !important;}&#8221;][uncode_index el_id=&#8221;index-492849&#8243; index_type=&#8221;carousel&#8221; loop=&#8221;size:All|order_by:date|post_type:page,slide|tax_query:253|taxonomy_count:10&#8243; index_back_color=&#8221;color-892698&#8243; carousel_lg=&#8221;1&#8243; carousel_md=&#8221;1&#8243; carousel_sm=&#8221;1&#8243; thumb_size=&#8221;sixteen-nine&#8221; gutter_size=&#8221;0&#8243; post_items=&#8221;date,spacer_two|two,title,media|featured|onpost|original&#8221; page_items=&#8221;title,type,media|featured|nolink|original,text|excerpt,category|nobg|relative|display-icon&#8221; activitat_items=&#8221;date,spacer_two|two,title,media|featured|onpost|original&#8221; slide_items=&#8221;data_titol,title,media|featured|nolink|original&#8221; carousel_height=&#8221;equal&#8221; carousel_type=&#8221;fade&#8221; carousel_interval=&#8221;10000&#8243; carousel_navspeed=&#8221;1000&#8243; carousel_loop=&#8221;yes&#8221; carousel_nav=&#8221;yes&#8221; carousel_nav_mobile=&#8221;yes&#8221; carousel_dot_position=&#8221;left&#8221; carousel_width_percent=&#8221;100&#8243; carousel_autoh=&#8221;yes&#8221; stage_padding=&#8221;0&#8243; single_text=&#8221;lateral&#8221; single_image_position=&#8221;right&#8221; single_image_size=&#8221;9&#8243; single_overlay_opacity=&#8221;50&#8243; single_overlay_anim=&#8221;no&#8221; single_text_anim=&#8221;no&#8221; single_image_anim=&#8221;no&#8221; single_vertical_text=&#8221;bottom&#8221; single_padding=&#8221;2&#8243; single_title_semantic=&#8221;div&#8221; single_title_dimension=&#8221;fontsize-495345&#8243; single_title_weight=&#8221;400&#8243; single_title_height=&#8221;fontheight-206872&#8243; single_border=&#8221;yes&#8221; single_css_animation=&#8221;left-t-right&#8221; uncode_shortcode_id=&#8221;103423&#8243; el_class=&#8221;positionSlider&#8221; index_back_color_type=&#8221;uncode-palette&#8221;][\/vc_column][\/vc_row][vc_row unlock_row_content=&#8221;yes&#8221; row_height_percent=&#8221;0&#8243; override_padding=&#8221;yes&#8221; h_padding=&#8221;0&#8243; top_padding=&#8221;0&#8243; bottom_padding=&#8221;0&#8243; back_color=&#8221;color-739034&#8243; overlay_alpha=&#8221;50&#8243; gutter_size=&#8221;3&#8243; column_width_percent=&#8221;100&#8243; shift_y=&#8221;0&#8243; z_index=&#8221;0&#8243; uncode_shortcode_id=&#8221;359930&#8243; back_color_type=&#8221;uncode-palette&#8221;][vc_column width=&#8221;1\/1&#8243;][uncode_block id=&#8221;90044&#8243; inside_column=&#8221;yes&#8221;][uncode_block id=&#8221;90044&#8243; inside_column=&#8221;yes&#8221;][\/vc_column][\/vc_row]<\/p>\n<\/div>","protected":false},"excerpt":{"rendered":"<p>El Poble incluye 117 edificios que replican construcciones de pr\u00e1cticamente todas las regiones espa\u00f1olas. En ellos est\u00e1n representados todos los estilos, desde el rom\u00e1nico hasta el barroco.<\/p>\n","protected":false},"author":7,"featured_media":267926,"parent":109703,"menu_order":184,"comment_status":"closed","ping_status":"closed","template":"","meta":{"_acf_changed":false,"footnotes":""},"class_list":["post-109960","page","type-page","status-publish","has-post-thumbnail","hentry","page_category-poble-espanyol-en"],"acf":[],"_links":{"self":[{"href":"https:\/\/poble-espanyol.com\/en\/wp-json\/wp\/v2\/pages\/109960","targetHints":{"allow":["GET"]}}],"collection":[{"href":"https:\/\/poble-espanyol.com\/en\/wp-json\/wp\/v2\/pages"}],"about":[{"href":"https:\/\/poble-espanyol.com\/en\/wp-json\/wp\/v2\/types\/page"}],"author":[{"embeddable":true,"href":"https:\/\/poble-espanyol.com\/en\/wp-json\/wp\/v2\/users\/7"}],"replies":[{"embeddable":true,"href":"https:\/\/poble-espanyol.com\/en\/wp-json\/wp\/v2\/comments?post=109960"}],"version-history":[{"count":0,"href":"https:\/\/poble-espanyol.com\/en\/wp-json\/wp\/v2\/pages\/109960\/revisions"}],"up":[{"embeddable":true,"href":"https:\/\/poble-espanyol.com\/en\/wp-json\/wp\/v2\/pages\/109703"}],"wp:featuredmedia":[{"embeddable":true,"href":"https:\/\/poble-espanyol.com\/en\/wp-json\/wp\/v2\/media\/267926"}],"wp:attachment":[{"href":"https:\/\/poble-espanyol.com\/en\/wp-json\/wp\/v2\/media?parent=109960"}],"curies":[{"name":"wp","href":"https:\/\/api.w.org\/{rel}","templated":true}]}}