{"id":115104,"date":"2022-03-18T13:12:35","date_gmt":"2022-03-18T11:12:35","guid":{"rendered":"https:\/\/pe.efimatica.com\/?page_id=115104"},"modified":"2023-11-30T12:50:41","modified_gmt":"2023-11-30T10:50:41","slug":"family-activities","status":"publish","type":"page","link":"https:\/\/poble-espanyol.com\/en\/activities\/family-activities\/","title":{"rendered":"Family activities"},"content":{"rendered":"<div class=\"wpb-content-wrapper\"><p>[vc_row unlock_row_content=&#8221;yes&#8221; row_height_percent=&#8221;0&#8243; override_padding=&#8221;yes&#8221; h_padding=&#8221;2&#8243; top_padding=&#8221;2&#8243; bottom_padding=&#8221;3&#8243; overlay_alpha=&#8221;50&#8243; gutter_size=&#8221;3&#8243; column_width_percent=&#8221;100&#8243; shift_y=&#8221;0&#8243; z_index=&#8221;0&#8243; mobile_visibility=&#8221;yes&#8221; el_class=&#8221;etRecomanem arrowsPosts&#8221; uncode_shortcode_id=&#8221;126617&#8243;][vc_column column_width_percent=&#8221;100&#8243; gutter_size=&#8221;3&#8243; overlay_alpha=&#8221;50&#8243; shift_x=&#8221;0&#8243; shift_y=&#8221;0&#8243; shift_y_down=&#8221;0&#8243; z_index=&#8221;0&#8243; medium_width=&#8221;2&#8243; mobile_width=&#8221;7&#8243; width=&#8221;1\/4&#8243;][vc_custom_heading text_color=&#8221;color-107789&#8243; text_font=&#8221;font-643449&#8243; text_size=&#8221;fontsize-495345&#8243; text_weight=&#8221;400&#8243; text_height=&#8221;fontheight-159127&#8243; uncode_shortcode_id=&#8221;173904&#8243; text_color_type=&#8221;uncode-palette&#8221;]WE RECOMMEND YOU[\/vc_custom_heading][vc_row_inner row_inner_height_percent=&#8221;0&#8243; overlay_alpha=&#8221;50&#8243; equal_height=&#8221;yes&#8221; gutter_size=&#8221;0&#8243; shift_y=&#8221;0&#8243; z_index=&#8221;0&#8243; mobile_visibility=&#8221;yes&#8221;][vc_column_inner column_width_percent=&#8221;100&#8243; gutter_size=&#8221;3&#8243; overlay_alpha=&#8221;50&#8243; shift_x=&#8221;0&#8243; shift_y=&#8221;0&#8243; shift_y_down=&#8221;0&#8243; z_index=&#8221;0&#8243; medium_width=&#8221;0&#8243; mobile_width=&#8221;0&#8243; width=&#8221;1\/1&#8243;][vc_column_text uncode_shortcode_id=&#8221;777102&#8243;]<div id=\"prev-index-187892\" class=\"my-controls-btns prev-my-controls-btns\"><svg width=\"13\" height=\"24\" viewBox=\"0 0 13 24\" fill=\"none\" xmlns=\"http:\/\/www.w3.org\/2000\/svg\"><path d=\"M12 1L1 12L12 23\" stroke-linecap=\"round\" stroke-linejoin=\"round\"\/><\/svg><\/div><div id=\"next-index-187892\" class=\"my-controls-btns next-my-controls-btns\"><svg width=\"13\" height=\"24\" viewBox=\"0 0 13 24\" fill=\"none\" xmlns=\"http:\/\/www.w3.org\/2000\/svg\"><path d=\"M1 23L12 12L1 0.999998\" stroke-linecap=\"round\" stroke-linejoin=\"round\"\/><\/svg><\/div>[\/vc_column_text][\/vc_column_inner][\/vc_row_inner][\/vc_column][vc_column column_width_percent=&#8221;100&#8243; gutter_size=&#8221;3&#8243; override_padding=&#8221;yes&#8221; column_padding=&#8221;0&#8243; overlay_alpha=&#8221;50&#8243; shift_x=&#8221;0&#8243; shift_y=&#8221;0&#8243; shift_y_down=&#8221;0&#8243; z_index=&#8221;0&#8243; medium_width=&#8221;6&#8243; mobile_width=&#8221;0&#8243; width=&#8221;3\/4&#8243; el_class=&#8221;radiusImage&#8221;][vc_column_text uncode_shortcode_id=&#8221;153714&#8243;][uncode_index el_id=\"index-187892\" index_type=\"carousel\" loop=\"size:10|order_by:date|order:DESC|post_type:activitat|by_id:113962|taxonomy_count:10\" carousel_lg=\"1\" carousel_md=\"1\" carousel_sm=\"1\" thumb_size=\"three-two\" gutter_size=\"3\" post_items=\"media|featured|onpost|original,title,date,text|excerpt,link|default|default_size|More information\" activitat_items=\"type,media|featured|onpost|original,title,preu_destacat,text_introductori,link|link|small_size|More information,url_comprar_entrades,data_destacada\" carousel_interval=\"10000\" carousel_navspeed=\"400\" carousel_loop=\"yes\" carousel_dots_mobile=\"yes\" stage_padding=\"0\" single_text=\"lateral\" single_image_position=\"right\" single_image_size=\"6\" single_overlay_opacity=\"1\" single_overlay_anim=\"no\" single_text_visible=\"yes\" single_text_anim=\"no\" single_image_anim=\"no\" single_padding=\"2\" single_title_family=\"font-875416\" single_title_dimension=\"fontsize-495345\" single_title_weight=\"400\" single_title_height=\"fontheight-206872\" single_border=\"yes\" el_class=\"linksPost\" uncode_shortcode_id=\"178769\"][\/vc_column_text][\/vc_column][\/vc_row][vc_row unlock_row_content=&#8221;yes&#8221; row_height_percent=&#8221;0&#8243; override_padding=&#8221;yes&#8221; h_padding=&#8221;2&#8243; top_padding=&#8221;0&#8243; bottom_padding=&#8221;0&#8243; overlay_alpha=&#8221;50&#8243; gutter_size=&#8221;2&#8243; column_width_percent=&#8221;100&#8243; shift_y=&#8221;0&#8243; z_index=&#8221;0&#8243; mobile_visibility=&#8221;yes&#8221;][vc_column column_width_percent=&#8221;100&#8243; gutter_size=&#8221;3&#8243; overlay_alpha=&#8221;50&#8243; shift_x=&#8221;0&#8243; shift_y=&#8221;0&#8243; shift_y_down=&#8221;0&#8243; z_index=&#8221;0&#8243; medium_width=&#8221;0&#8243; mobile_width=&#8221;0&#8243; width=&#8221;1\/1&#8243;][vc_separator sep_color=&#8221;color-770920&#8243;][\/vc_column][\/vc_row][vc_row unlock_row_content=&#8221;yes&#8221; row_height_percent=&#8221;0&#8243; override_padding=&#8221;yes&#8221; h_padding=&#8221;2&#8243; top_padding=&#8221;2&#8243; bottom_padding=&#8221;3&#8243; back_color=&#8221;color-892728&#8243; overlay_alpha=&#8221;50&#8243; gutter_size=&#8221;3&#8243; column_width_percent=&#8221;100&#8243; shift_y=&#8221;0&#8243; z_index=&#8221;0&#8243; desktop_visibility=&#8221;yes&#8221; medium_visibility=&#8221;yes&#8221; el_class=&#8221;etRecomanem&#8221; uncode_shortcode_id=&#8221;137855&#8243; back_color_type=&#8221;uncode-palette&#8221;][vc_column column_width_percent=&#8221;100&#8243; gutter_size=&#8221;3&#8243; overlay_alpha=&#8221;50&#8243; shift_x=&#8221;0&#8243; shift_y=&#8221;0&#8243; shift_y_down=&#8221;0&#8243; z_index=&#8221;0&#8243; medium_width=&#8221;2&#8243; mobile_width=&#8221;7&#8243; width=&#8221;1\/4&#8243;][vc_custom_heading text_color=&#8221;color-107789&#8243; text_font=&#8221;font-643449&#8243; text_size=&#8221;fontsize-495345&#8243; text_weight=&#8221;400&#8243; text_height=&#8221;fontheight-159127&#8243; uncode_shortcode_id=&#8221;192401&#8243; text_color_type=&#8221;uncode-palette&#8221;]WE RECOMMEND YOU[\/vc_custom_heading][\/vc_column][vc_column column_width_percent=&#8221;100&#8243; gutter_size=&#8221;3&#8243; override_padding=&#8221;yes&#8221; column_padding=&#8221;0&#8243; overlay_alpha=&#8221;50&#8243; shift_x=&#8221;0&#8243; shift_y=&#8221;0&#8243; shift_y_down=&#8221;0&#8243; z_index=&#8221;0&#8243; medium_width=&#8221;6&#8243; mobile_width=&#8221;0&#8243; width=&#8221;3\/4&#8243; el_class=&#8221;radiusImage&#8221;][vc_column_text uncode_shortcode_id=&#8221;789160&#8243;][uncode_index el_id=\"index-127984\" index_type=\"carousel\" loop=\"size:10|order_by:date|order:DESC|post_type:activitat|by_id:113962|taxonomy_count:10\" carousel_lg=\"3\" carousel_md=\"3\" carousel_sm=\"1\" thumb_size=\"four-three\" gutter_size=\"3\" post_items=\"media|featured|onpost|original,title,date,text|excerpt,link|default|default_size|More information\" activitat_items=\"data_destacada,type,media|featured|onpost|original,title,preu_destacat,text_introductori,link|link|small_size|More information,url_comprar_entrades\" carousel_interval=\"10000\" carousel_navspeed=\"400\" carousel_loop=\"yes\" carousel_dots=\"yes\" carousel_dots_mobile=\"yes\" stage_padding=\"0\" single_text=\"lateral\" single_image_position=\"right\" single_image_size=\"8\" single_overlay_opacity=\"1\" single_overlay_anim=\"no\" single_text_visible=\"yes\" single_text_anim=\"no\" single_image_anim=\"no\" single_padding=\"2\" single_title_family=\"font-875416\" single_title_dimension=\"fontsize-495345\" single_title_weight=\"400\" single_title_height=\"fontheight-206872\" single_border=\"yes\" el_class=\"linksPost\" uncode_shortcode_id=\"147164\"][\/vc_column_text][\/vc_column][\/vc_row][vc_row unlock_row_content=&#8221;yes&#8221; row_height_percent=&#8221;0&#8243; override_padding=&#8221;yes&#8221; h_padding=&#8221;2&#8243; top_padding=&#8221;2&#8243; bottom_padding=&#8221;1&#8243; overlay_alpha=&#8221;50&#8243; gutter_size=&#8221;2&#8243; column_width_percent=&#8221;100&#8243; shift_y=&#8221;0&#8243; z_index=&#8221;0&#8243; uncode_shortcode_id=&#8221;512325&#8243; el_class=&#8221;espaiTitulPrevi&#8221;][vc_column column_width_percent=&#8221;100&#8243; gutter_size=&#8221;3&#8243; overlay_alpha=&#8221;50&#8243; shift_x=&#8221;0&#8243; shift_y=&#8221;0&#8243; shift_y_down=&#8221;0&#8243; z_index=&#8221;0&#8243; medium_width=&#8221;0&#8243; mobile_width=&#8221;7&#8243; width=&#8221;1\/4&#8243;][vc_custom_heading heading_semantic=&#8221;h4&#8243; text_font=&#8221;font-538551&#8243; text_size=&#8221;fontsize-847074&#8243; text_weight=&#8221;400&#8243; text_height=&#8221;fontheight-846199&#8243; text_space=&#8221;fontspace-861442&#8243; uncode_shortcode_id=&#8221;906114&#8243;]DON&#8217;T MISS THEM[\/vc_custom_heading][vc_custom_heading text_color=&#8221;color-107789&#8243; text_font=&#8221;font-643449&#8243; text_size=&#8221;fontsize-495345&#8243; text_weight=&#8221;400&#8243; text_height=&#8221;fontheight-159127&#8243; uncode_shortcode_id=&#8221;144464&#8243; text_color_type=&#8221;uncode-palette&#8221;]UPCOMING EVENTS[\/vc_custom_heading][\/vc_column][vc_column width=&#8221;3\/4&#8243;][\/vc_column][\/vc_row][vc_row][vc_column width=&#8221;1\/1&#8243;][uncode_block id=&#8221;91061&#8243;][\/vc_column][\/vc_row][vc_row unlock_row_content=&#8221;yes&#8221; row_height_percent=&#8221;0&#8243; override_padding=&#8221;yes&#8221; h_padding=&#8221;2&#8243; top_padding=&#8221;1&#8243; bottom_padding=&#8221;2&#8243; overlay_alpha=&#8221;50&#8243; gutter_size=&#8221;2&#8243; column_width_percent=&#8221;100&#8243; shift_y=&#8221;0&#8243; z_index=&#8221;0&#8243;][vc_column column_width_percent=&#8221;100&#8243; gutter_size=&#8221;3&#8243; overlay_alpha=&#8221;50&#8243; shift_x=&#8221;0&#8243; shift_y=&#8221;0&#8243; shift_y_down=&#8221;0&#8243; z_index=&#8221;0&#8243; medium_width=&#8221;0&#8243; mobile_width=&#8221;0&#8243; width=&#8221;1\/1&#8243;][vc_separator sep_color=&#8221;color-770920&#8243;][\/vc_column][\/vc_row][vc_row unlock_row_content=&#8221;yes&#8221; row_height_percent=&#8221;0&#8243; override_padding=&#8221;yes&#8221; h_padding=&#8221;2&#8243; top_padding=&#8221;2&#8243; bottom_padding=&#8221;3&#8243; overlay_alpha=&#8221;50&#8243; gutter_size=&#8221;3&#8243; column_width_percent=&#8221;100&#8243; shift_y=&#8221;0&#8243; z_index=&#8221;0&#8243; mobile_visibility=&#8221;yes&#8221; el_class=&#8221;etRecomanem arrowsPosts espaiTitulPrevi&#8221; uncode_shortcode_id=&#8221;400168&#8243;][vc_column column_width_percent=&#8221;100&#8243; gutter_size=&#8221;3&#8243; overlay_alpha=&#8221;50&#8243; shift_x=&#8221;0&#8243; shift_y=&#8221;0&#8243; shift_y_down=&#8221;0&#8243; z_index=&#8221;0&#8243; medium_width=&#8221;2&#8243; mobile_width=&#8221;7&#8243; width=&#8221;1\/4&#8243;][vc_custom_heading heading_semantic=&#8221;h4&#8243; text_font=&#8221;font-538551&#8243; text_size=&#8221;fontsize-847074&#8243; text_weight=&#8221;400&#8243; text_height=&#8221;fontheight-846199&#8243; text_space=&#8221;fontspace-861442&#8243; el_class=&#8221;paddingHeadingTallers&#8221; uncode_shortcode_id=&#8221;171912&#8243;]CHARMING SPACES[\/vc_custom_heading][vc_custom_heading text_color=&#8221;color-107789&#8243; text_font=&#8221;font-643449&#8243; text_size=&#8221;fontsize-495345&#8243; text_weight=&#8221;400&#8243; text_height=&#8221;fontheight-159127&#8243; uncode_shortcode_id=&#8221;157869&#8243; text_color_type=&#8221;uncode-palette&#8221;]EXHIBITIONS[\/vc_custom_heading][vc_row_inner row_inner_height_percent=&#8221;0&#8243; overlay_alpha=&#8221;50&#8243; equal_height=&#8221;yes&#8221; gutter_size=&#8221;0&#8243; shift_y=&#8221;0&#8243; z_index=&#8221;0&#8243; mobile_visibility=&#8221;yes&#8221;][vc_column_inner column_width_percent=&#8221;100&#8243; gutter_size=&#8221;3&#8243; overlay_alpha=&#8221;50&#8243; shift_x=&#8221;0&#8243; shift_y=&#8221;0&#8243; shift_y_down=&#8221;0&#8243; z_index=&#8221;0&#8243; medium_width=&#8221;0&#8243; mobile_width=&#8221;0&#8243; width=&#8221;1\/1&#8243;][vc_column_text uncode_shortcode_id=&#8221;185394&#8243;]<div id=\"prev-index-16302\" class=\"my-controls-btns prev-my-controls-btns\"><svg width=\"13\" height=\"24\" viewBox=\"0 0 13 24\" fill=\"none\" xmlns=\"http:\/\/www.w3.org\/2000\/svg\"><path d=\"M12 1L1 12L12 23\" stroke-linecap=\"round\" stroke-linejoin=\"round\"\/><\/svg><\/div><div id=\"next-index-16302\" class=\"my-controls-btns next-my-controls-btns\"><svg width=\"13\" height=\"24\" viewBox=\"0 0 13 24\" fill=\"none\" xmlns=\"http:\/\/www.w3.org\/2000\/svg\"><path d=\"M1 23L12 12L1 0.999998\" stroke-linecap=\"round\" stroke-linejoin=\"round\"\/><\/svg><\/div>[\/vc_column_text][\/vc_column_inner][\/vc_row_inner][\/vc_column][vc_column column_width_percent=&#8221;100&#8243; gutter_size=&#8221;3&#8243; override_padding=&#8221;yes&#8221; column_padding=&#8221;0&#8243; overlay_alpha=&#8221;50&#8243; shift_x=&#8221;0&#8243; shift_y=&#8221;0&#8243; shift_y_down=&#8221;0&#8243; z_index=&#8221;0&#8243; medium_width=&#8221;6&#8243; mobile_width=&#8221;0&#8243; width=&#8221;3\/4&#8243; el_class=&#8221;radiusImage&#8221;][uncode_index el_id=&#8221;index-16302&#8243; index_type=&#8221;carousel&#8221; loop=&#8221;size:10|order_by:date|order:DESC|post_type:exposicio|taxonomy_count:10&#8243; carousel_lg=&#8221;1&#8243; carousel_md=&#8221;1&#8243; carousel_sm=&#8221;1&#8243; thumb_size=&#8221;three-two&#8221; gutter_size=&#8221;3&#8243; post_items=&#8221;media|featured|onpost|original,title,date,text|excerpt,link|default|default_size|M\u00e9s informaci\u00f3&#8221; exposicio_items=&#8221;type,media|featured|onpost|original,title,preu_destacat,text_introductori,link|link|small_size|More information,url_comprar_entrades,dates_disponibles&#8221; activitat_items=&#8221;type,media|featured|onpost|original,title,preu_destacat,text_introductori,link|link|small_size|M\u00e9s informaci\u00f3,url_comprar_entrades,data_destacada&#8221; carousel_interval=&#8221;10000&#8243; carousel_navspeed=&#8221;400&#8243; carousel_loop=&#8221;yes&#8221; carousel_dots_mobile=&#8221;yes&#8221; stage_padding=&#8221;0&#8243; single_text=&#8221;lateral&#8221; single_image_position=&#8221;right&#8221; single_image_size=&#8221;6&#8243; single_overlay_opacity=&#8221;1&#8243; single_overlay_anim=&#8221;no&#8221; single_text_visible=&#8221;yes&#8221; single_text_anim=&#8221;no&#8221; single_image_anim=&#8221;no&#8221; single_padding=&#8221;2&#8243; single_title_family=&#8221;font-875416&#8243; single_title_dimension=&#8221;fontsize-495345&#8243; single_title_weight=&#8221;400&#8243; single_title_height=&#8221;fontheight-206872&#8243; single_border=&#8221;yes&#8221; el_class=&#8221;linksPost&#8221; uncode_shortcode_id=&#8221;163069&#8243;][\/vc_column][\/vc_row][vc_row unlock_row_content=&#8221;yes&#8221; row_height_percent=&#8221;0&#8243; override_padding=&#8221;yes&#8221; h_padding=&#8221;2&#8243; top_padding=&#8221;2&#8243; bottom_padding=&#8221;3&#8243; overlay_alpha=&#8221;50&#8243; equal_height=&#8221;yes&#8221; gutter_size=&#8221;0&#8243; column_width_percent=&#8221;100&#8243; shift_y=&#8221;0&#8243; z_index=&#8221;0&#8243; medium_visibility=&#8221;yes&#8221; mobile_visibility=&#8221;yes&#8221; el_class=&#8221;botonsLateralsArrodonits&#8221; uncode_shortcode_id=&#8221;996481&#8243;][vc_column column_width_percent=&#8221;100&#8243; gutter_size=&#8221;3&#8243; style=&#8221;dark&#8221; back_color=&#8221;color-918411&#8243; overlay_color=&#8221;color-391721&#8243; overlay_alpha=&#8221;100&#8243; shift_x=&#8221;0&#8243; shift_y=&#8221;0&#8243; shift_y_down=&#8221;0&#8243; z_index=&#8221;0&#8243; medium_width=&#8221;2&#8243; mobile_width=&#8221;0&#8243; width=&#8221;1\/4&#8243;][vc_button size=&#8221;link&#8221; btn_link_size=&#8221;fontsize-847074&#8243; custom_typo=&#8221;yes&#8221; font_family=&#8221;font-538551&#8243; font_weight=&#8221;400&#8243; letter_spacing=&#8221;fontspace-861442&#8243; icon_position=&#8221;right&#8221; icon=&#8221;fa fa-arrow-forward&#8221; el_class=&#8221;linkWhite&#8221; link=&#8221;url:https%3A%2F%2Fpoble-espanyol.com%2Fen%2Factivities%2F&#8221; uncode_shortcode_id=&#8221;170905&#8243;]<\/p>\n<h3>CHECK ALL THE ACTIVITIES AGENDA<\/h3>\n<p>[\/vc_button][\/vc_column][vc_column column_width_percent=&#8221;100&#8243; gutter_size=&#8221;3&#8243; style=&#8221;dark&#8221; back_color=&#8221;color-892698&#8243; overlay_color=&#8221;color-918411&#8243; overlay_alpha=&#8221;100&#8243; shift_x=&#8221;0&#8243; shift_y=&#8221;0&#8243; shift_y_down=&#8221;0&#8243; z_index=&#8221;0&#8243; medium_width=&#8221;2&#8243; mobile_width=&#8221;0&#8243; width=&#8221;1\/4&#8243;][vc_button size=&#8221;link&#8221; btn_link_size=&#8221;fontsize-847074&#8243; custom_typo=&#8221;yes&#8221; font_family=&#8221;font-538551&#8243; font_weight=&#8221;400&#8243; letter_spacing=&#8221;fontspace-861442&#8243; icon_position=&#8221;right&#8221; icon=&#8221;fa fa-arrow-forward&#8221; el_class=&#8221;linkWhite&#8221; link=&#8221;url:https%3A%2F%2Fpoble-espanyol.com%2Fen%2Factivities%2Fconcerts%2F&#8221; uncode_shortcode_id=&#8221;368879&#8243;]<\/p>\n<h3>CONCERTS AT THE POBLE ESPANYOL IN BARCELONA<\/h3>\n<p>[\/vc_button][\/vc_column][vc_column column_width_percent=&#8221;100&#8243; gutter_size=&#8221;3&#8243; style=&#8221;dark&#8221; back_color=&#8221;color-107789&#8243; overlay_color=&#8221;color-892698&#8243; overlay_alpha=&#8221;100&#8243; shift_x=&#8221;0&#8243; shift_y=&#8221;0&#8243; shift_y_down=&#8221;0&#8243; z_index=&#8221;0&#8243; medium_width=&#8221;2&#8243; mobile_width=&#8221;0&#8243; width=&#8221;1\/4&#8243;][vc_button size=&#8221;link&#8221; btn_link_size=&#8221;fontsize-847074&#8243; custom_typo=&#8221;yes&#8221; font_family=&#8221;font-538551&#8243; font_weight=&#8221;400&#8243; letter_spacing=&#8221;fontspace-861442&#8243; icon_position=&#8221;right&#8221; icon=&#8221;fa fa-arrow-forward&#8221; el_class=&#8221;linkWhite&#8221; uncode_shortcode_id=&#8221;225888&#8243; link=&#8221;url:https%3A%2F%2Fpoble-espanyol.com%2Fen%2Fthe-visit%2Fhandicrafts%2F&#8221;]<\/p>\n<h3>COMPLETE YOUR FAMILY EXPERIENCE VISITING THE ARTISANS<\/h3>\n<p>[\/vc_button][\/vc_column][vc_column column_width_percent=&#8221;100&#8243; gutter_size=&#8221;3&#8243; style=&#8221;dark&#8221; back_color=&#8221;color-147523&#8243; overlay_color=&#8221;color-107789&#8243; overlay_alpha=&#8221;100&#8243; shift_x=&#8221;0&#8243; shift_y=&#8221;0&#8243; shift_y_down=&#8221;0&#8243; z_index=&#8221;0&#8243; medium_width=&#8221;2&#8243; mobile_width=&#8221;0&#8243; width=&#8221;1\/4&#8243;][vc_button size=&#8221;link&#8221; btn_link_size=&#8221;fontsize-847074&#8243; custom_typo=&#8221;yes&#8221; font_family=&#8221;font-538551&#8243; font_weight=&#8221;400&#8243; letter_spacing=&#8221;fontspace-861442&#8243; icon_position=&#8221;right&#8221; icon=&#8221;fa fa-arrow-forward&#8221; el_class=&#8221;linkWhite&#8221; link=&#8221;url:https%3A%2F%2Fpoble-espanyol.com%2Fen%2Fthe-visit%2F&#8221; uncode_shortcode_id=&#8221;209414&#8243;]<\/p>\n<h3>PLAN YOUR VISIT AND BUY YOUR TICKET NOW<\/h3>\n<p>[\/vc_button][\/vc_column][\/vc_row][vc_row unlock_row_content=&#8221;yes&#8221; row_height_percent=&#8221;0&#8243; override_padding=&#8221;yes&#8221; h_padding=&#8221;2&#8243; top_padding=&#8221;1&#8243; bottom_padding=&#8221;3&#8243; overlay_alpha=&#8221;50&#8243; equal_height=&#8221;yes&#8221; gutter_size=&#8221;2&#8243; column_width_percent=&#8221;100&#8243; shift_y=&#8221;0&#8243; z_index=&#8221;0&#8243; desktop_visibility=&#8221;yes&#8221; el_class=&#8221;botonsLateralsArrodonits&#8221; uncode_shortcode_id=&#8221;105870&#8243;][vc_column column_width_percent=&#8221;100&#8243; gutter_size=&#8221;3&#8243; style=&#8221;dark&#8221; back_color=&#8221;color-147523&#8243; overlay_color=&#8221;color-391721&#8243; overlay_alpha=&#8221;100&#8243; shift_x=&#8221;0&#8243; shift_y=&#8221;0&#8243; shift_y_down=&#8221;0&#8243; z_index=&#8221;0&#8243; medium_width=&#8221;0&#8243; mobile_width=&#8221;0&#8243; width=&#8221;1\/4&#8243;][vc_button size=&#8221;link&#8221; btn_link_size=&#8221;fontsize-847074&#8243; custom_typo=&#8221;yes&#8221; font_family=&#8221;font-875416&#8243; font_weight=&#8221;400&#8243; letter_spacing=&#8221;fontspace-861442&#8243; icon_position=&#8221;right&#8221; icon=&#8221;fa fa-arrow-forward&#8221; el_class=&#8221;linkWhite&#8221; link=&#8221;url:https%3A%2F%2Fpoble-espanyol.com%2Fen%2Factivities%2F&#8221; uncode_shortcode_id=&#8221;861790&#8243;]<\/p>\n<h3>CHECK ALL THE ACTIVITIES AGENDA<\/h3>\n<p>[\/vc_button][\/vc_column][vc_column column_width_percent=&#8221;100&#8243; gutter_size=&#8221;3&#8243; style=&#8221;dark&#8221; back_color=&#8221;color-147523&#8243; overlay_color=&#8221;color-918411&#8243; overlay_alpha=&#8221;100&#8243; shift_x=&#8221;0&#8243; shift_y=&#8221;0&#8243; shift_y_down=&#8221;0&#8243; z_index=&#8221;0&#8243; medium_width=&#8221;0&#8243; mobile_width=&#8221;0&#8243; width=&#8221;1\/4&#8243;][vc_button size=&#8221;link&#8221; btn_link_size=&#8221;fontsize-847074&#8243; custom_typo=&#8221;yes&#8221; font_family=&#8221;font-875416&#8243; font_weight=&#8221;400&#8243; letter_spacing=&#8221;fontspace-861442&#8243; icon_position=&#8221;right&#8221; icon=&#8221;fa fa-arrow-forward&#8221; el_class=&#8221;linkWhite&#8221; link=&#8221;url:https%3A%2F%2Fpoble-espanyol.com%2Fen%2Factivities%2Fconcerts%2F&#8221; uncode_shortcode_id=&#8221;149934&#8243;]<\/p>\n<h3>CONCERTS AT THE POBLE ESPANYOL IN BARCELONA<\/h3>\n<p>[\/vc_button][\/vc_column][vc_column column_width_percent=&#8221;100&#8243; gutter_size=&#8221;3&#8243; style=&#8221;dark&#8221; back_color=&#8221;color-147523&#8243; overlay_color=&#8221;color-892698&#8243; overlay_alpha=&#8221;100&#8243; shift_x=&#8221;0&#8243; shift_y=&#8221;0&#8243; shift_y_down=&#8221;0&#8243; z_index=&#8221;0&#8243; medium_width=&#8221;0&#8243; mobile_width=&#8221;0&#8243; width=&#8221;1\/4&#8243;][vc_button size=&#8221;link&#8221; btn_link_size=&#8221;fontsize-847074&#8243; custom_typo=&#8221;yes&#8221; font_family=&#8221;font-875416&#8243; font_weight=&#8221;400&#8243; letter_spacing=&#8221;fontspace-861442&#8243; icon_position=&#8221;right&#8221; icon=&#8221;fa fa-arrow-forward&#8221; el_class=&#8221;linkWhite&#8221; link=&#8221;url:https%3A%2F%2Fpoble-espanyol.com%2Fen%2Fthe-visit%2Fhandicrafts%2F&#8221; uncode_shortcode_id=&#8221;837229&#8243;]<\/p>\n<h3>COMPLETE YOUR FAMILY EXPERIENCE VISITING THE ARTISANS<\/h3>\n<p>[\/vc_button][\/vc_column][vc_column column_width_percent=&#8221;100&#8243; gutter_size=&#8221;3&#8243; style=&#8221;dark&#8221; back_color=&#8221;color-147523&#8243; overlay_color=&#8221;color-107789&#8243; overlay_alpha=&#8221;100&#8243; shift_x=&#8221;0&#8243; shift_y=&#8221;0&#8243; shift_y_down=&#8221;0&#8243; z_index=&#8221;0&#8243; medium_width=&#8221;0&#8243; mobile_width=&#8221;0&#8243; width=&#8221;1\/4&#8243;][vc_button size=&#8221;link&#8221; btn_link_size=&#8221;fontsize-847074&#8243; custom_typo=&#8221;yes&#8221; font_family=&#8221;font-875416&#8243; font_weight=&#8221;400&#8243; letter_spacing=&#8221;fontspace-861442&#8243; icon_position=&#8221;right&#8221; icon=&#8221;fa fa-arrow-forward&#8221; el_class=&#8221;linkWhite&#8221; link=&#8221;url:https%3A%2F%2Fpoble-espanyol.com%2Fen%2Fthe-visit%2F&#8221; uncode_shortcode_id=&#8221;128472&#8243;]<\/p>\n<h3>PLAN YOUR VISIT AND BUY YOUR TICKET NOW<\/h3>\n<p>[\/vc_button][\/vc_column][\/vc_row][vc_row row_height_percent=&#8221;0&#8243; override_padding=&#8221;yes&#8221; h_padding=&#8221;2&#8243; top_padding=&#8221;2&#8243; bottom_padding=&#8221;3&#8243; overlay_alpha=&#8221;50&#8243; gutter_size=&#8221;3&#8243; column_width_percent=&#8221;100&#8243; shift_y=&#8221;0&#8243; z_index=&#8221;0&#8243; uncode_shortcode_id=&#8221;913721&#8243;][vc_column column_width_percent=&#8221;100&#8243; gutter_size=&#8221;3&#8243; overlay_alpha=&#8221;50&#8243; shift_x=&#8221;0&#8243; shift_y=&#8221;0&#8243; shift_y_down=&#8221;0&#8243; z_index=&#8221;0&#8243; medium_width=&#8221;0&#8243; mobile_width=&#8221;0&#8243; width=&#8221;1\/1&#8243;][vc_empty_space empty_h=&#8221;5&#8243; mobile_visibility=&#8221;yes&#8221;][\/vc_column][\/vc_row]<\/p>\n<\/div>","protected":false},"excerpt":{"rendered":"<p>El Poble organiza una larga lista de actividades culturales y de ocio en Barcelona en las que la m\u00fasica es siempre un elemento imprescindible. La Plaza Mayor, la zona Picnic, as\u00ed como otros espacios del Poble Espanyol de Barcelona se llenan con frecuencia de ritmo. El festival Rock&#038;Grill de bandas tributo de rock y su versi\u00f3n m\u00e1s familiar (Rock&#038;Kids), los ciclos de verano de blues y rumba y Picnic Beat son los ejemplos m\u00e1s claros, pero en el Poble nos gusta introducir la m\u00fasica en cualquier actividad. <\/p>\n","protected":false},"author":4,"featured_media":102266,"parent":115424,"menu_order":220,"comment_status":"closed","ping_status":"closed","template":"","meta":{"_acf_changed":false,"footnotes":""},"class_list":["post-115104","page","type-page","status-publish","has-post-thumbnail","hentry","page_category-poble-espanyol-en"],"acf":[],"_links":{"self":[{"href":"https:\/\/poble-espanyol.com\/en\/wp-json\/wp\/v2\/pages\/115104","targetHints":{"allow":["GET"]}}],"collection":[{"href":"https:\/\/poble-espanyol.com\/en\/wp-json\/wp\/v2\/pages"}],"about":[{"href":"https:\/\/poble-espanyol.com\/en\/wp-json\/wp\/v2\/types\/page"}],"author":[{"embeddable":true,"href":"https:\/\/poble-espanyol.com\/en\/wp-json\/wp\/v2\/users\/4"}],"replies":[{"embeddable":true,"href":"https:\/\/poble-espanyol.com\/en\/wp-json\/wp\/v2\/comments?post=115104"}],"version-history":[{"count":7,"href":"https:\/\/poble-espanyol.com\/en\/wp-json\/wp\/v2\/pages\/115104\/revisions"}],"predecessor-version":[{"id":249341,"href":"https:\/\/poble-espanyol.com\/en\/wp-json\/wp\/v2\/pages\/115104\/revisions\/249341"}],"up":[{"embeddable":true,"href":"https:\/\/poble-espanyol.com\/en\/wp-json\/wp\/v2\/pages\/115424"}],"wp:featuredmedia":[{"embeddable":true,"href":"https:\/\/poble-espanyol.com\/en\/wp-json\/wp\/v2\/media\/102266"}],"wp:attachment":[{"href":"https:\/\/poble-espanyol.com\/en\/wp-json\/wp\/v2\/media?parent=115104"}],"curies":[{"name":"wp","href":"https:\/\/api.w.org\/{rel}","templated":true}]}}