{"id":114929,"date":"2022-03-17T18:07:47","date_gmt":"2022-03-17T16:07:47","guid":{"rendered":"https:\/\/pe.efimatica.com\/?page_id=114929"},"modified":"2026-01-14T14:36:55","modified_gmt":"2026-01-14T12:36:55","slug":"avis-juridique","status":"publish","type":"page","link":"https:\/\/poble-espanyol.com\/fr\/avis-juridique\/","title":{"rendered":"Mentions l\u00e9gales"},"content":{"rendered":"<div class=\"wpb-content-wrapper\"><p>[vc_row unlock_row_content=\u00a0\u00bbyes\u00a0\u00bb row_height_percent=\u00a0\u00bb0&Prime; override_padding=\u00a0\u00bbyes\u00a0\u00bb h_padding=\u00a0\u00bb2&Prime; top_padding=\u00a0\u00bb2&Prime; bottom_padding=\u00a0\u00bb5&Prime; overlay_alpha=\u00a0\u00bb50&Prime; gutter_size=\u00a0\u00bb2&Prime; column_width_percent=\u00a0\u00bb100&Prime; shift_y=\u00a0\u00bb0&Prime; z_index=\u00a0\u00bb0&Prime; uncode_shortcode_id=\u00a0\u00bb158204&Prime; el_class=\u00a0\u00bbespaiTitulPrevi\u00a0\u00bb][vc_column column_width_percent=\u00a0\u00bb100&Prime; gutter_size=\u00a0\u00bb3&Prime; overlay_alpha=\u00a0\u00bb50&Prime; shift_x=\u00a0\u00bb0&Prime; shift_y=\u00a0\u00bb0&Prime; shift_y_down=\u00a0\u00bb0&Prime; z_index=\u00a0\u00bb0&Prime; medium_width=\u00a0\u00bb0&Prime; mobile_width=\u00a0\u00bb7&Prime; width=\u00a0\u00bb1\/1&Prime; uncode_shortcode_id=\u00a0\u00bb617312&Prime;][vc_custom_heading heading_semantic=\u00a0\u00bbh4&Prime; text_font=\u00a0\u00bbfont-538551&Prime; text_size=\u00a0\u00bbfontsize-847074&Prime; text_weight=\u00a0\u00bb400&Prime; text_height=\u00a0\u00bbfontheight-846199&Prime; text_space=\u00a0\u00bbfontspace-861442&Prime; uncode_shortcode_id=\u00a0\u00bb161622&Prime;]MENTIONS L\u00c9GALES[\/vc_custom_heading][vc_column_text uncode_shortcode_id=\u00a0\u00bb161016&Prime;]<strong>0. OBJET ET ACCEPTATION<\/strong><\/p>\n<p>Le pr\u00e9sent avis l\u00e9gal r\u00e9git l\u2019utilisation du site web <a href=\"https:\/\/tickets.poble-espanyol.com\/fr\" target=\"_blank\" rel=\"noopener\">https:\/\/tickets.poble-espanyol.com\/fr<\/a>, dont le titulaire est Poble Espanyol de Montju\u00efc SAU (ci-apr\u00e8s, PEMSAU).<\/p>\n<p>La navigation sur le site web de PEMSAU conf\u00e8re la qualit\u00e9 d\u2019utilisateur et implique l\u2019acceptation pleine et enti\u00e8re, sans r\u00e9serve, de toutes les dispositions incluses dans le pr\u00e9sent Avis L\u00e9gal, qui peuvent \u00eatre modifi\u00e9es.<\/p>\n<p>L\u2019utilisateur s\u2019engage \u00e0 faire un usage correct du site web conform\u00e9ment aux lois, \u00e0 la bonne foi, \u00e0 l\u2019ordre public, aux usages du trafic et au pr\u00e9sent Avis L\u00e9gal. L\u2019utilisateur sera responsable envers PEMSAU ou envers des tiers de tout dommage pouvant r\u00e9sulter du non-respect de cette obligation.<\/p>\n<p><strong>1. IDENTIFICATION ET COMMUNICATIONS<\/strong><\/p>\n<p>PEMSAU, en conformit\u00e9 avec la Loi 34\/2002 du 11 juillet sur les services de la soci\u00e9t\u00e9 de l\u2019information et le commerce \u00e9lectronique, informe que :<\/p>\n<p>Sa d\u00e9nomination sociale est : Poble Espanyol de Montju\u00efc SAU<\/p>\n<p>Son CIF est : A58283391<\/p>\n<p>Son si\u00e8ge social est situ\u00e9 \u00e0 : AVDA FRANCESC FERRER I GUARDIA, N\u00b0 13, 08038 BARCELONE<\/p>\n<p>Registre : Registre du Commerce de Barcelone, Tome 8.474, Livre 7.724, section 2, feuille 1, num\u00e9ro 98.642.<\/p>\n<p>Pour communiquer avec nous, nous mettons \u00e0 votre disposition les moyens de contact suivants :<\/p>\n<p>T\u00e9l\u00e9phone de contact : 34 93 508 63 00<\/p>\n<p>Adresse e-mail : info@poble-espanyol.com<\/p>\n<p>Toutes les notifications et communications entre les utilisateurs et PEMSAU seront consid\u00e9r\u00e9es comme valides \u00e0 tous \u00e9gards lorsqu\u2019elles sont effectu\u00e9es par courrier postal ou tout autre moyen mentionn\u00e9 ci-dessus.<\/p>\n<p><strong>2. CONDITIONS D\u2019ACC\u00c8S ET D\u2019UTILISATION<\/strong><\/p>\n<p>Le site web et ses services sont accessibles librement et gratuitement ; cependant, PEMSAU conditionne l\u2019utilisation de certains services propos\u00e9s sur son site \u00e0 la pr\u00e9alablement compl\u00e9tion du formulaire correspondant.<\/p>\n<p>L\u2019utilisateur garantit l\u2019authenticit\u00e9 et l\u2019actualit\u00e9 de toutes les donn\u00e9es communiqu\u00e9es \u00e0 PEMSAU et sera le seul responsable des d\u00e9clarations fausses ou inexactes.<\/p>\n<p>L\u2019utilisateur s\u2019engage express\u00e9ment \u00e0 faire un usage appropri\u00e9 des contenus et services de PEMSAU et \u00e0 ne pas les utiliser, entre autres :<\/p>\n<p>a) Diffuser des contenus illicites, violents, pornographiques, racistes, x\u00e9nophobes, offensants, faisant l\u2019apologie du terrorisme ou, en g\u00e9n\u00e9ral, contraires \u00e0 la loi ou \u00e0 l\u2019ordre public.<\/p>\n<p>b) Introduire des virus informatiques sur le r\u00e9seau ou effectuer des actions susceptibles d\u2019alt\u00e9rer, endommager, interrompre ou g\u00e9n\u00e9rer des erreurs ou des dommages sur les documents \u00e9lectroniques, donn\u00e9es ou syst\u00e8mes physiques et logiques de PEMSAU ou de tiers ; ainsi que d\u2019entraver l\u2019acc\u00e8s des autres utilisateurs au site web et \u00e0 ses services par la consommation massive des ressources informatiques utilis\u00e9es par PEMSAU pour fournir ses services.<\/p>\n<p>c) Tenter d\u2019acc\u00e9der aux comptes de messagerie \u00e9lectronique d\u2019autres utilisateurs ou aux zones restreintes des syst\u00e8mes informatiques de PEMSAU ou de tiers et, le cas \u00e9ch\u00e9ant, en extraire des informations.<\/p>\n<p>d) Porter atteinte aux droits de propri\u00e9t\u00e9 intellectuelle ou industrielle, ainsi que violer la confidentialit\u00e9 des informations de PEMSAU ou de tiers.<\/p>\n<p>e) Usurper l\u2019identit\u00e9 d\u2019un autre utilisateur, des administrations publiques ou d\u2019un tiers.<\/p>\n<p>f) Reproduire, copier, distribuer, mettre \u00e0 disposition ou toute autre forme de communication publique, transformer ou modifier les contenus, sauf autorisation du titulaire des droits correspondants ou lorsque la loi le permet.<\/p>\n<p>g) Collecter des donn\u00e9es \u00e0 des fins publicitaires et envoyer des publicit\u00e9s ou communications commerciales sans demande ou consentement pr\u00e9alable.<\/p>\n<p>Tous les contenus du site web, tels que textes, photographies, graphiques, images, ic\u00f4nes, technologies, logiciels, ainsi que leur conception graphique et codes sources, constituent une \u0153uvre dont la propri\u00e9t\u00e9 appartient \u00e0 PEMSAU, sans que l\u2019utilisateur acqui\u00e8re des droits d\u2019exploitation au-del\u00e0 de ce qui est strictement n\u00e9cessaire pour l\u2019utilisation correcte du site web.<\/p>\n<p>En r\u00e9sum\u00e9, les utilisateurs acc\u00e9dant \u00e0 ce site web peuvent visualiser les contenus et effectuer, le cas \u00e9ch\u00e9ant, des copies priv\u00e9es autoris\u00e9es \u00e0 condition que les \u00e9l\u00e9ments reproduits ne soient pas ensuite c\u00e9d\u00e9s \u00e0 des tiers, install\u00e9s sur des serveurs connect\u00e9s \u00e0 des r\u00e9seaux, ou exploit\u00e9s d\u2019une quelconque mani\u00e8re.<\/p>\n<p>De m\u00eame, toutes les marques, noms commerciaux ou signes distinctifs apparaissant sur le site web sont la propri\u00e9t\u00e9 de PEMSAU, et l\u2019acc\u00e8s ou l\u2019utilisation du site n\u2019attribue \u00e0 l\u2019utilisateur aucun droit sur ceux-ci.<\/p>\n<p>La distribution, modification, cession ou communication publique des contenus et tout autre acte non express\u00e9ment autoris\u00e9 par le titulaire des droits d\u2019exploitation est interdit.<\/p>\n<p>La cr\u00e9ation d\u2019un hyperlien n\u2019implique en aucun cas l\u2019existence de relations entre Poble Espanyol de Montju\u00efc SAU et le propri\u00e9taire du site web o\u00f9 il est \u00e9tabli, ni l\u2019acceptation ou l\u2019approbation par PEMSAU de ses contenus ou services. Les personnes souhaitant \u00e9tablir un hyperlien doivent demander une autorisation \u00e9crite \u00e0 PEMSAU. Dans tous les cas, l\u2019hyperlien permettra uniquement l\u2019acc\u00e8s \u00e0 la page d\u2019accueil de notre site web et ne doit pas comporter de d\u00e9clarations fausses, inexactes ou illicites sur PEMSAU ou inclure des contenus contraires aux bonnes m\u0153urs et \u00e0 l\u2019ordre public.<\/p>\n<p>PEMSAU n\u2019est pas responsable de l\u2019usage que chaque utilisateur fait des mat\u00e9riaux mis \u00e0 disposition sur ce site web ni des actions effectu\u00e9es \u00e0 partir de ceux-ci.<\/p>\n<p><strong>3. EXCLUSION DE GARANTIES ET DE RESPONSABILIT\u00c9<\/strong><\/p>\n<p>Le contenu du pr\u00e9sent site web est de nature g\u00e9n\u00e9rale et a une finalit\u00e9 purement informative, sans que l\u2019acc\u00e8s \u00e0 tous les contenus, leur exhaustivit\u00e9, exactitude, actualit\u00e9 ou leur utilit\u00e9 pour un objectif sp\u00e9cifique ne soit garanti.<\/p>\n<p>PEMSAU exclut, dans la limite permise par la loi, toute responsabilit\u00e9 pour tout dommage d\u00e9coulant :<\/p>\n<p>a) De l\u2019impossibilit\u00e9 d\u2019acc\u00e8s au site web ou du manque de v\u00e9racit\u00e9, exactitude, exhaustivit\u00e9 et\/ou actualit\u00e9 des contenus, ainsi que de l\u2019existence de d\u00e9fauts ou vices des contenus transmis, diffus\u00e9s, stock\u00e9s ou mis \u00e0 disposition.<\/p>\n<p>b) De la pr\u00e9sence de virus ou d\u2019autres \u00e9l\u00e9ments pouvant provoquer des alt\u00e9rations dans les syst\u00e8mes informatiques, documents \u00e9lectroniques ou donn\u00e9es des utilisateurs.<\/p>\n<p>c) Du non-respect des lois, de la bonne foi, de l\u2019ordre public, des usages du trafic et du pr\u00e9sent avis l\u00e9gal \u00e0 la suite d\u2019une utilisation incorrecte du site web. En particulier, PEMSAU n\u2019est pas responsable des actions de tiers portant atteinte aux droits de propri\u00e9t\u00e9 intellectuelle et industrielle, secrets commerciaux, droits \u00e0 l\u2019honneur, \u00e0 la vie priv\u00e9e et \u00e0 l\u2019image, ainsi que de la l\u00e9gislation sur la concurrence d\u00e9loyale et la publicit\u00e9 illicite.<\/p>\n<p>PEMSAU d\u00e9cline \u00e9galement toute responsabilit\u00e9 concernant les informations situ\u00e9es en dehors de ce site web et non g\u00e9r\u00e9es directement par notre webmaster. La fonction des liens pr\u00e9sents sur ce site est uniquement informative et n\u2019implique aucune responsabilit\u00e9 quant au fonctionnement ou \u00e0 l\u2019accessibilit\u00e9 des sites li\u00e9s. PEMSAU n\u2019est pas responsable de la cr\u00e9ation de liens hypertextes par des tiers.<\/p>\n<p><strong>4. POLITIQUE DE CONFIDENTIALIT\u00c9<\/strong><\/p>\n<p><strong>4.1. Qui est responsable du traitement de vos donn\u00e9es ?<\/strong><\/p>\n<p>Conform\u00e9ment au R\u00e8glement (UE) 2016\/679 et \u00e0 la Loi organique 3\/2018 du 5 d\u00e9cembre sur la protection des donn\u00e9es personnelles et la garantie des droits num\u00e9riques, le responsable du traitement est identifi\u00e9 au consid\u00e9rant 1 de cet Avis l\u00e9gal.<\/p>\n<p>Types de donn\u00e9es que nous poss\u00e9dons sur vous et comment nous les avons obtenues :<\/p>\n<p>Les cat\u00e9gories de donn\u00e9es personnelles que nous traitons pour les clients et fournisseurs sont :<\/p>\n<ol>\n<li>Donn\u00e9es d&rsquo;identification<\/li>\n<li>Adresses postales ou \u00e9lectroniques<\/li>\n<li>Informations commerciales<\/li>\n<li>Donn\u00e9es financi\u00e8res et de transaction<\/li>\n<\/ol>\n<p><strong>4.2. Traitez-vous des donn\u00e9es sensibles ?<\/strong><\/p>\n<p>Toutes les donn\u00e9es mentionn\u00e9es ci-dessus ont \u00e9t\u00e9 obtenues directement aupr\u00e8s de vous via une offre commerciale, une proposition contractuelle, etc., ou via votre entreprise fournissant les informations n\u00e9cessaires pour la relation contractuelle. Il est de votre responsabilit\u00e9 ou celle de votre entreprise de fournir des donn\u00e9es mises \u00e0 jour en cas de modification.<\/p>\n<p><strong>4.3. Dans quel but traitons-nous vos donn\u00e9es ?<\/strong><\/p>\n<p>Nous traitons les donn\u00e9es fournies par les personnes concern\u00e9es pour g\u00e9rer diverses activit\u00e9s li\u00e9es aux ventes, au service apr\u00e8s-vente, \u00e0 la gestion des fournisseurs, \u00e0 la qualit\u00e9 du service, etc. Nous utilisons vos donn\u00e9es pour :<\/p>\n<p>I. Envoyer les informations demand\u00e9es via le formulaire de contact de notre site web ou tout autre moyen,<\/p>\n<p>II. Fournir aux clients potentiels et actuels des offres de produits et services pertinents,<\/p>\n<p>III. G\u00e9rer les aspects administratifs, fiscaux et comptables des clients et\/ou fournisseurs,<\/p>\n<p>IV. R\u00e9aliser des enqu\u00eates de satisfaction, \u00e9tudes de march\u00e9, etc., afin de proposer les offres les plus adapt\u00e9es et un service optimal.<\/p>\n<p><strong>4.4. Combien de temps conserverons-nous vos donn\u00e9es ?<\/strong><\/p>\n<p>Les donn\u00e9es personnelles collect\u00e9es via les formulaires de contact seront conserv\u00e9es jusqu&rsquo;\u00e0 ce que la personne concern\u00e9e demande leur suppression. Les donn\u00e9es des clients et fournisseurs seront conserv\u00e9es tant que la relation commerciale existe, en respectant les d\u00e9lais l\u00e9gaux minimaux.<\/p>\n<p>Nous conserverons vos donn\u00e9es personnelles le temps n\u00e9cessaire pour r\u00e9pondre aux demandes, r\u00e9soudre des probl\u00e8mes, am\u00e9liorer les services, activer de nouveaux services et respecter la l\u00e9gislation applicable. Apr\u00e8s cette p\u00e9riode, les donn\u00e9es seront supprim\u00e9es de tous nos syst\u00e8mes.<\/p>\n<p><strong>4.5. Quelle est la base l\u00e9gale du traitement ?<\/strong><\/p>\n<p>Selon le type de traitement, la base l\u00e9gale s&rsquo;applique.<\/p>\n<p>Tout d\u2019abord, une gestion comptable sera effectu\u00e9e, incluant la facturation et l\u2019achat de billets, ainsi que la relation avec les clients et les fournisseurs. Ce traitement repose sur le maintien, le d\u00e9veloppement et le contr\u00f4le de la relation contractuelle existant entre les parties.<\/p>\n<p>De m\u00eame, les donn\u00e9es pourront \u00eatre utilis\u00e9es \u00e0 des fins de gestion fiscale, comprenant l\u2019application de retenues, de bonifications ou d\u2019autres obligations fiscales. La base l\u00e9gale de ce traitement est \u00e0 la fois le maintien de la relation contractuelle et le respect des obligations l\u00e9gales applicables.<\/p>\n<p>Par ailleurs, une gestion administrative sera mise en \u0153uvre, englobant des t\u00e2ches de logistique, de stockage, de livraison des produits au client et de r\u00e9ception des marchandises. Ce traitement est \u00e9galement fond\u00e9 sur le maintien, le d\u00e9veloppement et le contr\u00f4le de la relation contractuelle.<\/p>\n<p>Enfin, les donn\u00e9es pourront \u00eatre trait\u00e9es \u00e0 des fins de marketing, consistant en l\u2019envoi d\u2019actions commerciales concernant des produits ou des services, destin\u00e9es aux membres ou aux personnes ayant pr\u00e9alablement demand\u00e9 des informations, y compris la r\u00e9alisation d\u2019enqu\u00eates de satisfaction et la communication d\u2019activit\u00e9s culturelles propres \u00e0 Poble Espanyol de Montju\u00efc SAU. Ce traitement repose sur le consentement libre, sp\u00e9cifique et sans \u00e9quivoque de la personne concern\u00e9e.<\/p>\n<p>Il est express\u00e9ment pr\u00e9cis\u00e9 que le retrait du consentement pour les actions de marketing ne conditionnera en aucun cas l\u2019ex\u00e9cution du contrat pouvant exister entre les parties. De m\u00eame, le traitement pourra \u00eatre fond\u00e9 sur l\u2019int\u00e9r\u00eat l\u00e9gitime de la soci\u00e9t\u00e9 pour la promotion et la commercialisation de produits ou services similaires \u00e0 ceux pr\u00e9c\u00e9demment obtenus ou demand\u00e9s par les personnes concern\u00e9es.<\/p>\n<p>Si vous ne fournissez pas vos donn\u00e9es personnelles, le contrat ne pourra pas \u00eatre ex\u00e9cut\u00e9 ni les obligations l\u00e9gales respect\u00e9es.<\/p>\n<p><strong>4.6. \u00c0 quels destinataires vos donn\u00e9es seront-elles communiqu\u00e9es ?<\/strong><\/p>\n<p>Nous ne partagerons pas vos donn\u00e9es personnelles \u00e0 des tiers pour le marketing direct, sauf consentement explicite. Nous pouvons communiquer vos donn\u00e9es aux autorit\u00e9s publiques si la loi l\u2019exige ou pour prot\u00e9ger les droits de l\u2019entreprise, des clients ou du public. Les prestataires de services (h\u00e9bergement, support IT, logistique, comptabilit\u00e9) doivent maintenir le m\u00eame niveau de s\u00e9curit\u00e9 et de confidentialit\u00e9.<\/p>\n<p><strong>4.7. Transferts vers des pays tiers ?<\/strong><\/p>\n<p>Aucun transfert hors UE n\u2019est pr\u00e9vu, sauf demande expresse.<\/p>\n<p><strong>4.8. Quels sont vos droits en tant que personne concern\u00e9e ?<\/strong><\/p>\n<p>Vous avez le droit d\u2019acc\u00e9der, rectifier, supprimer, limiter, vous opposer et porter vos donn\u00e9es. Vous pouvez retirer votre consentement \u00e0 tout moment sans affecter la l\u00e9galit\u00e9 du traitement pr\u00e9c\u00e9dent. Les demandes doivent \u00eatre envoy\u00e9es par \u00e9crit avec une copie de votre pi\u00e8ce d&rsquo;identit\u00e9 aux contacts indiqu\u00e9s dans le Consid\u00e9rant 1.<\/p>\n<p>Vous pouvez \u00e9galement d\u00e9poser une r\u00e9clamation aupr\u00e8s de l\u2019Agence espagnole de protection des donn\u00e9es : <a href=\"https:\/\/www.aepd.es\/\" target=\"_blank\" rel=\"noopener\">https:\/\/www.aepd.es\/portalwebAGPD\/index-ides-idphp.php<\/a><\/p>\n<p>Conform\u00e9ment \u00e0 la Loi 34\/2002, nous nous engageons \u00e0 ne pas envoyer de publicit\u00e9 par email sans consentement pr\u00e9alable. L&rsquo;utilisateur peut refuser en cochant la case correspondante.<\/p>\n<p><strong>5. PROC\u00c9DURE EN CAS D\u2019ACTIVIT\u00c9S ILLEGALES<\/strong><\/p>\n<p>Si un utilisateur ou un tiers estime qu\u2019il y a des activit\u00e9s ill\u00e9gales, il doit notifier PEMSAU en sp\u00e9cifiant les infractions pr\u00e9sum\u00e9es et en confirmant l\u2019exactitude des informations.<\/p>\n<p>Toute contestation relative au site PEMSAU sera r\u00e9gie par le droit espagnol.<\/p>\n<p><strong>6. PUBLICATIONS<\/strong><\/p>\n<p>Les informations administratives sur le site ne remplacent pas la publication officielle l\u00e9gale et doivent \u00eatre consid\u00e9r\u00e9es comme un guide informatif sans valeur juridique.[\/vc_column_text][\/vc_column][\/vc_row][vc_row unlock_row_content=\u00a0\u00bbyes\u00a0\u00bb row_height_percent=\u00a0\u00bb0&Prime; override_padding=\u00a0\u00bbyes\u00a0\u00bb h_padding=\u00a0\u00bb0&Prime; top_padding=\u00a0\u00bb0&Prime; bottom_padding=\u00a0\u00bb0&Prime; overlay_alpha=\u00a0\u00bb50&Prime; gutter_size=\u00a0\u00bb3&Prime; column_width_percent=\u00a0\u00bb100&Prime; shift_y=\u00a0\u00bb0&Prime; z_index=\u00a0\u00bb0&Prime; uncode_shortcode_id=\u00a0\u00bb116472&Prime;][vc_column width=\u00a0\u00bb1\/1&Prime;][uncode_block id=\u00a0\u00bb90044&Prime; inside_column=\u00a0\u00bbyes\u00a0\u00bb][\/vc_column][\/vc_row]<\/p>\n<\/div>","protected":false},"excerpt":{"rendered":"<p>[vc_row unlock_row_content=\u00a0\u00bbyes\u00a0\u00bb row_height_percent=\u00a0\u00bb0&Prime; override_padding=\u00a0\u00bbyes\u00a0\u00bb h_padding=\u00a0\u00bb2&Prime; top_padding=\u00a0\u00bb2&Prime; bottom_padding=\u00a0\u00bb5&Prime; overlay_alpha=\u00a0\u00bb50&Prime; gutter_size=\u00a0\u00bb2&Prime; column_width_percent=\u00a0\u00bb100&Prime; shift_y=\u00a0\u00bb0&Prime; z_index=\u00a0\u00bb0&Prime; uncode_shortcode_id=\u00a0\u00bb158204&Prime; el_class=\u00a0\u00bbespaiTitulPrevi\u00a0\u00bb][vc_column column_width_percent=\u00a0\u00bb100&Prime; gutter_size=\u00a0\u00bb3&Prime; overlay_alpha=\u00a0\u00bb50&Prime; shift_x=\u00a0\u00bb0&Prime; shift_y=\u00a0\u00bb0&Prime; shift_y_down=\u00a0\u00bb0&Prime; [&hellip;]<\/p>\n","protected":false},"author":7,"featured_media":115224,"parent":0,"menu_order":117,"comment_status":"closed","ping_status":"closed","template":"","meta":{"_acf_changed":false,"footnotes":""},"class_list":["post-114929","page","type-page","status-publish","has-post-thumbnail","hentry","page_category-poble-espanyol"],"acf":[],"_links":{"self":[{"href":"https:\/\/poble-espanyol.com\/fr\/wp-json\/wp\/v2\/pages\/114929","targetHints":{"allow":["GET"]}}],"collection":[{"href":"https:\/\/poble-espanyol.com\/fr\/wp-json\/wp\/v2\/pages"}],"about":[{"href":"https:\/\/poble-espanyol.com\/fr\/wp-json\/wp\/v2\/types\/page"}],"author":[{"embeddable":true,"href":"https:\/\/poble-espanyol.com\/fr\/wp-json\/wp\/v2\/users\/7"}],"replies":[{"embeddable":true,"href":"https:\/\/poble-espanyol.com\/fr\/wp-json\/wp\/v2\/comments?post=114929"}],"version-history":[{"count":1,"href":"https:\/\/poble-espanyol.com\/fr\/wp-json\/wp\/v2\/pages\/114929\/revisions"}],"predecessor-version":[{"id":272267,"href":"https:\/\/poble-espanyol.com\/fr\/wp-json\/wp\/v2\/pages\/114929\/revisions\/272267"}],"wp:featuredmedia":[{"embeddable":true,"href":"https:\/\/poble-espanyol.com\/fr\/wp-json\/wp\/v2\/media\/115224"}],"wp:attachment":[{"href":"https:\/\/poble-espanyol.com\/fr\/wp-json\/wp\/v2\/media?parent=114929"}],"curies":[{"name":"wp","href":"https:\/\/api.w.org\/{rel}","templated":true}]}}