{"id":115120,"date":"2022-03-18T13:29:32","date_gmt":"2022-03-18T11:29:32","guid":{"rendered":"https:\/\/pe.efimatica.com\/?page_id=115120"},"modified":"2023-11-30T12:52:12","modified_gmt":"2023-11-30T10:52:12","slug":"activites-familiales","status":"publish","type":"page","link":"https:\/\/poble-espanyol.com\/fr\/activites\/activites-familiales\/","title":{"rendered":"Activit\u00e9s familiales"},"content":{"rendered":"<div class=\"wpb-content-wrapper\"><p>[vc_row unlock_row_content=\u00a0\u00bbyes\u00a0\u00bb row_height_percent=\u00a0\u00bb0&Prime; override_padding=\u00a0\u00bbyes\u00a0\u00bb h_padding=\u00a0\u00bb2&Prime; top_padding=\u00a0\u00bb2&Prime; bottom_padding=\u00a0\u00bb3&Prime; overlay_alpha=\u00a0\u00bb50&Prime; gutter_size=\u00a0\u00bb3&Prime; column_width_percent=\u00a0\u00bb100&Prime; shift_y=\u00a0\u00bb0&Prime; z_index=\u00a0\u00bb0&Prime; mobile_visibility=\u00a0\u00bbyes\u00a0\u00bb el_class=\u00a0\u00bbetRecomanem arrowsPosts\u00a0\u00bb uncode_shortcode_id=\u00a0\u00bb126617&Prime;][vc_column column_width_percent=\u00a0\u00bb100&Prime; gutter_size=\u00a0\u00bb3&Prime; overlay_alpha=\u00a0\u00bb50&Prime; shift_x=\u00a0\u00bb0&Prime; shift_y=\u00a0\u00bb0&Prime; shift_y_down=\u00a0\u00bb0&Prime; z_index=\u00a0\u00bb0&Prime; medium_width=\u00a0\u00bb2&Prime; mobile_width=\u00a0\u00bb7&Prime; width=\u00a0\u00bb1\/4&Prime;][vc_custom_heading text_color=\u00a0\u00bbcolor-107789&Prime; text_font=\u00a0\u00bbfont-643449&Prime; text_size=\u00a0\u00bbfontsize-495345&Prime; text_weight=\u00a0\u00bb400&Prime; text_height=\u00a0\u00bbfontheight-159127&Prime; uncode_shortcode_id=\u00a0\u00bb197973&Prime; text_color_type=\u00a0\u00bbuncode-palette\u00a0\u00bb]NOUS VOUS RECOMMANDONS[\/vc_custom_heading][vc_row_inner row_inner_height_percent=\u00a0\u00bb0&Prime; overlay_alpha=\u00a0\u00bb50&Prime; equal_height=\u00a0\u00bbyes\u00a0\u00bb gutter_size=\u00a0\u00bb0&Prime; shift_y=\u00a0\u00bb0&Prime; z_index=\u00a0\u00bb0&Prime; mobile_visibility=\u00a0\u00bbyes\u00a0\u00bb][vc_column_inner column_width_percent=\u00a0\u00bb100&Prime; gutter_size=\u00a0\u00bb3&Prime; overlay_alpha=\u00a0\u00bb50&Prime; shift_x=\u00a0\u00bb0&Prime; shift_y=\u00a0\u00bb0&Prime; shift_y_down=\u00a0\u00bb0&Prime; z_index=\u00a0\u00bb0&Prime; medium_width=\u00a0\u00bb0&Prime; mobile_width=\u00a0\u00bb0&Prime; width=\u00a0\u00bb1\/1&Prime;][vc_column_text uncode_shortcode_id=\u00a0\u00bb777102&Prime;]<div id=\"prev-index-187892\" class=\"my-controls-btns prev-my-controls-btns\"><svg width=\"13\" height=\"24\" viewBox=\"0 0 13 24\" fill=\"none\" xmlns=\"http:\/\/www.w3.org\/2000\/svg\"><path d=\"M12 1L1 12L12 23\" stroke-linecap=\"round\" stroke-linejoin=\"round\"\/><\/svg><\/div><div id=\"next-index-187892\" class=\"my-controls-btns next-my-controls-btns\"><svg width=\"13\" height=\"24\" viewBox=\"0 0 13 24\" fill=\"none\" xmlns=\"http:\/\/www.w3.org\/2000\/svg\"><path d=\"M1 23L12 12L1 0.999998\" stroke-linecap=\"round\" stroke-linejoin=\"round\"\/><\/svg><\/div>[\/vc_column_text][\/vc_column_inner][\/vc_row_inner][\/vc_column][vc_column column_width_percent=\u00a0\u00bb100&Prime; gutter_size=\u00a0\u00bb3&Prime; override_padding=\u00a0\u00bbyes\u00a0\u00bb column_padding=\u00a0\u00bb0&Prime; overlay_alpha=\u00a0\u00bb50&Prime; shift_x=\u00a0\u00bb0&Prime; shift_y=\u00a0\u00bb0&Prime; shift_y_down=\u00a0\u00bb0&Prime; z_index=\u00a0\u00bb0&Prime; medium_width=\u00a0\u00bb6&Prime; mobile_width=\u00a0\u00bb0&Prime; width=\u00a0\u00bb3\/4&Prime; el_class=\u00a0\u00bbradiusImage\u00a0\u00bb][vc_column_text uncode_shortcode_id=\u00a0\u00bb105073&Prime;][\/vc_column_text][\/vc_column][\/vc_row][vc_row unlock_row_content=\u00a0\u00bbyes\u00a0\u00bb row_height_percent=\u00a0\u00bb0&Prime; override_padding=\u00a0\u00bbyes\u00a0\u00bb h_padding=\u00a0\u00bb2&Prime; top_padding=\u00a0\u00bb0&Prime; bottom_padding=\u00a0\u00bb0&Prime; overlay_alpha=\u00a0\u00bb50&Prime; gutter_size=\u00a0\u00bb2&Prime; column_width_percent=\u00a0\u00bb100&Prime; shift_y=\u00a0\u00bb0&Prime; z_index=\u00a0\u00bb0&Prime; mobile_visibility=\u00a0\u00bbyes\u00a0\u00bb][vc_column column_width_percent=\u00a0\u00bb100&Prime; gutter_size=\u00a0\u00bb3&Prime; overlay_alpha=\u00a0\u00bb50&Prime; shift_x=\u00a0\u00bb0&Prime; shift_y=\u00a0\u00bb0&Prime; shift_y_down=\u00a0\u00bb0&Prime; z_index=\u00a0\u00bb0&Prime; medium_width=\u00a0\u00bb0&Prime; mobile_width=\u00a0\u00bb0&Prime; width=\u00a0\u00bb1\/1&Prime;][vc_separator sep_color=\u00a0\u00bbcolor-770920&Prime;][\/vc_column][\/vc_row][vc_row unlock_row_content=\u00a0\u00bbyes\u00a0\u00bb row_height_percent=\u00a0\u00bb0&Prime; override_padding=\u00a0\u00bbyes\u00a0\u00bb h_padding=\u00a0\u00bb2&Prime; top_padding=\u00a0\u00bb2&Prime; bottom_padding=\u00a0\u00bb3&Prime; back_color=\u00a0\u00bbcolor-892728&Prime; overlay_alpha=\u00a0\u00bb50&Prime; gutter_size=\u00a0\u00bb3&Prime; column_width_percent=\u00a0\u00bb100&Prime; shift_y=\u00a0\u00bb0&Prime; z_index=\u00a0\u00bb0&Prime; desktop_visibility=\u00a0\u00bbyes\u00a0\u00bb medium_visibility=\u00a0\u00bbyes\u00a0\u00bb el_class=\u00a0\u00bbetRecomanem\u00a0\u00bb uncode_shortcode_id=\u00a0\u00bb137855&Prime; back_color_type=\u00a0\u00bbuncode-palette\u00a0\u00bb][vc_column column_width_percent=\u00a0\u00bb100&Prime; gutter_size=\u00a0\u00bb3&Prime; overlay_alpha=\u00a0\u00bb50&Prime; shift_x=\u00a0\u00bb0&Prime; shift_y=\u00a0\u00bb0&Prime; shift_y_down=\u00a0\u00bb0&Prime; z_index=\u00a0\u00bb0&Prime; medium_width=\u00a0\u00bb2&Prime; mobile_width=\u00a0\u00bb7&Prime; width=\u00a0\u00bb1\/4&Prime;][vc_custom_heading text_color=\u00a0\u00bbcolor-107789&Prime; text_font=\u00a0\u00bbfont-643449&Prime; text_size=\u00a0\u00bbfontsize-495345&Prime; text_weight=\u00a0\u00bb400&Prime; text_height=\u00a0\u00bbfontheight-159127&Prime; uncode_shortcode_id=\u00a0\u00bb108267&Prime; text_color_type=\u00a0\u00bbuncode-palette\u00a0\u00bb]NOUS LE RECOMMANDONS[\/vc_custom_heading][\/vc_column][vc_column column_width_percent=\u00a0\u00bb100&Prime; gutter_size=\u00a0\u00bb3&Prime; override_padding=\u00a0\u00bbyes\u00a0\u00bb column_padding=\u00a0\u00bb0&Prime; overlay_alpha=\u00a0\u00bb50&Prime; shift_x=\u00a0\u00bb0&Prime; shift_y=\u00a0\u00bb0&Prime; shift_y_down=\u00a0\u00bb0&Prime; z_index=\u00a0\u00bb0&Prime; medium_width=\u00a0\u00bb6&Prime; mobile_width=\u00a0\u00bb0&Prime; width=\u00a0\u00bb3\/4&Prime; el_class=\u00a0\u00bbradiusImage\u00a0\u00bb][vc_column_text uncode_shortcode_id=\u00a0\u00bb131774&Prime;][\/vc_column_text][\/vc_column][\/vc_row][vc_row unlock_row_content=\u00a0\u00bbyes\u00a0\u00bb row_height_percent=\u00a0\u00bb0&Prime; override_padding=\u00a0\u00bbyes\u00a0\u00bb h_padding=\u00a0\u00bb2&Prime; top_padding=\u00a0\u00bb2&Prime; bottom_padding=\u00a0\u00bb1&Prime; overlay_alpha=\u00a0\u00bb50&Prime; gutter_size=\u00a0\u00bb2&Prime; column_width_percent=\u00a0\u00bb100&Prime; shift_y=\u00a0\u00bb0&Prime; z_index=\u00a0\u00bb0&Prime; uncode_shortcode_id=\u00a0\u00bb512325&Prime; el_class=\u00a0\u00bbespaiTitulPrevi\u00a0\u00bb][vc_column column_width_percent=\u00a0\u00bb100&Prime; gutter_size=\u00a0\u00bb3&Prime; overlay_alpha=\u00a0\u00bb50&Prime; shift_x=\u00a0\u00bb0&Prime; shift_y=\u00a0\u00bb0&Prime; shift_y_down=\u00a0\u00bb0&Prime; z_index=\u00a0\u00bb0&Prime; medium_width=\u00a0\u00bb0&Prime; mobile_width=\u00a0\u00bb7&Prime; width=\u00a0\u00bb1\/4&Prime;][vc_custom_heading heading_semantic=\u00a0\u00bbh4&Prime; text_font=\u00a0\u00bbfont-538551&Prime; text_size=\u00a0\u00bbfontsize-847074&Prime; text_weight=\u00a0\u00bb400&Prime; text_height=\u00a0\u00bbfontheight-846199&Prime; text_space=\u00a0\u00bbfontspace-861442&Prime; uncode_shortcode_id=\u00a0\u00bb165356&Prime;]NE LES MANQUEZ PAS[\/vc_custom_heading][vc_custom_heading text_color=\u00a0\u00bbcolor-107789&Prime; text_font=\u00a0\u00bbfont-643449&Prime; text_size=\u00a0\u00bbfontsize-495345&Prime; text_weight=\u00a0\u00bb400&Prime; text_height=\u00a0\u00bbfontheight-159127&Prime; uncode_shortcode_id=\u00a0\u00bb441604&Prime; text_color_type=\u00a0\u00bbuncode-palette\u00a0\u00bb]PROCHAINS \u00c9V\u00c9NEMENTS[\/vc_custom_heading][\/vc_column][vc_column width=\u00a0\u00bb3\/4&Prime;][\/vc_column][\/vc_row][vc_row][vc_column width=\u00a0\u00bb1\/1&Prime;][uncode_block id=\u00a0\u00bb91061&Prime;][\/vc_column][\/vc_row][vc_row unlock_row_content=\u00a0\u00bbyes\u00a0\u00bb row_height_percent=\u00a0\u00bb0&Prime; override_padding=\u00a0\u00bbyes\u00a0\u00bb h_padding=\u00a0\u00bb2&Prime; top_padding=\u00a0\u00bb1&Prime; bottom_padding=\u00a0\u00bb2&Prime; overlay_alpha=\u00a0\u00bb50&Prime; gutter_size=\u00a0\u00bb2&Prime; column_width_percent=\u00a0\u00bb100&Prime; shift_y=\u00a0\u00bb0&Prime; z_index=\u00a0\u00bb0&Prime;][vc_column column_width_percent=\u00a0\u00bb100&Prime; gutter_size=\u00a0\u00bb3&Prime; overlay_alpha=\u00a0\u00bb50&Prime; shift_x=\u00a0\u00bb0&Prime; shift_y=\u00a0\u00bb0&Prime; shift_y_down=\u00a0\u00bb0&Prime; z_index=\u00a0\u00bb0&Prime; medium_width=\u00a0\u00bb0&Prime; mobile_width=\u00a0\u00bb0&Prime; width=\u00a0\u00bb1\/1&Prime;][vc_separator sep_color=\u00a0\u00bbcolor-770920&Prime;][\/vc_column][\/vc_row][vc_row unlock_row_content=\u00a0\u00bbyes\u00a0\u00bb row_height_percent=\u00a0\u00bb0&Prime; override_padding=\u00a0\u00bbyes\u00a0\u00bb h_padding=\u00a0\u00bb2&Prime; top_padding=\u00a0\u00bb2&Prime; bottom_padding=\u00a0\u00bb3&Prime; overlay_alpha=\u00a0\u00bb50&Prime; gutter_size=\u00a0\u00bb3&Prime; column_width_percent=\u00a0\u00bb100&Prime; shift_y=\u00a0\u00bb0&Prime; z_index=\u00a0\u00bb0&Prime; mobile_visibility=\u00a0\u00bbyes\u00a0\u00bb el_class=\u00a0\u00bbetRecomanem arrowsPosts espaiTitulPrevi\u00a0\u00bb uncode_shortcode_id=\u00a0\u00bb400168&Prime;][vc_column column_width_percent=\u00a0\u00bb100&Prime; gutter_size=\u00a0\u00bb3&Prime; overlay_alpha=\u00a0\u00bb50&Prime; shift_x=\u00a0\u00bb0&Prime; shift_y=\u00a0\u00bb0&Prime; shift_y_down=\u00a0\u00bb0&Prime; z_index=\u00a0\u00bb0&Prime; medium_width=\u00a0\u00bb2&Prime; mobile_width=\u00a0\u00bb7&Prime; width=\u00a0\u00bb1\/4&Prime;][vc_custom_heading heading_semantic=\u00a0\u00bbh4&Prime; text_font=\u00a0\u00bbfont-538551&Prime; text_size=\u00a0\u00bbfontsize-847074&Prime; text_weight=\u00a0\u00bb400&Prime; text_height=\u00a0\u00bbfontheight-846199&Prime; text_space=\u00a0\u00bbfontspace-861442&Prime; el_class=\u00a0\u00bbpaddingHeadingTallers\u00a0\u00bb uncode_shortcode_id=\u00a0\u00bb337902&Prime;]ESPACES DE CHARME[\/vc_custom_heading][vc_custom_heading text_color=\u00a0\u00bbcolor-107789&Prime; text_font=\u00a0\u00bbfont-643449&Prime; text_size=\u00a0\u00bbfontsize-495345&Prime; text_weight=\u00a0\u00bb400&Prime; text_height=\u00a0\u00bbfontheight-159127&Prime; uncode_shortcode_id=\u00a0\u00bb770468&Prime; text_color_type=\u00a0\u00bbuncode-palette\u00a0\u00bb]DES EXPOSITIONS[\/vc_custom_heading][vc_row_inner row_inner_height_percent=\u00a0\u00bb0&Prime; overlay_alpha=\u00a0\u00bb50&Prime; equal_height=\u00a0\u00bbyes\u00a0\u00bb gutter_size=\u00a0\u00bb0&Prime; shift_y=\u00a0\u00bb0&Prime; z_index=\u00a0\u00bb0&Prime; mobile_visibility=\u00a0\u00bbyes\u00a0\u00bb][vc_column_inner column_width_percent=\u00a0\u00bb100&Prime; gutter_size=\u00a0\u00bb3&Prime; overlay_alpha=\u00a0\u00bb50&Prime; shift_x=\u00a0\u00bb0&Prime; shift_y=\u00a0\u00bb0&Prime; shift_y_down=\u00a0\u00bb0&Prime; z_index=\u00a0\u00bb0&Prime; medium_width=\u00a0\u00bb0&Prime; mobile_width=\u00a0\u00bb0&Prime; width=\u00a0\u00bb1\/1&Prime;][vc_column_text uncode_shortcode_id=\u00a0\u00bb185394&Prime;]<div id=\"prev-index-16302\" class=\"my-controls-btns prev-my-controls-btns\"><svg width=\"13\" height=\"24\" viewBox=\"0 0 13 24\" fill=\"none\" xmlns=\"http:\/\/www.w3.org\/2000\/svg\"><path d=\"M12 1L1 12L12 23\" stroke-linecap=\"round\" stroke-linejoin=\"round\"\/><\/svg><\/div><div id=\"next-index-16302\" class=\"my-controls-btns next-my-controls-btns\"><svg width=\"13\" height=\"24\" viewBox=\"0 0 13 24\" fill=\"none\" xmlns=\"http:\/\/www.w3.org\/2000\/svg\"><path d=\"M1 23L12 12L1 0.999998\" stroke-linecap=\"round\" stroke-linejoin=\"round\"\/><\/svg><\/div>[\/vc_column_text][\/vc_column_inner][\/vc_row_inner][\/vc_column][vc_column column_width_percent=\u00a0\u00bb100&Prime; gutter_size=\u00a0\u00bb3&Prime; override_padding=\u00a0\u00bbyes\u00a0\u00bb column_padding=\u00a0\u00bb0&Prime; overlay_alpha=\u00a0\u00bb50&Prime; shift_x=\u00a0\u00bb0&Prime; shift_y=\u00a0\u00bb0&Prime; shift_y_down=\u00a0\u00bb0&Prime; z_index=\u00a0\u00bb0&Prime; medium_width=\u00a0\u00bb6&Prime; mobile_width=\u00a0\u00bb0&Prime; width=\u00a0\u00bb3\/4&Prime; el_class=\u00a0\u00bbradiusImage\u00a0\u00bb][uncode_index el_id=\u00a0\u00bbindex-16302&Prime; index_type=\u00a0\u00bbcarousel\u00a0\u00bb loop=\u00a0\u00bbsize:10|order_by:date|order:DESC|post_type:exposicio|taxonomy_count:10&Prime; carousel_lg=\u00a0\u00bb1&Prime; carousel_md=\u00a0\u00bb1&Prime; carousel_sm=\u00a0\u00bb1&Prime; thumb_size=\u00a0\u00bbthree-two\u00a0\u00bb gutter_size=\u00a0\u00bb3&Prime; post_items=\u00a0\u00bbmedia|featured|onpost|original,title,date,text|excerpt,link|default|default_size|M\u00e9s informaci\u00f3\u00a0\u00bb exposicio_items=\u00a0\u00bbtype,media|featured|onpost|original,title,preu_destacat,text_introductori,link|link|small_size|Plus d&rsquo;informations,url_comprar_entrades,dates_disponibles\u00a0\u00bb activitat_items=\u00a0\u00bbtype,media|featured|onpost|original,title,preu_destacat,text_introductori,link|link|small_size|M\u00e9s informaci\u00f3,url_comprar_entrades,data_destacada\u00a0\u00bb carousel_interval=\u00a0\u00bb10000&Prime; carousel_navspeed=\u00a0\u00bb400&Prime; carousel_loop=\u00a0\u00bbyes\u00a0\u00bb carousel_dots_mobile=\u00a0\u00bbyes\u00a0\u00bb stage_padding=\u00a0\u00bb0&Prime; single_text=\u00a0\u00bblateral\u00a0\u00bb single_image_position=\u00a0\u00bbright\u00a0\u00bb single_image_size=\u00a0\u00bb6&Prime; single_overlay_opacity=\u00a0\u00bb1&Prime; single_overlay_anim=\u00a0\u00bbno\u00a0\u00bb single_text_visible=\u00a0\u00bbyes\u00a0\u00bb single_text_anim=\u00a0\u00bbno\u00a0\u00bb single_image_anim=\u00a0\u00bbno\u00a0\u00bb single_padding=\u00a0\u00bb2&Prime; single_title_family=\u00a0\u00bbfont-875416&Prime; single_title_dimension=\u00a0\u00bbfontsize-495345&Prime; single_title_weight=\u00a0\u00bb400&Prime; single_title_height=\u00a0\u00bbfontheight-206872&Prime; single_border=\u00a0\u00bbyes\u00a0\u00bb el_class=\u00a0\u00bblinksPost\u00a0\u00bb uncode_shortcode_id=\u00a0\u00bb116858&Prime;][\/vc_column][\/vc_row][vc_row unlock_row_content=\u00a0\u00bbyes\u00a0\u00bb row_height_percent=\u00a0\u00bb0&Prime; override_padding=\u00a0\u00bbyes\u00a0\u00bb h_padding=\u00a0\u00bb2&Prime; top_padding=\u00a0\u00bb2&Prime; bottom_padding=\u00a0\u00bb3&Prime; overlay_alpha=\u00a0\u00bb50&Prime; equal_height=\u00a0\u00bbyes\u00a0\u00bb gutter_size=\u00a0\u00bb0&Prime; column_width_percent=\u00a0\u00bb100&Prime; shift_y=\u00a0\u00bb0&Prime; z_index=\u00a0\u00bb0&Prime; medium_visibility=\u00a0\u00bbyes\u00a0\u00bb mobile_visibility=\u00a0\u00bbyes\u00a0\u00bb el_class=\u00a0\u00bbbotonsLateralsArrodonits\u00a0\u00bb uncode_shortcode_id=\u00a0\u00bb996481&Prime;][vc_column column_width_percent=\u00a0\u00bb100&Prime; gutter_size=\u00a0\u00bb3&Prime; style=\u00a0\u00bbdark\u00a0\u00bb back_color=\u00a0\u00bbcolor-918411&Prime; overlay_color=\u00a0\u00bbcolor-391721&Prime; overlay_alpha=\u00a0\u00bb100&Prime; shift_x=\u00a0\u00bb0&Prime; shift_y=\u00a0\u00bb0&Prime; shift_y_down=\u00a0\u00bb0&Prime; z_index=\u00a0\u00bb0&Prime; medium_width=\u00a0\u00bb2&Prime; mobile_width=\u00a0\u00bb0&Prime; width=\u00a0\u00bb1\/4&Prime;][vc_button size=\u00a0\u00bblink\u00a0\u00bb btn_link_size=\u00a0\u00bbfontsize-847074&Prime; custom_typo=\u00a0\u00bbyes\u00a0\u00bb font_family=\u00a0\u00bbfont-538551&Prime; font_weight=\u00a0\u00bb400&Prime; letter_spacing=\u00a0\u00bbfontspace-861442&Prime; icon_position=\u00a0\u00bbright\u00a0\u00bb icon=\u00a0\u00bbfa fa-arrow-forward\u00a0\u00bb el_class=\u00a0\u00bblinkWhite\u00a0\u00bb link=\u00a0\u00bburl:https%3A%2F%2Fpoble-espanyol.com%2Ffr%2Factivites%2F\u00a0\u00bb uncode_shortcode_id=\u00a0\u00bb150352&Prime;]<\/p>\n<h3>CONSULTEZ TOUTES LES ACTIVIT\u00c9S AGENDA<\/h3>\n<p>[\/vc_button][\/vc_column][vc_column column_width_percent=\u00a0\u00bb100&Prime; gutter_size=\u00a0\u00bb3&Prime; style=\u00a0\u00bbdark\u00a0\u00bb back_color=\u00a0\u00bbcolor-892698&Prime; overlay_color=\u00a0\u00bbcolor-918411&Prime; overlay_alpha=\u00a0\u00bb100&Prime; shift_x=\u00a0\u00bb0&Prime; shift_y=\u00a0\u00bb0&Prime; shift_y_down=\u00a0\u00bb0&Prime; z_index=\u00a0\u00bb0&Prime; medium_width=\u00a0\u00bb2&Prime; mobile_width=\u00a0\u00bb0&Prime; width=\u00a0\u00bb1\/4&Prime;][vc_button size=\u00a0\u00bblink\u00a0\u00bb btn_link_size=\u00a0\u00bbfontsize-847074&Prime; custom_typo=\u00a0\u00bbyes\u00a0\u00bb font_family=\u00a0\u00bbfont-538551&Prime; font_weight=\u00a0\u00bb400&Prime; letter_spacing=\u00a0\u00bbfontspace-861442&Prime; icon_position=\u00a0\u00bbright\u00a0\u00bb icon=\u00a0\u00bbfa fa-arrow-forward\u00a0\u00bb el_class=\u00a0\u00bblinkWhite\u00a0\u00bb link=\u00a0\u00bburl:https%3A%2F%2Fpoble-espanyol.com%2Ffr%2Factivites%2Fconcerts%2F\u00a0\u00bb uncode_shortcode_id=\u00a0\u00bb961789&Prime;]<\/p>\n<h3>CONCERTS AU POBLE ESPANYOL DE BARCELONE<\/h3>\n<p>[\/vc_button][\/vc_column][vc_column column_width_percent=\u00a0\u00bb100&Prime; gutter_size=\u00a0\u00bb3&Prime; style=\u00a0\u00bbdark\u00a0\u00bb back_color=\u00a0\u00bbcolor-107789&Prime; overlay_color=\u00a0\u00bbcolor-892698&Prime; overlay_alpha=\u00a0\u00bb100&Prime; shift_x=\u00a0\u00bb0&Prime; shift_y=\u00a0\u00bb0&Prime; shift_y_down=\u00a0\u00bb0&Prime; z_index=\u00a0\u00bb0&Prime; medium_width=\u00a0\u00bb2&Prime; mobile_width=\u00a0\u00bb0&Prime; width=\u00a0\u00bb1\/4&Prime;][vc_button size=\u00a0\u00bblink\u00a0\u00bb btn_link_size=\u00a0\u00bbfontsize-847074&Prime; custom_typo=\u00a0\u00bbyes\u00a0\u00bb font_family=\u00a0\u00bbfont-538551&Prime; font_weight=\u00a0\u00bb400&Prime; letter_spacing=\u00a0\u00bbfontspace-861442&Prime; icon_position=\u00a0\u00bbright\u00a0\u00bb icon=\u00a0\u00bbfa fa-arrow-forward\u00a0\u00bb el_class=\u00a0\u00bblinkWhite\u00a0\u00bb uncode_shortcode_id=\u00a0\u00bb216881&Prime; link=\u00a0\u00bburl:https%3A%2F%2Fpoble-espanyol.com%2Ffr%2Fla-visite%2Fartisanat%2F\u00a0\u00bb]<\/p>\n<h3>COMPL\u00c9TEZ VOTRE EXP\u00c9RIENCE FAMILIALE EN VISITANT LES ARTISANS<\/h3>\n<p>[\/vc_button][\/vc_column][vc_column column_width_percent=\u00a0\u00bb100&Prime; gutter_size=\u00a0\u00bb3&Prime; style=\u00a0\u00bbdark\u00a0\u00bb back_color=\u00a0\u00bbcolor-147523&Prime; overlay_color=\u00a0\u00bbcolor-107789&Prime; overlay_alpha=\u00a0\u00bb100&Prime; shift_x=\u00a0\u00bb0&Prime; shift_y=\u00a0\u00bb0&Prime; shift_y_down=\u00a0\u00bb0&Prime; z_index=\u00a0\u00bb0&Prime; medium_width=\u00a0\u00bb2&Prime; mobile_width=\u00a0\u00bb0&Prime; width=\u00a0\u00bb1\/4&Prime;][vc_button size=\u00a0\u00bblink\u00a0\u00bb btn_link_size=\u00a0\u00bbfontsize-847074&Prime; custom_typo=\u00a0\u00bbyes\u00a0\u00bb font_family=\u00a0\u00bbfont-538551&Prime; font_weight=\u00a0\u00bb400&Prime; letter_spacing=\u00a0\u00bbfontspace-861442&Prime; icon_position=\u00a0\u00bbright\u00a0\u00bb icon=\u00a0\u00bbfa fa-arrow-forward\u00a0\u00bb el_class=\u00a0\u00bblinkWhite\u00a0\u00bb link=\u00a0\u00bburl:https%3A%2F%2Fpoble-espanyol.com%2Ffr%2Fla-visite%2F\u00a0\u00bb uncode_shortcode_id=\u00a0\u00bb332812&Prime;]<\/p>\n<h3>PLANIFIEZ VOTRE VISITE ET ACHETEZ VOTRE BILLET MAINTENANT<\/h3>\n<p>[\/vc_button][\/vc_column][\/vc_row][vc_row unlock_row_content=\u00a0\u00bbyes\u00a0\u00bb row_height_percent=\u00a0\u00bb0&Prime; override_padding=\u00a0\u00bbyes\u00a0\u00bb h_padding=\u00a0\u00bb2&Prime; top_padding=\u00a0\u00bb1&Prime; bottom_padding=\u00a0\u00bb3&Prime; overlay_alpha=\u00a0\u00bb50&Prime; equal_height=\u00a0\u00bbyes\u00a0\u00bb gutter_size=\u00a0\u00bb2&Prime; column_width_percent=\u00a0\u00bb100&Prime; shift_y=\u00a0\u00bb0&Prime; z_index=\u00a0\u00bb0&Prime; desktop_visibility=\u00a0\u00bbyes\u00a0\u00bb el_class=\u00a0\u00bbbotonsLateralsArrodonits\u00a0\u00bb uncode_shortcode_id=\u00a0\u00bb105870&Prime;][vc_column column_width_percent=\u00a0\u00bb100&Prime; gutter_size=\u00a0\u00bb3&Prime; style=\u00a0\u00bbdark\u00a0\u00bb back_color=\u00a0\u00bbcolor-147523&Prime; overlay_color=\u00a0\u00bbcolor-391721&Prime; overlay_alpha=\u00a0\u00bb100&Prime; shift_x=\u00a0\u00bb0&Prime; shift_y=\u00a0\u00bb0&Prime; shift_y_down=\u00a0\u00bb0&Prime; z_index=\u00a0\u00bb0&Prime; medium_width=\u00a0\u00bb0&Prime; mobile_width=\u00a0\u00bb0&Prime; width=\u00a0\u00bb1\/4&Prime;][vc_button size=\u00a0\u00bblink\u00a0\u00bb btn_link_size=\u00a0\u00bbfontsize-847074&Prime; custom_typo=\u00a0\u00bbyes\u00a0\u00bb font_family=\u00a0\u00bbfont-875416&Prime; font_weight=\u00a0\u00bb400&Prime; letter_spacing=\u00a0\u00bbfontspace-861442&Prime; icon_position=\u00a0\u00bbright\u00a0\u00bb icon=\u00a0\u00bbfa fa-arrow-forward\u00a0\u00bb el_class=\u00a0\u00bblinkWhite\u00a0\u00bb link=\u00a0\u00bburl:https%3A%2F%2Fpoble-espanyol.com%2Ffr%2Factivites%2F\u00a0\u00bb uncode_shortcode_id=\u00a0\u00bb391767&Prime;]<\/p>\n<h3>CONSULTEZ TOUTES LES ACTIVIT\u00c9S AGENDA<\/h3>\n<p>[\/vc_button][\/vc_column][vc_column column_width_percent=\u00a0\u00bb100&Prime; gutter_size=\u00a0\u00bb3&Prime; style=\u00a0\u00bbdark\u00a0\u00bb back_color=\u00a0\u00bbcolor-147523&Prime; overlay_color=\u00a0\u00bbcolor-918411&Prime; overlay_alpha=\u00a0\u00bb100&Prime; shift_x=\u00a0\u00bb0&Prime; shift_y=\u00a0\u00bb0&Prime; shift_y_down=\u00a0\u00bb0&Prime; z_index=\u00a0\u00bb0&Prime; medium_width=\u00a0\u00bb0&Prime; mobile_width=\u00a0\u00bb0&Prime; width=\u00a0\u00bb1\/4&Prime;][vc_button size=\u00a0\u00bblink\u00a0\u00bb btn_link_size=\u00a0\u00bbfontsize-847074&Prime; custom_typo=\u00a0\u00bbyes\u00a0\u00bb font_family=\u00a0\u00bbfont-875416&Prime; font_weight=\u00a0\u00bb400&Prime; letter_spacing=\u00a0\u00bbfontspace-861442&Prime; icon_position=\u00a0\u00bbright\u00a0\u00bb icon=\u00a0\u00bbfa fa-arrow-forward\u00a0\u00bb el_class=\u00a0\u00bblinkWhite\u00a0\u00bb link=\u00a0\u00bburl:https%3A%2F%2Fpoble-espanyol.com%2Ffr%2Factivites%2Fconcerts%2F\u00a0\u00bb uncode_shortcode_id=\u00a0\u00bb108907&Prime;]<\/p>\n<h3>CONCERTS AU POBLE ESPANYOL DE BARCELONE<\/h3>\n<p>[\/vc_button][\/vc_column][vc_column column_width_percent=\u00a0\u00bb100&Prime; gutter_size=\u00a0\u00bb3&Prime; style=\u00a0\u00bbdark\u00a0\u00bb back_color=\u00a0\u00bbcolor-147523&Prime; overlay_color=\u00a0\u00bbcolor-892698&Prime; overlay_alpha=\u00a0\u00bb100&Prime; shift_x=\u00a0\u00bb0&Prime; shift_y=\u00a0\u00bb0&Prime; shift_y_down=\u00a0\u00bb0&Prime; z_index=\u00a0\u00bb0&Prime; medium_width=\u00a0\u00bb0&Prime; mobile_width=\u00a0\u00bb0&Prime; width=\u00a0\u00bb1\/4&Prime;][vc_button size=\u00a0\u00bblink\u00a0\u00bb btn_link_size=\u00a0\u00bbfontsize-847074&Prime; custom_typo=\u00a0\u00bbyes\u00a0\u00bb font_family=\u00a0\u00bbfont-875416&Prime; font_weight=\u00a0\u00bb400&Prime; letter_spacing=\u00a0\u00bbfontspace-861442&Prime; icon_position=\u00a0\u00bbright\u00a0\u00bb icon=\u00a0\u00bbfa fa-arrow-forward\u00a0\u00bb el_class=\u00a0\u00bblinkWhite\u00a0\u00bb link=\u00a0\u00bburl:https%3A%2F%2Fpoble-espanyol.com%2Ffr%2Fla-visite%2Fartisanat%2F\u00a0\u00bb uncode_shortcode_id=\u00a0\u00bb196721&Prime;]<\/p>\n<h3>COMPL\u00c9TEZ VOTRE EXP\u00c9RIENCE FAMILIALE EN VISITANT LES ARTISANS<\/h3>\n<p>[\/vc_button][\/vc_column][vc_column column_width_percent=\u00a0\u00bb100&Prime; gutter_size=\u00a0\u00bb3&Prime; style=\u00a0\u00bbdark\u00a0\u00bb back_color=\u00a0\u00bbcolor-147523&Prime; overlay_color=\u00a0\u00bbcolor-107789&Prime; overlay_alpha=\u00a0\u00bb100&Prime; shift_x=\u00a0\u00bb0&Prime; shift_y=\u00a0\u00bb0&Prime; shift_y_down=\u00a0\u00bb0&Prime; z_index=\u00a0\u00bb0&Prime; medium_width=\u00a0\u00bb0&Prime; mobile_width=\u00a0\u00bb0&Prime; width=\u00a0\u00bb1\/4&Prime;][vc_button size=\u00a0\u00bblink\u00a0\u00bb btn_link_size=\u00a0\u00bbfontsize-847074&Prime; custom_typo=\u00a0\u00bbyes\u00a0\u00bb font_family=\u00a0\u00bbfont-875416&Prime; font_weight=\u00a0\u00bb400&Prime; letter_spacing=\u00a0\u00bbfontspace-861442&Prime; icon_position=\u00a0\u00bbright\u00a0\u00bb icon=\u00a0\u00bbfa fa-arrow-forward\u00a0\u00bb el_class=\u00a0\u00bblinkWhite\u00a0\u00bb link=\u00a0\u00bburl:https%3A%2F%2Fpoble-espanyol.com%2Ffr%2Fla-visite%2F\u00a0\u00bb uncode_shortcode_id=\u00a0\u00bb196146&Prime;]<\/p>\n<h3>PLANIFIEZ VOTRE VISITE ET ACHETEZ VOTRE BILLET MAINTENANT<\/h3>\n<p>[\/vc_button][\/vc_column][\/vc_row][vc_row row_height_percent=\u00a0\u00bb0&Prime; override_padding=\u00a0\u00bbyes\u00a0\u00bb h_padding=\u00a0\u00bb2&Prime; top_padding=\u00a0\u00bb2&Prime; bottom_padding=\u00a0\u00bb3&Prime; overlay_alpha=\u00a0\u00bb50&Prime; gutter_size=\u00a0\u00bb3&Prime; column_width_percent=\u00a0\u00bb100&Prime; shift_y=\u00a0\u00bb0&Prime; z_index=\u00a0\u00bb0&Prime; uncode_shortcode_id=\u00a0\u00bb913721&Prime;][vc_column column_width_percent=\u00a0\u00bb100&Prime; gutter_size=\u00a0\u00bb3&Prime; overlay_alpha=\u00a0\u00bb50&Prime; shift_x=\u00a0\u00bb0&Prime; shift_y=\u00a0\u00bb0&Prime; shift_y_down=\u00a0\u00bb0&Prime; z_index=\u00a0\u00bb0&Prime; medium_width=\u00a0\u00bb0&Prime; mobile_width=\u00a0\u00bb0&Prime; width=\u00a0\u00bb1\/1&Prime;][vc_empty_space empty_h=\u00a0\u00bb5&Prime; mobile_visibility=\u00a0\u00bbyes\u00a0\u00bb][\/vc_column][\/vc_row]<\/p>\n<\/div>","protected":false},"excerpt":{"rendered":"<p>El Poble organiza una larga lista de actividades culturales y de ocio en Barcelona en las que la m\u00fasica es siempre un elemento imprescindible. La Plaza Mayor, la zona Picnic, as\u00ed como otros espacios del Poble Espanyol de Barcelona se llenan con frecuencia de ritmo. El festival Rock&#038;Grill de bandas tributo de rock y su versi\u00f3n m\u00e1s familiar (Rock&#038;Kids), los ciclos de verano de blues y rumba y Picnic Beat son los ejemplos m\u00e1s claros, pero en el Poble nos gusta introducir la m\u00fasica en cualquier actividad. <\/p>\n","protected":false},"author":4,"featured_media":104307,"parent":115425,"menu_order":222,"comment_status":"closed","ping_status":"closed","template":"","meta":{"_acf_changed":false,"footnotes":""},"class_list":["post-115120","page","type-page","status-publish","has-post-thumbnail","hentry"],"acf":[],"_links":{"self":[{"href":"https:\/\/poble-espanyol.com\/fr\/wp-json\/wp\/v2\/pages\/115120","targetHints":{"allow":["GET"]}}],"collection":[{"href":"https:\/\/poble-espanyol.com\/fr\/wp-json\/wp\/v2\/pages"}],"about":[{"href":"https:\/\/poble-espanyol.com\/fr\/wp-json\/wp\/v2\/types\/page"}],"author":[{"embeddable":true,"href":"https:\/\/poble-espanyol.com\/fr\/wp-json\/wp\/v2\/users\/4"}],"replies":[{"embeddable":true,"href":"https:\/\/poble-espanyol.com\/fr\/wp-json\/wp\/v2\/comments?post=115120"}],"version-history":[{"count":2,"href":"https:\/\/poble-espanyol.com\/fr\/wp-json\/wp\/v2\/pages\/115120\/revisions"}],"predecessor-version":[{"id":249342,"href":"https:\/\/poble-espanyol.com\/fr\/wp-json\/wp\/v2\/pages\/115120\/revisions\/249342"}],"up":[{"embeddable":true,"href":"https:\/\/poble-espanyol.com\/fr\/wp-json\/wp\/v2\/pages\/115425"}],"wp:featuredmedia":[{"embeddable":true,"href":"https:\/\/poble-espanyol.com\/fr\/wp-json\/wp\/v2\/media\/104307"}],"wp:attachment":[{"href":"https:\/\/poble-espanyol.com\/fr\/wp-json\/wp\/v2\/media?parent=115120"}],"curies":[{"name":"wp","href":"https:\/\/api.w.org\/{rel}","templated":true}]}}