{"id":259804,"date":"2025-07-10T12:23:47","date_gmt":"2025-07-10T10:23:47","guid":{"rendered":"https:\/\/poble-espanyol.com\/?page_id=259804"},"modified":"2025-12-18T11:17:01","modified_gmt":"2025-12-18T09:17:01","slug":"politica-sui-cookie-2","status":"publish","type":"page","link":"https:\/\/poble-espanyol.com\/it\/politica-sui-cookie-2\/","title":{"rendered":"Politica sui cookie"},"content":{"rendered":"<div class=\"wpb-content-wrapper\"><p>[vc_row unlock_row_content=&#8221;yes&#8221; row_height_percent=&#8221;0&#8243; override_padding=&#8221;yes&#8221; h_padding=&#8221;2&#8243; top_padding=&#8221;2&#8243; bottom_padding=&#8221;5&#8243; overlay_alpha=&#8221;50&#8243; gutter_size=&#8221;2&#8243; column_width_percent=&#8221;100&#8243; shift_y=&#8221;0&#8243; z_index=&#8221;0&#8243; uncode_shortcode_id=&#8221;158204&#8243; el_class=&#8221;espaiTitulPrevi&#8221;][vc_column column_width_percent=&#8221;100&#8243; gutter_size=&#8221;3&#8243; overlay_alpha=&#8221;50&#8243; shift_x=&#8221;0&#8243; shift_y=&#8221;0&#8243; shift_y_down=&#8221;0&#8243; z_index=&#8221;0&#8243; medium_width=&#8221;0&#8243; mobile_width=&#8221;7&#8243; width=&#8221;1\/1&#8243; uncode_shortcode_id=&#8221;617312&#8243;][vc_custom_heading heading_semantic=&#8221;h4&#8243; text_font=&#8221;font-538551&#8243; text_size=&#8221;fontsize-847074&#8243; text_weight=&#8221;400&#8243; text_height=&#8221;fontheight-846199&#8243; text_space=&#8221;fontspace-861442&#8243; uncode_shortcode_id=&#8221;164336&#8243;]<strong><span class=\"s1\">INFORMATIVA E POLITICA SUI COOKIE<\/span><\/strong>[\/vc_custom_heading][vc_column_text uncode_shortcode_id=&#8221;544067&#8243;]<\/p>\n<p class=\"p3\"><strong><span class=\"s1\">COSA \u00c8 UN COOKIE?<\/span><\/strong><\/p>\n<p class=\"p4\"><span class=\"s1\">Un cookie \u00e8 un file che viene scaricato sul computer quando si accede a determinati siti web. I cookie consentono a un sito web, tra le altre cose, di memorizzare e recuperare informazioni sulle abitudini di navigazione di un utente o sul suo dispositivo e, a seconda delle informazioni che contengono e del modo in cui l&#8217;utente utilizza il dispositivo, possono essere utilizzati per riconoscere l&#8217;utente. Il browser dell&#8217;utente memorizza i cookie sul disco rigido solo durante la sessione corrente, occupando uno spazio di memoria minimo e senza danneggiare il computer. I cookie non contengono informazioni personali specifiche e la maggior parte viene eliminata dal disco rigido al termine della sessione del browser (i cosiddetti cookie di sessione).<\/span><\/p>\n<p class=\"p4\"><span class=\"s1\">La maggior parte dei browser accetta i cookie di default e, indipendentemente dai cookie, consente o impedisce i cookie temporanei o memorizzati nelle impostazioni di sicurezza.<\/span><\/p>\n<p class=\"p5\"><strong><span class=\"s1\">QUALI TIPI DI COOKIE UTILIZZA QUESTO SITO WEB?<\/span><\/strong><\/p>\n<p class=\"p6\"><strong><span class=\"s1\">Cookie tecnici<\/span><\/strong><\/p>\n<p class=\"p4\"><span class=\"s1\">Questi cookie consentono all&#8217;utente di navigare attraverso un sito web, una piattaforma o un&#8217;applicazione e di utilizzare le diverse opzioni o servizi ivi disponibili, come il controllo del traffico e della comunicazione dei dati, l&#8217;identificazione della sessione, l&#8217;accesso alle aree riservate, la memorizzazione degli elementi che compongono un ordine, il completamento del processo di acquisto, l&#8217;invio di una richiesta di registrazione o partecipazione a un evento, l&#8217;utilizzo di funzionalit\u00e0 di sicurezza durante la navigazione, la memorizzazione di contenuti per la distribuzione di video o audio o la condivisione di contenuti attraverso i social network.<\/span><\/p>\n<p class=\"p6\"><strong><span class=\"s1\">Cookie di personalizzazione<\/span><\/strong><\/p>\n<p class=\"p4\"><span class=\"s1\">Questi cookie consentono all&#8217;utente di accedere al servizio con alcune caratteristiche generali predefinite in base a una serie di criteri presenti sul dispositivo dell&#8217;utente, come la lingua, il tipo di browser utilizzato per accedere al servizio, le impostazioni regionali da cui si accede al servizio, ecc.<\/span><\/p>\n<p class=\"p6\"><strong><span class=\"s1\">Cookie analitici<\/span><\/strong><\/p>\n<p class=\"p6\"><span class=\"s1\">Questi cookie, trattati da noi o da terze parti, ci consentono di quantificare il numero di utenti e quindi di effettuare misurazioni e analisi statistiche su come gli utenti utilizzano il servizio offerto. A tal fine, analizziamo le tue abitudini di navigazione sul nostro sito web al fine di migliorare i prodotti o i servizi che ti offriamo.<\/span><\/p>\n<p class=\"p6\"><strong><span class=\"s1\">Cookie pubblicitari<\/span><\/strong><\/p>\n<p class=\"p4\"><span class=\"s1\">Questi cookie, elaborati da noi o da terze parti, ci consentono di gestire gli spazi pubblicitari sul sito web nel modo pi\u00f9 efficiente possibile, adattando il contenuto pubblicitario al contenuto del servizio richiesto o al tuo utilizzo del nostro sito web. A tal fine, possiamo analizzare le tue abitudini di navigazione su Internet e mostrarti pubblicit\u00e0 correlate al tuo profilo di navigazione.<\/span><\/p>\n<p class=\"p6\"><strong><span class=\"s1\">Cookie pubblicitari comportamentali\u00a0<\/span><\/strong><\/p>\n<p class=\"p4\"><span class=\"s1\">Questi cookie ci consentono di gestire, nel modo pi\u00f9 efficiente possibile, gli spazi pubblicitari che, se del caso, l&#8217;editore ha inserito in un sito web, applicazione o piattaforma da cui viene fornito il servizio richiesto. Questi cookie memorizzano informazioni sul comportamento dell&#8217;utente ottenute attraverso il monitoraggio continuo delle sue abitudini di navigazione, il che ci consente di sviluppare un profilo specifico per visualizzare pubblicit\u00e0 in base a tale profilo.<\/span><\/p>\n<p class=\"p5\"><strong><span class=\"s1\">Cookie di terze parti<\/span><\/strong><\/p>\n<p class=\"p4\"><span class=\"s1\">Il sito web di El Poble Espanyol pu\u00f2 utilizzare servizi di terze parti che, per conto di Google, raccolgono informazioni a fini statistici sull&#8217;utilizzo del sito da parte dell&#8217;utente e per la fornitura di altri servizi relativi all&#8217;attivit\u00e0 del sito web e ad altri servizi Internet.<\/span><\/p>\n<p class=\"p4\"><span class=\"s1\">In particolare, questo sito web utilizza Google Analytics, un servizio di analisi web fornito da Google, Inc., con sede negli Stati Uniti e sede centrale in 1600 Amphitheatre Parkway, Mountain View, California 94043. Per fornire questi servizi, Google utilizza cookie che raccolgono informazioni, incluso l&#8217;indirizzo IP dell&#8217;utente, che verranno trasmesse, elaborate e archiviate da Google secondo i termini stabiliti sul sito web Google.com. Ci\u00f2 include la possibile trasmissione di tali informazioni a terzi per motivi legali o quando tali terzi elaborano le informazioni per conto di Google.<\/span><\/p>\n<p class=\"p4\"><span class=\"s1\">Utilizzando questo sito, l&#8217;utente acconsente espressamente al trattamento delle informazioni raccolte con le modalit\u00e0 e per le finalit\u00e0 sopra indicate. L&#8217;utente riconosce inoltre di avere la possibilit\u00e0 di rifiutare il trattamento di tali dati o informazioni rifiutando l&#8217;uso dei cookie selezionando le impostazioni appropriate nel proprio browser. Tuttavia, questa opzione di blocco dei cookie nel browser potrebbe non consentire di utilizzare appieno tutte le funzionalit\u00e0 del sito web.<\/span><\/p>\n<p class=\"p4\"><span class=\"s1\">\u00c8 possibile consentire, bloccare o eliminare i cookie installati sul proprio dispositivo configurando le opzioni del browser.<\/span><\/p>\n<p>[\/vc_column_text][vc_raw_js]JTNDc2NyaXB0JTIwaWQlM0QlMjJDb29raWVEZWNsYXJhdGlvbiUyMiUyMHNyYyUzRCUyMmh0dHBzJTNBJTJGJTJGY29uc2VudC5jb29raWVib3QuY29tJTJGY2JjNzQ2NDItMmQyNi00NWM3LThkY2EtNTRhMjAxYzVkM2UxJTJGY2QuanMlMjIlMjB0eXBlJTNEJTIydGV4dCUyRmphdmFzY3JpcHQlMjIlMjBhc3luYyUzRSUzQyUyRnNjcmlwdCUzRQ==[\/vc_raw_js][\/vc_column][\/vc_row][vc_row unlock_row_content=&#8221;yes&#8221; row_height_percent=&#8221;0&#8243; override_padding=&#8221;yes&#8221; h_padding=&#8221;0&#8243; top_padding=&#8221;0&#8243; bottom_padding=&#8221;0&#8243; overlay_alpha=&#8221;50&#8243; gutter_size=&#8221;3&#8243; column_width_percent=&#8221;100&#8243; shift_y=&#8221;0&#8243; z_index=&#8221;0&#8243; uncode_shortcode_id=&#8221;116472&#8243;][vc_column width=&#8221;1\/1&#8243;][uncode_block id=&#8221;90044&#8243; inside_column=&#8221;yes&#8221;][\/vc_column][\/vc_row]<\/p>\n<\/div>","protected":false},"excerpt":{"rendered":"<p>[vc_row unlock_row_content=&#8221;yes&#8221; row_height_percent=&#8221;0&#8243; override_padding=&#8221;yes&#8221; h_padding=&#8221;2&#8243; top_padding=&#8221;2&#8243; bottom_padding=&#8221;5&#8243; overlay_alpha=&#8221;50&#8243; gutter_size=&#8221;2&#8243; column_width_percent=&#8221;100&#8243; shift_y=&#8221;0&#8243; z_index=&#8221;0&#8243; uncode_shortcode_id=&#8221;158204&#8243; el_class=&#8221;espaiTitulPrevi&#8221;][vc_column column_width_percent=&#8221;100&#8243; gutter_size=&#8221;3&#8243; overlay_alpha=&#8221;50&#8243; shift_x=&#8221;0&#8243; shift_y=&#8221;0&#8243; shift_y_down=&#8221;0&#8243; [&hellip;]<\/p>\n","protected":false},"author":2,"featured_media":0,"parent":0,"menu_order":113,"comment_status":"closed","ping_status":"closed","template":"","meta":{"_acf_changed":false,"footnotes":""},"class_list":["post-259804","page","type-page","status-publish","hentry","page_category-poble-espanyol-it"],"acf":[],"_links":{"self":[{"href":"https:\/\/poble-espanyol.com\/it\/wp-json\/wp\/v2\/pages\/259804","targetHints":{"allow":["GET"]}}],"collection":[{"href":"https:\/\/poble-espanyol.com\/it\/wp-json\/wp\/v2\/pages"}],"about":[{"href":"https:\/\/poble-espanyol.com\/it\/wp-json\/wp\/v2\/types\/page"}],"author":[{"embeddable":true,"href":"https:\/\/poble-espanyol.com\/it\/wp-json\/wp\/v2\/users\/2"}],"replies":[{"embeddable":true,"href":"https:\/\/poble-espanyol.com\/it\/wp-json\/wp\/v2\/comments?post=259804"}],"version-history":[{"count":3,"href":"https:\/\/poble-espanyol.com\/it\/wp-json\/wp\/v2\/pages\/259804\/revisions"}],"predecessor-version":[{"id":271346,"href":"https:\/\/poble-espanyol.com\/it\/wp-json\/wp\/v2\/pages\/259804\/revisions\/271346"}],"wp:attachment":[{"href":"https:\/\/poble-espanyol.com\/it\/wp-json\/wp\/v2\/media?parent=259804"}],"curies":[{"name":"wp","href":"https:\/\/api.w.org\/{rel}","templated":true}]}}